{"id":10297,"date":"2025-05-13T22:06:52","date_gmt":"2025-05-13T20:06:52","guid":{"rendered":"https:\/\/eurocc.nscc.sk\/?page_id=10297"},"modified":"2025-05-14T10:50:46","modified_gmt":"2025-05-14T08:50:46","slug":"hpc-kompas-kde-ste-a-kam-mozete-ist","status":"publish","type":"page","link":"https:\/\/eurocc.nscc.sk\/en\/hpc-kompas-kde-ste-a-kam-mozete-ist\/","title":{"rendered":"HPC Compass: Where Are You and Where Can You Go?"},"content":{"rendered":"<div class=\"is-layout-flow wp-block-group alignfull\"><div class=\"wp-block-group__inner-container\">\n<div class=\"is-layout-flex wp-container-3 wp-block-columns alignfull serv-top\">\n<div class=\"is-layout-flow wp-block-column serv-top-right\">\n<h4><a href=\"https:\/\/forms.office.com\/pages\/responsepage.aspx?id=pg11iWYp1EyKB2pcG_LceuOAJztbUk5KtG9Qg7gAUfdUQ0dKM01LVkFaOE1XWlU1MEhRTjY1NjBIMS4u&amp;route=shorturl\">HPC Compass:<\/a> Where Are You and Where Can You Go?<hr style=\"border-bottom: 2px solid #b8870b; width: 100px;\"><\/h4>\n\n\n\n<p> <\/p>\n\n\n\n<p><strong>Fill out our quick digital readiness barometer and discover:<\/strong><\/p>\n\n\n\n<ul>\n<li>Your organization's current level of readiness for using HPC.<\/li>\n\n\n\n<li>Which areas are well-developed and where there is still room for improvement.<\/li>\n\n\n\n<li>Recommended next steps on your HPC journey.<\/li>\n<\/ul>\n\n\n\n<p><strong>Submit your responses and receive personalized recommendations from our team.<\/strong><\/p>\n\n\n\n<div style=\"text-align: center; font-family: 'Montserrat', sans-serif;\">\n  <a href=\"https:\/\/forms.office.com\/e\/B7s3bbKQ50\" style=\"display: inline-block; background-color: #c99700; color: white; padding: 10px 20px; font-weight: bold; text-decoration: none; border-radius: 4px; font-family: 'Montserrat', sans-serif;\">\n    Complete the Self-Assessment\n  <\/a>\n<\/div>\n\n\n\n\n<p><\/p>\n\n\n\n<p><\/p>\n<\/div>\n\n\n\n<div class=\"is-layout-flow wp-block-column\" style=\"flex-basis:50%\">\n<figure class=\"wp-block-image size-large\" style=\"margin: 0; padding: 0;\">\n  <img decoding=\"async\" loading=\"lazy\" width=\"1024\" height=\"768\" src=\"https:\/\/eurocc.nscc.sk\/wp-content\/uploads\/2025\/05\/Rozuzlenie-tajomstiev-DNA-pomocou-vysokovykonneho-pocitania-Presentation-43-1024x768.jpg\" alt=\"\" class=\"wp-image-10335\" style=\"width: 100%; height: auto; display: block;\" srcset=\"https:\/\/eurocc.nscc.sk\/wp-content\/uploads\/2025\/05\/Rozuzlenie-tajomstiev-DNA-pomocou-vysokovykonneho-pocitania-Presentation-43-1024x768.jpg 1024w, https:\/\/eurocc.nscc.sk\/wp-content\/uploads\/2025\/05\/Rozuzlenie-tajomstiev-DNA-pomocou-vysokovykonneho-pocitania-Presentation-43-300x225.jpg 300w, https:\/\/eurocc.nscc.sk\/wp-content\/uploads\/2025\/05\/Rozuzlenie-tajomstiev-DNA-pomocou-vysokovykonneho-pocitania-Presentation-43-768x576.jpg 768w, https:\/\/eurocc.nscc.sk\/wp-content\/uploads\/2025\/05\/Rozuzlenie-tajomstiev-DNA-pomocou-vysokovykonneho-pocitania-Presentation-43-1536x1152.jpg 1536w, https:\/\/eurocc.nscc.sk\/wp-content\/uploads\/2025\/05\/Rozuzlenie-tajomstiev-DNA-pomocou-vysokovykonneho-pocitania-Presentation-43-2048x1536.jpg 2048w, https:\/\/eurocc.nscc.sk\/wp-content\/uploads\/2025\/05\/Rozuzlenie-tajomstiev-DNA-pomocou-vysokovykonneho-pocitania-Presentation-43-16x12.jpg 16w, https:\/\/eurocc.nscc.sk\/wp-content\/uploads\/2025\/05\/Rozuzlenie-tajomstiev-DNA-pomocou-vysokovykonneho-pocitania-Presentation-43-1200x900.jpg 1200w, https:\/\/eurocc.nscc.sk\/wp-content\/uploads\/2025\/05\/Rozuzlenie-tajomstiev-DNA-pomocou-vysokovykonneho-pocitania-Presentation-43-1980x1485.jpg 1980w\" sizes=\"(max-width: 1024px) 100vw, 1024px\" \/>\n<\/figure>\n<\/div>\n<\/div>\n\n\n\n<div style=\"height:68px\" aria-hidden=\"true\" class=\"wp-block-spacer\"><\/div>\n\n\n\n<div class=\"is-layout-flow wp-block-group alignfull serv-learn\"><div class=\"wp-block-group__inner-container\"><\/div><\/div>\n\n\n\n<div class=\"is-layout-flow wp-block-group alignfull serv-serv\"><div class=\"wp-block-group__inner-container\">\n<div class=\"is-layout-flex wp-container-10 wp-block-columns alignfull\">\n<div class=\"is-layout-flow wp-block-column serv-serv\">\n<div style=\"height:40px\" aria-hidden=\"true\" class=\"wp-block-spacer\"><\/div>\n\n\n\n<div class=\"is-layout-flex wp-container-8 wp-block-columns\">\n<div class=\"is-layout-flow wp-block-column\">\n<h5 class=\"has-text-align-center\"><strong>Is your organization ready for HPC?<\/strong><hr style=\"border-bottom: 2px solid #b8870b; width: 100px;\"><\/h5>\n\n\n<div class=\"wp-block-image\">\n<figure class=\"aligncenter size-full\"><a href=\"https:\/\/eurocc.nscc.sk\/en\/sluzby-3\/#resources\/\"><img decoding=\"async\" loading=\"lazy\" width=\"129\" height=\"90\" src=\"https:\/\/eurocc.nscc.sk\/wp-content\/uploads\/2020\/12\/icon_mapping_HPC_gold.png\" alt=\"\" class=\"wp-image-1331\" srcset=\"https:\/\/eurocc.nscc.sk\/wp-content\/uploads\/2020\/12\/icon_mapping_HPC_gold.png 129w, https:\/\/eurocc.nscc.sk\/wp-content\/uploads\/2020\/12\/icon_mapping_HPC_gold-16x12.png 16w\" sizes=\"(max-width: 129px) 100vw, 129px\" \/><\/a><\/figure><\/div>\n\n\n<p class=\"has-text-align-center\">High-Performance Computing (HPC) can accelerate innovation, optimize your organization's processes, and give your business a competitive edge. Whether you operate in manufacturing, IT, biotechnology, logistics, or other sectors, HPC can be the key to streamlining your activities and driving faster growth.<\/p>\n<\/div>\n\n\n\n<div class=\"is-layout-flow wp-block-column\">\n<p><\/p>\n\n\n\n<p><\/p>\n\n\n\n<h5 class=\"has-text-align-center\"><strong>What will you gain?<\/strong><hr style=\"border-bottom: 2px solid #b8870b; width: 100px;\"><\/h5>\n\n\n<div class=\"wp-block-image\">\n<figure class=\"aligncenter size-full\"><a href=\"https:\/\/eurocc.nscc.sk\/en\/sluzby-4\/#ai\/\"><img decoding=\"async\" loading=\"lazy\" width=\"200\" height=\"175\" src=\"https:\/\/eurocc.nscc.sk\/wp-content\/uploads\/2022\/04\/icon_AI_2.png\" alt=\"\" class=\"wp-image-5061\" srcset=\"https:\/\/eurocc.nscc.sk\/wp-content\/uploads\/2022\/04\/icon_AI_2.png 200w, https:\/\/eurocc.nscc.sk\/wp-content\/uploads\/2022\/04\/icon_AI_2-14x12.png 14w\" sizes=\"(max-width: 200px) 100vw, 200px\" \/><\/a><\/figure><\/div>\n\n\n<ul>\n<li><strong>An instant evaluation of your situation<\/strong>&nbsp;based on a simple questionnaire.<\/li>\n\n\n\n<li><strong>Tailored recommendations<\/strong>&nbsp;\u2013  based on your readiness level, we will suggest next steps and collaboration opportunities.<\/li>\n\n\n\n<li><strong>Access to targeted support with our HPC experts.<\/strong><\/li>\n<\/ul>\n<\/div>\n\n\n\n<div class=\"is-layout-flow wp-block-column\">\n<h5 class=\"has-text-align-center\"><strong>How does the self-assessment work?<\/strong><hr style=\"border-bottom: 2px solid #b8870b; width: 100px;\"><\/h5>\n\n\n<div class=\"wp-block-image\">\n<figure class=\"aligncenter size-full\"><a href=\"https:\/\/eurocc.nscc.sk\/en\/sluzby-5\/#modelling\/\"><img decoding=\"async\" loading=\"lazy\" width=\"173\" height=\"175\" src=\"https:\/\/eurocc.nscc.sk\/wp-content\/uploads\/2022\/04\/icon_Engineering.png\" alt=\"\" class=\"wp-image-5063\" srcset=\"https:\/\/eurocc.nscc.sk\/wp-content\/uploads\/2022\/04\/icon_Engineering.png 173w, https:\/\/eurocc.nscc.sk\/wp-content\/uploads\/2022\/04\/icon_Engineering-12x12.png 12w\" sizes=\"(max-width: 173px) 100vw, 173px\" \/><\/a><\/figure><\/div>\n\n\n<p>The questionnaire is divided into two parts:<br>1.\tContact details and basic information about your company (size, sector).<br>2.\tQuestions about your technical infrastructure, data management, tools, skills, and HPC strategy.<\/p>\n\n\n\n<p>Completing the form will take you only&nbsp;<strong>3 minutes<\/strong>.<\/p>\n<\/div>\n<\/div>\n<\/div>\n<\/div>\n\n\n\n<div style=\"height:40px\" aria-hidden=\"true\" class=\"wp-block-spacer\"><\/div>\n<\/div><\/div>\n<\/div><\/div>","protected":false},"excerpt":{"rendered":"<p>HPC Kompas: Kde ste a kam m\u00f4\u017eete \u00eds\u0165 Vypl\u0148te n\u00e1\u0161 r\u00fdchly digit\u00e1lny barometer pripravenosti a zistite: Odo\u0161lite odpovede a z\u00edskajte personalizovan\u00e9 odpor\u00fa\u010dania od n\u00e1\u0161ho t\u00edmu. Vyplni\u0165 sebahodnotenie Je va\u0161a organiz\u00e1cia pripraven\u00e1 na HPC? Vysokov\u00fdkonn\u00e9 po\u010d\u00edtanie (HPC) m\u00f4\u017ee ur\u00fdchli\u0165 inov\u00e1cie, optimalizova\u0165 procesy Va\u0161e organiz\u00e1cie alebo poskytn\u00fa\u0165 va\u0161ej firme konkuren\u010dn\u00fa v\u00fdhodu. Ak p\u00f4sob\u00edte v oblasti v\u00fdroby, IT, [&hellip;]<\/p>","protected":false},"author":2,"featured_media":0,"parent":0,"menu_order":0,"comment_status":"closed","ping_status":"closed","template":"templates\/template-full-width.php","meta":[],"_links":{"self":[{"href":"https:\/\/eurocc.nscc.sk\/en\/wp-json\/wp\/v2\/pages\/10297"}],"collection":[{"href":"https:\/\/eurocc.nscc.sk\/en\/wp-json\/wp\/v2\/pages"}],"about":[{"href":"https:\/\/eurocc.nscc.sk\/en\/wp-json\/wp\/v2\/types\/page"}],"author":[{"embeddable":true,"href":"https:\/\/eurocc.nscc.sk\/en\/wp-json\/wp\/v2\/users\/2"}],"replies":[{"embeddable":true,"href":"https:\/\/eurocc.nscc.sk\/en\/wp-json\/wp\/v2\/comments?post=10297"}],"version-history":[{"count":41,"href":"https:\/\/eurocc.nscc.sk\/en\/wp-json\/wp\/v2\/pages\/10297\/revisions"}],"predecessor-version":[{"id":10341,"href":"https:\/\/eurocc.nscc.sk\/en\/wp-json\/wp\/v2\/pages\/10297\/revisions\/10341"}],"wp:attachment":[{"href":"https:\/\/eurocc.nscc.sk\/en\/wp-json\/wp\/v2\/media?parent=10297"}],"curies":[{"name":"wp","href":"https:\/\/api.w.org\/{rel}","templated":true}]}}