{"id":1430,"date":"2021-01-03T15:06:12","date_gmt":"2021-01-03T14:06:12","guid":{"rendered":"https:\/\/eurocc.nscc.sk\/?page_id=1430"},"modified":"2021-10-14T15:15:03","modified_gmt":"2021-10-14T13:15:03","slug":"news","status":"publish","type":"page","link":"https:\/\/eurocc.nscc.sk\/en\/news\/","title":{"rendered":"News"},"content":{"rendered":"<div class=\"is-layout-flow wp-block-group alignfull\"><div class=\"wp-block-group__inner-container\"><\/div><\/div>\n\n\n\n<div class=\"is-layout-flow wp-block-group alignfull news-posts\"><div class=\"wp-block-group__inner-container\"><div class=\"display-posts-listing grid\"><div class=\"listing-item\"><a class=\"image\" href=\"https:\/\/eurocc.nscc.sk\/en\/umela-inteligencia-a-superpocitac-ako-nova-zbran-proti-ekologickym-havariam\/\"><img width=\"300\" height=\"164\" src=\"https:\/\/eurocc.nscc.sk\/wp-content\/uploads\/2026\/03\/kl-300x164.png\" class=\"attachment-medium size-medium wp-post-image\" alt=\"\" decoding=\"async\" loading=\"lazy\" srcset=\"https:\/\/eurocc.nscc.sk\/wp-content\/uploads\/2026\/03\/kl-300x164.png 300w, https:\/\/eurocc.nscc.sk\/wp-content\/uploads\/2026\/03\/kl-768x420.png 768w, https:\/\/eurocc.nscc.sk\/wp-content\/uploads\/2026\/03\/kl-18x10.png 18w, https:\/\/eurocc.nscc.sk\/wp-content\/uploads\/2026\/03\/kl.png 908w\" sizes=\"(max-width: 300px) 100vw, 300px\" \/><\/a> <a class=\"title\" href=\"https:\/\/eurocc.nscc.sk\/en\/umela-inteligencia-a-superpocitac-ako-nova-zbran-proti-ekologickym-havariam\/\"><strong>Artificial Intelligence and a Supercomputer as a New Weapon Against Environmental Disasters<\/strong><\/a> <span class=\"date\">26 Mar<\/span> <span class=\"excerpt-dash\">-<\/span> <span class=\"excerpt\">Scientists from Nitra, Slovakia are teaching machines to predict industrial failures before they can cause damage. Thanks to collaboration with the European supercomputer LUMI, they have developed a digital \u201cguardian\u201d capable of detecting pipeline leaks or manufacturing faults with high accuracy\u2014helping protect both the environment and companies\u2019 budgets.<\/span><\/div><div class=\"listing-item\"><a class=\"image\" href=\"https:\/\/eurocc.nscc.sk\/en\/slovensky-recept-na-ferove-hry-a-spokojnejsich-hracov\/\"><img width=\"300\" height=\"164\" src=\"https:\/\/eurocc.nscc.sk\/wp-content\/uploads\/2026\/03\/lm-300x164.png\" class=\"attachment-medium size-medium wp-post-image\" alt=\"\" decoding=\"async\" loading=\"lazy\" srcset=\"https:\/\/eurocc.nscc.sk\/wp-content\/uploads\/2026\/03\/lm-300x164.png 300w, https:\/\/eurocc.nscc.sk\/wp-content\/uploads\/2026\/03\/lm-768x420.png 768w, https:\/\/eurocc.nscc.sk\/wp-content\/uploads\/2026\/03\/lm-18x10.png 18w, https:\/\/eurocc.nscc.sk\/wp-content\/uploads\/2026\/03\/lm.png 908w\" sizes=\"(max-width: 300px) 100vw, 300px\" \/><\/a> <a class=\"title\" href=\"https:\/\/eurocc.nscc.sk\/en\/slovensky-recept-na-ferove-hry-a-spokojnejsich-hracov\/\"><strong>The Slovak Recipe for Fair Play and Happier Players<\/strong><\/a> <span class=\"date\">25 Mar<\/span> <span class=\"excerpt-dash\">-<\/span> <span class=\"excerpt\">Do you play games on your phone and sometimes feel like the game just doesn\u2019t understand you? Experts from Nitra, Slovakia, have used one of Europe\u2019s most powerful supercomputers to change that. Thanks to the Italian giant named Leonardo, they discovered how to read between the lines of player behavior and make the gaming experience more personal and fair.<\/span><\/div><div class=\"listing-item\"><a class=\"image\" href=\"https:\/\/eurocc.nscc.sk\/en\/prihlaste-sa-na-letnu-skolu-eumaster4hpc-2026-zameranu-na-vysokovykonne-pocitanie\/\"><img width=\"300\" height=\"200\" src=\"https:\/\/eurocc.nscc.sk\/wp-content\/uploads\/2026\/03\/system-administrators-monitoring-ai-llm-visualization-data-center-with-server-racks-rows-it-300x200.jpg\" class=\"attachment-medium size-medium wp-post-image\" alt=\"\" decoding=\"async\" loading=\"lazy\" srcset=\"https:\/\/eurocc.nscc.sk\/wp-content\/uploads\/2026\/03\/system-administrators-monitoring-ai-llm-visualization-data-center-with-server-racks-rows-it-300x200.jpg 300w, https:\/\/eurocc.nscc.sk\/wp-content\/uploads\/2026\/03\/system-administrators-monitoring-ai-llm-visualization-data-center-with-server-racks-rows-it-1024x683.jpg 1024w, https:\/\/eurocc.nscc.sk\/wp-content\/uploads\/2026\/03\/system-administrators-monitoring-ai-llm-visualization-data-center-with-server-racks-rows-it-768x512.jpg 768w, https:\/\/eurocc.nscc.sk\/wp-content\/uploads\/2026\/03\/system-administrators-monitoring-ai-llm-visualization-data-center-with-server-racks-rows-it-1536x1024.jpg 1536w, https:\/\/eurocc.nscc.sk\/wp-content\/uploads\/2026\/03\/system-administrators-monitoring-ai-llm-visualization-data-center-with-server-racks-rows-it-2048x1365.jpg 2048w, https:\/\/eurocc.nscc.sk\/wp-content\/uploads\/2026\/03\/system-administrators-monitoring-ai-llm-visualization-data-center-with-server-racks-rows-it-18x12.jpg 18w, https:\/\/eurocc.nscc.sk\/wp-content\/uploads\/2026\/03\/system-administrators-monitoring-ai-llm-visualization-data-center-with-server-racks-rows-it-1200x800.jpg 1200w, https:\/\/eurocc.nscc.sk\/wp-content\/uploads\/2026\/03\/system-administrators-monitoring-ai-llm-visualization-data-center-with-server-racks-rows-it-1980x1320.jpg 1980w\" sizes=\"(max-width: 300px) 100vw, 300px\" \/><\/a> <a class=\"title\" href=\"https:\/\/eurocc.nscc.sk\/en\/prihlaste-sa-na-letnu-skolu-eumaster4hpc-2026-zameranu-na-vysokovykonne-pocitanie\/\">Apply for the EUMaster4HPC Summer School 2026 focused on High-Performance Computing.<\/a> <span class=\"date\">23 Mar<\/span> <span class=\"excerpt-dash\">-<\/span> <span class=\"excerpt\">From 5 to 14 July 2026, the EUMaster4HPC Summer School titled \u201cHigh-Performance Computing and Emerging Trends\u201d will take place in Luxembourg. The event will be held at the Marienthal Youth Center and the University of Luxembourg in Belval.<\/span><\/div><div class=\"listing-item\"><a class=\"image\" href=\"https:\/\/eurocc.nscc.sk\/en\/prednaska-o-hpc-a-ai-na-ekonomickej-univerzite-v-bratislave\/\"><img width=\"300\" height=\"170\" src=\"https:\/\/eurocc.nscc.sk\/wp-content\/uploads\/2026\/03\/753e7fe3-d9c7-444a-9d3d-fa560fb2ec7d-300x170.jpg\" class=\"attachment-medium size-medium wp-post-image\" alt=\"\" decoding=\"async\" loading=\"lazy\" srcset=\"https:\/\/eurocc.nscc.sk\/wp-content\/uploads\/2026\/03\/753e7fe3-d9c7-444a-9d3d-fa560fb2ec7d-300x170.jpg 300w, https:\/\/eurocc.nscc.sk\/wp-content\/uploads\/2026\/03\/753e7fe3-d9c7-444a-9d3d-fa560fb2ec7d-1024x579.jpg 1024w, https:\/\/eurocc.nscc.sk\/wp-content\/uploads\/2026\/03\/753e7fe3-d9c7-444a-9d3d-fa560fb2ec7d-768x434.jpg 768w, https:\/\/eurocc.nscc.sk\/wp-content\/uploads\/2026\/03\/753e7fe3-d9c7-444a-9d3d-fa560fb2ec7d-1536x868.jpg 1536w, https:\/\/eurocc.nscc.sk\/wp-content\/uploads\/2026\/03\/753e7fe3-d9c7-444a-9d3d-fa560fb2ec7d-18x10.jpg 18w, https:\/\/eurocc.nscc.sk\/wp-content\/uploads\/2026\/03\/753e7fe3-d9c7-444a-9d3d-fa560fb2ec7d-1200x678.jpg 1200w, https:\/\/eurocc.nscc.sk\/wp-content\/uploads\/2026\/03\/753e7fe3-d9c7-444a-9d3d-fa560fb2ec7d.jpg 1600w\" sizes=\"(max-width: 300px) 100vw, 300px\" \/><\/a> <a class=\"title\" href=\"https:\/\/eurocc.nscc.sk\/en\/prednaska-o-hpc-a-ai-na-ekonomickej-univerzite-v-bratislave\/\">Lecture on HPC, AI and Career Opportunities<\/a> <span class=\"date\">15 Mar<\/span> <span class=\"excerpt-dash\">-<\/span> <span class=\"excerpt\">At the Faculty of Commerce of the University of Economics in Bratislava (EUBA), a guest lecture was held on 10 March 2026 focusing on current trends in high-performance computing (HPC), artificial intelligence (AI), and career opportunities in the digital environment.<\/span><\/div><div class=\"listing-item\"><a class=\"image\" href=\"https:\/\/eurocc.nscc.sk\/en\/ai-a-superpocitace-v-praxi-prednaska-pre-studentov-tuke\/\"><img width=\"300\" height=\"169\" src=\"https:\/\/eurocc.nscc.sk\/wp-content\/uploads\/2026\/03\/0e582d4e-b83b-4214-9313-57e8d4edf178-edited-300x169.jpg\" class=\"attachment-medium size-medium wp-post-image\" alt=\"\" decoding=\"async\" loading=\"lazy\" srcset=\"https:\/\/eurocc.nscc.sk\/wp-content\/uploads\/2026\/03\/0e582d4e-b83b-4214-9313-57e8d4edf178-edited-300x169.jpg 300w, https:\/\/eurocc.nscc.sk\/wp-content\/uploads\/2026\/03\/0e582d4e-b83b-4214-9313-57e8d4edf178-edited-1024x575.jpg 1024w, https:\/\/eurocc.nscc.sk\/wp-content\/uploads\/2026\/03\/0e582d4e-b83b-4214-9313-57e8d4edf178-edited-768x432.jpg 768w, https:\/\/eurocc.nscc.sk\/wp-content\/uploads\/2026\/03\/0e582d4e-b83b-4214-9313-57e8d4edf178-edited-18x10.jpg 18w, https:\/\/eurocc.nscc.sk\/wp-content\/uploads\/2026\/03\/0e582d4e-b83b-4214-9313-57e8d4edf178-edited.jpg 1130w\" sizes=\"(max-width: 300px) 100vw, 300px\" \/><\/a> <a class=\"title\" href=\"https:\/\/eurocc.nscc.sk\/en\/ai-a-superpocitace-v-praxi-prednaska-pre-studentov-tuke\/\">AI and Supercomputers in Practice: A Lecture for TUKE Students<\/a> <span class=\"date\">13 Mar<\/span> <span class=\"excerpt-dash\">-<\/span> <span class=\"excerpt\">On 5 March 2026, an expert lecture by Dr. Lucia Mal\u00ed\u010dkov\u00e1 from the National Supercomputing Centre (NSCC) took place at the Technical University of Ko\u0161ice (TUKE), titled \u201cCan Supercomputers and Artificial Intelligence Be Useful?\u201d. The event was held in lecture hall PK7 in a hybrid format (both online and in person) and was attended by 110 TUKE students.<\/span><\/div><div class=\"listing-item\"><a class=\"image\" href=\"https:\/\/eurocc.nscc.sk\/en\/zodpovednost-uz-v-navrhu-od-standardov-pre-ai-k-praxi-a-certifikacii\/\"><img width=\"300\" height=\"200\" src=\"https:\/\/eurocc.nscc.sk\/wp-content\/uploads\/2025\/06\/ilustracny-obrazok-edited-1-300x200.jpeg\" class=\"attachment-medium size-medium wp-post-image\" alt=\"\" decoding=\"async\" loading=\"lazy\" srcset=\"https:\/\/eurocc.nscc.sk\/wp-content\/uploads\/2025\/06\/ilustracny-obrazok-edited-1-300x200.jpeg 300w, https:\/\/eurocc.nscc.sk\/wp-content\/uploads\/2025\/06\/ilustracny-obrazok-edited-1-1024x683.jpeg 1024w, https:\/\/eurocc.nscc.sk\/wp-content\/uploads\/2025\/06\/ilustracny-obrazok-edited-1-768x512.jpeg 768w, https:\/\/eurocc.nscc.sk\/wp-content\/uploads\/2025\/06\/ilustracny-obrazok-edited-1-18x12.jpeg 18w, https:\/\/eurocc.nscc.sk\/wp-content\/uploads\/2025\/06\/ilustracny-obrazok-edited-1.jpeg 1200w\" sizes=\"(max-width: 300px) 100vw, 300px\" \/><\/a> <a class=\"title\" href=\"https:\/\/eurocc.nscc.sk\/en\/zodpovednost-uz-v-navrhu-od-standardov-pre-ai-k-praxi-a-certifikacii\/\"><strong>Accountability by Design: Turning AI Standards into Practice and Certification<\/strong><\/a> <span class=\"date\">12 Mar<\/span> <span class=\"excerpt-dash\">-<\/span> <span class=\"excerpt\">Exploring how the EU AI Act translates harmonized standards into real-world AI testing and certification. \nDiscover how the EU AI Act moves from regulatory text to technical implementation \u2014 and what this means for organisations developing and deploying AI systems.<\/span><\/div><div class=\"listing-item\"><a class=\"image\" href=\"https:\/\/eurocc.nscc.sk\/en\/mestske-budovy-sa-prebudzaju-slovenska-ai-dava-druhu-sancu-nevyuzitym-priestorom\/\"><img width=\"300\" height=\"200\" src=\"https:\/\/eurocc.nscc.sk\/wp-content\/uploads\/2026\/03\/NextUseAI-300x200.png\" class=\"attachment-medium size-medium wp-post-image\" alt=\"\" decoding=\"async\" loading=\"lazy\" srcset=\"https:\/\/eurocc.nscc.sk\/wp-content\/uploads\/2026\/03\/NextUseAI-300x200.png 300w, https:\/\/eurocc.nscc.sk\/wp-content\/uploads\/2026\/03\/NextUseAI-1024x683.png 1024w, https:\/\/eurocc.nscc.sk\/wp-content\/uploads\/2026\/03\/NextUseAI-768x512.png 768w, https:\/\/eurocc.nscc.sk\/wp-content\/uploads\/2026\/03\/NextUseAI-18x12.png 18w, https:\/\/eurocc.nscc.sk\/wp-content\/uploads\/2026\/03\/NextUseAI-1200x800.png 1200w, https:\/\/eurocc.nscc.sk\/wp-content\/uploads\/2026\/03\/NextUseAI.png 1536w\" sizes=\"(max-width: 300px) 100vw, 300px\" \/><\/a> <a class=\"title\" href=\"https:\/\/eurocc.nscc.sk\/en\/mestske-budovy-sa-prebudzaju-slovenska-ai-dava-druhu-sancu-nevyuzitym-priestorom\/\"><strong>Urban buildings awaken: Slovak AI gives a second chance to underused spaces<\/strong><\/a> <span class=\"date\">4 Mar<\/span> <span class=\"excerpt-dash\">-<\/span> <span class=\"excerpt\">Mest\u00e1 s\u00fa \u017eiv\u00e9 organizmy, ktor\u00e9 sa neust\u00e1le menia. Mnoh\u00ed z n\u00e1s v\u0161ak v susedstve denne m\u00ed\u0148aj\u00fa tich\u00e9 svedectv\u00e1 minulosti \u2013 pr\u00e1zdne \u0161koly, nevyu\u017e\u00edvan\u00e9 \u00farady \u010di ch\u00e1traj\u00face verejn\u00e9 budovy. \u010casto si kladieme ot\u00e1zky: \u201ePre\u010do je to zatvoren\u00e9?\u201c \u201eNemohol by tu by\u0165 rad\u0161ej denn\u00fd stacion\u00e1r, \u0161k\u00f4lka alebo kult\u00farne centrum?\u201c<\/span><\/div><div class=\"listing-item\"><a class=\"image\" href=\"https:\/\/eurocc.nscc.sk\/en\/beegfs-v-praxi-paralelne-suborove-systemy-pre-hpc-ai-a-datovo-narocne-ulohy\/\"><img width=\"300\" height=\"168\" src=\"https:\/\/eurocc.nscc.sk\/wp-content\/uploads\/2026\/02\/Screenshot-2026-02-06-130506-300x168.png\" class=\"attachment-medium size-medium wp-post-image\" alt=\"\" decoding=\"async\" loading=\"lazy\" srcset=\"https:\/\/eurocc.nscc.sk\/wp-content\/uploads\/2026\/02\/Screenshot-2026-02-06-130506-300x168.png 300w, https:\/\/eurocc.nscc.sk\/wp-content\/uploads\/2026\/02\/Screenshot-2026-02-06-130506-1024x574.png 1024w, https:\/\/eurocc.nscc.sk\/wp-content\/uploads\/2026\/02\/Screenshot-2026-02-06-130506-768x430.png 768w, https:\/\/eurocc.nscc.sk\/wp-content\/uploads\/2026\/02\/Screenshot-2026-02-06-130506-18x10.png 18w, https:\/\/eurocc.nscc.sk\/wp-content\/uploads\/2026\/02\/Screenshot-2026-02-06-130506-1200x673.png 1200w, https:\/\/eurocc.nscc.sk\/wp-content\/uploads\/2026\/02\/Screenshot-2026-02-06-130506.png 1520w\" sizes=\"(max-width: 300px) 100vw, 300px\" \/><\/a> <a class=\"title\" href=\"https:\/\/eurocc.nscc.sk\/en\/beegfs-v-praxi-paralelne-suborove-systemy-pre-hpc-ai-a-datovo-narocne-ulohy\/\">BeeGFS in Practice \u2014 Parallel File Systems for HPC, AI and Data-Intensive Workloads<\/a> <span class=\"date\">6 Feb<\/span> <span class=\"excerpt-dash\">-<\/span> <span class=\"excerpt\">This webinar introduces BeeGFS, a leading parallel file system designed to support demanding HPC, AI, and data-intensive workloads. Experts from ThinkParQ will explain how parallel file systems work, how BeeGFS is architected, and how it is used in practice across academic, research, and industrial environments.<\/span><\/div><div class=\"listing-item\"><a class=\"image\" href=\"https:\/\/eurocc.nscc.sk\/en\/ked-vyrobna-linka-vie-co-sa-stane-o-10-minut\/\"><img width=\"300\" height=\"183\" src=\"https:\/\/eurocc.nscc.sk\/wp-content\/uploads\/2026\/02\/GettyImages-505057478-1-300x183.jpg\" class=\"attachment-medium size-medium wp-post-image\" alt=\"\" decoding=\"async\" loading=\"lazy\" srcset=\"https:\/\/eurocc.nscc.sk\/wp-content\/uploads\/2026\/02\/GettyImages-505057478-1-300x183.jpg 300w, https:\/\/eurocc.nscc.sk\/wp-content\/uploads\/2026\/02\/GettyImages-505057478-1-768x469.jpg 768w, https:\/\/eurocc.nscc.sk\/wp-content\/uploads\/2026\/02\/GettyImages-505057478-1-18x12.jpg 18w, https:\/\/eurocc.nscc.sk\/wp-content\/uploads\/2026\/02\/GettyImages-505057478-1.jpg 900w\" sizes=\"(max-width: 300px) 100vw, 300px\" \/><\/a> <a class=\"title\" href=\"https:\/\/eurocc.nscc.sk\/en\/ked-vyrobna-linka-vie-co-sa-stane-o-10-minut\/\"><strong>When a production line knows what will happen in 10 minutes<\/strong><\/a> <span class=\"date\">5 Feb<\/span> <span class=\"excerpt-dash\">-<\/span> <span class=\"excerpt\">Every disruption on a production line creates stress. Machines stop, people wait, production slows down, and decisions must be made under pressure. In the food industry\u2014especially in the production of filled pasta products, where the process follows a strictly sequential set of technological steps\u2014one unexpected issue at the end of the line can bring the entire production flow to a halt. But what if the production line could warn in advance that a problem will occur in a few minutes? Or help decide, already during a shift, whether it still makes sense to plan packaging later the same day? These were exactly the questions that stood at the beginning of a research collaboration that brought together industrial data, artificial intelligence, and supercomputing power.<\/span><\/div><div class=\"listing-item\"><a class=\"image\" href=\"https:\/\/eurocc.nscc.sk\/en\/kto-vlastni-ai-v-ramci-organizacie-operativna-zodpovednost\/\"><img width=\"300\" height=\"180\" src=\"https:\/\/eurocc.nscc.sk\/wp-content\/uploads\/2026\/02\/Blog_Difference-Between-Responsible-AI-Ethical-AI-1-300x180.jpg\" class=\"attachment-medium size-medium wp-post-image\" alt=\"\" decoding=\"async\" loading=\"lazy\" srcset=\"https:\/\/eurocc.nscc.sk\/wp-content\/uploads\/2026\/02\/Blog_Difference-Between-Responsible-AI-Ethical-AI-1-300x180.jpg 300w, https:\/\/eurocc.nscc.sk\/wp-content\/uploads\/2026\/02\/Blog_Difference-Between-Responsible-AI-Ethical-AI-1-768x461.jpg 768w, https:\/\/eurocc.nscc.sk\/wp-content\/uploads\/2026\/02\/Blog_Difference-Between-Responsible-AI-Ethical-AI-1-18x12.jpg 18w, https:\/\/eurocc.nscc.sk\/wp-content\/uploads\/2026\/02\/Blog_Difference-Between-Responsible-AI-Ethical-AI-1.jpg 1000w\" sizes=\"(max-width: 300px) 100vw, 300px\" \/><\/a> <a class=\"title\" href=\"https:\/\/eurocc.nscc.sk\/en\/kto-vlastni-ai-v-ramci-organizacie-operativna-zodpovednost\/\"><strong>Who Owns AI Inside an Organisation? \u2014 Operational Responsibility<\/strong><\/a> <span class=\"date\">5 Feb<\/span> <span class=\"excerpt-dash\">-<\/span> <span class=\"excerpt\">This webinar focuses on how organisations can define clear operational responsibility and ownership of AI systems in a proportionate and workable way. Drawing on hands-on experience in data protection, AI governance, and compliance, Petra Fernandes will explore governance approaches that work in practice for both SMEs and larger organisations. The session will highlight internal processes that help organisations stay in control of their AI systems over time, without creating unnecessary administrative burden.<\/span><\/div><div class=\"listing-item\"><a class=\"image\" href=\"https:\/\/eurocc.nscc.sk\/en\/online-prednaska-ai-responsibility-gaps-medzery-v-zodpovednosti-v-ai\/\"><img width=\"300\" height=\"171\" src=\"https:\/\/eurocc.nscc.sk\/wp-content\/uploads\/2026\/02\/cybernetic-being-interacting-with-digital-interface-300x171.jpg\" class=\"attachment-medium size-medium wp-post-image\" alt=\"\" decoding=\"async\" loading=\"lazy\" srcset=\"https:\/\/eurocc.nscc.sk\/wp-content\/uploads\/2026\/02\/cybernetic-being-interacting-with-digital-interface-300x171.jpg 300w, https:\/\/eurocc.nscc.sk\/wp-content\/uploads\/2026\/02\/cybernetic-being-interacting-with-digital-interface-1024x585.jpg 1024w, https:\/\/eurocc.nscc.sk\/wp-content\/uploads\/2026\/02\/cybernetic-being-interacting-with-digital-interface-768x439.jpg 768w, https:\/\/eurocc.nscc.sk\/wp-content\/uploads\/2026\/02\/cybernetic-being-interacting-with-digital-interface-1536x878.jpg 1536w, https:\/\/eurocc.nscc.sk\/wp-content\/uploads\/2026\/02\/cybernetic-being-interacting-with-digital-interface-2048x1170.jpg 2048w, https:\/\/eurocc.nscc.sk\/wp-content\/uploads\/2026\/02\/cybernetic-being-interacting-with-digital-interface-18x10.jpg 18w, https:\/\/eurocc.nscc.sk\/wp-content\/uploads\/2026\/02\/cybernetic-being-interacting-with-digital-interface-1200x686.jpg 1200w, https:\/\/eurocc.nscc.sk\/wp-content\/uploads\/2026\/02\/cybernetic-being-interacting-with-digital-interface-1980x1131.jpg 1980w\" sizes=\"(max-width: 300px) 100vw, 300px\" \/><\/a> <a class=\"title\" href=\"https:\/\/eurocc.nscc.sk\/en\/online-prednaska-ai-responsibility-gaps-medzery-v-zodpovednosti-v-ai\/\">Online lecture: AI Responsibility Gaps<\/a> <span class=\"date\">4 Feb<\/span> <span class=\"excerpt-dash\">-<\/span> <span class=\"excerpt\">On 12 February 2026, we are organising the opening online lecture of the AI Accountability Dialogue Series, focusing on the timely topic of \u201cresponsibility gaps\u201d in artificial intelligence systems. Our guest speakers will be Daniela Vacek and Jaroslav Kop\u010dan.<\/span><\/div><div class=\"listing-item\"><a class=\"image\" href=\"https:\/\/eurocc.nscc.sk\/en\/aktualna-vyzva-ffplus\/\"><img width=\"300\" height=\"156\" src=\"https:\/\/eurocc.nscc.sk\/wp-content\/uploads\/2026\/01\/9547134946807088_ff-2B_web-banner-02.png-300x156.webp\" class=\"attachment-medium size-medium wp-post-image\" alt=\"\" decoding=\"async\" loading=\"lazy\" srcset=\"https:\/\/eurocc.nscc.sk\/wp-content\/uploads\/2026\/01\/9547134946807088_ff-2B_web-banner-02.png-300x156.webp 300w, https:\/\/eurocc.nscc.sk\/wp-content\/uploads\/2026\/01\/9547134946807088_ff-2B_web-banner-02.png-1024x533.webp 1024w, https:\/\/eurocc.nscc.sk\/wp-content\/uploads\/2026\/01\/9547134946807088_ff-2B_web-banner-02.png-768x400.webp 768w, https:\/\/eurocc.nscc.sk\/wp-content\/uploads\/2026\/01\/9547134946807088_ff-2B_web-banner-02.png-1536x800.webp 1536w, https:\/\/eurocc.nscc.sk\/wp-content\/uploads\/2026\/01\/9547134946807088_ff-2B_web-banner-02.png-18x9.webp 18w, https:\/\/eurocc.nscc.sk\/wp-content\/uploads\/2026\/01\/9547134946807088_ff-2B_web-banner-02.png-1200x625.webp 1200w, https:\/\/eurocc.nscc.sk\/wp-content\/uploads\/2026\/01\/9547134946807088_ff-2B_web-banner-02.png.webp 1920w\" sizes=\"(max-width: 300px) 100vw, 300px\" \/><\/a> <a class=\"title\" href=\"https:\/\/eurocc.nscc.sk\/en\/aktualna-vyzva-ffplus\/\">CURRENT FFPLUS CALL<\/a> <span class=\"date\">12 Jan<\/span> <span class=\"excerpt-dash\">-<\/span> <span class=\"excerpt\">European startups and small and medium-sized enterprises working with artificial intelligence, data, or computationally intensive models currently have the opportunity to take part in an attractive call aimed at supporting innovative research and development. The call targets companies that want to further advance their technological solutions, validate them in real-world conditions, and harness the potential of cutting-edge European supercomputing infrastructure.<\/span><\/div><\/div>\n\n\n\n<div class=\"is-layout-flex wp-block-buttons is-content-justification-center eco-bot\">\n<div class=\"wp-block-button\"><a class=\"wp-block-button__link\" href=\"\/en\/spravy-archiv\/\">Archive<\/a><\/div>\n<\/div>\n<\/div><\/div>\n\n\n\n<p><\/p>","protected":false},"excerpt":{"rendered":"","protected":false},"author":1,"featured_media":0,"parent":0,"menu_order":0,"comment_status":"closed","ping_status":"closed","template":"templates\/template-full-width.php","meta":[],"_links":{"self":[{"href":"https:\/\/eurocc.nscc.sk\/en\/wp-json\/wp\/v2\/pages\/1430"}],"collection":[{"href":"https:\/\/eurocc.nscc.sk\/en\/wp-json\/wp\/v2\/pages"}],"about":[{"href":"https:\/\/eurocc.nscc.sk\/en\/wp-json\/wp\/v2\/types\/page"}],"author":[{"embeddable":true,"href":"https:\/\/eurocc.nscc.sk\/en\/wp-json\/wp\/v2\/users\/1"}],"replies":[{"embeddable":true,"href":"https:\/\/eurocc.nscc.sk\/en\/wp-json\/wp\/v2\/comments?post=1430"}],"version-history":[{"count":21,"href":"https:\/\/eurocc.nscc.sk\/en\/wp-json\/wp\/v2\/pages\/1430\/revisions"}],"predecessor-version":[{"id":4365,"href":"https:\/\/eurocc.nscc.sk\/en\/wp-json\/wp\/v2\/pages\/1430\/revisions\/4365"}],"wp:attachment":[{"href":"https:\/\/eurocc.nscc.sk\/en\/wp-json\/wp\/v2\/media?parent=1430"}],"curies":[{"name":"wp","href":"https:\/\/api.w.org\/{rel}","templated":true}]}}