{"id":1524,"date":"2021-01-03T18:46:03","date_gmt":"2021-01-03T17:46:03","guid":{"rendered":"https:\/\/eurocc.nscc.sk\/?page_id=1524"},"modified":"2021-02-02T13:33:58","modified_gmt":"2021-02-02T12:33:58","slug":"manualy","status":"publish","type":"page","link":"https:\/\/eurocc.nscc.sk\/en\/services\/manualy\/","title":{"rendered":"User guides"},"content":{"rendered":"<div class=\"is-layout-flow wp-block-group alignfull manu\"><div class=\"wp-block-group__inner-container\">\n<div class=\"is-layout-flex wp-container-3 wp-block-columns alignfull manu-top\">\n<div class=\"is-layout-flow wp-block-column\">\n<h4>User guides<hr style=\"border: 1px solid #b8870b; width: 100px;\"><\/h4>\n\n\n\n<p>Pokia\u013e potrebujete pou\u017ei\u0165 machine learning model cez viacero n\u00f3dov a\u00a0vyu\u017ei\u0165 tak viacero GPU, jednou z\u00a0mo\u017enost\u00ed je <a href=\"https:\/\/eurocc.nscc.sk\/en\/services\/manualy\/horovod\/\"><strong>Horovod<\/strong><\/a>.<\/p>\n\n\n\n<p>Pre pln\u00fa kontrolu nad prostred\u00edm, v ktorom be\u017e\u00ed va\u0161a aplik\u00e1cia, m\u00f4\u017eete pou\u017ei\u0165 kontajnery. Pre HPC prostredie je na toto vhodn\u00fd n\u00e1stroj <a href=\"https:\/\/eurocc.nscc.sk\/en\/services\/manualy\/singularity\/\"><strong>Singularity<\/strong><\/a>.<\/p>\n<\/div>\n\n\n\n<div class=\"is-layout-flow wp-block-column\">\n<figure class=\"wp-block-image size-large\"><img decoding=\"async\" loading=\"lazy\" width=\"500\" height=\"250\" src=\"https:\/\/eurocc.nscc.sk\/wp-content\/uploads\/2021\/02\/Manuals_gold.jpg\" alt=\"\" class=\"wp-image-1894\" srcset=\"https:\/\/eurocc.nscc.sk\/wp-content\/uploads\/2021\/02\/Manuals_gold.jpg 500w, https:\/\/eurocc.nscc.sk\/wp-content\/uploads\/2021\/02\/Manuals_gold-300x150.jpg 300w, https:\/\/eurocc.nscc.sk\/wp-content\/uploads\/2021\/02\/Manuals_gold-16x8.jpg 16w\" sizes=\"(max-width: 500px) 100vw, 500px\" \/><\/figure>\n<\/div>\n<\/div>\n<\/div><\/div>","protected":false},"excerpt":{"rendered":"<p>Manu\u00e1ly Pokia\u013e potrebujete pou\u017ei\u0165 machine learning model cez viacero n\u00f3dov a\u00a0vyu\u017ei\u0165 tak viacero GPU, jednou z\u00a0mo\u017enost\u00ed je Horovod. Pre pln\u00fa kontrolu nad prostred\u00edm, v ktorom be\u017e\u00ed va\u0161a aplik\u00e1cia, m\u00f4\u017eete pou\u017ei\u0165 kontajnery. Pre HPC prostredie je na toto vhodn\u00fd n\u00e1stroj Singularity.<\/p>","protected":false},"author":1,"featured_media":0,"parent":54,"menu_order":0,"comment_status":"closed","ping_status":"closed","template":"templates\/template-full-width.php","meta":[],"_links":{"self":[{"href":"https:\/\/eurocc.nscc.sk\/en\/wp-json\/wp\/v2\/pages\/1524"}],"collection":[{"href":"https:\/\/eurocc.nscc.sk\/en\/wp-json\/wp\/v2\/pages"}],"about":[{"href":"https:\/\/eurocc.nscc.sk\/en\/wp-json\/wp\/v2\/types\/page"}],"author":[{"embeddable":true,"href":"https:\/\/eurocc.nscc.sk\/en\/wp-json\/wp\/v2\/users\/1"}],"replies":[{"embeddable":true,"href":"https:\/\/eurocc.nscc.sk\/en\/wp-json\/wp\/v2\/comments?post=1524"}],"version-history":[{"count":9,"href":"https:\/\/eurocc.nscc.sk\/en\/wp-json\/wp\/v2\/pages\/1524\/revisions"}],"predecessor-version":[{"id":2103,"href":"https:\/\/eurocc.nscc.sk\/en\/wp-json\/wp\/v2\/pages\/1524\/revisions\/2103"}],"up":[{"embeddable":true,"href":"https:\/\/eurocc.nscc.sk\/en\/wp-json\/wp\/v2\/pages\/54"}],"wp:attachment":[{"href":"https:\/\/eurocc.nscc.sk\/en\/wp-json\/wp\/v2\/media?parent=1524"}],"curies":[{"name":"wp","href":"https:\/\/api.w.org\/{rel}","templated":true}]}}