{"id":2893,"date":"2021-04-05T11:11:34","date_gmt":"2021-04-05T09:11:34","guid":{"rendered":"https:\/\/eurocc.nscc.sk\/?page_id=2893"},"modified":"2023-12-29T09:25:33","modified_gmt":"2023-12-29T08:25:33","slug":"calls-for-proposals","status":"publish","type":"page","link":"https:\/\/eurocc.nscc.sk\/en\/news\/calls-for-proposals\/","title":{"rendered":"Calls for Proposals"},"content":{"rendered":"<div class=\"is-layout-flex wp-container-3 wp-block-columns alignfull\">\n<div class=\"is-layout-flow wp-block-column call-top-left\" id=\"hpc121\">\n<p>The Slovak National competence centre for HPC brings up-to-date information about current calls for proposals in high-performance computing. You may obtain access to computational resources within the EU HPC centres, secure funding for your HPC projects or become a part of european consortia and join international programmes and projects.<\/p>\n\n\n\n<p>We bring an overview of current open calls, as well as information about projects that are yet to be given to you. The <strong><a href=\"https:\/\/eurohpc-ju.europa.eu\/index_en\">EuroHPC<\/a><\/strong> from <strong><a href=\"https:\/\/prace-ri.eu\/\">PRACE<\/a><\/strong> organizations offer various possibilities for implementing HPC\/HPDA projects for subjects from the private, public and academic sectors.<\/p>\n\n\n\n<p>If you are interested in any of the challenges, the <strong><a href=\"https:\/\/eurocc.nscc.sk\/en\/\">National Competence Centre for HPC<\/a><\/strong> will help you with the preparation and submission of the project -<strong> <a href=\"mailto:eurocc@nscc.sk\">contact us.<\/a><\/strong>!<\/p>\n<\/div>\n\n\n\n<div class=\"is-layout-flow wp-block-column call-top-right\">\n<p class=\"us-top\"><\/p>\n<\/div>\n<\/div>\n\n\n\n<div class=\"is-layout-flow wp-block-group alignfull\"><div class=\"wp-block-group__inner-container\">\n<div class=\"is-layout-flex wp-container-7 wp-block-columns alignfull call-mid\">\n<div class=\"is-layout-flow wp-block-column\">\n<h4 class=\"has-text-align-center\"><a href=\"\/en\/future\/\">Future Calls<\/a><\/h4>\n<\/div>\n\n\n\n<div class=\"is-layout-flow wp-block-column\">\n<h4 class=\"has-text-align-center\"><a href=\"\/en\/current\/\">Open Calls<\/a><\/h4>\n<\/div>\n\n\n\n<div class=\"is-layout-flow wp-block-column\">\n<h4 class=\"has-text-align-center\"><a href=\"\/en\/finished\/\">Closed Calls<\/a><\/h4>\n<\/div>\n<\/div>\n<\/div><\/div>\n\n\n\n<div class=\"is-layout-flow wp-block-group alignfull call-bot\"><div class=\"wp-block-group__inner-container\">\n<div style=\"height:60px\" aria-hidden=\"true\" class=\"wp-block-spacer\"><\/div>\n\n\n\n<div class=\"is-horizontal is-content-justification-center is-layout-flex wp-container-9 wp-block-buttons alignfull\">\n<div class=\"wp-block-button\"><a class=\"wp-block-button__link wp-element-button\" href=\"\/en\/\">BACK<\/a><\/div>\n<\/div>\n\n\n\n<div style=\"height:60px\" aria-hidden=\"true\" class=\"wp-block-spacer\"><\/div>\n<\/div><\/div>\n\n\n\n<div style=\"height:60px\" aria-hidden=\"true\" class=\"wp-block-spacer\"><\/div>","protected":false},"excerpt":{"rendered":"<p>N\u00e1rodn\u00e9 kompeten\u010dn\u00e9 centrum pre HPC v\u00e1m prin\u00e1\u0161a aktu\u00e1lne inform\u00e1cie o projektov\u00fdch v\u00fdzvach v oblasti vysokov\u00fdkonn\u00e9ho po\u010d\u00edtania. V r\u00e1mci eur\u00f3pskych v\u00fdziev sa m\u00f4\u017eete uch\u00e1dza\u0165 o pr\u00edstup k v\u00fdpo\u010dtov\u00fdm prostriedkom v HPC centr\u00e1ch v E\u00da, po\u017eiada\u0165 o financovanie svojich projektov alebo sa sta\u0165 s\u00fa\u010das\u0165ou eur\u00f3pskych konzorci\u00ed a zapoji\u0165 sa tak do medzin\u00e1rodn\u00fdch projektov Prin\u00e1\u0161ame v\u00e1m preh\u013ead aktu\u00e1lne [&hellip;]<\/p>","protected":false},"author":1,"featured_media":0,"parent":1430,"menu_order":0,"comment_status":"closed","ping_status":"closed","template":"templates\/template-full-width.php","meta":[],"_links":{"self":[{"href":"https:\/\/eurocc.nscc.sk\/en\/wp-json\/wp\/v2\/pages\/2893"}],"collection":[{"href":"https:\/\/eurocc.nscc.sk\/en\/wp-json\/wp\/v2\/pages"}],"about":[{"href":"https:\/\/eurocc.nscc.sk\/en\/wp-json\/wp\/v2\/types\/page"}],"author":[{"embeddable":true,"href":"https:\/\/eurocc.nscc.sk\/en\/wp-json\/wp\/v2\/users\/1"}],"replies":[{"embeddable":true,"href":"https:\/\/eurocc.nscc.sk\/en\/wp-json\/wp\/v2\/comments?post=2893"}],"version-history":[{"count":22,"href":"https:\/\/eurocc.nscc.sk\/en\/wp-json\/wp\/v2\/pages\/2893\/revisions"}],"predecessor-version":[{"id":7587,"href":"https:\/\/eurocc.nscc.sk\/en\/wp-json\/wp\/v2\/pages\/2893\/revisions\/7587"}],"up":[{"embeddable":true,"href":"https:\/\/eurocc.nscc.sk\/en\/wp-json\/wp\/v2\/pages\/1430"}],"wp:attachment":[{"href":"https:\/\/eurocc.nscc.sk\/en\/wp-json\/wp\/v2\/media?parent=2893"}],"curies":[{"name":"wp","href":"https:\/\/api.w.org\/{rel}","templated":true}]}}