{"id":3077,"date":"2021-04-11T13:46:39","date_gmt":"2021-04-11T11:46:39","guid":{"rendered":"https:\/\/eurocc.nscc.sk\/?page_id=3077"},"modified":"2023-12-29T09:28:52","modified_gmt":"2023-12-29T08:28:52","slug":"finished","status":"publish","type":"page","link":"https:\/\/eurocc.nscc.sk\/en\/news\/finished\/","title":{"rendered":"Calls for Proposals"},"content":{"rendered":"<div class=\"is-layout-flex wp-container-3 wp-block-columns alignfull\">\n<div class=\"is-layout-flow wp-block-column call-top-left\" id=\"hpc121\">\n<p class=\"has-text-align-center\"><strong>Want to get more CPU\/GPU power?<\/strong><br><strong><br>Do you need computing resources for the implementation of your projects?<\/strong><br><strong><br>Are you interested in free access to European high performance computers?<\/strong><br><strong><br>Do you have any question or need help with calls for proposals?<\/strong><br><strong><br>Do not hesitate to&nbsp;<a href=\"mailto:eurocc@nscc.sk\">contact us!<\/a>&nbsp;Our team will be more than willing to assist.<\/strong><\/p>\n<\/div>\n\n\n\n<div class=\"is-layout-flow wp-block-column call-top-right\">\n<p class=\"us-top\"><\/p>\n<\/div>\n<\/div>\n\n\n\n<div class=\"is-layout-flow wp-block-group alignfull\"><div class=\"wp-block-group__inner-container\">\n<div class=\"is-layout-flex wp-container-7 wp-block-columns alignfull call-mid\" id=\"call-mid\">\n<div class=\"is-layout-flow wp-block-column\">\n<h4 class=\"has-text-align-center\"><a href=\"\/en\/future\/#call-mid\">Future Calls<\/a><\/h4>\n<\/div>\n\n\n\n<div class=\"is-layout-flow wp-block-column\">\n<h4 class=\"has-text-align-center\"><a href=\"\/en\/current\/#call-mid\">Open Calls<\/a><\/h4>\n<\/div>\n\n\n\n<div class=\"is-layout-flow wp-block-column\">\n<h4 class=\"has-text-align-center\"><a href=\"\/en\/finished\/#call-mid\" style=\"color: #b8870b !important\">Closed Calls<\/a><\/h4>\n<\/div>\n<\/div>\n<\/div><\/div>\n\n\n\n<div class=\"is-layout-flow wp-block-group alignfull news-posts call-bot\"><div class=\"wp-block-group__inner-container\"><div class=\"display-posts-listing grid\"><div class=\"listing-item\"><a class=\"image\" href=\"https:\/\/eurocc.nscc.sk\/en\/devana-vyzva-na-podavanie-projektov-pre-standardny-pristup-k-hpc-3-24\/\"><img width=\"300\" height=\"158\" src=\"https:\/\/eurocc.nscc.sk\/wp-content\/uploads\/2024\/08\/HPC_DEVANA_CALL_3_24_FB_POST-1-300x158.png\" class=\"attachment-medium size-medium wp-post-image\" alt=\"\" decoding=\"async\" loading=\"lazy\" srcset=\"https:\/\/eurocc.nscc.sk\/wp-content\/uploads\/2024\/08\/HPC_DEVANA_CALL_3_24_FB_POST-1-300x158.png 300w, https:\/\/eurocc.nscc.sk\/wp-content\/uploads\/2024\/08\/HPC_DEVANA_CALL_3_24_FB_POST-1-1024x538.png 1024w, https:\/\/eurocc.nscc.sk\/wp-content\/uploads\/2024\/08\/HPC_DEVANA_CALL_3_24_FB_POST-1-768x403.png 768w, https:\/\/eurocc.nscc.sk\/wp-content\/uploads\/2024\/08\/HPC_DEVANA_CALL_3_24_FB_POST-1-18x9.png 18w, https:\/\/eurocc.nscc.sk\/wp-content\/uploads\/2024\/08\/HPC_DEVANA_CALL_3_24_FB_POST-1.png 1200w\" sizes=\"(max-width: 300px) 100vw, 300px\" \/><\/a> <a class=\"title\" href=\"https:\/\/eurocc.nscc.sk\/en\/devana-vyzva-na-podavanie-projektov-pre-standardny-pristup-k-hpc-3-24\/\">Devana: Call for Standard HPC access projects 3\/24<\/a> <span class=\"date\">26 Aug<\/span> <span class=\"excerpt-dash\">-<\/span> <span class=\"excerpt\">V\u00fdpo\u010dtov\u00e9 stredisko SAV a\u00a0N\u00e1rodn\u00e9 superpo\u010d\u00edta\u010dov\u00e9 centrum otvaruj\u00fa druh\u00fa tohtoro\u010dn\u00fa\u00a0V\u00fdzvu na pod\u00e1vanie projektov pre \u0161tandardn\u00fd pr\u00edstup k HPC 3\/24. Projekty je mo\u017en\u00e9 pod\u00e1va\u0165 kontinu\u00e1lne, pri\u010dom po\u010das roka s\u00fa \u0161tandardne 3 term\u00edny uz\u00e1vierky, po ktorej sa uskuto\u010dn\u00ed hodnotenie dovtedy podan\u00fdch \u017eiadost\u00ed. O pr\u00edstup je mo\u017en\u00e9 po\u017eiada\u0165 v\u00fdhradne prostredn\u00edctvom pou\u017e\u00edvate\u013esk\u00e9ho port\u00e1lu\u00a0register.nscc.sk.<\/span><\/div><div class=\"listing-item\"><a class=\"image\" href=\"https:\/\/eurocc.nscc.sk\/en\/call-for-ideas-hladame-slovenskych-msp-partnerov-pre-projektove-konzorcium-ffplus\/\"><img width=\"300\" height=\"200\" src=\"https:\/\/eurocc.nscc.sk\/wp-content\/uploads\/2024\/07\/campaign-creators-gMsnXqILjp4-unsplash-300x200.jpg\" class=\"attachment-medium size-medium wp-post-image\" alt=\"\" decoding=\"async\" loading=\"lazy\" srcset=\"https:\/\/eurocc.nscc.sk\/wp-content\/uploads\/2024\/07\/campaign-creators-gMsnXqILjp4-unsplash-300x200.jpg 300w, https:\/\/eurocc.nscc.sk\/wp-content\/uploads\/2024\/07\/campaign-creators-gMsnXqILjp4-unsplash-1024x683.jpg 1024w, https:\/\/eurocc.nscc.sk\/wp-content\/uploads\/2024\/07\/campaign-creators-gMsnXqILjp4-unsplash-768x512.jpg 768w, https:\/\/eurocc.nscc.sk\/wp-content\/uploads\/2024\/07\/campaign-creators-gMsnXqILjp4-unsplash-1536x1024.jpg 1536w, https:\/\/eurocc.nscc.sk\/wp-content\/uploads\/2024\/07\/campaign-creators-gMsnXqILjp4-unsplash-2048x1365.jpg 2048w, https:\/\/eurocc.nscc.sk\/wp-content\/uploads\/2024\/07\/campaign-creators-gMsnXqILjp4-unsplash-18x12.jpg 18w, https:\/\/eurocc.nscc.sk\/wp-content\/uploads\/2024\/07\/campaign-creators-gMsnXqILjp4-unsplash-1200x800.jpg 1200w\" sizes=\"(max-width: 300px) 100vw, 300px\" \/><\/a> <a class=\"title\" href=\"https:\/\/eurocc.nscc.sk\/en\/call-for-ideas-hladame-slovenskych-msp-partnerov-pre-projektove-konzorcium-ffplus\/\">Call for Ideas: Seeking Slovak SME Partners for FFPlus Project Consortium<\/a> <span class=\"date\">4 Jul<\/span> <span class=\"excerpt-dash\">-<\/span> <span class=\"excerpt\">NCC Slovakia h\u013ead\u00e1 slovensk\u00fdch MSP partnerov na vytvorenie konzorcia pre n\u00e1vrh prest\u00ed\u017eneho projektu FFPlus. Cie\u013eom je vyu\u017ei\u0165 vysokov\u00fdkonn\u00e9 po\u010d\u00edtanie pri rie\u0161en\u00ed \u0161pecifick\u00fdch obchodn\u00fdch v\u00fdziev zah\u0155\u0148aj\u00facich napr. modelovanie a simul\u00e1cie, anal\u00fdzu \u00fadajov, AI at\u010f. <\/span><\/div><div class=\"listing-item\"><a class=\"image\" href=\"https:\/\/eurocc.nscc.sk\/en\/fortissimo-vyzva-pre-male-a-stredne-podniky\/\"><img width=\"300\" height=\"114\" src=\"https:\/\/eurocc.nscc.sk\/wp-content\/uploads\/2024\/06\/ffplus-1-300x114.png\" class=\"attachment-medium size-medium wp-post-image\" alt=\"\" decoding=\"async\" loading=\"lazy\" srcset=\"https:\/\/eurocc.nscc.sk\/wp-content\/uploads\/2024\/06\/ffplus-1-300x114.png 300w, https:\/\/eurocc.nscc.sk\/wp-content\/uploads\/2024\/06\/ffplus-1-768x291.png 768w, https:\/\/eurocc.nscc.sk\/wp-content\/uploads\/2024\/06\/ffplus-1-18x7.png 18w, https:\/\/eurocc.nscc.sk\/wp-content\/uploads\/2024\/06\/ffplus-1.png 960w\" sizes=\"(max-width: 300px) 100vw, 300px\" \/><\/a> <a class=\"title\" href=\"https:\/\/eurocc.nscc.sk\/en\/fortissimo-vyzva-pre-male-a-stredne-podniky\/\">Fortissimo: call for proposal for SME<\/a> <span class=\"date\">28 Jun<\/span> <span class=\"excerpt-dash\">-<\/span> <span class=\"excerpt\">Fortissimo: call for proposal for SME<\/span><\/div><div class=\"listing-item\"><a class=\"image\" href=\"https:\/\/eurocc.nscc.sk\/en\/devana-vyzva-na-podavanie-projektov-pre-standardny-pristup-k-hpc-2-24\/\"><img width=\"300\" height=\"169\" src=\"https:\/\/eurocc.nscc.sk\/wp-content\/uploads\/2024\/05\/banner_vyzva224-300x169.png\" class=\"attachment-medium size-medium wp-post-image\" alt=\"\" decoding=\"async\" loading=\"lazy\" srcset=\"https:\/\/eurocc.nscc.sk\/wp-content\/uploads\/2024\/05\/banner_vyzva224-300x169.png 300w, https:\/\/eurocc.nscc.sk\/wp-content\/uploads\/2024\/05\/banner_vyzva224-1024x578.png 1024w, https:\/\/eurocc.nscc.sk\/wp-content\/uploads\/2024\/05\/banner_vyzva224-768x433.png 768w, https:\/\/eurocc.nscc.sk\/wp-content\/uploads\/2024\/05\/banner_vyzva224-1536x867.png 1536w, https:\/\/eurocc.nscc.sk\/wp-content\/uploads\/2024\/05\/banner_vyzva224-2048x1155.png 2048w, https:\/\/eurocc.nscc.sk\/wp-content\/uploads\/2024\/05\/banner_vyzva224-18x10.png 18w, https:\/\/eurocc.nscc.sk\/wp-content\/uploads\/2024\/05\/banner_vyzva224-1200x677.png 1200w, https:\/\/eurocc.nscc.sk\/wp-content\/uploads\/2024\/05\/banner_vyzva224-1980x1117.png 1980w\" sizes=\"(max-width: 300px) 100vw, 300px\" \/><\/a> <a class=\"title\" href=\"https:\/\/eurocc.nscc.sk\/en\/devana-vyzva-na-podavanie-projektov-pre-standardny-pristup-k-hpc-2-24\/\">Devana: Call for Standard HPC access projects 2\/24<\/a> <span class=\"date\">3 May<\/span> <span class=\"excerpt-dash\">-<\/span> <span class=\"excerpt\">V\u00fdpo\u010dtov\u00e9 stredisko SAV a N\u00e1rodn\u00e9 superpo\u010d\u00edta\u010dov\u00e9 centrum otv\u00e1ruj\u00fa prv\u00fa tohtoro\u010dn\u00fa V\u00fdzvu na pod\u00e1vanie projektov pre \u0161tandardn\u00fd pr\u00edstup k HPC 2\/24. Projekty je mo\u017en\u00e9 pod\u00e1va\u0165 kontinu\u00e1lne, pri\u010dom po\u010das roka s\u00fa \u0161tandardne 3 term\u00edny uz\u00e1vierky, po ktorej sa uskuto\u010dn\u00ed hodnotenie dovtedy podan\u00fdch \u017eiadost\u00ed. O pr\u00edstup je mo\u017en\u00e9 po\u017eiada\u0165 v\u00fdhradne prostredn\u00edctvom pou\u017e\u00edvate\u013esk\u00e9ho port\u00e1lu register.nscc.sk.<\/span><\/div><div class=\"listing-item\"><a class=\"image\" href=\"https:\/\/eurocc.nscc.sk\/en\/eurohpc-ju-pristup-k-superpocitacom-pre-aplikacie-umelej-inteligencie-a-pre-datovo-narocne-vypocty\/\"><img width=\"300\" height=\"171\" src=\"https:\/\/eurocc.nscc.sk\/wp-content\/uploads\/2024\/03\/eurohpc_call_for_prop-300x171.webp\" class=\"attachment-medium size-medium wp-post-image\" alt=\"\" decoding=\"async\" loading=\"lazy\" srcset=\"https:\/\/eurocc.nscc.sk\/wp-content\/uploads\/2024\/03\/eurohpc_call_for_prop-300x171.webp 300w, https:\/\/eurocc.nscc.sk\/wp-content\/uploads\/2024\/03\/eurohpc_call_for_prop-1024x585.webp 1024w, https:\/\/eurocc.nscc.sk\/wp-content\/uploads\/2024\/03\/eurohpc_call_for_prop-768x439.webp 768w, https:\/\/eurocc.nscc.sk\/wp-content\/uploads\/2024\/03\/eurohpc_call_for_prop-1536x878.webp 1536w, https:\/\/eurocc.nscc.sk\/wp-content\/uploads\/2024\/03\/eurohpc_call_for_prop-18x10.webp 18w, https:\/\/eurocc.nscc.sk\/wp-content\/uploads\/2024\/03\/eurohpc_call_for_prop-1200x686.webp 1200w, https:\/\/eurocc.nscc.sk\/wp-content\/uploads\/2024\/03\/eurohpc_call_for_prop.webp 1792w\" sizes=\"(max-width: 300px) 100vw, 300px\" \/><\/a> <a class=\"title\" href=\"https:\/\/eurocc.nscc.sk\/en\/eurohpc-ju-pristup-k-superpocitacom-pre-aplikacie-umelej-inteligencie-a-pre-datovo-narocne-vypocty\/\">EuroHPC JU: Pr\u00edstup k superpo\u010d\u00edta\u010dom pre aplik\u00e1cie umelej inteligencie a pre d\u00e1tovo n\u00e1ro\u010dn\u00e9 v\u00fdpo\u010dtyEuroHPC JU:<\/a> <span class=\"date\">15 Mar<\/span> <span class=\"excerpt-dash\">-<\/span> <span class=\"excerpt\">The call is designed to serve industry organisations, small to medium enterprises (SMEs), startups, as well as public sector entities, requiring access to supercomputing resources to perform artificial intelligence and data intensive activities.<\/span><\/div><div class=\"listing-item\"><a class=\"image\" href=\"https:\/\/eurocc.nscc.sk\/en\/eurohpc-ju-call-for-proposals-for-benchmark-access-2024\/\"><img width=\"300\" height=\"146\" src=\"https:\/\/eurocc.nscc.sk\/wp-content\/uploads\/2024\/02\/Deucalion-1-300x146.jpg\" class=\"attachment-medium size-medium wp-post-image\" alt=\"\" decoding=\"async\" loading=\"lazy\" srcset=\"https:\/\/eurocc.nscc.sk\/wp-content\/uploads\/2024\/02\/Deucalion-1-300x146.jpg 300w, https:\/\/eurocc.nscc.sk\/wp-content\/uploads\/2024\/02\/Deucalion-1-1024x499.jpg 1024w, https:\/\/eurocc.nscc.sk\/wp-content\/uploads\/2024\/02\/Deucalion-1-768x374.jpg 768w, https:\/\/eurocc.nscc.sk\/wp-content\/uploads\/2024\/02\/Deucalion-1-18x9.jpg 18w, https:\/\/eurocc.nscc.sk\/wp-content\/uploads\/2024\/02\/Deucalion-1-1200x585.jpg 1200w, https:\/\/eurocc.nscc.sk\/wp-content\/uploads\/2024\/02\/Deucalion-1.jpg 1500w\" sizes=\"(max-width: 300px) 100vw, 300px\" \/><\/a> <a class=\"title\" href=\"https:\/\/eurocc.nscc.sk\/en\/eurohpc-ju-call-for-proposals-for-benchmark-access-2024\/\">EuroHPC JU Call for Proposals for Benchmark Access 2024<\/a> <span class=\"date\">15 Mar<\/span> <span class=\"excerpt-dash\">-<\/span> <span class=\"excerpt\">The purpose of theEuroHPC JU Benchmark Access calls is to support researchers and HPC application developers by giving them the opportunity to test or benchmark their applications on the upcoming\/available EuroHPC Pre-exascale and\/or Petascale system prior to applying for an Extreme Scale and\/or Regular Access.<\/span><\/div><div class=\"listing-item\"><a class=\"image\" href=\"https:\/\/eurocc.nscc.sk\/en\/eurohpc-ju-call-for-proposals-for-development-access-2024\/\"><img width=\"300\" height=\"200\" src=\"https:\/\/eurocc.nscc.sk\/wp-content\/uploads\/2024\/02\/Our-supercomputers-1-300x200.jpeg\" class=\"attachment-medium size-medium wp-post-image\" alt=\"\" decoding=\"async\" loading=\"lazy\" srcset=\"https:\/\/eurocc.nscc.sk\/wp-content\/uploads\/2024\/02\/Our-supercomputers-1-300x200.jpeg 300w, https:\/\/eurocc.nscc.sk\/wp-content\/uploads\/2024\/02\/Our-supercomputers-1-18x12.jpeg 18w, https:\/\/eurocc.nscc.sk\/wp-content\/uploads\/2024\/02\/Our-supercomputers-1.jpeg 600w\" sizes=\"(max-width: 300px) 100vw, 300px\" \/><\/a> <a class=\"title\" href=\"https:\/\/eurocc.nscc.sk\/en\/eurohpc-ju-call-for-proposals-for-development-access-2024\/\">EuroHPC JU Call for Proposals for Development Access 2024<\/a> <span class=\"date\">14 Mar<\/span> <span class=\"excerpt-dash\">-<\/span> <span class=\"excerpt\">The purpose of the EuroHPC JU Development Access calls is to support researchers and HPC application developers by giving them the opportunity to develop, test and optimise their applications on the upcoming\/available EuroHPC Pre-exascale and\/or Petascale system prior to applying for an Extreme Scale and\/or Regular Access. The\u202fEuroHPC Development call\u202fis designed for projects focusing on code and algorithm development and optimisation. As well as development of AI application methods. <\/span><\/div><div class=\"listing-item\"><a class=\"image\" href=\"https:\/\/eurocc.nscc.sk\/en\/large-ai-grand-challenge\/\"><img width=\"300\" height=\"169\" src=\"https:\/\/eurocc.nscc.sk\/wp-content\/uploads\/2024\/02\/AI-BOOST-dealine-extended-768x432-1-300x169.jpeg\" class=\"attachment-medium size-medium wp-post-image\" alt=\"\" decoding=\"async\" loading=\"lazy\" srcset=\"https:\/\/eurocc.nscc.sk\/wp-content\/uploads\/2024\/02\/AI-BOOST-dealine-extended-768x432-1-300x169.jpeg 300w, https:\/\/eurocc.nscc.sk\/wp-content\/uploads\/2024\/02\/AI-BOOST-dealine-extended-768x432-1-18x10.jpeg 18w, https:\/\/eurocc.nscc.sk\/wp-content\/uploads\/2024\/02\/AI-BOOST-dealine-extended-768x432-1.jpeg 768w\" sizes=\"(max-width: 300px) 100vw, 300px\" \/><\/a> <a class=\"title\" href=\"https:\/\/eurocc.nscc.sk\/en\/large-ai-grand-challenge\/\">Large AI Grand Challenge<\/a> <span class=\"date\">9 Feb<\/span> <span class=\"excerpt-dash\">-<\/span> <span class=\"excerpt\">Projekt AI-BOOST financovan\u00fd z E\u00da spustil svoju prv\u00fa s\u00fa\u0165a\u017e, ktor\u00e1 pon\u00faka a\u017e 250.000 eur v bezkapit\u00e1lovom financovan\u00ed a\u017e \u0161tyrom eur\u00f3pskym mal\u00fdm stredn\u00fdm podnikom (MSP) a startupom s vysok\u00fdm potenci\u00e1lom, ktor\u00e9 maj\u00fa technick\u00fa kapacitu a sk\u00fasenosti s pr\u00e1cou na rozsiahlych modeloch umelej inteligencie (AI).<\/span><\/div><div class=\"listing-item\"><a class=\"image\" href=\"https:\/\/eurocc.nscc.sk\/en\/devana-vyzva-na-podavanie-projektov-pre-standardny-pristup-k-hpc-1-24\/\"><img width=\"300\" height=\"174\" src=\"https:\/\/eurocc.nscc.sk\/wp-content\/uploads\/2023\/10\/dev-3-300x174.jpg\" class=\"attachment-medium size-medium wp-post-image\" alt=\"\" decoding=\"async\" loading=\"lazy\" srcset=\"https:\/\/eurocc.nscc.sk\/wp-content\/uploads\/2023\/10\/dev-3-300x174.jpg 300w, https:\/\/eurocc.nscc.sk\/wp-content\/uploads\/2023\/10\/dev-3-1024x593.jpg 1024w, https:\/\/eurocc.nscc.sk\/wp-content\/uploads\/2023\/10\/dev-3-768x445.jpg 768w, https:\/\/eurocc.nscc.sk\/wp-content\/uploads\/2023\/10\/dev-3-1536x889.jpg 1536w, https:\/\/eurocc.nscc.sk\/wp-content\/uploads\/2023\/10\/dev-3-2048x1186.jpg 2048w, https:\/\/eurocc.nscc.sk\/wp-content\/uploads\/2023\/10\/dev-3-18x10.jpg 18w, https:\/\/eurocc.nscc.sk\/wp-content\/uploads\/2023\/10\/dev-3-1200x695.jpg 1200w, https:\/\/eurocc.nscc.sk\/wp-content\/uploads\/2023\/10\/dev-3-1980x1146.jpg 1980w\" sizes=\"(max-width: 300px) 100vw, 300px\" \/><\/a> <a class=\"title\" href=\"https:\/\/eurocc.nscc.sk\/en\/devana-vyzva-na-podavanie-projektov-pre-standardny-pristup-k-hpc-1-24\/\">Devana: Call for Standard HPC access projects 1\/24<\/a> <span class=\"date\">3 Jan<\/span> <span class=\"excerpt-dash\">-<\/span> <span class=\"excerpt\">The Computing Centre of the SAS and the National Supercomputing Centre are opening the first Call for Projects for Standard Access to HPC. Projects are possible continuously, while there are 3 closing dates as standard during the year, after which the evaluation will take place until the submitted applications. It is possible to apply for access through the register.nscc.sk user portal.<\/span><\/div><div class=\"listing-item\"><a class=\"image\" href=\"https:\/\/eurocc.nscc.sk\/en\/superpocitac-leonardo-pre-slovensku-vedecku-komunitu\/\"><img width=\"300\" height=\"200\" src=\"https:\/\/eurocc.nscc.sk\/wp-content\/uploads\/2023\/12\/Leonardo_fotoGiacomoMaestri-300x200.jpg\" class=\"attachment-medium size-medium wp-post-image\" alt=\"\" decoding=\"async\" loading=\"lazy\" srcset=\"https:\/\/eurocc.nscc.sk\/wp-content\/uploads\/2023\/12\/Leonardo_fotoGiacomoMaestri-300x200.jpg 300w, https:\/\/eurocc.nscc.sk\/wp-content\/uploads\/2023\/12\/Leonardo_fotoGiacomoMaestri-768x511.jpg 768w, https:\/\/eurocc.nscc.sk\/wp-content\/uploads\/2023\/12\/Leonardo_fotoGiacomoMaestri-18x12.jpg 18w, https:\/\/eurocc.nscc.sk\/wp-content\/uploads\/2023\/12\/Leonardo_fotoGiacomoMaestri.jpg 999w\" sizes=\"(max-width: 300px) 100vw, 300px\" \/><\/a> <a class=\"title\" href=\"https:\/\/eurocc.nscc.sk\/en\/superpocitac-leonardo-pre-slovensku-vedecku-komunitu\/\"><strong>Supercomputer Leonardo for the Slovak scientific community<\/strong><\/a> <span class=\"date\">13 Dec<\/span> <span class=\"excerpt-dash\">-<\/span> <span class=\"excerpt\">The Leonardo consortium, which consists of six European countries led by Italy, procured and put into operation in November 2022 the currently sixth most powerful supercomputer in the world. Slovakia, as one of the members of the consortium, provides, through the Computing Center of the Slovak Academy of Sciences, its expertise in the field of HPC and high-level technical and engineering support to the user communities. Thanks to this, Slovak users have a unique opportunity to participate in the national challenge and gain access to the Leonardo system.<\/span><\/div><div class=\"listing-item\"><a class=\"image\" href=\"https:\/\/eurocc.nscc.sk\/en\/devana-vyzva-na-podavanie-projektov-pre-standardny-pristup-k-hpc-1-23-2\/\"><img width=\"300\" height=\"174\" src=\"https:\/\/eurocc.nscc.sk\/wp-content\/uploads\/2023\/10\/dev-3-300x174.jpg\" class=\"attachment-medium size-medium wp-post-image\" alt=\"\" decoding=\"async\" loading=\"lazy\" srcset=\"https:\/\/eurocc.nscc.sk\/wp-content\/uploads\/2023\/10\/dev-3-300x174.jpg 300w, https:\/\/eurocc.nscc.sk\/wp-content\/uploads\/2023\/10\/dev-3-1024x593.jpg 1024w, https:\/\/eurocc.nscc.sk\/wp-content\/uploads\/2023\/10\/dev-3-768x445.jpg 768w, https:\/\/eurocc.nscc.sk\/wp-content\/uploads\/2023\/10\/dev-3-1536x889.jpg 1536w, https:\/\/eurocc.nscc.sk\/wp-content\/uploads\/2023\/10\/dev-3-2048x1186.jpg 2048w, https:\/\/eurocc.nscc.sk\/wp-content\/uploads\/2023\/10\/dev-3-18x10.jpg 18w, https:\/\/eurocc.nscc.sk\/wp-content\/uploads\/2023\/10\/dev-3-1200x695.jpg 1200w, https:\/\/eurocc.nscc.sk\/wp-content\/uploads\/2023\/10\/dev-3-1980x1146.jpg 1980w\" sizes=\"(max-width: 300px) 100vw, 300px\" \/><\/a> <a class=\"title\" href=\"https:\/\/eurocc.nscc.sk\/en\/devana-vyzva-na-podavanie-projektov-pre-standardny-pristup-k-hpc-1-23-2\/\">Devana: Call for Standard HPC access projects 1\/24<\/a> <span class=\"date\">5 Oct<\/span> <span class=\"excerpt-dash\">-<\/span> <span class=\"excerpt\">The Computing Centre of the SAS and the National Supercomputing Centre are opening the first Call for Projects for Standard Access to HPC. Projects are possible continuously, while there are 3 closing dates as standard during the year, after which the evaluation will take place until the submitted applications. It is possible to apply for access through the register.nscc.sk user portal.<\/span><\/div><div class=\"listing-item\"><a class=\"image\" href=\"https:\/\/eurocc.nscc.sk\/en\/ngi-search-prva-otvorena-vyzva\/\"><img width=\"300\" height=\"213\" src=\"https:\/\/eurocc.nscc.sk\/wp-content\/uploads\/2022\/07\/publisher_2022_6795e9ab-9d05-4d32-9f24-19c6c0dc4465-300x213.jpg\" class=\"attachment-medium size-medium wp-post-image\" alt=\"\" decoding=\"async\" loading=\"lazy\" srcset=\"https:\/\/eurocc.nscc.sk\/wp-content\/uploads\/2022\/07\/publisher_2022_6795e9ab-9d05-4d32-9f24-19c6c0dc4465-300x213.jpg 300w, https:\/\/eurocc.nscc.sk\/wp-content\/uploads\/2022\/07\/publisher_2022_6795e9ab-9d05-4d32-9f24-19c6c0dc4465-1024x725.jpg 1024w, https:\/\/eurocc.nscc.sk\/wp-content\/uploads\/2022\/07\/publisher_2022_6795e9ab-9d05-4d32-9f24-19c6c0dc4465-768x544.jpg 768w, https:\/\/eurocc.nscc.sk\/wp-content\/uploads\/2022\/07\/publisher_2022_6795e9ab-9d05-4d32-9f24-19c6c0dc4465-18x12.jpg 18w, https:\/\/eurocc.nscc.sk\/wp-content\/uploads\/2022\/07\/publisher_2022_6795e9ab-9d05-4d32-9f24-19c6c0dc4465.jpg 1200w\" sizes=\"(max-width: 300px) 100vw, 300px\" \/><\/a> <a class=\"title\" href=\"https:\/\/eurocc.nscc.sk\/en\/ngi-search-prva-otvorena-vyzva\/\">NGI Search 4th Open Call<\/a> <span class=\"date\">10 Sep<\/span> <span class=\"excerpt-dash\">-<\/span> <span class=\"excerpt\">NGI Search is a cascade funding project designed to help beneficiaries, such as start-ups, scale-ups, SMEs, and mid-sized companies to adopt and develop digital innovation in the domains of: <\/span><\/div><\/div>\n\n\n\n<div style=\"height:60px\" aria-hidden=\"true\" class=\"wp-block-spacer\"><\/div>\n\n\n\n<div class=\"is-layout-flow wp-block-group alignfull\"><div class=\"wp-block-group__inner-container\">\n<div class=\"is-horizontal is-content-justification-center is-layout-flex wp-container-9 wp-block-buttons alignfull\">\n<div class=\"wp-block-button\"><a class=\"wp-block-button__link wp-element-button\" href=\"\/en\/\">BACK<\/a><\/div>\n<\/div>\n<\/div><\/div>\n\n\n\n<div style=\"height:60px\" aria-hidden=\"true\" class=\"wp-block-spacer\"><\/div>\n<\/div><\/div>","protected":false},"excerpt":{"rendered":"<p>Chcete z\u00edska\u0165 vy\u0161\u0161\u00ed CPU\/GPU v\u00fdkon?Potrebujete v\u00fdpo\u010dtov\u00fa kapacitu pre realiz\u00e1ciu va\u0161ich projektov?M\u00e1te z\u00e1ujem o bezplatn\u00fd pr\u00edstup k eur\u00f3pskym vysokov\u00fdkonn\u00fdm po\u010d\u00edta\u010dom?Chcete sa zapoji\u0165 do niektorej z v\u00fdziev a neviete ako na to?Nev\u00e1hajte a&nbsp;kontaktujte n\u00e1s!&nbsp;Radi v\u00e1m porad\u00edme a odpovieme na v\u0161etky va\u0161e ot\u00e1zky. Pripravovan\u00e9 v\u00fdzvy Aktu\u00e1lne v\u00fdzvy Ukon\u010den\u00e9 v\u00fdzvy<\/p>","protected":false},"author":1,"featured_media":0,"parent":1430,"menu_order":0,"comment_status":"closed","ping_status":"closed","template":"templates\/template-full-width.php","meta":[],"_links":{"self":[{"href":"https:\/\/eurocc.nscc.sk\/en\/wp-json\/wp\/v2\/pages\/3077"}],"collection":[{"href":"https:\/\/eurocc.nscc.sk\/en\/wp-json\/wp\/v2\/pages"}],"about":[{"href":"https:\/\/eurocc.nscc.sk\/en\/wp-json\/wp\/v2\/types\/page"}],"author":[{"embeddable":true,"href":"https:\/\/eurocc.nscc.sk\/en\/wp-json\/wp\/v2\/users\/1"}],"replies":[{"embeddable":true,"href":"https:\/\/eurocc.nscc.sk\/en\/wp-json\/wp\/v2\/comments?post=3077"}],"version-history":[{"count":13,"href":"https:\/\/eurocc.nscc.sk\/en\/wp-json\/wp\/v2\/pages\/3077\/revisions"}],"predecessor-version":[{"id":7591,"href":"https:\/\/eurocc.nscc.sk\/en\/wp-json\/wp\/v2\/pages\/3077\/revisions\/7591"}],"up":[{"embeddable":true,"href":"https:\/\/eurocc.nscc.sk\/en\/wp-json\/wp\/v2\/pages\/1430"}],"wp:attachment":[{"href":"https:\/\/eurocc.nscc.sk\/en\/wp-json\/wp\/v2\/media?parent=3077"}],"curies":[{"name":"wp","href":"https:\/\/api.w.org\/{rel}","templated":true}]}}