{"id":3087,"date":"2021-04-11T14:04:21","date_gmt":"2021-04-11T12:04:21","guid":{"rendered":"https:\/\/eurocc.nscc.sk\/?page_id=3087"},"modified":"2023-12-29T09:27:32","modified_gmt":"2023-12-29T08:27:32","slug":"current","status":"publish","type":"page","link":"https:\/\/eurocc.nscc.sk\/en\/news\/current\/","title":{"rendered":"Calls for Proposals"},"content":{"rendered":"<div class=\"is-layout-flex wp-container-3 wp-block-columns alignfull\">\n<div class=\"is-layout-flow wp-block-column call-top-left\" id=\"hpc121\">\n<p class=\"has-text-align-center\"><strong>Want to get more CPU\/GPU power?<\/strong><br><strong><br>Do you need computing resources for the implementation of your projects?<\/strong><br><strong><br>Are you interested in free access to European high performance computers?<\/strong><br><strong><br>Do you have any question or need help with calls for proposals?<\/strong><br><strong><br>Do not hesitate to&nbsp;<a href=\"mailto:eurocc@nscc.sk\">contact us!<\/a>&nbsp;Our team will be more than willing to assist.<\/strong><\/p>\n<\/div>\n\n\n\n<div class=\"is-layout-flow wp-block-column call-top-right\">\n<p class=\"us-top\"><\/p>\n<\/div>\n<\/div>\n\n\n\n<div class=\"is-layout-flow wp-block-group alignfull\"><div class=\"wp-block-group__inner-container\">\n<div class=\"is-layout-flex wp-container-7 wp-block-columns alignfull call-mid\" id=\"call-mid\">\n<div class=\"is-layout-flow wp-block-column\">\n<h4 class=\"has-text-align-center\"><a href=\"\/en\/future\/#call-mid\">Future Calls<\/a><\/h4>\n<\/div>\n\n\n\n<div class=\"is-layout-flow wp-block-column\">\n<h4 class=\"has-text-align-center\"><a href=\"\/en\/current\/#call-mid\" style=\"color: #b8870b !important\">Open Calls<\/a><\/h4>\n<\/div>\n\n\n\n<div class=\"is-layout-flow wp-block-column\">\n<h4 class=\"has-text-align-center\"><a href=\"\/en\/finished\/#call-mid\">Closed Calls<\/a><\/h4>\n<\/div>\n<\/div>\n<\/div><\/div>\n\n\n\n<div class=\"is-layout-flow wp-block-group alignfull news-posts call-bot\"><div class=\"wp-block-group__inner-container\"><div class=\"display-posts-listing grid\"><div class=\"listing-item\"><a class=\"image\" href=\"https:\/\/eurocc.nscc.sk\/en\/aktualna-vyzva-ffplus\/\"><img width=\"300\" height=\"156\" src=\"https:\/\/eurocc.nscc.sk\/wp-content\/uploads\/2026\/01\/9547134946807088_ff-2B_web-banner-02.png-300x156.webp\" class=\"attachment-medium size-medium wp-post-image\" alt=\"\" decoding=\"async\" loading=\"lazy\" srcset=\"https:\/\/eurocc.nscc.sk\/wp-content\/uploads\/2026\/01\/9547134946807088_ff-2B_web-banner-02.png-300x156.webp 300w, https:\/\/eurocc.nscc.sk\/wp-content\/uploads\/2026\/01\/9547134946807088_ff-2B_web-banner-02.png-1024x533.webp 1024w, https:\/\/eurocc.nscc.sk\/wp-content\/uploads\/2026\/01\/9547134946807088_ff-2B_web-banner-02.png-768x400.webp 768w, https:\/\/eurocc.nscc.sk\/wp-content\/uploads\/2026\/01\/9547134946807088_ff-2B_web-banner-02.png-1536x800.webp 1536w, https:\/\/eurocc.nscc.sk\/wp-content\/uploads\/2026\/01\/9547134946807088_ff-2B_web-banner-02.png-18x9.webp 18w, https:\/\/eurocc.nscc.sk\/wp-content\/uploads\/2026\/01\/9547134946807088_ff-2B_web-banner-02.png-1200x625.webp 1200w, https:\/\/eurocc.nscc.sk\/wp-content\/uploads\/2026\/01\/9547134946807088_ff-2B_web-banner-02.png.webp 1920w\" sizes=\"(max-width: 300px) 100vw, 300px\" \/><\/a> <a class=\"title\" href=\"https:\/\/eurocc.nscc.sk\/en\/aktualna-vyzva-ffplus\/\">CURRENT FFPLUS CALL<\/a> <span class=\"date\">12 Jan<\/span> <span class=\"excerpt-dash\">-<\/span> <span class=\"excerpt\">European startups and small and medium-sized enterprises working with artificial intelligence, data, or computationally intensive models currently have the opportunity to take part in an attractive call aimed at supporting innovative research and development. The call targets companies that want to further advance their technological solutions, validate them in real-world conditions, and harness the potential of cutting-edge European supercomputing infrastructure.<\/span><\/div><div class=\"listing-item\"><a class=\"image\" href=\"https:\/\/eurocc.nscc.sk\/en\/chrante-svoje-data-zajtra-si-pripominame-den-bezpecnejsieho-internetu\/\"><img width=\"300\" height=\"158\" src=\"https:\/\/eurocc.nscc.sk\/wp-content\/uploads\/2025\/02\/safer_web_NCC.jpg\" class=\"attachment-medium size-medium wp-post-image\" alt=\"\" decoding=\"async\" loading=\"lazy\" srcset=\"https:\/\/eurocc.nscc.sk\/wp-content\/uploads\/2025\/02\/safer_web_NCC.jpg 300w, https:\/\/eurocc.nscc.sk\/wp-content\/uploads\/2025\/02\/safer_web_NCC-18x9.jpg 18w\" sizes=\"(max-width: 300px) 100vw, 300px\" \/><\/a> <a class=\"title\" href=\"https:\/\/eurocc.nscc.sk\/en\/chrante-svoje-data-zajtra-si-pripominame-den-bezpecnejsieho-internetu\/\">Protect Your Data! Tomorrow We Celebrate Safer Internet Day<\/a> <span class=\"date\">10 Feb<\/span> <span class=\"excerpt-dash\">-<\/span> <span class=\"excerpt\">11. febru\u00e1ra si pripom\u00edname De\u0148 bezpe\u010dnej\u0161ieho internetu (Safer Internet Day, SID), glob\u00e1lnu iniciat\u00edvu zameran\u00fa na zv\u00fd\u0161enie povedomia o kybernetickej bezpe\u010dnosti a ochrane osobn\u00fdch \u00fadajov. Tento de\u0148 ka\u017edoro\u010dne zd\u00f4raz\u0148uje d\u00f4le\u017eitos\u0165 bezpe\u010dnosti v online priestore a podporuje aktivity, ktor\u00e9 pom\u00e1haj\u00fa chr\u00e1ni\u0165 najm\u00e4 mlad\u00fdch pou\u017e\u00edvate\u013eov internetu.<\/span><\/div><div class=\"listing-item\"><a class=\"image\" href=\"https:\/\/eurocc.nscc.sk\/en\/devana-vyzva-na-podavanie-projektov-pre-standardny-pristup-k-hpc-1-25\/\"><img width=\"300\" height=\"158\" src=\"https:\/\/eurocc.nscc.sk\/wp-content\/uploads\/2025\/01\/devana_f-300x158.png\" class=\"attachment-medium size-medium wp-post-image\" alt=\"\" decoding=\"async\" loading=\"lazy\" srcset=\"https:\/\/eurocc.nscc.sk\/wp-content\/uploads\/2025\/01\/devana_f-300x158.png 300w, https:\/\/eurocc.nscc.sk\/wp-content\/uploads\/2025\/01\/devana_f-1024x538.png 1024w, https:\/\/eurocc.nscc.sk\/wp-content\/uploads\/2025\/01\/devana_f-768x403.png 768w, https:\/\/eurocc.nscc.sk\/wp-content\/uploads\/2025\/01\/devana_f-18x9.png 18w, https:\/\/eurocc.nscc.sk\/wp-content\/uploads\/2025\/01\/devana_f.png 1200w\" sizes=\"(max-width: 300px) 100vw, 300px\" \/><\/a> <a class=\"title\" href=\"https:\/\/eurocc.nscc.sk\/en\/devana-vyzva-na-podavanie-projektov-pre-standardny-pristup-k-hpc-1-25\/\">Devana: V\u00fdzva na pod\u00e1vanie projektov pre \u0161tandardn\u00fd pr\u00edstup k HPC 1\/25<\/a> <span class=\"date\">19 Jan<\/span> <span class=\"excerpt-dash\">-<\/span> <span class=\"excerpt\">V\u00fdzva na pod\u00e1vanie projektov pre \u0161tandardn\u00fd pr\u00edstup k\nHPC 1\/25 je otvoren\u00e1. Projekty je mo\u017en\u00e9 pod\u00e1va\u0165 v r\u00e1mci otvoren\u00fdch v\u00fdziev 3 kr\u00e1t do roka. O pr\u00edstup je\nmo\u017en\u00e9 po\u017eiada\u0165 v\u00fdhradne prostredn\u00edctvom pou\u017e\u00edvate\u013esk\u00e9ho port\u00e1lu register.nscc.sk.<\/span><\/div><div class=\"listing-item\"><a class=\"image\" href=\"https:\/\/eurocc.nscc.sk\/en\/vyzva-na-podavanie-projektov-pre-testovanie-a-benchmarking\/\"><img width=\"300\" height=\"140\" src=\"https:\/\/eurocc.nscc.sk\/wp-content\/uploads\/2023\/07\/IMG_8804-300x140.jpg\" class=\"attachment-medium size-medium wp-post-image\" alt=\"devana\" decoding=\"async\" loading=\"lazy\" srcset=\"https:\/\/eurocc.nscc.sk\/wp-content\/uploads\/2023\/07\/IMG_8804-300x140.jpg 300w, https:\/\/eurocc.nscc.sk\/wp-content\/uploads\/2023\/07\/IMG_8804-1024x476.jpg 1024w, https:\/\/eurocc.nscc.sk\/wp-content\/uploads\/2023\/07\/IMG_8804-768x357.jpg 768w, https:\/\/eurocc.nscc.sk\/wp-content\/uploads\/2023\/07\/IMG_8804-1536x715.jpg 1536w, https:\/\/eurocc.nscc.sk\/wp-content\/uploads\/2023\/07\/IMG_8804-2048x953.jpg 2048w, https:\/\/eurocc.nscc.sk\/wp-content\/uploads\/2023\/07\/IMG_8804-18x8.jpg 18w, https:\/\/eurocc.nscc.sk\/wp-content\/uploads\/2023\/07\/IMG_8804-1200x558.jpg 1200w, https:\/\/eurocc.nscc.sk\/wp-content\/uploads\/2023\/07\/IMG_8804-1980x921.jpg 1980w\" sizes=\"(max-width: 300px) 100vw, 300px\" \/><\/a> <a class=\"title\" href=\"https:\/\/eurocc.nscc.sk\/en\/vyzva-na-podavanie-projektov-pre-testovanie-a-benchmarking\/\">Devana: Call for Projects for Testing and Benchmarking<\/a> <span class=\"date\">19 Jul<\/span> <span class=\"excerpt-dash\">-<\/span> <span class=\"excerpt\">The Computing Center of the SAS and the National Supercomputing Centre are opening the first call for proposals for testing and benchmarking The call is continuously open, the project is possible repeatedly during the year and can be used through the register.nscc.skuser portal. The testing and benchmarking approach serves primarily to obtain data on application performance parameters, parallelization, utilization, and scaling of data storage size requirements for subsequent standard access requests. However, it can be used for less time- and computationally intensive projects.<\/span><\/div><\/div>\n\n\n\n<div style=\"height:60px\" aria-hidden=\"true\" class=\"wp-block-spacer\"><\/div>\n\n\n\n<div class=\"is-layout-flow wp-block-group alignfull\"><div class=\"wp-block-group__inner-container\">\n<div class=\"is-horizontal is-content-justification-center is-layout-flex wp-container-9 wp-block-buttons alignfull\">\n<div class=\"wp-block-button\"><a class=\"wp-block-button__link wp-element-button\" href=\"\/en\/\">BACK<\/a><\/div>\n<\/div>\n<\/div><\/div>\n\n\n\n<div style=\"height:60px\" aria-hidden=\"true\" class=\"wp-block-spacer\"><\/div>\n<\/div><\/div>","protected":false},"excerpt":{"rendered":"<p>Chcete z\u00edska\u0165 vy\u0161\u0161\u00ed CPU\/GPU v\u00fdkon?Potrebujete v\u00fdpo\u010dtov\u00fa kapacitu pre realiz\u00e1ciu va\u0161ich projektov?M\u00e1te z\u00e1ujem o bezplatn\u00fd pr\u00edstup k eur\u00f3pskym vysokov\u00fdkonn\u00fdm po\u010d\u00edta\u010dom?Chcete sa zapoji\u0165 do niektorej z v\u00fdziev a neviete ako na to?Nev\u00e1hajte a&nbsp;kontaktujte n\u00e1s!&nbsp;Radi v\u00e1m porad\u00edme a odpovieme na v\u0161etky va\u0161e ot\u00e1zky. Pripravovan\u00e9 v\u00fdzvy Aktu\u00e1lne v\u00fdzvy Ukon\u010den\u00e9 v\u00fdzvy<\/p>","protected":false},"author":1,"featured_media":0,"parent":1430,"menu_order":0,"comment_status":"closed","ping_status":"closed","template":"templates\/template-full-width.php","meta":[],"_links":{"self":[{"href":"https:\/\/eurocc.nscc.sk\/en\/wp-json\/wp\/v2\/pages\/3087"}],"collection":[{"href":"https:\/\/eurocc.nscc.sk\/en\/wp-json\/wp\/v2\/pages"}],"about":[{"href":"https:\/\/eurocc.nscc.sk\/en\/wp-json\/wp\/v2\/types\/page"}],"author":[{"embeddable":true,"href":"https:\/\/eurocc.nscc.sk\/en\/wp-json\/wp\/v2\/users\/1"}],"replies":[{"embeddable":true,"href":"https:\/\/eurocc.nscc.sk\/en\/wp-json\/wp\/v2\/comments?post=3087"}],"version-history":[{"count":6,"href":"https:\/\/eurocc.nscc.sk\/en\/wp-json\/wp\/v2\/pages\/3087\/revisions"}],"predecessor-version":[{"id":7590,"href":"https:\/\/eurocc.nscc.sk\/en\/wp-json\/wp\/v2\/pages\/3087\/revisions\/7590"}],"up":[{"embeddable":true,"href":"https:\/\/eurocc.nscc.sk\/en\/wp-json\/wp\/v2\/pages\/1430"}],"wp:attachment":[{"href":"https:\/\/eurocc.nscc.sk\/en\/wp-json\/wp\/v2\/media?parent=3087"}],"curies":[{"name":"wp","href":"https:\/\/api.w.org\/{rel}","templated":true}]}}