{"id":3090,"date":"2021-04-11T14:07:14","date_gmt":"2021-04-11T12:07:14","guid":{"rendered":"https:\/\/eurocc.nscc.sk\/?page_id=3090"},"modified":"2023-12-29T09:26:55","modified_gmt":"2023-12-29T08:26:55","slug":"future","status":"publish","type":"page","link":"https:\/\/eurocc.nscc.sk\/en\/news\/future\/","title":{"rendered":"Calls for Proposals"},"content":{"rendered":"<div class=\"is-layout-flex wp-container-3 wp-block-columns alignfull\">\n<div class=\"is-layout-flow wp-block-column call-top-left\" id=\"hpc121\">\n<p class=\"has-text-align-center\"><strong>Want to get more CPU\/GPU power?<\/strong><br><strong><br>Do you need computing resources for the implementation of your projects?<\/strong><br><strong><br>Are you interested in free access to European high performance computers?<\/strong><br><strong><br>Do you have any question or need help with calls for proposals?<\/strong><br><strong><br>Do not hesitate to&nbsp;<a href=\"mailto:eurocc@nscc.sk\">contact us!<\/a>&nbsp;Our team will be more than willing to assist.<\/strong><\/p>\n<\/div>\n\n\n\n<div class=\"is-layout-flow wp-block-column call-top-right\">\n<p class=\"us-top\"><\/p>\n<\/div>\n<\/div>\n\n\n\n<div class=\"is-layout-flow wp-block-group alignfull\"><div class=\"wp-block-group__inner-container\">\n<div class=\"is-layout-flex wp-container-7 wp-block-columns alignfull call-mid\" id=\"call-mid\">\n<div class=\"is-layout-flow wp-block-column\">\n<h4 class=\"has-text-align-center\"><a href=\"\/en\/future\/#call-mid\" style=\"color: #b8870b !important\">Future Calls<\/a><\/h4>\n<\/div>\n\n\n\n<div class=\"is-layout-flow wp-block-column\">\n<h4 class=\"has-text-align-center\"><a href=\"\/en\/current\/#call-mid\">Open Calls<\/a><\/h4>\n<\/div>\n\n\n\n<div class=\"is-layout-flow wp-block-column\">\n<h4 class=\"has-text-align-center\"><a href=\"\/en\/finished\/#call-mid\">Closed Calls<\/a><\/h4>\n<\/div>\n<\/div>\n<\/div><\/div>\n\n\n\n<div class=\"is-layout-flow wp-block-group alignfull news-posts call-bot\"><div class=\"wp-block-group__inner-container\">\n\n\n\n<div style=\"height:60px\" aria-hidden=\"true\" class=\"wp-block-spacer\"><\/div>\n\n\n\n<div class=\"is-layout-flow wp-block-group alignfull\"><div class=\"wp-block-group__inner-container\">\n<div class=\"is-horizontal is-content-justification-center is-layout-flex wp-container-9 wp-block-buttons alignfull\">\n<div class=\"wp-block-button\"><a class=\"wp-block-button__link wp-element-button\" href=\"\/en\/\">BACK<\/a><\/div>\n<\/div>\n<\/div><\/div>\n\n\n\n<div style=\"height:60px\" aria-hidden=\"true\" class=\"wp-block-spacer\"><\/div>\n<\/div><\/div>","protected":false},"excerpt":{"rendered":"<p>Chcete z\u00edska\u0165 vy\u0161\u0161\u00ed CPU\/GPU v\u00fdkon?Potrebujete v\u00fdpo\u010dtov\u00fa kapacitu pre realiz\u00e1ciu va\u0161ich projektov?M\u00e1te z\u00e1ujem o bezplatn\u00fd pr\u00edstup k eur\u00f3pskym vysokov\u00fdkonn\u00fdm po\u010d\u00edta\u010dom?Chcete sa zapoji\u0165 do niektorej z v\u00fdziev a neviete ako na to?Nev\u00e1hajte a&nbsp;kontaktujte n\u00e1s!&nbsp;Radi v\u00e1m porad\u00edme a odpovieme na v\u0161etky va\u0161e ot\u00e1zky. Pripravovan\u00e9 v\u00fdzvy Aktu\u00e1lne v\u00fdzvy Ukon\u010den\u00e9 v\u00fdzvy<\/p>","protected":false},"author":1,"featured_media":0,"parent":1430,"menu_order":0,"comment_status":"closed","ping_status":"closed","template":"templates\/template-full-width.php","meta":[],"_links":{"self":[{"href":"https:\/\/eurocc.nscc.sk\/en\/wp-json\/wp\/v2\/pages\/3090"}],"collection":[{"href":"https:\/\/eurocc.nscc.sk\/en\/wp-json\/wp\/v2\/pages"}],"about":[{"href":"https:\/\/eurocc.nscc.sk\/en\/wp-json\/wp\/v2\/types\/page"}],"author":[{"embeddable":true,"href":"https:\/\/eurocc.nscc.sk\/en\/wp-json\/wp\/v2\/users\/1"}],"replies":[{"embeddable":true,"href":"https:\/\/eurocc.nscc.sk\/en\/wp-json\/wp\/v2\/comments?post=3090"}],"version-history":[{"count":11,"href":"https:\/\/eurocc.nscc.sk\/en\/wp-json\/wp\/v2\/pages\/3090\/revisions"}],"predecessor-version":[{"id":7589,"href":"https:\/\/eurocc.nscc.sk\/en\/wp-json\/wp\/v2\/pages\/3090\/revisions\/7589"}],"up":[{"embeddable":true,"href":"https:\/\/eurocc.nscc.sk\/en\/wp-json\/wp\/v2\/pages\/1430"}],"wp:attachment":[{"href":"https:\/\/eurocc.nscc.sk\/en\/wp-json\/wp\/v2\/media?parent=3090"}],"curies":[{"name":"wp","href":"https:\/\/api.w.org\/{rel}","templated":true}]}}