{"id":3748,"date":"2021-09-08T15:26:00","date_gmt":"2021-09-08T13:26:00","guid":{"rendered":"https:\/\/eurocc.nscc.sk\/?page_id=3748"},"modified":"2026-03-12T17:46:32","modified_gmt":"2026-03-12T16:46:32","slug":"prednasky","status":"publish","type":"page","link":"https:\/\/eurocc.nscc.sk\/en\/vzdelavanie\/prednasky\/","title":{"rendered":"Lecture series"},"content":{"rendered":"<div class=\"is-layout-flow wp-block-group eco-top\"><div class=\"wp-block-group__inner-container\">\n<div class=\"is-layout-flex wp-container-2 wp-block-columns alignfull hack-top\">\n<div class=\"is-layout-flow wp-block-column\">\n<h1 style=\"font-family: Montserrat;\"><span style=\"color:#b8870b;\">LECTURE SERIES<\/span> <br>\n<span style=\"color:#000;\">High Performance Computing<\/span><hr style=\"border-bottom: 2px solid #b8870b; width: 100px;\"><\/h1>\n\n\n\n<p>You can view recordings of our lectures on <a href=\"https:\/\/youtu.be\/5pm3scKyoCs?feature=shared&amp;t=2\"><strong>YouTube<\/strong><\/a>.<br><br>If you are interested in a specific topic or would like to present your research,&nbsp;<a href=\"https:\/\/www.youtube.com\/playlist?list=PL46ypYycKoFyblcj79ce7mqJ7cqy-UJj1\"><strong>let us know!<\/strong><\/a>!<br><\/p>\n<\/div>\n<\/div>\n\n\n\n<div class=\"is-layout-flow wp-block-group alignfull eco-bot\"><div class=\"wp-block-group__inner-container\">\n<figure class=\"wp-block-table alignfull eco-top\"><br><p>\n<br> <\/p><table class=\"eco-top\"><colgroup><col style=\"width:40%\"><col style=\"width:180px;\"><\/colgroup><tbody>\n\n<tr>\n  <td>\n    <a href=\"https:\/\/forms.office.com\/e\/j0CUx4dTsM\" target=\"_blank\" rel=\"noopener\">\n      <img decoding=\"async\" src=\"https:\/\/eurocc.nscc.sk\/wp-content\/uploads\/2025\/08\/Prednasky-1280-x-720-px-10-scaled.jpg\" alt=\"Zodpovednos\u0165 u\u017e v n\u00e1vrhu: Od \u0161tandardov pre AI k praxi a certifik\u00e1cii\">\n    <\/a>\n  <\/td>\n  <td class=\"dateprdn\">18 Mar<\/td>\n  <td>\n    <a href=\"https:\/\/forms.office.com\/e\/j0CUx4dTsM\" target=\"_blank\" rel=\"noopener noreferrer\" style=\"color: #c59d37; display: inline-block; padding-bottom: 5px; font-weight: 600; text-transform: uppercase; text-decoration: none;\">\n      Accountability by Design: Turning AI Standards into Practice and Certification\n    <\/a>\n\n    <br>\n    <span style=\"color: #000; font-weight:600;\">Dr. Sebastian Hallensleben &#038; Dr. Maximilian Poretschkin<\/span>\n\n    <br>\n    <span style=\"color: #c59d37; font-weight:600;\">\n      <a rel=\"noopener noreferrer\" href=\"https:\/\/forms.office.com\/e\/j0CUx4dTsM\" style=\"color:#b8870b; text-decoration: none;\" target=\"_blank\">Registration<\/a>\n    <\/span>\n\n    <br>\n    <span style=\"color: #333333; display: inline-block; padding-top:5px;\">\n      Exploring how the EU AI Act translates harmonized standards into real-world AI testing and certification. \nDiscover how the EU AI Act moves from regulatory text to technical implementation \u2014 and what this means for organisations developing and deploying AI systems.\n\n      <a rel=\"noopener noreferrer\" href=\"https:\/\/eurocc.nscc.sk\/en\/zodpovednost-uz-v-navrhu-od-standardov-pre-ai-k-praxi-a-certifikacii\/\" style=\"color:#b8870b; text-decoration: none;\" target=\"_blank\">More information<\/a>\n    <\/span>\n  <\/td>\n<\/tr>\n\n<tr>\n  <td>\n    <a href=\"https:\/\/forms.office.com\/pages\/responsepage.aspx?id=pg11iWYp1EyKB2pcG_LceuOAJztbUk5KtG9Qg7gAUfdUOU9TUEhGNkVRVTMzSE41T0pJUTRSMFgySy4u&#038;route=shorturl\" target=\"_blank\" rel=\"noopener\">\n      <img decoding=\"async\" src=\"https:\/\/eurocc.nscc.sk\/wp-content\/uploads\/2026\/02\/Blog_Difference-Between-Responsible-AI-Ethical-AI-2.jpg\" alt=\"Kto vlastn\u00ed AI v r\u00e1mci organiz\u00e1cie? \u2014 Operat\u00edvna zodpovednos\u0165\">\n    <\/a>\n  <\/td>\n  <td class=\"dateprdn\">3 Mar<\/td>\n  <td>\n    <a href=\"https:\/\/forms.office.com\/pages\/responsepage.aspx?id=pg11iWYp1EyKB2pcG_LceuOAJztbUk5KtG9Qg7gAUfdUOU9TUEhGNkVRVTMzSE41T0pJUTRSMFgySy4u&#038;route=shorturl\" target=\"_blank\" rel=\"noopener noreferrer\" style=\"color: #c59d37; display: inline-block; padding-bottom: 5px; font-weight: 600; text-transform: uppercase; text-decoration: none;\">\n      Who Owns AI Inside an Organisation? \u2014 Operational Responsibility\n    <\/a>\n\n    <br>\n    <span style=\"color: #000; font-weight:600;\">Petra Fernandes<\/span>\n\n    <br>\n    <span style=\"color: #c59d37; font-weight:600;\">\n      <a rel=\"noopener noreferrer\" href=\"https:\/\/forms.office.com\/pages\/responsepage.aspx?id=pg11iWYp1EyKB2pcG_LceuOAJztbUk5KtG9Qg7gAUfdUOU9TUEhGNkVRVTMzSE41T0pJUTRSMFgySy4u&#038;route=shorturl\" style=\"color:#b8870b; text-decoration: none;\" target=\"_blank\">Registration<\/a>\n    <\/span>\n\n    <br>\n    <span style=\"color: #333333; display: inline-block; padding-top:5px;\">\n      The webinar focuses on the practical establishment of operational accountability and ownership of AI systems under the EU AI Act.\nThe discussion will address the allocation of roles between providers and deployers, senior management responsibility, internal monitoring, documentation, mapping of AI systems, and the management of dependencies on third parties and foundation models.\nAttention will also be given to challenges such as \u201cshadow AI\u201d and fragmented ownership within organisations.\n\n      <a rel=\"noopener noreferrer\" href=\"https:\/\/eurocc.nscc.sk\/en\/kto-vlastni-ai-v-ramci-organizacie-operativna-zodpovednost\/\" style=\"color:#b8870b; text-decoration: none;\" target=\"_blank\">More information<\/a>\n    <\/span>\n  <\/td>\n<\/tr>\n\n\n\n\n<tr>\n  <td>\n    <a href=\"https:\/\/forms.office.com\/pages\/responsepage.aspx?id=pg11iWYp1EyKB2pcG_LceuOAJztbUk5KtG9Qg7gAUfdUNVBRSUJXV1dWUUgzQTdFQUZRMzM3MjlSNi4u&#038;route=shorturl\" target=\"_blank\" rel=\"noopener\">\n      <img decoding=\"async\" src=\"https:\/\/eurocc.nscc.sk\/wp-content\/uploads\/2026\/02\/Screenshot-2026-02-06-130506.png\" alt=\"BeeGFS v praxi\">\n    <\/a>\n  <\/td>\n  <td class=\"dateprdn\">19 Feb<\/td>\n  <td>\n    <a href=\"https:\/\/forms.office.com\/pages\/responsepage.aspx?id=pg11iWYp1EyKB2pcG_LceuOAJztbUk5KtG9Qg7gAUfdUNVBRSUJXV1dWUUgzQTdFQUZRMzM3MjlSNi4u&#038;route=shorturl\" target=\"_blank\" rel=\"noopener noreferrer\" style=\"color: #c59d37; display: inline-block; padding-bottom: 5px; font-weight: 600;               text-transform: uppercase; text-decoration: none;\">\n      BeeGFS in Practice \u2014 Parallel File Systems for HPC, AI and Data-Intensive Workloads\n    <\/a>\n\n    <br>\n    <span style=\"color: #000; font-weight:600;\">Dominic McKendry a Ingo Martini<\/span>\n\n    <br>\n    <span style=\"color: #c59d37; font-weight:600;\">\n      <a rel=\"noopener noreferrer\" href=\"https:\/\/forms.office.com\/pages\/responsepage.aspx?id=pg11iWYp1EyKB2pcG_LceuOAJztbUk5KtG9Qg7gAUfdUNVBRSUJXV1dWUUgzQTdFQUZRMzM3MjlSNi4u&#038;route=shorturl\" style=\"color:#b8870b; text-decoration: none;\" target=\"_blank\">Registration<\/a>\n    <\/span>\n\n    <br>\n    <span style=\"color: #333333; display: inline-block; padding-top:5px;\">\n      This webinar will introduce BeeGFS, a leading parallel file system designed to support demanding HPC, AI, and data-intensive workloads. Experts from ThinkParQ will explain how parallel file systems work, outline the architecture of BeeGFS, and demonstrate how it is used in practice across academic, research, and industrial environments.\n      <a rel=\"noopener noreferrer\" href=\"https:\/\/eurocc.nscc.sk\/en\/beegfs-v-praxi-paralelne-suborove-systemy-pre-hpc-ai-a-datovo-narocne-ulohy\/\" style=\"color:#b8870b; text-decoration: none;\" target=\"_blank\">More information<\/a>\n    <\/span>\n  <\/td>\n<\/tr>\n\n\n \n<tr>\n  <td>\n    <a href=\"https:\/\/forms.office.com\/pages\/responsepage.aspx?id=pg11iWYp1EyKB2pcG_LceuOAJztbUk5KtG9Qg7gAUfdURDZJUEtZQjlMU0pISjcyNElHMjFLQUs3Vy4u&#038;route=shorturl\" target=\"_blank\" rel=\"noopener\">\n      <img decoding=\"async\" src=\"https:\/\/eurocc.nscc.sk\/wp-content\/uploads\/2026\/02\/cybernetic-being-interacting-with-digital-interface-scaled.jpg\" alt=\"AI Responsibility Gaps\">\n    <\/a>\n  <\/td>\n  <td class=\"dateprdn\">12 Feb<\/td>\n  <td>\n    <a href=\"https:\/\/forms.office.com\/pages\/responsepage.aspx?id=pg11iWYp1EyKB2pcG_LceuOAJztbUk5KtG9Qg7gAUfdURDZJUEtZQjlMU0pISjcyNElHMjFLQUs3Vy4u&#038;route=shorturl\" target=\"_blank\" rel=\"noopener noreferrer\" style=\"color: #c59d37; display: inline-block; padding-bottom: 5px; font-weight: 600;               text-transform: uppercase; text-decoration: none;\">\n      AI Responsibility Gaps\n    <\/a>\n\n    <br>\n    <span style=\"color: #000; font-weight:600;\">Daniela Vacek a Jaroslav Kop\u010dan<\/span>\n\n    <br>\n    <span style=\"color: #c59d37; font-weight:600;\">\n      <a rel=\"noopener noreferrer\" href=\"https:\/\/forms.office.com\/pages\/responsepage.aspx?id=pg11iWYp1EyKB2pcG_LceuOAJztbUk5KtG9Qg7gAUfdURDZJUEtZQjlMU0pISjcyNElHMjFLQUs3Vy4u&#038;route=shorturl\" style=\"color:#b8870b; text-decoration: none;\" target=\"_blank\">Registration<\/a>\n    <\/span>\n\n    <br>\n    <span style=\"color: #333333; display: inline-block; padding-top:5px;\">\n      On 12 February 2026, we are organizing the opening online lecture of the AI Accountability Dialogue Series, a discussion series on artificial intelligence responsibility, dedicated to the current topic of \u201cresponsibility gaps\u201d in AI systems. Our guests will be Daniela Vacek and Jaroslav Kop\u010dan.\n      <a rel=\"noopener noreferrer\" href=\"https:\/\/eurocc.nscc.sk\/en\/online-prednaska-ai-responsibility-gaps-medzery-v-zodpovednosti-v-ai\/\" style=\"color:#b8870b; text-decoration: none;\" target=\"_blank\">More information<\/a>\n    <\/span>\n  <\/td>\n<\/tr>\n\n<tr>\n  <td>\n    <a href=\"https:\/\/forms.office.com\/e\/sUkkbcxd2B\" target=\"_blank\" rel=\"noopener\">\n      <img decoding=\"async\" src=\"https:\/\/eurocc.nscc.sk\/wp-content\/uploads\/2025\/11\/engineers-brainstorming-ways-use-ai-1-scaled.jpg\" alt=\"Klikni na obr\u00e1zok\">\n    <\/a>\n  <\/td>\n  <td class=\"dateprdn\">11 Dec<\/td>\n  <td>\n    <a href=\"https:\/\/forms.office.com\/e\/sUkkbcxd2B\" target=\"_blank\" rel=\"noopener noreferrer\" style=\"color: #c59d37; display: inline-block; padding-bottom: 5px; font-weight: 600;               text-transform: uppercase; text-decoration: none;\">\n      Building Europe\u2019s Sovereign AI \u2013 The Bielik.AI Case\n    <\/a>\n\n    <br>\n    <span style=\"color: #000; font-weight:600;\">Katarzyna Z. Staroslawska<\/span>\n\n    <br>\n    <span style=\"color: #c59d37; font-weight:600;\">\n      <a rel=\"noopener noreferrer\" href=\"https:\/\/forms.office.com\/e\/sUkkbcxd2B\" style=\"color:#b8870b; text-decoration: none;\" target=\"_blank\">Registration<\/a>\n    <\/span>\n\n    <br>\n    <span style=\"color: #333333; display: inline-block; padding-top:5px;\">\n      We invite you to join the online lecture \u201cBuilding Europe\u2019s Sovereign AI \u2013 The Bielik.AI Case\u201d, taking place on 11 December 2025 at 10:00. The event is open to experts, practitioners, and anyone interested in artificial intelligence, European technological sovereignty, and open-source AI initiatives.\n      <a rel=\"noopener noreferrer\" href=\"https:\/\/eurocc.nscc.sk\/en\/pozvanka-na-online-prednasku-building-europes-sovereign-ai-the-bielik-ai-case\/\" style=\"color:#b8870b; text-decoration: none;\" target=\"_blank\">More information<\/a>\n    <\/span>\n  <\/td>\n<\/tr>\n\n\n\n <tr>\n  <td>\n    <a href=\"https:\/\/forms.office.com\/e\/bJqNyfNjiH\" target=\"_blank\" rel=\"noopener\">\n      <img decoding=\"async\" src=\"https:\/\/eurocc.nscc.sk\/wp-content\/uploads\/2025\/11\/ai-technology-microchip-background-futuristic-innovation-technology-remix-scaled.jpg\" alt=\"Klikni na obr\u00e1zok\">\n    <\/a>\n  <\/td>\n  <td class=\"dateprdn\">26 Nov<\/td>\n  <td>\n    <a href=\"https:\/\/forms.office.com\/e\/bJqNyfNjiH\" target=\"_blank\" rel=\"noopener noreferrer\" style=\"color: #c59d37; display: inline-block; padding-bottom: 5px; font-weight: 600;               text-transform: uppercase; text-decoration: none;\">\n      HPC &amp; AI \u2013 Competition or Collaboration?\n    <\/a>\n\n    <br>\n    <span style=\"color: #000; font-weight:600;\">Erwin Laure<\/span>\n\n    <br>\n    <span style=\"color: #c59d37;  font-weight:600;\">\n      <a rel=\"noopener noreferrer\" href=\"https:\/\/forms.office.com\/e\/bJqNyfNjiH\" style=\"color:#b8870b; text-decoration: none;\" target=\"_blank\">Registration<\/a>\n    <\/span>\n\n    <br>\n    <span style=\"color: #333333; display: inline-block; padding-top:5px;\">\n      On 26 November 2025 at 10:00, we are hosting a special online lecture dedicated to the rapidly evolving topic of the interplay between high-performance computing (HPC) and artificial intelligence (AI). Our guest will be Erwin Laure, one of the most prominent figures in the European HPC ecosystem.\n      <a rel=\"noopener noreferrer\" href=\"https:\/\/eurocc.nscc.sk\/en\/online-prednaska-hpc-ai-superenie-alebo-spolupraca\/\" style=\"color:#b8870b; text-decoration: none;\" target=\"_blank\">More information<\/a>\n    <\/span>\n  <\/td>\n<\/tr>\n\n\n\n<tr>\n  <td>\n    <a href=\"https:\/\/forms.office.com\/e\/YqpqS4kKNS\" target=\"_blank\" rel=\"noopener\">\n      <img decoding=\"async\" src=\"https:\/\/eurocc.nscc.sk\/wp-content\/uploads\/2025\/10\/dem-malvus-1.jpg\" alt=\"Klikni na obr\u00e1zok\">\n    <\/a>\n  <\/td>\n  <td class=\"dateprdn\">18 Nov<\/td>\n  <td>\n    <a href=\"https:\/\/forms.office.com\/e\/YqpqS4kKNS\" target=\"_blank\" rel=\"noopener noreferrer\" style=\"color: #c59d37; display: inline-block; padding-bottom: 5px; font-weight: 600; text-transform: uppercase; text-decoration: none;\">\n      AI-Driven Archaeology with LLMs \u2014 Detecting Archaeological Sites from Aerial Imagery\n      <br>\n      <span style=\"color: #000; font-weight:600;\"> Daniel Canedo <\/span> <br>\n      <span style=\"color: #c59d37; text-transform: uppercase; font-weight:600;\">\n        <a rel=\"noopener noreferrer\" href=\"https:\/\/forms.office.com\/e\/YqpqS4kKNS\" style=\"color:#b8870b; text-decoration: none;\" target=\"_blank\">Registration<\/a>\n      <\/span> \n      <br> \n      <span style=\"color: #333333; display: inline-block; padding-top:5px;\">\n        This webinar will explore how advanced AI techniques, inspired by LLMs, can analyse aerial and LiDAR imagery to detect archaeological sites with unprecedented precision. Dr. Daniel Canedo from the University of Aveiro will present real-world use cases where Vision Transformers and multimodal learning reveal hidden patterns in the landscape \u2014 bridging technology and cultural heritage. \n        <a rel=\"noopener noreferrer\" href=\"https:\/\/eurocc.nscc.sk\/en\/archeologia-pohanana-umelou-inteligenciou-s-llm-detekcia-archeologickych-lokalit-z-leteckych-snimok\/\" style=\"color:#b8870b; text-decoration: none;\" target=\"_blank\">More information<\/a>\n      <\/span>\n    <\/a>\n  <\/td>\n<\/tr>\n\n\n\n<tr>\n  <td>\n    <a href=\"https:\/\/forms.office.com\/e\/bBwr75Xxyb\" target=\"_blank\" rel=\"noopener\">\n      <img decoding=\"async\" src=\"https:\/\/eurocc.nscc.sk\/wp-content\/uploads\/2025\/10\/Screenshot-2025-10-27-124722.png\" alt=\"Klikni na obr\u00e1zok\">\n    <\/a>\n  <\/td>\n  <td class=\"dateprdn\">12 Nov<\/td>\n  <td>\n    <a href=\"https:\/\/forms.office.com\/e\/bBwr75Xxyb\" target=\"_blank\" rel=\"noopener noreferrer\" style=\"color: #c59d37; display: inline-block; padding-bottom: 5px; font-weight: 600; text-transform: uppercase; text-decoration: none;\">\n     Webinar am\u00e1lia: Towards a Multimodal LLM for European Portuguese\n      <br>\n      <span style=\"color: #000; font-weight:600;\"> Jo\u00e3o Magalh\u00e3es <\/span> <br>\n      <span style=\"color: #c59d37; text-transform: uppercase; font-weight:600;\">\n        <a rel=\"noopener noreferrer\" href=\"https:\/\/forms.office.com\/e\/bBwr75Xxyb\" style=\"color:#b8870b; text-decoration: none;\" target=\"_blank\">Registration<\/a>\n      <\/span> \n      <br> \n      <span style=\"color: #333333; display: inline-block; padding-top:5px;\">\n     Join us for an inspiring session on the development of am\u00e1lia, Portugal\u2019s large language model designed to bring the richness of European Portuguese into the new era of multimodal artificial intelligence.\n\nThis webinar will feature Prof. Jo\u00e3o Magalh\u00e3es from NOVA LINCS, Universidade NOVA de Lisboa, who will present the goals, architecture, and progress of this national AI initiative. The talk will explore how am\u00e1lia combines text, speech, image, and video understanding, and how it contributes to building culturally aligned and trustworthy AI systems for public, academic, and enterprise use.\n        <a rel=\"noopener noreferrer\" href=\"https:\/\/eurocc.nscc.sk\/en\/webinar-amalia-smerom-k-multimodalnemu-llm-pre-europsku-portugalcinu\/\" style=\"color:#b8870b; text-decoration: none;\" target=\"_blank\">More information<\/a>\n      <\/span>\n    <\/a>\n  <\/td>\n<\/tr>\n  \n\n<tr>\n  <td>\n    <a href=\"https:\/\/forms.office.com\/e\/2gednKSfw5\" target=\"_blank\" rel=\"noopener\">\n      <img decoding=\"async\" src=\"https:\/\/eurocc.nscc.sk\/wp-content\/uploads\/2025\/09\/Prednasky-1280-x-720-px-17-scaled.jpg\" alt=\"Klikni na obr\u00e1zok\">\n    <\/a>\n  <\/td>\n  <td class=\"dateprdn\">28 Oct<\/td>\n  <td>\n    <a href=\"https:\/\/forms.office.com\/e\/2gednKSfw5\" target=\"_blank\" rel=\"noopener noreferrer\" style=\"color: #c59d37; display: inline-block; padding-bottom: 5px; font-weight: 600; text-transform: uppercase; text-decoration: none;\">\n      MATLAB WORKSHOP: Scaling Algorithms and Simulations Using Parallel Computing\n      <br>\n      <span style=\"color: #000; font-weight:600;\"> Michal Blaho <\/span> <br>\n      <span style=\"color: #c59d37; text-transform: uppercase; font-weight:600;\">\n        <a rel=\"noopener noreferrer\" href=\"https:\/\/forms.office.com\/e\/2gednKSfw5\" style=\"color:#b8870b; text-decoration: none;\" target=\"_blank\">Registration<\/a>\n      <\/span> \n      <br> \n      <span style=\"color: #333333; display: inline-block; padding-top:5px;\">\n        We invite you to a professional workshop focused on modern approaches to parallel computing in MATLAB and Simulink. The event will take place in a hybrid format \u2013 online and onsite at the Slovak Academy of Sciences. Participants will gain hands-on experience with code optimization, computation parallelization, GPU utilization, and access to HPC environments. The workshop is part of the MATLAB Parallel Computing Roadshow series and will also provide space for questions and discussion. \n        <a rel=\"noopener noreferrer\" href=\"https:\/\/eurocc.nscc.sk\/en\/matlab-workshop-skalovanie-algoritmov-a-simulacii-pomocou-paralelnych-vypoctov\/\" style=\"color:#b8870b; text-decoration: none;\" target=\"_blank\">More information<\/a>\n      <\/span>\n    <\/a>\n  <\/td>\n<\/tr>\n\n  <tr>\n    <td>\n      <a href=\"https:\/\/forms.office.com\/e\/McZk1ntVQL\" target=\"_blank\" rel=\"noopener\">\n        <img decoding=\"async\" src=\"https:\/\/eurocc.nscc.sk\/wp-content\/uploads\/2025\/08\/Prednasky-1280-x-720-px-11-scaled.jpg\" alt=\"Klikni na obr\u00e1zok\">\n      <\/a>\n    <\/td>\n    <td class=\"dateprdn\">17 Sep<\/td>\n    <td>\n      <a href=\"https:\/\/forms.office.com\/e\/McZk1ntVQL\" target=\"_blank\" rel=\"noopener noreferrer\" style=\"color: #c59d37; display: inline-block; padding-bottom: 5px; font-weight: 600; text-transform: uppercase; text-decoration: none;\">\n      Advances in Artificial Intelligence for the Slovenian Language: Training and Scaling the GaMS Large Language Model\n      <br>\n      <span style=\"color: #000; font-weight:600;\"> Domen Vre\u0161 <\/span> <br>\n      <span style=\"color: #c59d37; text-transform: uppercase; font-weight:600;\">\n        <a rel=\"noopener noreferrer\" href=\"https:\/\/forms.office.com\/e\/McZk1ntVQL\" style=\"color:#b8870b; text-decoration: none;\" target=\"_blank\">Registration<\/a>\n      <\/span> \n      <br> \n      <span style=\"color: #333333; display: inline-block; padding-top:5px;\">\nWe invite you to our next expert webinar, which will focus on advances in artificial intelligence for the Slovenian language. The event will take place online in mid-September and will offer a unique opportunity to take a behind-the-scenes look at the development of a large language model tailored to a low-resource language. The speaker will be Domen Vre\u0161 from the University of Ljubljana, Faculty of Computer and Information Science, who has long been engaged in research in the field of natural language processing and artificial intelligence.<a rel=\"noopener noreferrer\" href=\"https:\/\/eurocc.nscc.sk\/en\/webinar-ako-vznika-velky-jazykovy-model-pre-jazyk-s-obmedzenymi-zdrojmi\/\" style=\"color:#b8870b; text-decoration: none;\" target=\"_blank\">More information<\/a>\n\n      <\/span>\n    <\/td>\n  <\/tr>\n\n\n\n<tr>\n<\/tr><tr><td>\n<\/td><\/tr><tr>\n<\/tr><tr><td>\n<\/td><\/tr><\/tbody><\/table><\/figure>\n\n\n\n<p><span style=\"font-family: Montserrat; color:#b8870b;\"><\/span><\/p>\n\n\n\n<div class=\"is-horizontal is-content-justification-center is-layout-flex wp-container-3 wp-block-buttons\">\n<div class=\"wp-block-button\"><a class=\"wp-block-button__link wp-element-button\" href=\"\/en\/prednasky-archiv\/\">Archive<\/a><\/div>\n<\/div>\n<\/div><\/div>\n\n\n\n<div style=\"height:80px\" aria-hidden=\"true\" class=\"wp-block-spacer\"><\/div>\n<\/div><\/div>","protected":false},"excerpt":{"rendered":"<p>S\u00c9RIA Vysokov\u00fdkonn\u00e9 po\u010d\u00edtanie Z\u00e1znamy z na\u0161ich predn\u00e1\u0161ok si m\u00f4\u017eete pozrie\u0165 na YouTube. Ak by ste mali z\u00e1ujem o konkr\u00e9tnu t\u00e9mu alebo chceli prezentova\u0165 v\u00e1\u0161 v\u00fdskum,&nbsp;dajte n\u00e1m vedie\u0165! 18 Mar Zodpovednos\u0165 u\u017e v n\u00e1vrhu: Od \u0161tandardov pre AI k praxi a certifik\u00e1cii Dr. Sebastian Hallensleben &#038; Dr. Maximilian Poretschkin Registr\u00e1cia Ako Akt E\u00da o AI premie\u0148a [&hellip;]<\/p>","protected":false},"author":6,"featured_media":0,"parent":5556,"menu_order":0,"comment_status":"closed","ping_status":"closed","template":"","meta":[],"_links":{"self":[{"href":"https:\/\/eurocc.nscc.sk\/en\/wp-json\/wp\/v2\/pages\/3748"}],"collection":[{"href":"https:\/\/eurocc.nscc.sk\/en\/wp-json\/wp\/v2\/pages"}],"about":[{"href":"https:\/\/eurocc.nscc.sk\/en\/wp-json\/wp\/v2\/types\/page"}],"author":[{"embeddable":true,"href":"https:\/\/eurocc.nscc.sk\/en\/wp-json\/wp\/v2\/users\/6"}],"replies":[{"embeddable":true,"href":"https:\/\/eurocc.nscc.sk\/en\/wp-json\/wp\/v2\/comments?post=3748"}],"version-history":[{"count":316,"href":"https:\/\/eurocc.nscc.sk\/en\/wp-json\/wp\/v2\/pages\/3748\/revisions"}],"predecessor-version":[{"id":11137,"href":"https:\/\/eurocc.nscc.sk\/en\/wp-json\/wp\/v2\/pages\/3748\/revisions\/11137"}],"up":[{"embeddable":true,"href":"https:\/\/eurocc.nscc.sk\/en\/wp-json\/wp\/v2\/pages\/5556"}],"wp:attachment":[{"href":"https:\/\/eurocc.nscc.sk\/en\/wp-json\/wp\/v2\/media?parent=3748"}],"curies":[{"name":"wp","href":"https:\/\/api.w.org\/{rel}","templated":true}]}}