{"id":4357,"date":"2021-10-14T15:11:24","date_gmt":"2021-10-14T13:11:24","guid":{"rendered":"https:\/\/eurocc.nscc.sk\/?page_id=4357"},"modified":"2021-10-14T15:53:04","modified_gmt":"2021-10-14T13:53:04","slug":"spravy-archiv","status":"publish","type":"page","link":"https:\/\/eurocc.nscc.sk\/en\/news\/spravy-archiv\/","title":{"rendered":"NEWS - ARCHIVE"},"content":{"rendered":"<div class=\"is-layout-flow wp-block-group alignfull\"><div class=\"wp-block-group__inner-container\"><div class=\"display-posts-listing grid\"><div class=\"listing-item\"><a class=\"image\" href=\"https:\/\/eurocc.nscc.sk\/en\/success-story-ai-pomaha-zachranovat-zenske-zivoty\/\"><img width=\"300\" height=\"164\" src=\"https:\/\/eurocc.nscc.sk\/wp-content\/uploads\/2025\/12\/Obrazok1-300x164.png\" class=\"attachment-medium size-medium wp-post-image\" alt=\"\" decoding=\"async\" loading=\"lazy\" srcset=\"https:\/\/eurocc.nscc.sk\/wp-content\/uploads\/2025\/12\/Obrazok1-300x164.png 300w, https:\/\/eurocc.nscc.sk\/wp-content\/uploads\/2025\/12\/Obrazok1-768x420.png 768w, https:\/\/eurocc.nscc.sk\/wp-content\/uploads\/2025\/12\/Obrazok1-18x10.png 18w, https:\/\/eurocc.nscc.sk\/wp-content\/uploads\/2025\/12\/Obrazok1.png 908w\" sizes=\"(max-width: 300px) 100vw, 300px\" \/><\/a> <a class=\"title\" href=\"https:\/\/eurocc.nscc.sk\/en\/success-story-ai-pomaha-zachranovat-zenske-zivoty\/\">AI pom\u00e1ha zachra\u0148ova\u0165 \u017eensk\u00e9 \u017eivoty<\/a> <span class=\"date\">17 Dec<\/span> <span class=\"excerpt-dash\">-<\/span> <span class=\"excerpt\">Strach z rakoviny prsn\u00edka je tich\u00fdm spolo\u010dn\u00edkom mnoh\u00fdch \u017eien. Sta\u010d\u00ed jedno pozvanie na prevent\u00edvne vy\u0161etrenie, jeden telefon\u00e1t od lek\u00e1ra \u010di jedno \u010dakanie na v\u00fdsledky \u2013 a myse\u013e je pln\u00e1 ot\u00e1zok: \u201eSom v poriadku?\u201c \u201e\u010co ak nie?\u201c \u201eM\u00f4\u017ee sa nie\u010do prehliadnu\u0165?\u201c\nAj ke\u010f skr\u00edning potvrd\u00ed negat\u00edvny n\u00e1lez, obavy \u010dasto pretrv\u00e1vaj\u00fa.<\/span><\/div><div class=\"listing-item\"><a class=\"image\" href=\"https:\/\/eurocc.nscc.sk\/en\/vice-a-digitalne-dvojca-na-predvianocnom-vodikovom-infoday\/\"><img width=\"300\" height=\"225\" src=\"https:\/\/eurocc.nscc.sk\/wp-content\/uploads\/2025\/12\/signal-2025-12-10-190655_002-1-300x225.jpeg\" class=\"attachment-medium size-medium wp-post-image\" alt=\"\" decoding=\"async\" loading=\"lazy\" srcset=\"https:\/\/eurocc.nscc.sk\/wp-content\/uploads\/2025\/12\/signal-2025-12-10-190655_002-1-300x225.jpeg 300w, https:\/\/eurocc.nscc.sk\/wp-content\/uploads\/2025\/12\/signal-2025-12-10-190655_002-1-1024x768.jpeg 1024w, https:\/\/eurocc.nscc.sk\/wp-content\/uploads\/2025\/12\/signal-2025-12-10-190655_002-1-768x576.jpeg 768w, https:\/\/eurocc.nscc.sk\/wp-content\/uploads\/2025\/12\/signal-2025-12-10-190655_002-1-1536x1152.jpeg 1536w, https:\/\/eurocc.nscc.sk\/wp-content\/uploads\/2025\/12\/signal-2025-12-10-190655_002-1-16x12.jpeg 16w, https:\/\/eurocc.nscc.sk\/wp-content\/uploads\/2025\/12\/signal-2025-12-10-190655_002-1-1200x900.jpeg 1200w, https:\/\/eurocc.nscc.sk\/wp-content\/uploads\/2025\/12\/signal-2025-12-10-190655_002-1.jpeg 1600w\" sizes=\"(max-width: 300px) 100vw, 300px\" \/><\/a> <a class=\"title\" href=\"https:\/\/eurocc.nscc.sk\/en\/vice-a-digitalne-dvojca-na-predvianocnom-vodikovom-infoday\/\">VICE and the Digital Twin at the Pre-Christmas Hydrogen Infoday<\/a> <span class=\"date\">11 Dec<\/span> <span class=\"excerpt-dash\">-<\/span> <span class=\"excerpt\">D\u0148a\u00a010. decembra 2025\u00a0sme sa z\u00fa\u010dastnili podujatia\u00a0Predviano\u010dn\u00fd vod\u00edkov\u00fd Infoday\u00a0v Bratislave. S\u00fa\u010das\u0165ou programu bola prezent\u00e1cia\u00a0VICE \u2013 Vertical Integrated Cyclic Energy, Hydrogen, veden\u00e1\u00a0Laurie Farmerom\u00a0a\u00a0Luciou Mal\u00ed\u010dkovou. <\/span><\/div><div class=\"listing-item\"><a class=\"image\" href=\"https:\/\/eurocc.nscc.sk\/en\/posilnovanie-slovensko-rumunskej-spoluprace-a-rozvoj-vedeckeho-partnerstva\/\"><img width=\"300\" height=\"169\" src=\"https:\/\/eurocc.nscc.sk\/wp-content\/uploads\/2025\/12\/signal-2025-12-02-090432_002-edited-300x169.jpeg\" class=\"attachment-medium size-medium wp-post-image\" alt=\"\" decoding=\"async\" loading=\"lazy\" srcset=\"https:\/\/eurocc.nscc.sk\/wp-content\/uploads\/2025\/12\/signal-2025-12-02-090432_002-edited-300x169.jpeg 300w, https:\/\/eurocc.nscc.sk\/wp-content\/uploads\/2025\/12\/signal-2025-12-02-090432_002-edited-1024x576.jpeg 1024w, https:\/\/eurocc.nscc.sk\/wp-content\/uploads\/2025\/12\/signal-2025-12-02-090432_002-edited-768x432.jpeg 768w, https:\/\/eurocc.nscc.sk\/wp-content\/uploads\/2025\/12\/signal-2025-12-02-090432_002-edited-18x10.jpeg 18w, https:\/\/eurocc.nscc.sk\/wp-content\/uploads\/2025\/12\/signal-2025-12-02-090432_002-edited.jpeg 1200w\" sizes=\"(max-width: 300px) 100vw, 300px\" \/><\/a> <a class=\"title\" href=\"https:\/\/eurocc.nscc.sk\/en\/posilnovanie-slovensko-rumunskej-spoluprace-a-rozvoj-vedeckeho-partnerstva\/\">Strengthening Slovak\u2013Romanian Cooperation and the Development of Scientific Partnership<\/a> <span class=\"date\">8 Dec<\/span> <span class=\"excerpt-dash\">-<\/span> <span class=\"excerpt\">Romania\u2019s National Day is a significant historical milestone commemorating the Great Union of 1918, when Transylvania, Bessarabia, and Bukovina united with the Kingdom of Romania. This moment laid the foundations of the modern Romanian state and remains a powerful symbol of national identity and unity to this day.<\/span><\/div><div class=\"listing-item\"><a class=\"image\" href=\"https:\/\/eurocc.nscc.sk\/en\/zucastnili-sme-sa-high-level-summit-on-ai-v-bratislave\/\"><img width=\"300\" height=\"169\" src=\"https:\/\/eurocc.nscc.sk\/wp-content\/uploads\/2025\/12\/signal-2025-11-25-165731_002-edited-300x169.jpeg\" class=\"attachment-medium size-medium wp-post-image\" alt=\"\" decoding=\"async\" loading=\"lazy\" srcset=\"https:\/\/eurocc.nscc.sk\/wp-content\/uploads\/2025\/12\/signal-2025-11-25-165731_002-edited-300x169.jpeg 300w, https:\/\/eurocc.nscc.sk\/wp-content\/uploads\/2025\/12\/signal-2025-11-25-165731_002-edited-1024x576.jpeg 1024w, https:\/\/eurocc.nscc.sk\/wp-content\/uploads\/2025\/12\/signal-2025-11-25-165731_002-edited-768x432.jpeg 768w, https:\/\/eurocc.nscc.sk\/wp-content\/uploads\/2025\/12\/signal-2025-11-25-165731_002-edited-18x10.jpeg 18w, https:\/\/eurocc.nscc.sk\/wp-content\/uploads\/2025\/12\/signal-2025-11-25-165731_002-edited.jpeg 1200w\" sizes=\"(max-width: 300px) 100vw, 300px\" \/><\/a> <a class=\"title\" href=\"https:\/\/eurocc.nscc.sk\/en\/zucastnili-sme-sa-high-level-summit-on-ai-v-bratislave\/\">We Participated in the High-Level Summit on AI in Bratislava<\/a> <span class=\"date\">2 Dec<\/span> <span class=\"excerpt-dash\">-<\/span> <span class=\"excerpt\">\nZu\u010dastnili sme sa prest\u00ed\u017eneho High-Level Summit on AI \u2013 BratislavAI Forum 2025, ktor\u00fd predstavuje jeden z najv\u00fdznamnej\u0161\u00edch aktu\u00e1lnych eur\u00f3pskych pr\u00edspevkov k formovaniu glob\u00e1lnej architekt\u00fary spr\u00e1vy umelej inteligencie. Lucia Mal\u00ed\u010dkov\u00e1 reprezentovala na\u0161e odborn\u00e9 kapacity v oblasti umelej inteligencie, d\u00e1tov\u00fdch ekosyst\u00e9mov a digit\u00e1lnych inov\u00e1ci\u00ed.<\/span><\/div><div class=\"listing-item\"><a class=\"image\" href=\"https:\/\/eurocc.nscc.sk\/en\/ncc-slovensko-na-podnikatelskej-misii-v-portugalsku-pocas-statnej-navstevy-prezidenta-sr\/\"><img width=\"300\" height=\"202\" src=\"https:\/\/eurocc.nscc.sk\/wp-content\/uploads\/2025\/12\/WhatsApp-Image-2025-12-02-at-19.28.36-1-300x202.jpeg\" class=\"attachment-medium size-medium wp-post-image\" alt=\"\" decoding=\"async\" loading=\"lazy\" srcset=\"https:\/\/eurocc.nscc.sk\/wp-content\/uploads\/2025\/12\/WhatsApp-Image-2025-12-02-at-19.28.36-1-300x202.jpeg 300w, https:\/\/eurocc.nscc.sk\/wp-content\/uploads\/2025\/12\/WhatsApp-Image-2025-12-02-at-19.28.36-1-1024x690.jpeg 1024w, https:\/\/eurocc.nscc.sk\/wp-content\/uploads\/2025\/12\/WhatsApp-Image-2025-12-02-at-19.28.36-1-768x518.jpeg 768w, https:\/\/eurocc.nscc.sk\/wp-content\/uploads\/2025\/12\/WhatsApp-Image-2025-12-02-at-19.28.36-1-18x12.jpeg 18w, https:\/\/eurocc.nscc.sk\/wp-content\/uploads\/2025\/12\/WhatsApp-Image-2025-12-02-at-19.28.36-1-1200x809.jpeg 1200w, https:\/\/eurocc.nscc.sk\/wp-content\/uploads\/2025\/12\/WhatsApp-Image-2025-12-02-at-19.28.36-1.jpeg 1326w\" sizes=\"(max-width: 300px) 100vw, 300px\" \/><\/a> <a class=\"title\" href=\"https:\/\/eurocc.nscc.sk\/en\/ncc-slovensko-na-podnikatelskej-misii-v-portugalsku-pocas-statnej-navstevy-prezidenta-sr\/\"><strong>NCC Slovakia <\/strong>on Business Mission in Portugal During the State Visit of the Slovak President<\/a> <span class=\"date\">2 Dec<\/span> <span class=\"excerpt-dash\">-<\/span> <span class=\"excerpt\">On 26\u201327 November 2025, the National Supercomputing Centre (NSCC Slovakia) took part in a business mission to Portugal held on the occasion of the state visit of the President of the Slovak Republic, Peter Pellegrini. Bo\u017eidara Pellegrini took part in the mission on behalf of NSCC and also served as the representative of the National Competence Centre for HPC (NCC Slovakia) \u2013 the NSCC division responsible for the EuroCC project and for facilitating access of Slovak stakeholders to EuroHPC JU supercomputing resources. The delegation consisted of nearly 20 innovative Slovak companies and institutions active in the fields of digital solutions, information technologies, smart cities, and energy.<\/span><\/div><div class=\"listing-item\"><a class=\"image\" href=\"https:\/\/eurocc.nscc.sk\/en\/pozvanka-na-online-prednasku-building-europes-sovereign-ai-the-bielik-ai-case\/\"><img width=\"300\" height=\"200\" src=\"https:\/\/eurocc.nscc.sk\/wp-content\/uploads\/2025\/11\/engineers-brainstorming-ways-use-ai-300x200.jpg\" class=\"attachment-medium size-medium wp-post-image\" alt=\"\" decoding=\"async\" loading=\"lazy\" srcset=\"https:\/\/eurocc.nscc.sk\/wp-content\/uploads\/2025\/11\/engineers-brainstorming-ways-use-ai-300x200.jpg 300w, https:\/\/eurocc.nscc.sk\/wp-content\/uploads\/2025\/11\/engineers-brainstorming-ways-use-ai-1024x683.jpg 1024w, https:\/\/eurocc.nscc.sk\/wp-content\/uploads\/2025\/11\/engineers-brainstorming-ways-use-ai-768x512.jpg 768w, https:\/\/eurocc.nscc.sk\/wp-content\/uploads\/2025\/11\/engineers-brainstorming-ways-use-ai-1536x1024.jpg 1536w, https:\/\/eurocc.nscc.sk\/wp-content\/uploads\/2025\/11\/engineers-brainstorming-ways-use-ai-2048x1365.jpg 2048w, https:\/\/eurocc.nscc.sk\/wp-content\/uploads\/2025\/11\/engineers-brainstorming-ways-use-ai-18x12.jpg 18w, https:\/\/eurocc.nscc.sk\/wp-content\/uploads\/2025\/11\/engineers-brainstorming-ways-use-ai-1200x800.jpg 1200w, https:\/\/eurocc.nscc.sk\/wp-content\/uploads\/2025\/11\/engineers-brainstorming-ways-use-ai-1980x1320.jpg 1980w\" sizes=\"(max-width: 300px) 100vw, 300px\" \/><\/a> <a class=\"title\" href=\"https:\/\/eurocc.nscc.sk\/en\/pozvanka-na-online-prednasku-building-europes-sovereign-ai-the-bielik-ai-case\/\">Invitation to the Online Lecture: Building Europe\u2019s Sovereign AI \u2013 The Bielik.AI Case<\/a> <span class=\"date\">24 Nov<\/span> <span class=\"excerpt-dash\">-<\/span> <span class=\"excerpt\">Poz\u00fdvame v\u00e1s na odborn\u00fa online predn\u00e1\u0161ku\u00a0\u201eBuilding Europe\u2019s Sovereign AI \u2013 The Bielik.AI Case\u201c, ktor\u00e1 sa uskuto\u010dn\u00ed\u00a011. decembra 2025 o 10:00. Podujatie je ur\u010den\u00e9 pre odborn\u00fa komunitu aj \u0161irok\u00fa verejnos\u0165 so z\u00e1ujmom o umel\u00fa inteligenciu, eur\u00f3psku technologick\u00fa suverenitu a otvoren\u00e9 AI iniciat\u00edvy.<\/span><\/div><div class=\"listing-item\"><a class=\"image\" href=\"https:\/\/eurocc.nscc.sk\/en\/ako-vznikaju-projekty-ktore-riesia-ai-v-oblasti-priemyslu-2025\/\"><img width=\"300\" height=\"200\" src=\"https:\/\/eurocc.nscc.sk\/wp-content\/uploads\/2025\/11\/technology-human-touch-background-modern-remake-creation-adam-300x200.jpg\" class=\"attachment-medium size-medium wp-post-image\" alt=\"\" decoding=\"async\" loading=\"lazy\" srcset=\"https:\/\/eurocc.nscc.sk\/wp-content\/uploads\/2025\/11\/technology-human-touch-background-modern-remake-creation-adam-300x200.jpg 300w, https:\/\/eurocc.nscc.sk\/wp-content\/uploads\/2025\/11\/technology-human-touch-background-modern-remake-creation-adam-1024x683.jpg 1024w, https:\/\/eurocc.nscc.sk\/wp-content\/uploads\/2025\/11\/technology-human-touch-background-modern-remake-creation-adam-768x512.jpg 768w, https:\/\/eurocc.nscc.sk\/wp-content\/uploads\/2025\/11\/technology-human-touch-background-modern-remake-creation-adam-1536x1024.jpg 1536w, https:\/\/eurocc.nscc.sk\/wp-content\/uploads\/2025\/11\/technology-human-touch-background-modern-remake-creation-adam-2048x1366.jpg 2048w, https:\/\/eurocc.nscc.sk\/wp-content\/uploads\/2025\/11\/technology-human-touch-background-modern-remake-creation-adam-18x12.jpg 18w, https:\/\/eurocc.nscc.sk\/wp-content\/uploads\/2025\/11\/technology-human-touch-background-modern-remake-creation-adam-1200x800.jpg 1200w, https:\/\/eurocc.nscc.sk\/wp-content\/uploads\/2025\/11\/technology-human-touch-background-modern-remake-creation-adam-1980x1320.jpg 1980w\" sizes=\"(max-width: 300px) 100vw, 300px\" \/><\/a> <a class=\"title\" href=\"https:\/\/eurocc.nscc.sk\/en\/ako-vznikaju-projekty-ktore-riesia-ai-v-oblasti-priemyslu-2025\/\">How Projects Addressing AI in Industry Are Created 2025<\/a> <span class=\"date\">19 Nov<\/span> <span class=\"excerpt-dash\">-<\/span> <span class=\"excerpt\">Umel\u00e1 inteligencia sa st\u00e1va neoddelite\u013enou s\u00fa\u010das\u0165ou eur\u00f3pskeho priemyslu aj v\u00fdskumu a z\u00e1sadne men\u00ed sp\u00f4sob, ak\u00fdm vznikaj\u00fa inovat\u00edvne projekty. Eur\u00f3pska komisia preto prich\u00e1dza s dvomi nov\u00fdmi AI strat\u00e9giami \u2013 jednou zameranou na aplikovanie umelej inteligencie v k\u013e\u00fa\u010dov\u00fdch priemyseln\u00fdch sektoroch a druhou na vedeck\u00e9 vyu\u017eitie AI. Tieto iniciat\u00edvy prin\u00e1\u0161aj\u00fa nov\u00e9 investi\u010dn\u00e9 a projektov\u00e9 pr\u00edle\u017eitosti aj pre slovensk\u00e9 in\u0161tit\u00facie a firmy, najm\u00e4 prostredn\u00edctvom programu Horizont Eur\u00f3pa.<\/span><\/div><div class=\"listing-item\"><a class=\"image\" href=\"https:\/\/eurocc.nscc.sk\/en\/online-prednaska-hpc-ai-superenie-alebo-spolupraca\/\"><img width=\"300\" height=\"200\" src=\"https:\/\/eurocc.nscc.sk\/wp-content\/uploads\/2025\/11\/ai-technology-microchip-background-futuristic-innovation-technology-remix-300x200.jpg\" class=\"attachment-medium size-medium wp-post-image\" alt=\"\" decoding=\"async\" loading=\"lazy\" srcset=\"https:\/\/eurocc.nscc.sk\/wp-content\/uploads\/2025\/11\/ai-technology-microchip-background-futuristic-innovation-technology-remix-300x200.jpg 300w, https:\/\/eurocc.nscc.sk\/wp-content\/uploads\/2025\/11\/ai-technology-microchip-background-futuristic-innovation-technology-remix-1024x683.jpg 1024w, https:\/\/eurocc.nscc.sk\/wp-content\/uploads\/2025\/11\/ai-technology-microchip-background-futuristic-innovation-technology-remix-768x512.jpg 768w, https:\/\/eurocc.nscc.sk\/wp-content\/uploads\/2025\/11\/ai-technology-microchip-background-futuristic-innovation-technology-remix-1536x1024.jpg 1536w, https:\/\/eurocc.nscc.sk\/wp-content\/uploads\/2025\/11\/ai-technology-microchip-background-futuristic-innovation-technology-remix-2048x1365.jpg 2048w, https:\/\/eurocc.nscc.sk\/wp-content\/uploads\/2025\/11\/ai-technology-microchip-background-futuristic-innovation-technology-remix-18x12.jpg 18w, https:\/\/eurocc.nscc.sk\/wp-content\/uploads\/2025\/11\/ai-technology-microchip-background-futuristic-innovation-technology-remix-1200x800.jpg 1200w, https:\/\/eurocc.nscc.sk\/wp-content\/uploads\/2025\/11\/ai-technology-microchip-background-futuristic-innovation-technology-remix-1980x1320.jpg 1980w\" sizes=\"(max-width: 300px) 100vw, 300px\" \/><\/a> <a class=\"title\" href=\"https:\/\/eurocc.nscc.sk\/en\/online-prednaska-hpc-ai-superenie-alebo-spolupraca\/\">Online Lecture: HPC &amp; AI \u2013 Competition or Collaboration?<\/a> <span class=\"date\">7 Nov<\/span> <span class=\"excerpt-dash\">-<\/span> <span class=\"excerpt\">On 26 November 2025 at 10:00, we are hosting a special online lecture dedicated to the rapidly evolving topic of the interplay between high-performance computing (HPC) and artificial intelligence (AI). Our guest will be Erwin Laure, one of the most prominent figures in the European HPC ecosystem.<\/span><\/div><div class=\"listing-item\"><a class=\"image\" href=\"https:\/\/eurocc.nscc.sk\/en\/success-story-buducnost-pody-ukryta-v-datach\/\"><img width=\"300\" height=\"271\" src=\"https:\/\/eurocc.nscc.sk\/wp-content\/uploads\/2025\/11\/Snimka-obrazovky-2025-11-05-o-18.03.06-300x271.png\" class=\"attachment-medium size-medium wp-post-image\" alt=\"\" decoding=\"async\" loading=\"lazy\" srcset=\"https:\/\/eurocc.nscc.sk\/wp-content\/uploads\/2025\/11\/Snimka-obrazovky-2025-11-05-o-18.03.06-300x271.png 300w, https:\/\/eurocc.nscc.sk\/wp-content\/uploads\/2025\/11\/Snimka-obrazovky-2025-11-05-o-18.03.06-768x693.png 768w, https:\/\/eurocc.nscc.sk\/wp-content\/uploads\/2025\/11\/Snimka-obrazovky-2025-11-05-o-18.03.06-13x12.png 13w, https:\/\/eurocc.nscc.sk\/wp-content\/uploads\/2025\/11\/Snimka-obrazovky-2025-11-05-o-18.03.06.png 946w\" sizes=\"(max-width: 300px) 100vw, 300px\" \/><\/a> <a class=\"title\" href=\"https:\/\/eurocc.nscc.sk\/en\/success-story-buducnost-pody-ukryta-v-datach\/\">Bud\u00facnos\u0165 p\u00f4dy ukryt\u00e1 v\u202fd\u00e1tach\u00a0<\/a> <span class=\"date\">5 Nov<\/span> <span class=\"excerpt-dash\">-<\/span> <span class=\"excerpt\">High-Performance Computing (HPC) offers researchers the ability to process enormous volumes of data and uncover connections that would otherwise remain hidden. Today, it is no longer just a tool for technical disciplines \u2013 it is increasingly valuable in social and environmental research as well. A great example is a project that harnessed the power of HPC to gain deeper insight into the relationship between humans, soil, and the landscape.<\/span><\/div><div class=\"listing-item\"><a class=\"image\" href=\"https:\/\/eurocc.nscc.sk\/en\/archeologia-pohanana-umelou-inteligenciou-s-llm-detekcia-archeologickych-lokalit-z-leteckych-snimok\/\"><img width=\"300\" height=\"192\" src=\"https:\/\/eurocc.nscc.sk\/wp-content\/uploads\/2025\/10\/dem-malvus-1-300x192.jpg\" class=\"attachment-medium size-medium wp-post-image\" alt=\"\" decoding=\"async\" loading=\"lazy\" srcset=\"https:\/\/eurocc.nscc.sk\/wp-content\/uploads\/2025\/10\/dem-malvus-1-300x192.jpg 300w, https:\/\/eurocc.nscc.sk\/wp-content\/uploads\/2025\/10\/dem-malvus-1-1024x654.jpg 1024w, https:\/\/eurocc.nscc.sk\/wp-content\/uploads\/2025\/10\/dem-malvus-1-768x490.jpg 768w, https:\/\/eurocc.nscc.sk\/wp-content\/uploads\/2025\/10\/dem-malvus-1-18x12.jpg 18w, https:\/\/eurocc.nscc.sk\/wp-content\/uploads\/2025\/10\/dem-malvus-1.jpg 1178w\" sizes=\"(max-width: 300px) 100vw, 300px\" \/><\/a> <a class=\"title\" href=\"https:\/\/eurocc.nscc.sk\/en\/archeologia-pohanana-umelou-inteligenciou-s-llm-detekcia-archeologickych-lokalit-z-leteckych-snimok\/\"><strong>AI-Driven Archaeology with LLMs \u2014 Detecting Archaeological Sites from Aerial Imagery<\/strong><\/a> <span class=\"date\">30 Oct<\/span> <span class=\"excerpt-dash\">-<\/span> <span class=\"excerpt\">Objavte, ako umel\u00e1 inteligencia a ve\u013ek\u00e9 jazykov\u00e9 modely menia sp\u00f4sob, ak\u00fdm odha\u013eujeme stopy minulosti. Webin\u00e1r pribl\u00ed\u017ei, ako pokro\u010dil\u00e9 techniky umelej inteligencie in\u0161pirovan\u00e9 LLM dok\u00e1\u017eu analyzova\u0165 leteck\u00e9 a LiDARov\u00e9 sn\u00edmky a detegova\u0165 archeologick\u00e9 lokality s bezprecedentnou presnos\u0165ou. Dr. Daniel Canedo z Univerzity v Aveire predstav\u00ed praktick\u00e9 pr\u00edklady, v ktor\u00fdch Vision Transformers a multimod\u00e1lne u\u010denie odha\u013euj\u00fa skryt\u00e9 vzory v krajine a sp\u00e1jaj\u00fa modern\u00e9 technol\u00f3gie s kult\u00farnym dedi\u010dstvom.<\/span><\/div><\/div>\n\n\n\n<div style=\"height:80px\" aria-hidden=\"true\" class=\"wp-block-spacer eco-bot\"><\/div>\n<\/div><\/div>","protected":false},"excerpt":{"rendered":"","protected":false},"author":1,"featured_media":0,"parent":1430,"menu_order":0,"comment_status":"closed","ping_status":"closed","template":"templates\/template-full-width.php","meta":[],"_links":{"self":[{"href":"https:\/\/eurocc.nscc.sk\/en\/wp-json\/wp\/v2\/pages\/4357"}],"collection":[{"href":"https:\/\/eurocc.nscc.sk\/en\/wp-json\/wp\/v2\/pages"}],"about":[{"href":"https:\/\/eurocc.nscc.sk\/en\/wp-json\/wp\/v2\/types\/page"}],"author":[{"embeddable":true,"href":"https:\/\/eurocc.nscc.sk\/en\/wp-json\/wp\/v2\/users\/1"}],"replies":[{"embeddable":true,"href":"https:\/\/eurocc.nscc.sk\/en\/wp-json\/wp\/v2\/comments?post=4357"}],"version-history":[{"count":7,"href":"https:\/\/eurocc.nscc.sk\/en\/wp-json\/wp\/v2\/pages\/4357\/revisions"}],"predecessor-version":[{"id":4384,"href":"https:\/\/eurocc.nscc.sk\/en\/wp-json\/wp\/v2\/pages\/4357\/revisions\/4384"}],"up":[{"embeddable":true,"href":"https:\/\/eurocc.nscc.sk\/en\/wp-json\/wp\/v2\/pages\/1430"}],"wp:attachment":[{"href":"https:\/\/eurocc.nscc.sk\/en\/wp-json\/wp\/v2\/media?parent=4357"}],"curies":[{"name":"wp","href":"https:\/\/api.w.org\/{rel}","templated":true}]}}