{"id":4401,"date":"2021-10-19T11:49:24","date_gmt":"2021-10-19T09:49:24","guid":{"rendered":"https:\/\/eurocc.nscc.sk\/?page_id=4401"},"modified":"2023-09-29T15:48:11","modified_gmt":"2023-09-29T13:48:11","slug":"engineering_app_hpc_support","status":"publish","type":"page","link":"https:\/\/eurocc.nscc.sk\/en\/career\/engineering_app_hpc_support\/","title":{"rendered":"Podpora in\u017einierskych HPC aplik\u00e1ci\u00ed"},"content":{"rendered":"<p><strong>National Supercomputing Centre.<\/strong><\/p>\n\n\n\n<p><strong>Place of work<\/strong><br>Dubravska cesta, Karlova Ves, Bratislava<\/p>\n\n\n\n<p><strong>Contract type<\/strong><br>Full-time<\/p>\n\n\n\n<p><strong>Start date<\/strong><br>ASAP<\/p>\n\n\n\n<p><strong>Wage (gross)<\/strong><br>The final salary depends on the candidate's experience and skills, as well as individual agreement, and can range from 2000 to 2800 Euro gross.<\/p>\n\n\n\n<p><strong>Job description, responsibilities and duties<\/strong><\/p>\n\n\n\n<p>H\u013ead\u00e1me \u0161ikovn\u00e9ho zamestnanca\/zamestnanky\u0148u na poz\u00edciu pre pr\u00e1cu na projekte EuroCC 2 &#8211; N\u00e1rodn\u00e9 kompeten\u010dn\u00e9 centrum pre vysokov\u00fdkonn\u00e9 po\u010d\u00edtanie. V na\u0161om t\u00edme sa budete podie\u013ea\u0165 na podpore klientov vyu\u017e\u00edvaj\u00facich superpo\u010d\u00edta\u010dov\u00e9 \/ HPC technol\u00f3gie so zameran\u00edm na in\u017einierske simul\u00e1cie, napr\u00edklad:<\/p>\n\n\n\n<ul>\n<li>Communicating with users and an\u00a0analyzing their requests.<\/li>\n\n\n\n<li>Design of a suitable tool for solving a problem, research of available information sources.<\/li>\n\n\n\n<li>Design and implementation of pilot and proof-of-concept solutions and projects in the field of numerical multiphysics simulations in an HPC environment.<\/li>\n\n\n\n<li>Providing training and users\u2019 support.<\/li>\n\n\n\n<li>Reporting on implemented projects and maintaining relevant documentation.<\/li>\n<\/ul>\n\n\n\n<p><strong>Employee benefits<\/strong><\/p>\n\n\n\n<ul>\n<li>Flexible working hours, home office.<\/li>\n\n\n\n<li>Pleasant working environment, friendly and helpful team.<\/li>\n\n\n\n<li>Continuous growth in the field, educational opportunities within the EuroCC network, training opportunities.<\/li>\n<\/ul>\n\n\n\n<p><strong>Candidates\u2019 education suitable for the position:<\/strong><br>University education (Master's degree) \/ Postgraduate (Doctorate)<\/p>\n\n\n\n<p><strong>University degree in<\/strong><\/p>\n\n\n\n<p>Engineering (Applied mechanics, Automotive mechatronics, Nuclear and physical engineering, etc.) or IT, Mathematics or Physics.<\/p>\n\n\n\n<p><strong><strong>Necessary knowledge<\/strong><\/strong><\/p>\n\n\n\n<ul>\n<li>Knowledge of calculation methods in the areas of FEA and CFM.<\/li>\n\n\n\n<li>Orientation in software applications focused on FEA, CFM and \"multiphysics\" simulations.<\/li>\n\n\n\n<li>Experience with creating 3D models and visualizing outputs.<\/li>\n\n\n\n<li>Knowledge of sequential and parallel programming (C \/ C ++ \/ Fortran) is an advantage.<\/li>\n\n\n\n<li>Orientation in the HPC environment is an advantage.<\/li>\n\n\n\n<li>Knowledge of verbal and written English.<\/li>\n<\/ul>\n\n\n\n<p>Skills should be demonstrated by work experience or output from projects (e.g. diploma thesis \/ dissertation), hackathons and contributions to open-source development, etc.<\/p>\n\n\n\n<p><strong>Experience:<\/strong><\/p>\n\n\n\n<p>Uch\u00e1dza\u010d\/ka by mal\/a preuk\u00e1za\u0165 prax v oblasti, ktor\u00fa mohol\/mohla nadobudn\u00fa\u0165 aj po\u010das \u0161t\u00fadia \u2013 uve\u010fte v&nbsp;\u017eivotopise. Poz\u00edcia je vhodn\u00e1 pre absolventa.<\/p>\n\n\n\n<p><strong>Other Skills<\/strong><\/p>\n\n\n\n<ul>\n<li>Proactive and responsible approach to work.<\/li>\n\n\n\n<li>Independence, communicativeness.<\/li>\n\n\n\n<li>Sense of order (agenda management), consistency.<\/li>\n\n\n\n<li>Desire to learn and progress, willingness to participate on workshops, conferences.<\/li>\n\n\n\n<li>Ochota zap\u00e1ja\u0165 sa aj do vzdel\u00e1vac\u00edch aktiv\u00edt (napr. pr\u00edle\u017eitostn\u00e1 v\u00fdu\u010dba online kurzu v&nbsp;slovenskom\/anglickom jazyku).<\/li>\n<\/ul>\n\n\n\n<p><strong>Information about the selection process<\/strong><\/p>\n\n\n\n<p>If you meet the requirements, send us your curriculum vitae and motivational letter, eventually references in Slovak language. We are thankful to all applicants for their interest, however only selected candidates will be contacted for interview.<\/p>\n\n\n\n<p><strong>Advertiser<\/strong><\/p>\n\n\n\n<p>National Supercomputing Centre<\/p>\n\n\n\n<p><strong>Brief description of the company<\/strong><\/p>\n\n\n\n<p>Our goal is to support and cover all HPC activities in Slovakia. Since 2020, we have been advocating for the development of HPC infrastructure, supporting projects and investments, and in close cooperation with the National Competence Center for HPC, we are working on strengthening competencies and skills in this area. We want to develop cooperation with Slovak universities, the Slovak Academy of Sciences and other organizations operating in the field of HPC, HPC+ applications and related fields.<\/p>\n\n\n\n<p><strong>Number of employees<\/strong><\/p>\n\n\n\n<p>max 10<\/p>\n\n\n\n<p><strong>Company address<\/strong><\/p>\n\n\n\n<p>D\u00fabravsk\u00e1 cesta 3484\/9<br>841 04&nbsp; Bratislava \u2013 Karlova Ves<br>Slovak Republic<\/p>\n\n\n\n<p><strong>Contact<\/strong><\/p>\n\n\n\n<p>Contact person: Mgr. Halyna Hyryavets<br>E-mail:&nbsp;<a href=\"mailto:halyna.hyryavets@nscc.sk\">sent CV<\/a><\/p>\n\n\n\n<p><strong>About EuroCC project<\/strong><\/p>\n\n\n\n<p>Within the EuroCC project we operate the National competence centre for HPC as a first point of contact for supercomputing services and opportunities on a national level. We support adoption of high performance computing and provide free services to SMEs, academia and public administration, including facilitation of access, collaboration on R&amp;D projects, consulting and training.<\/p>\n\n\n\n<p>National competence center is a part of the EuroCC project, which includes a network of 33 national HPC competence centers.&nbsp;<\/p>\n\n\n\n<p>Project timeline:<\/p>\n\n\n\n<ul>\n<li>EuroCC \u2013 September 1st, 2020 to December 31st , 2022<\/li>\n\n\n\n<li>EuroCC 2 \u2013 January 1st , 2023 to December 31st , 2025<\/li>\n<\/ul>\n\n\n\n<p>Activities may continue beyond the current project runtime either under next EuroCC project or as a national activity.<\/p>","protected":false},"excerpt":{"rendered":"<p>N\u00e1rodn\u00e9 superpo\u010d\u00edta\u010dov\u00e9 centrum Miesto pr\u00e1ceD\u00fabravsk\u00e1 cesta, Karlova Ves, Bratislava Druh pracovn\u00e9ho pomeruPln\u00fd \u00fav\u00e4zok Term\u00edn n\u00e1stupuASAP Mzdov\u00e9 podmienky (brutto)Kone\u010dn\u00e1 v\u00fd\u0161ka mzdy z\u00e1vis\u00ed od sk\u00fasenost\u00ed a schopnost\u00ed uch\u00e1dza\u010da, ako aj individu\u00e1lnej dohody a m\u00f4\u017ee sa pohybova\u0165 v rozp\u00e4t\u00ed 2000 a\u017e 2800.- Eur brutto. N\u00e1pl\u0148 pr\u00e1ce, pr\u00e1vomoci a zodpovednosti H\u013ead\u00e1me \u0161ikovn\u00e9ho zamestnanca\/zamestnanky\u0148u na poz\u00edciu pre pr\u00e1cu na projekte [&hellip;]<\/p>","protected":false},"author":2,"featured_media":0,"parent":462,"menu_order":0,"comment_status":"closed","ping_status":"closed","template":"templates\/template-full-width.php","meta":[],"_links":{"self":[{"href":"https:\/\/eurocc.nscc.sk\/en\/wp-json\/wp\/v2\/pages\/4401"}],"collection":[{"href":"https:\/\/eurocc.nscc.sk\/en\/wp-json\/wp\/v2\/pages"}],"about":[{"href":"https:\/\/eurocc.nscc.sk\/en\/wp-json\/wp\/v2\/types\/page"}],"author":[{"embeddable":true,"href":"https:\/\/eurocc.nscc.sk\/en\/wp-json\/wp\/v2\/users\/2"}],"replies":[{"embeddable":true,"href":"https:\/\/eurocc.nscc.sk\/en\/wp-json\/wp\/v2\/comments?post=4401"}],"version-history":[{"count":12,"href":"https:\/\/eurocc.nscc.sk\/en\/wp-json\/wp\/v2\/pages\/4401\/revisions"}],"predecessor-version":[{"id":7141,"href":"https:\/\/eurocc.nscc.sk\/en\/wp-json\/wp\/v2\/pages\/4401\/revisions\/7141"}],"up":[{"embeddable":true,"href":"https:\/\/eurocc.nscc.sk\/en\/wp-json\/wp\/v2\/pages\/462"}],"wp:attachment":[{"href":"https:\/\/eurocc.nscc.sk\/en\/wp-json\/wp\/v2\/media?parent=4401"}],"curies":[{"name":"wp","href":"https:\/\/api.w.org\/{rel}","templated":true}]}}