{"id":4511,"date":"2022-03-24T19:08:49","date_gmt":"2022-03-24T18:08:49","guid":{"rendered":"https:\/\/eurocc.nscc.sk\/?page_id=4511"},"modified":"2024-01-23T17:29:31","modified_gmt":"2024-01-23T16:29:31","slug":"__team_assistant","status":"publish","type":"page","link":"https:\/\/eurocc.nscc.sk\/en\/career\/__team_assistant\/","title":{"rendered":"TEAM ASSISTANT"},"content":{"rendered":"<p><strong>National Supercomputing Centre.<\/strong><\/p>\n\n\n\n<p><strong>Place of work<\/strong><br>Dubravska cesta, Karlova Ves, Bratislava<\/p>\n\n\n\n<p><strong>Contract type<\/strong><br>Part time<\/p>\n\n\n\n<p><strong>Start date<\/strong><br>ASAP<\/p>\n\n\n\n<p><strong>Wage (gross)<\/strong><br>The final salary depends on the applicant's experience and abilities, as well as individual agreement, and can range from 600 to 700 Euros gross.<\/p>\n\n\n\n<p><strong>Job Description, Responsibilities:<\/strong><\/p>\n\n\n\n<ul>\n<li>Support of the company management and close cooperation with the accounting &amp; HR colleagues.<\/li>\n\n\n\n<li>Support of the company management and close cooperation with the accounting &amp; HR colleagues.<\/li>\n\n\n\n<li>Processing incoming invoices.<\/li>\n\n\n\n<li>Processing attendance sheets.<\/li>\n\n\n\n<li>Organization of meetings, training and other company events.<\/li>\n\n\n\n<li>Help with organization of business trips (booking flights, transfers, accommodation etc.).<\/li>\n\n\n\n<li>Collaboration with project management colleagues on project administration.<\/li>\n<\/ul>\n\n\n\n<p><strong>Employee benefits<\/strong><\/p>\n\n\n\n<ul>\n<li>Flexible working hours, home office.<\/li>\n\n\n\n<li>Pleasant working environment, friendly and helpful team.<\/li>\n<\/ul>\n\n\n\n<p><strong>Candidates\u2019 education suitable for the position:<\/strong>:<br>vysoko\u0161kolsk\u00e9 I. alebo II. stup\u0148a<\/p>\n\n\n\n<p><strong>Language skills<\/strong><br>English \u2013 Advanced (C1)<\/p>\n\n\n\n<p><strong><strong>Necessary knowledge<\/strong><\/strong>:<\/p>\n\n\n\n<ul>\n<li>Microsoft Word - advanced<\/li>\n\n\n\n<li>Microsoft Excel \u2013 advanced<\/li>\n\n\n\n<li>Microsoft Outlook \u2013 advanced<\/li>\n\n\n\n<li>Microsoft PowerPoint \u2013 advanced<\/li>\n<\/ul>\n\n\n\n<p><strong>Other Skills<\/strong>:<\/p>\n\n\n\n<ul>\n<li>responsibility, active approach to work tasks<\/li>\n\n\n\n<li>excellent communication and organizational skills<\/li>\n\n\n\n<li>very good time management and ability to prioritize<\/li>\n\n\n\n<li>self-motivated and independent<\/li>\n<\/ul>\n\n\n\n<p><strong>Information about the selection process<\/strong>:<br>If you are interested in the position, please send us your resume and cover letter, along with any references. We will contact only selected candidates \u2013 thank you for your understanding.<\/p>\n\n\n\n<p><strong>Advertiser<\/strong>National Supercomputing Centre<\/p>\n\n\n\n<p><strong>Brief description of the company<\/strong>:<br>Our goal is to support and cover all HPC activities in Slovakia. Since 2020, we have been advocating for the development of HPC infrastructure, supporting projects and investments, and in close cooperation with the National Competence Center for HPC, we are working on strengthening competencies and skills in this area. We want to develop cooperation with Slovak universities, the Slovak Academy of Sciences and other organizations operating in the field of HPC, HPC+ applications and related fields.<\/p>\n\n\n\n<p><strong>Number of employees<\/strong>:<br>max 10<\/p>\n\n\n\n<p><strong>Company address<\/strong><\/p>\n\n\n\n<p>D\u00fabravsk\u00e1 cesta 3484\/9<br>841 04&nbsp; Bratislava \u2013 Karlova Ves<br>Slovak Republic<\/p>\n\n\n\n<p><strong>Contact<\/strong><\/p>\n\n\n\n<p>Contact person: Mgr. Halyna Hyryavets<br>E-mail:&nbsp;<a href=\"mailto:halyna.hyryavets@nscc.sk\">sent CV<\/a><\/p>","protected":false},"excerpt":{"rendered":"<p>N\u00e1rodn\u00e9 superpo\u010d\u00edta\u010dov\u00e9 centrum Miesto pr\u00e1ceD\u00fabravsk\u00e1 cesta, Karlova Ves, Bratislava Druh pracovn\u00e9ho pomeruPolovi\u010dn\u00fd &nbsp;\u00fav\u00e4zok Term\u00edn n\u00e1stupuASAP Mzdov\u00e9 podmienky (brutto)Kone\u010dn\u00e1 v\u00fd\u0161ka mzdy z\u00e1vis\u00ed od sk\u00fasenost\u00ed a schopnost\u00ed uch\u00e1dza\u010da, ako aj individu\u00e1lnej dohody a m\u00f4\u017ee sa pohybova\u0165 v rozp\u00e4t\u00ed 600 \u2013 700.- Eur brutto. N\u00e1pl\u0148 pr\u00e1ce, pr\u00e1vomoci a zodpovednosti: Zamestnaneck\u00e9 v\u00fdhody, benefity Poz\u00edcii vyhovuj\u00fa uch\u00e1dza\u010di so vzdelan\u00edm:vysoko\u0161kolsk\u00e9 I. [&hellip;]<\/p>","protected":false},"author":1,"featured_media":0,"parent":462,"menu_order":0,"comment_status":"closed","ping_status":"closed","template":"templates\/template-full-width.php","meta":[],"_links":{"self":[{"href":"https:\/\/eurocc.nscc.sk\/en\/wp-json\/wp\/v2\/pages\/4511"}],"collection":[{"href":"https:\/\/eurocc.nscc.sk\/en\/wp-json\/wp\/v2\/pages"}],"about":[{"href":"https:\/\/eurocc.nscc.sk\/en\/wp-json\/wp\/v2\/types\/page"}],"author":[{"embeddable":true,"href":"https:\/\/eurocc.nscc.sk\/en\/wp-json\/wp\/v2\/users\/1"}],"replies":[{"embeddable":true,"href":"https:\/\/eurocc.nscc.sk\/en\/wp-json\/wp\/v2\/comments?post=4511"}],"version-history":[{"count":4,"href":"https:\/\/eurocc.nscc.sk\/en\/wp-json\/wp\/v2\/pages\/4511\/revisions"}],"predecessor-version":[{"id":7976,"href":"https:\/\/eurocc.nscc.sk\/en\/wp-json\/wp\/v2\/pages\/4511\/revisions\/7976"}],"up":[{"embeddable":true,"href":"https:\/\/eurocc.nscc.sk\/en\/wp-json\/wp\/v2\/pages\/462"}],"wp:attachment":[{"href":"https:\/\/eurocc.nscc.sk\/en\/wp-json\/wp\/v2\/media?parent=4511"}],"curies":[{"name":"wp","href":"https:\/\/api.w.org\/{rel}","templated":true}]}}