{"id":462,"date":"2020-11-05T11:02:58","date_gmt":"2020-11-05T10:02:58","guid":{"rendered":"https:\/\/eurocc.nscc.sk\/?page_id=462"},"modified":"2025-05-21T09:38:38","modified_gmt":"2025-05-21T07:38:38","slug":"career","status":"publish","type":"page","link":"https:\/\/eurocc.nscc.sk\/en\/career\/","title":{"rendered":"Career"},"content":{"rendered":"<div class=\"is-layout-flex wp-container-3 wp-block-columns alignfull\">\n<div class=\"is-layout-flow wp-block-column car-top-left\">\n<h4>Join our team<hr style=\"border-bottom: 2px solid #b8870b; width: 100px;\"><\/h4>\n\n\n\n<p>H\u013ead\u00e1me nov\u00fdch kolegov a kolegyne, ktor\u00ed maj\u00fa z\u00e1ujem o pr\u00e1cu v oblasti HPC. Svoje CV m\u00f4\u017eete zasla\u0165 na eurocc@nscc.sk<\/p>\n\n\n\n<p><\/p>\n\n\n\n<p><\/p>\n<\/div>\n\n\n\n<div class=\"is-layout-flow wp-block-column car-top-right\"><\/div>\n<\/div>\n\n\n\n<div class=\"is-layout-flow wp-block-group alignfull car-mid\"><div class=\"wp-block-group__inner-container\">\n<h4 class=\"has-text-align-center\">Don't see a job offer that fits your expertise?<hr style=\"border-bottom: 2px solid #b8870b; width: 100px;\"><\/h4>\n\n\n\n<p class=\"has-text-align-center\">National Competence Centre for HPC  is always looking for <span class=\"yella\">experienced staff<\/span> and  <span class=\"yella\">new talent<\/span>, particularly  <span class=\"yella\">potential recruits<\/span> &nbsp;with a background in high-performance computing, cloud computing, artificial intelligence, machine learning, big data and other relevant fields of expertise.  If you are interested in working with our team of experts \u2014 even if no concrete job opening currently exists in your field of interest <span class=\"yella\"> \u2013 do not hesitate to contact us!<\/span><\/span><\/p>\n\n\n\n<p>What would we like to know about you?<\/p>\n\n\n\n<ul>\n<li>Academic degree<\/li>\n\n\n\n<li>Current job possiton<\/li>\n\n\n\n<li>Previous experience in IT<\/li>\n\n\n\n<li>Curriculum Vitae<\/li>\n\n\n\n<li>Diplomas and Certificates<\/li>\n\n\n\n<li>Why would you like to work for the NCC and on which position<\/li>\n<\/ul>\n\n\n\n<p class=\"has-text-align-center\">Please e-mail this information as a PDF file to: <a href=\"mailto:eurocc@nscc.sk\">eurocc@nscc.sk\u00a0<\/a><br>If a suitable position becomes available, we will contact you and invite you for a job interview at that time.<\/p>\n<\/div><\/div>\n\n\n\n<div class=\"is-layout-flex wp-container-8 wp-block-columns alignfull car-bot\">\n<div class=\"is-layout-flow wp-block-column\">\n<h4 class=\"has-text-align-center\">Company address<hr style=\"border-bottom: 2px solid #b8870b; width: 100px;\"><\/h4>\n\n\n<div class=\"wp-block-image\">\n<figure class=\"aligncenter size-large\"><img decoding=\"async\" loading=\"lazy\" width=\"89\" height=\"134\" src=\"https:\/\/eurocc.nscc.sk\/wp-content\/uploads\/2021\/01\/icon_Address_gold.png\" alt=\"\" class=\"wp-image-1814\" srcset=\"https:\/\/eurocc.nscc.sk\/wp-content\/uploads\/2021\/01\/icon_Address_gold.png 89w, https:\/\/eurocc.nscc.sk\/wp-content\/uploads\/2021\/01\/icon_Address_gold-8x12.png 8w\" sizes=\"(max-width: 89px) 100vw, 89px\" \/><\/figure><\/div>\n\n\n<p class=\"has-text-align-center\"><strong>National Supercomputing Centre<\/strong><br>D\u00fabravsk\u00e1 cesta 3484\/9<br>841 04&nbsp; Bratislava \u2013 Karlova Ves<\/p>\n<\/div>\n\n\n\n<div class=\"is-layout-flow wp-block-column\">\n<h4 class=\"has-text-align-center\">Number of employees<hr style=\"border-bottom: 2px solid #b8870b; width: 100px;\"><\/h4>\n\n\n<div class=\"wp-block-image\">\n<figure class=\"aligncenter size-large\"><img decoding=\"async\" loading=\"lazy\" width=\"96\" height=\"134\" src=\"https:\/\/eurocc.nscc.sk\/wp-content\/uploads\/2021\/01\/icon_number_of_employees_gold.png\" alt=\"\" class=\"wp-image-1815\" srcset=\"https:\/\/eurocc.nscc.sk\/wp-content\/uploads\/2021\/01\/icon_number_of_employees_gold.png 96w, https:\/\/eurocc.nscc.sk\/wp-content\/uploads\/2021\/01\/icon_number_of_employees_gold-9x12.png 9w\" sizes=\"(max-width: 96px) 100vw, 96px\" \/><\/figure><\/div>\n\n\n<p class=\"has-text-align-center\">max 10<\/p>\n<\/div>\n\n\n\n<div class=\"is-layout-flow wp-block-column\">\n<h4 class=\"has-text-align-center\">Contact<hr style=\"border-bottom: 2px solid #b8870b; width: 100px;\"><\/h4>\n\n\n<div class=\"wp-block-image\">\n<figure class=\"aligncenter size-large\"><img decoding=\"async\" loading=\"lazy\" width=\"139\" height=\"134\" src=\"https:\/\/eurocc.nscc.sk\/wp-content\/uploads\/2021\/01\/icon_contact_phone_full_gold.png\" alt=\"\" class=\"wp-image-1816\" srcset=\"https:\/\/eurocc.nscc.sk\/wp-content\/uploads\/2021\/01\/icon_contact_phone_full_gold.png 139w, https:\/\/eurocc.nscc.sk\/wp-content\/uploads\/2021\/01\/icon_contact_phone_full_gold-12x12.png 12w\" sizes=\"(max-width: 139px) 100vw, 139px\" \/><\/figure><\/div>\n\n\n<p class=\"has-text-align-center\"><span style=\"color:#908f8f\">Contact Person<\/span> <br>Mgr. Halyna Hyryavets <br><a href=\"mailto:halyna.hyryavets@slovakianscc.com\">halyna.hyryavets@slovakianscc.com<\/a><\/p>\n<\/div>\n<\/div>\n\n\n\n<p><\/p>","protected":false},"excerpt":{"rendered":"<p>Pridajte sa do n\u00e1\u0161ho t\u00edmu H\u013ead\u00e1me nov\u00fdch kolegov a kolegyne, ktor\u00ed maj\u00fa z\u00e1ujem o pr\u00e1cu v oblasti HPC. Svoje CV m\u00f4\u017eete zasla\u0165 na eurocc@nscc.sk Nena\u0161li ste pracovn\u00fa poz\u00edciu, ktor\u00e1 by vyhovovala Va\u0161im odborn\u00fdm znalostiam? Dvere N\u00e1rodn\u00e9ho kompeten\u010dn\u00e9ho centra pre HPC s\u00fa v\u017edy otvoren\u00e9 nielen pre mlad\u00e9 talenty \u010di sk\u00fasen\u00fdch odborn\u00edkov, ale aj pre potenci\u00e1lnych zamestnancov [&hellip;]<\/p>","protected":false},"author":1,"featured_media":0,"parent":0,"menu_order":0,"comment_status":"closed","ping_status":"closed","template":"templates\/template-full-width.php","meta":[],"_links":{"self":[{"href":"https:\/\/eurocc.nscc.sk\/en\/wp-json\/wp\/v2\/pages\/462"}],"collection":[{"href":"https:\/\/eurocc.nscc.sk\/en\/wp-json\/wp\/v2\/pages"}],"about":[{"href":"https:\/\/eurocc.nscc.sk\/en\/wp-json\/wp\/v2\/types\/page"}],"author":[{"embeddable":true,"href":"https:\/\/eurocc.nscc.sk\/en\/wp-json\/wp\/v2\/users\/1"}],"replies":[{"embeddable":true,"href":"https:\/\/eurocc.nscc.sk\/en\/wp-json\/wp\/v2\/comments?post=462"}],"version-history":[{"count":74,"href":"https:\/\/eurocc.nscc.sk\/en\/wp-json\/wp\/v2\/pages\/462\/revisions"}],"predecessor-version":[{"id":10425,"href":"https:\/\/eurocc.nscc.sk\/en\/wp-json\/wp\/v2\/pages\/462\/revisions\/10425"}],"wp:attachment":[{"href":"https:\/\/eurocc.nscc.sk\/en\/wp-json\/wp\/v2\/media?parent=462"}],"curies":[{"name":"wp","href":"https:\/\/api.w.org\/{rel}","templated":true}]}}