{"id":485,"date":"2020-11-05T14:44:10","date_gmt":"2020-11-05T13:44:10","guid":{"rendered":"https:\/\/eurocc.nscc.sk\/?page_id=485"},"modified":"2021-11-22T08:55:03","modified_gmt":"2021-11-22T07:55:03","slug":"odbornik-odbornicka-na-inzinierske-hpc-aplikacie","status":"publish","type":"page","link":"https:\/\/eurocc.nscc.sk\/en\/career\/odbornik-odbornicka-na-inzinierske-hpc-aplikacie\/","title":{"rendered":"Engineering HPC applications support"},"content":{"rendered":"<p><strong>Centre of Operations of the Slovak Academy of Sciences<\/strong><\/p>\n\n\n\n<p><strong>Place of work<\/strong><br>Dubravska cesta, Karlova Ves, Bratislava<\/p>\n\n\n\n<p><strong>Contract type<\/strong><br>Full-time<\/p>\n\n\n\n<p><strong>Start date<\/strong><br>ASAP<\/p>\n\n\n\n<p><strong>Wage (gross)<\/strong><br>Wage (gross) 1 500 \u2013 2 000 EUR\/month. According to Act no. 553\/2003 Z.z. wage consists of two components: contractual wage based on the years of experience is 723.50 EUR + personal evaluation. The final salary depends on the experience and abilities of the candidate and can range from 1500 to 2000.- Eur.<\/p>\n\n\n\n<p><strong>Job description, responsibilities and duties<\/strong><\/p>\n\n\n\n<p>We are looking for a new colleague who will be a part of our hardworking and friendly team at the National Competence Center for High-Performance Computing. The job position is suitable for the graduate. In our team you will participate in the support of clients using supercomputer \/ HPC technologies with a focus on engineering simulations, for example:<\/p>\n\n\n\n<ul><li>Communicating with users and an\u00a0analyzing their requests.<\/li><li>Proposing suitable tools for solving users\u2019 problems.<\/li><li>Implementing pilot applications.<\/li><li>Providing training and users\u2019 support.<\/li><\/ul>\n\n\n\n<p><strong>Employee benefits<\/strong><\/p>\n\n\n\n<ul><li>Flexible working hours, home office.<\/li><li>Pleasant working environment, friendly and helpful team.<\/li><li>37.5 working hours per week.<\/li><li>One week of holiday over the legal limit.<\/li><li>Paid sick leave over the legal limit.<\/li><li>Seven days set aside per doctor's visit per year.<\/li><li>Discount on accommodation for employees from distant regions.<\/li><li>Meal allowance.<\/li><li>Drinking regime at the office.<\/li><li>Parking<\/li><li>SIM card.<\/li><li>Business laptop \/ computer as required.<\/li><\/ul>\n\n\n\n<p><strong>Candidates\u2019 education suitable for the position:<\/strong><br>University education (Master's degree) \/ Postgraduate (Doctorate)<\/p>\n\n\n\n<p><strong>University degree in<\/strong><\/p>\n\n\n\n<p>Engineering (Applied mechanics, Automotive mechatronics, Nuclear and physical engineering, etc.) or IT, Mathematics or Physics.<\/p>\n\n\n\n<p><strong>Necessary knowledge<\/strong><\/p>\n\n\n\n<ul><li>Knowledge of calculation methods in the areas of FEA and CFM.<\/li><li>Orientation in software applications focused on FEA, CFM and \"multiphysics\" simulations.<\/li><li>Experience with creating 3D models and visualizing outputs.<\/li><li>Knowledge of sequential and parallel programming (C \/ C ++ \/ Fortran) is an advantage.<\/li><li>Knowledge of verbal and written English.<\/li><\/ul>\n\n\n\n<p>Skills should be demonstrated by work experience or output from projects (e.g. diploma thesis \/ dissertation), hackathons and contributions to open-source development, etc.<\/p>\n\n\n\n<p><strong>Experience:<\/strong><\/p>\n\n\n\n<p>The candidate should demonstrate experience in the field that he \/ she could have acquired during his \/ her studies.<\/p>\n\n\n\n<p><strong>Other Skills<\/strong><\/p>\n\n\n\n<ul><li>Proactive and responsible approach to work.<\/li><li>Independence, communicativeness.<\/li><li>Responsibility.<\/li><li>Consistency.<\/li><li>Desire to learn and progress, willingness to participate on workshops, conferences.<\/li><\/ul>\n\n\n\n<p><strong>Information about the selection process<\/strong><\/p>\n\n\n\n<p>If you meet the requirements, send us your curriculum vitae and motivational letter, eventually references in Slovak language. We are thankful to all applicants for their interest, however only selected candidates will be contacted for interview.<\/p>\n\n\n\n<p><strong>Advertiser<\/strong><\/p>\n\n\n\n<p><strong>Brief description of the company<\/strong><\/p>\n\n\n\n<p>Center of Operations of the Slovak Academy of Sciences was established on May 1, 2018 and consists of eight organizational units including the Computing Center, Archive of the SAS, Encyclopaedic Institute of the SAS, Congress Center Academia, Congress Centre Smolenice, Administration of special purpose facilities SAS, Technical and Administrative Office for the Social Sciences Institutes in Bratislava and VEDA, Publishing House of SAS.<br>Center of Operations of the Slovak Academy of Sciences fulfills tasks that assist the solution of scientific research projects of the Slovak Academy of Sciences.<\/p>\n\n\n\n<p><strong>Number of employees<\/strong><\/p>\n\n\n\n<p>200-249<\/p>\n\n\n\n<p><strong>Company address<\/strong><\/p>\n\n\n\n<p>Centre of Operations SAS<br>Dubravska cesta 9&nbsp;<br>845 35 Bratislava 45<br><a href=\"\/en\/www.csc.sav.sk\/\">www.csc.sav.sk<\/a><\/p>\n\n\n\n<p><strong>Contact<\/strong><\/p>\n\n\n\n<p>Contact person: \u013dubica Kvas\u0148ovsk\u00e1<\/p>\n\n\n\n<p>Phone number:&nbsp;<a href=\"tel: 421232293108\">+421232293108<\/a><br>E-mail:&nbsp;<a href=\"https:\/\/www.profesia.sk\/send_cv.php?offer_id=3729952&amp;inc_stat=1\">sent CV<\/a><\/p>","protected":false},"excerpt":{"rendered":"<p>Centrum spolo\u010dn\u00fdch \u010dinnost\u00ed Slovenskej akad\u00e9mie vied Miesto pr\u00e1ceD\u00fabravsk\u00e1 cesta, Karlova Ves, Bratislava Druh pracovn\u00e9ho pomeruPln\u00fd \u00fav\u00e4zok Term\u00edn n\u00e1stupu\u010co najsk\u00f4r Mzdov\u00e9 podmienky (brutto)1 500 \u2013 2 000 EUR\/mesiac. Pod\u013ea z\u00e1kona \u010d. 553\/2003 Z. z. mzda pozost\u00e1va z dvoch zlo\u017eiek: tarifn\u00fd plat pod\u013ea odpracovan\u00fdch rokov je vo v\u00fd\u0161ke min. 723,50 Eur + osobn\u00e9 ohodnotenie. Kone\u010dn\u00e1 v\u00fd\u0161ka mzdy [&hellip;]<\/p>","protected":false},"author":1,"featured_media":0,"parent":462,"menu_order":0,"comment_status":"closed","ping_status":"closed","template":"templates\/template-full-width.php","meta":[],"_links":{"self":[{"href":"https:\/\/eurocc.nscc.sk\/en\/wp-json\/wp\/v2\/pages\/485"}],"collection":[{"href":"https:\/\/eurocc.nscc.sk\/en\/wp-json\/wp\/v2\/pages"}],"about":[{"href":"https:\/\/eurocc.nscc.sk\/en\/wp-json\/wp\/v2\/types\/page"}],"author":[{"embeddable":true,"href":"https:\/\/eurocc.nscc.sk\/en\/wp-json\/wp\/v2\/users\/1"}],"replies":[{"embeddable":true,"href":"https:\/\/eurocc.nscc.sk\/en\/wp-json\/wp\/v2\/comments?post=485"}],"version-history":[{"count":7,"href":"https:\/\/eurocc.nscc.sk\/en\/wp-json\/wp\/v2\/pages\/485\/revisions"}],"predecessor-version":[{"id":4525,"href":"https:\/\/eurocc.nscc.sk\/en\/wp-json\/wp\/v2\/pages\/485\/revisions\/4525"}],"up":[{"embeddable":true,"href":"https:\/\/eurocc.nscc.sk\/en\/wp-json\/wp\/v2\/pages\/462"}],"wp:attachment":[{"href":"https:\/\/eurocc.nscc.sk\/en\/wp-json\/wp\/v2\/media?parent=485"}],"curies":[{"name":"wp","href":"https:\/\/api.w.org\/{rel}","templated":true}]}}