{"id":5,"date":"2020-09-30T10:30:07","date_gmt":"2020-09-30T08:30:07","guid":{"rendered":"http:\/\/eurocc.nscc.sk\/?page_id=5"},"modified":"2024-02-06T16:06:41","modified_gmt":"2024-02-06T15:06:41","slug":"nove-muzeum-otvara-svoje-brany","status":"publish","type":"page","link":"https:\/\/eurocc.nscc.sk\/en\/","title":{"rendered":"<span style=\"color:#b8870b;\">NATIONAL COMPETENCE CENTER<\/span><br><span style=\"color:#f8f3e7;\">FOR HPC<\/span>"},"content":{"rendered":"<figure class=\"wp-block-image alignfull size-full\"><img decoding=\"async\" loading=\"lazy\" width=\"1531\" height=\"700\" src=\"https:\/\/eurocc.nscc.sk\/wp-content\/uploads\/2021\/02\/home_banner_processor_gold.jpg\" alt=\"\" class=\"wp-image-2175\" srcset=\"https:\/\/eurocc.nscc.sk\/wp-content\/uploads\/2021\/02\/home_banner_processor_gold.jpg 1531w, https:\/\/eurocc.nscc.sk\/wp-content\/uploads\/2021\/02\/home_banner_processor_gold-300x137.jpg 300w, https:\/\/eurocc.nscc.sk\/wp-content\/uploads\/2021\/02\/home_banner_processor_gold-1024x468.jpg 1024w, https:\/\/eurocc.nscc.sk\/wp-content\/uploads\/2021\/02\/home_banner_processor_gold-768x351.jpg 768w, https:\/\/eurocc.nscc.sk\/wp-content\/uploads\/2021\/02\/home_banner_processor_gold-16x7.jpg 16w, https:\/\/eurocc.nscc.sk\/wp-content\/uploads\/2021\/02\/home_banner_processor_gold-1200x549.jpg 1200w\" sizes=\"(max-width: 1531px) 100vw, 1531px\" \/><\/figure>\n\n\n\n<div class=\"is-layout-flow wp-block-group alignwide\"><div class=\"wp-block-group__inner-container\">\n<figure class=\"wp-block-table aligncenter home-social-top\"><table><tbody><tr><td class=\"has-text-align-center\" data-align=\"center\"><a href=\"https:\/\/www.facebook.com\/nccprehpc\" target=\"_blank\" rel=\"noreferrer noopener\"><img decoding=\"async\" class=\"wp-image-767\" style=\"width: 20px;\" src=\"https:\/\/eurocc.nscc.sk\/wp-content\/uploads\/2020\/12\/icon_Facebook_gold.png\" alt=\"\"><\/a><\/td><td><a rel=\"noreferrer noopener\" href=\"https:\/\/www.instagram.com\/centrumspolocnychcinnosti\/\" target=\"_blank\"><\/a><a href=\"https:\/\/www.instagram.com\/euroccslovakia\/\" target=\"_blank\" rel=\"noreferrer noopener\"><img decoding=\"async\" loading=\"lazy\" width=\"120\" height=\"120\" class=\"wp-image-769\" style=\"width: 20px;\" src=\"https:\/\/eurocc.nscc.sk\/wp-content\/uploads\/2020\/12\/icon_Instagram_gold.png\" alt=\"\" srcset=\"https:\/\/eurocc.nscc.sk\/wp-content\/uploads\/2020\/12\/icon_Instagram_gold.png 120w, https:\/\/eurocc.nscc.sk\/wp-content\/uploads\/2020\/12\/icon_Instagram_gold-12x12.png 12w\" sizes=\"(max-width: 120px) 100vw, 120px\" \/><\/a><\/td><td><a href=\"https:\/\/www.threads.net\/@euroccslovakia\"><img decoding=\"async\" loading=\"lazy\" width=\"670\" height=\"671\" class=\"wp-image-8287\" style=\"width: 20px;\" src=\"https:\/\/eurocc.nscc.sk\/wp-content\/uploads\/2024\/02\/th-1.png\" alt=\"\" srcset=\"https:\/\/eurocc.nscc.sk\/wp-content\/uploads\/2024\/02\/th-1.png 670w, https:\/\/eurocc.nscc.sk\/wp-content\/uploads\/2024\/02\/th-1-300x300.png 300w, https:\/\/eurocc.nscc.sk\/wp-content\/uploads\/2024\/02\/th-1-150x150.png 150w, https:\/\/eurocc.nscc.sk\/wp-content\/uploads\/2024\/02\/th-1-12x12.png 12w\" sizes=\"(max-width: 670px) 100vw, 670px\" \/><\/a><\/td><td><a rel=\"noreferrer noopener\" href=\"https:\/\/twitter.com\/SlovakNSCC\" target=\"_blank\"><\/a><a href=\"https:\/\/twitter.com\/EuroCCSlovakia\"><img decoding=\"async\" loading=\"lazy\" width=\"510\" height=\"509\" class=\"wp-image-8288\" style=\"width: 20px;\" src=\"https:\/\/eurocc.nscc.sk\/wp-content\/uploads\/2024\/02\/x-.png\" alt=\"\" srcset=\"https:\/\/eurocc.nscc.sk\/wp-content\/uploads\/2024\/02\/x-.png 510w, https:\/\/eurocc.nscc.sk\/wp-content\/uploads\/2024\/02\/x--300x300.png 300w, https:\/\/eurocc.nscc.sk\/wp-content\/uploads\/2024\/02\/x--150x150.png 150w, https:\/\/eurocc.nscc.sk\/wp-content\/uploads\/2024\/02\/x--12x12.png 12w\" sizes=\"(max-width: 510px) 100vw, 510px\" \/><\/a><\/td><td><a rel=\"noreferrer noopener\" href=\"https:\/\/www.linkedin.com\/company\/slovaknscc\" target=\"_blank\"><\/a><a href=\"https:\/\/www.linkedin.com\/company\/slovaknscc\" target=\"_blank\" rel=\"noreferrer noopener\"><img decoding=\"async\" loading=\"lazy\" width=\"120\" height=\"120\" class=\"wp-image-770\" style=\"width: 20px;\" src=\"https:\/\/eurocc.nscc.sk\/wp-content\/uploads\/2020\/12\/icon_LinkedIn_gold.png\" alt=\"\" srcset=\"https:\/\/eurocc.nscc.sk\/wp-content\/uploads\/2020\/12\/icon_LinkedIn_gold.png 120w, https:\/\/eurocc.nscc.sk\/wp-content\/uploads\/2020\/12\/icon_LinkedIn_gold-12x12.png 12w\" sizes=\"(max-width: 120px) 100vw, 120px\" \/><\/a><\/td><td class=\"has-text-align-left\" data-align=\"left\"><a rel=\"noreferrer noopener\" href=\"mailto:eurocc@nscc.sk\" data-type=\"mailto\" data-id=\"mailto:eurocc@nscc.sk\" target=\"_blank\"><\/a><a href=\"mailto:eurocc@nscc.sk\" target=\"_blank\" rel=\"noreferrer noopener\"><img decoding=\"async\" class=\"wp-image-771\" style=\"width: 20px;\" src=\"https:\/\/eurocc.nscc.sk\/wp-content\/uploads\/2020\/12\/icon_mail_gold.png\" alt=\"\"><\/a><\/td><td><a href=\"https:\/\/www.youtube.com\/@nccprehpc\" target=\"_blank\" rel=\"noreferrer noopener\"><img decoding=\"async\" style=\"width: 20px;\" src=\"https:\/\/eurocc.nscc.sk\/wp-content\/uploads\/2022\/11\/yt.png\" alt=\"\"><\/a><\/td><\/tr><\/tbody><\/table><\/figure>\n\n\n\n<div class=\"is-layout-flex wp-container-9 wp-block-columns alignfull home-fourcol\">\n<div class=\"is-layout-flow wp-block-column home-fourcol-singl\">\n<h4 class=\"has-text-align-center home-fourcol-h\">What is<br>HPC?<br><hr style=\"border-bottom: 2px solid #b8870b; width: 100px;\"><\/h4>\n\n\n<div class=\"wp-block-image\">\n<figure class=\"aligncenter size-large is-resized\"><img decoding=\"async\" src=\"https:\/\/eurocc.nscc.sk\/wp-content\/uploads\/2020\/12\/icon_HPC_gold.png\" alt=\"\" class=\"wp-image-768\" height=\"43\" srcset=\"https:\/\/eurocc.nscc.sk\/wp-content\/uploads\/2020\/12\/icon_HPC_gold.png 161w, https:\/\/eurocc.nscc.sk\/wp-content\/uploads\/2020\/12\/icon_HPC_gold-16x12.png 16w\" sizes=\"(max-width: 161px) 100vw, 161px\" \/><\/figure><\/div>\n\n\n<p class=\"has-text-align-center\">High performance computing (HPC) is the use of high-performance computing technologies (supercomputers and parallel programs) to solve complex numerical problems. Deployment of HPC is important in modern science as well as in industry.<\/p>\n\n\n\n<div class=\"is-horizontal is-content-justification-center is-layout-flex wp-container-1 wp-block-buttons\">\n<div class=\"wp-block-button\"><a class=\"wp-block-button__link wp-element-button\" href=\"https:\/\/eurocc.nscc.sk\/en\/us\/#hpc121\/\">Read More<\/a><\/div>\n<\/div>\n<\/div>\n\n\n\n<div class=\"is-layout-flow wp-block-column home-fourcol-singl\">\n<h4 class=\"has-text-align-center home-fourcol-h\">Competence<br>Center<br><hr style=\"border-bottom: 2px solid #b8870b; width: 100px;\"><\/h4>\n\n\n<div class=\"wp-block-image\">\n<figure class=\"aligncenter size-large is-resized\"><img decoding=\"async\" src=\"https:\/\/eurocc.nscc.sk\/wp-content\/uploads\/2020\/12\/icon_competence_center_gold.png\" alt=\"\" class=\"wp-image-765\" height=\"43\" srcset=\"https:\/\/eurocc.nscc.sk\/wp-content\/uploads\/2020\/12\/icon_competence_center_gold.png 141w, https:\/\/eurocc.nscc.sk\/wp-content\/uploads\/2020\/12\/icon_competence_center_gold-12x12.png 12w\" sizes=\"(max-width: 141px) 100vw, 141px\" \/><\/figure><\/div>\n\n\n<p class=\"has-text-align-center translation-block\">National competence center's mission is to promote the use of HPC in science and industry and to increase the competences of its users. If you are interested in more information, training or cooperation do not hesitate to <a href=\"http:\/\/eurocc.nscc.sk\/en\/kontakt\/\" target=\"_self\">contact us<\/a>.<\/p>\n\n\n\n<div class=\"is-horizontal is-content-justification-center is-layout-flex wp-container-3 wp-block-buttons\">\n<div class=\"wp-block-button\"><a class=\"wp-block-button__link wp-element-button\" href=\"https:\/\/eurocc.nscc.sk\/en\/us\/#ncc12\/\">Read More<\/a><\/div>\n<\/div>\n<\/div>\n\n\n\n<div class=\"is-layout-flow wp-block-column home-fourcol-singl\">\n<h4 class=\"has-text-align-center home-fourcol-h\">The services of the<br>and training<br><hr style=\"border-bottom: 2px solid #b8870b; width: 100px;\"><\/h4>\n\n\n<div class=\"wp-block-image\">\n<figure class=\"aligncenter size-large is-resized\"><img decoding=\"async\" src=\"https:\/\/eurocc.nscc.sk\/wp-content\/uploads\/2020\/12\/icon_education_gold.png\" alt=\"\" class=\"wp-image-766\" height=\"43\" srcset=\"https:\/\/eurocc.nscc.sk\/wp-content\/uploads\/2020\/12\/icon_education_gold.png 130w, https:\/\/eurocc.nscc.sk\/wp-content\/uploads\/2020\/12\/icon_education_gold-8x12.png 8w\" sizes=\"(max-width: 130px) 100vw, 130px\" \/><\/figure><\/div>\n\n\n<p class=\"has-text-align-center\">The National Competence Center provides services and courses in the field of HPC. All our services and courses are free of charge. Collaborate with us, use our computing resources, learn to code, find out how to optimize parallel code sand use HPC software efficiently.<\/p>\n\n\n\n<div class=\"is-horizontal is-content-justification-center is-layout-flex wp-container-5 wp-block-buttons\">\n<div class=\"wp-block-button\"><a class=\"wp-block-button__link wp-element-button\" href=\"https:\/\/eurocc.nscc.sk\/en\/sluzby-2\/\">Read More<\/a><\/div>\n<\/div>\n<\/div>\n\n\n\n<div class=\"is-layout-flow wp-block-column home-fourcol-singl\">\n<h4 class=\"has-text-align-center home-fourcol-h\">News<br>and Information<br><hr style=\"border-bottom: 2px solid #b8870b; width: 100px;\"><\/h4>\n\n\n<div class=\"wp-block-image\">\n<figure class=\"aligncenter size-large is-resized\"><img decoding=\"async\" src=\"https:\/\/eurocc.nscc.sk\/wp-content\/uploads\/2020\/12\/icon_news_gold.png\" alt=\"\" class=\"wp-image-772\" height=\"43\" srcset=\"https:\/\/eurocc.nscc.sk\/wp-content\/uploads\/2020\/12\/icon_news_gold.png 148w, https:\/\/eurocc.nscc.sk\/wp-content\/uploads\/2020\/12\/icon_news_gold-13x12.png 13w\" sizes=\"(max-width: 148px) 100vw, 148px\" \/><\/figure><\/div>\n\n\n<p class=\"has-text-align-center\">We regularly publish updates on the activities of the competence center, reports on successful deployment of HPC, cooperation with academia and private sector, and organized events. Subscribe to our <a href=\"\/en\/#newsletter\">newsletter <\/a>and follow us on <a href=\"\/en\/#social11\">social networks<\/a>!<\/p>\n\n\n\n<div class=\"is-horizontal is-content-justification-center is-layout-flex wp-container-7 wp-block-buttons\">\n<div class=\"wp-block-button\"><a class=\"wp-block-button__link wp-element-button\" href=\"https:\/\/eurocc.nscc.sk\/en\/news\/\">Read More<\/a><\/div>\n<\/div>\n<\/div>\n<\/div>\n<\/div><\/div>\n\n\n\n<div class=\"is-layout-flow wp-block-group home-textee-container\"><div class=\"wp-block-group__inner-container\">\n<p class=\"has-text-align-center home-textee\"><span class=\"yella\">Slovakia<\/span> has joined a European network of 33 <span class=\"yella\">competence centers.<\/span> The aim of the <a rel=\"noreferrer noopener\" href=\"https:\/\/www.eurocc-access.eu\/\" target=\"_blank\">EuroCC project.<\/a> from <a rel=\"noreferrer noopener\" href=\"https:\/\/www.eurocc-access.eu\/\" target=\"_blank\">CASTIEL<\/a><a href=\"https:\/\/www.eurocc-access.eu\/\" target=\"_blank\" rel=\"noreferrer noopener\"> <\/a>is to bridge the existing HPC skill gaps while promoting cooperation and the implementation of best practices across Europe.  European countries are currently taking part in the initiative and pooling their resources with the EU and private partners to enable the EU to become a world leader in supercomputing.<\/p>\n<\/div><\/div>\n\n\n\n<div class=\"is-layout-flow wp-block-group posts-div\"><div class=\"wp-block-group__inner-container\">\n<h4 class=\"home-posts-h\">News<hr style=\"border-bottom: 2px solid #b8870b; width: 100px;\"><\/h4>\n\n\n\n<div class=\"is-layout-flex wp-container-15 wp-block-columns\">\n<div class=\"is-layout-flow wp-block-column\"><div class=\"posts-div-col\"><div class=\"listing-item\"><a class=\"image\" href=\"https:\/\/eurocc.nscc.sk\/en\/umela-inteligencia-a-superpocitac-ako-nova-zbran-proti-ekologickym-havariam\/\"><img width=\"300\" height=\"164\" src=\"https:\/\/eurocc.nscc.sk\/wp-content\/uploads\/2026\/03\/kl-300x164.png\" class=\"attachment-medium size-medium wp-post-image\" alt=\"\" decoding=\"async\" loading=\"lazy\" srcset=\"https:\/\/eurocc.nscc.sk\/wp-content\/uploads\/2026\/03\/kl-300x164.png 300w, https:\/\/eurocc.nscc.sk\/wp-content\/uploads\/2026\/03\/kl-768x420.png 768w, https:\/\/eurocc.nscc.sk\/wp-content\/uploads\/2026\/03\/kl-18x10.png 18w, https:\/\/eurocc.nscc.sk\/wp-content\/uploads\/2026\/03\/kl.png 908w\" sizes=\"(max-width: 300px) 100vw, 300px\" \/><\/a> <a class=\"title\" href=\"https:\/\/eurocc.nscc.sk\/en\/umela-inteligencia-a-superpocitac-ako-nova-zbran-proti-ekologickym-havariam\/\"><strong>Artificial Intelligence and a Supercomputer as a New Weapon Against Environmental Disasters<\/strong><\/a> <span class=\"date\">26 Mar<\/span> <span class=\"excerpt-dash\">-<\/span> <span class=\"excerpt\">Scientists from Nitra, Slovakia are teaching machines to predict industrial failures before they can cause damage. Thanks to collaboration with the European supercomputer LUMI, they have developed a digital \u201cguardian\u201d capable of detecting pipeline leaks or manufacturing faults with high accuracy\u2014helping protect both the environment and companies\u2019 budgets.<\/span><\/div><\/div>\n<\/div>\n\n\n\n<div class=\"is-layout-flow wp-block-column\"><div class=\"posts-div-col\"><div class=\"listing-item\"><a class=\"image\" href=\"https:\/\/eurocc.nscc.sk\/en\/slovensky-recept-na-ferove-hry-a-spokojnejsich-hracov\/\"><img width=\"300\" height=\"164\" src=\"https:\/\/eurocc.nscc.sk\/wp-content\/uploads\/2026\/03\/lm-300x164.png\" class=\"attachment-medium size-medium wp-post-image\" alt=\"\" decoding=\"async\" loading=\"lazy\" srcset=\"https:\/\/eurocc.nscc.sk\/wp-content\/uploads\/2026\/03\/lm-300x164.png 300w, https:\/\/eurocc.nscc.sk\/wp-content\/uploads\/2026\/03\/lm-768x420.png 768w, https:\/\/eurocc.nscc.sk\/wp-content\/uploads\/2026\/03\/lm-18x10.png 18w, https:\/\/eurocc.nscc.sk\/wp-content\/uploads\/2026\/03\/lm.png 908w\" sizes=\"(max-width: 300px) 100vw, 300px\" \/><\/a> <a class=\"title\" href=\"https:\/\/eurocc.nscc.sk\/en\/slovensky-recept-na-ferove-hry-a-spokojnejsich-hracov\/\"><strong>The Slovak Recipe for Fair Play and Happier Players<\/strong><\/a> <span class=\"date\">25 Mar<\/span> <span class=\"excerpt-dash\">-<\/span> <span class=\"excerpt\">Do you play games on your phone and sometimes feel like the game just doesn\u2019t understand you? Experts from Nitra, Slovakia, have used one of Europe\u2019s most powerful supercomputers to change that. Thanks to the Italian giant named Leonardo, they discovered how to read between the lines of player behavior and make the gaming experience more personal and fair.<\/span><\/div><\/div>\n<\/div>\n\n\n\n<div class=\"is-layout-flow wp-block-column\"><div class=\"posts-div-col\"><div class=\"listing-item\"><a class=\"image\" href=\"https:\/\/eurocc.nscc.sk\/en\/prihlaste-sa-na-letnu-skolu-eumaster4hpc-2026-zameranu-na-vysokovykonne-pocitanie\/\"><img width=\"300\" height=\"200\" src=\"https:\/\/eurocc.nscc.sk\/wp-content\/uploads\/2026\/03\/system-administrators-monitoring-ai-llm-visualization-data-center-with-server-racks-rows-it-300x200.jpg\" class=\"attachment-medium size-medium wp-post-image\" alt=\"\" decoding=\"async\" loading=\"lazy\" srcset=\"https:\/\/eurocc.nscc.sk\/wp-content\/uploads\/2026\/03\/system-administrators-monitoring-ai-llm-visualization-data-center-with-server-racks-rows-it-300x200.jpg 300w, https:\/\/eurocc.nscc.sk\/wp-content\/uploads\/2026\/03\/system-administrators-monitoring-ai-llm-visualization-data-center-with-server-racks-rows-it-1024x683.jpg 1024w, https:\/\/eurocc.nscc.sk\/wp-content\/uploads\/2026\/03\/system-administrators-monitoring-ai-llm-visualization-data-center-with-server-racks-rows-it-768x512.jpg 768w, https:\/\/eurocc.nscc.sk\/wp-content\/uploads\/2026\/03\/system-administrators-monitoring-ai-llm-visualization-data-center-with-server-racks-rows-it-1536x1024.jpg 1536w, https:\/\/eurocc.nscc.sk\/wp-content\/uploads\/2026\/03\/system-administrators-monitoring-ai-llm-visualization-data-center-with-server-racks-rows-it-2048x1365.jpg 2048w, https:\/\/eurocc.nscc.sk\/wp-content\/uploads\/2026\/03\/system-administrators-monitoring-ai-llm-visualization-data-center-with-server-racks-rows-it-18x12.jpg 18w, https:\/\/eurocc.nscc.sk\/wp-content\/uploads\/2026\/03\/system-administrators-monitoring-ai-llm-visualization-data-center-with-server-racks-rows-it-1200x800.jpg 1200w, https:\/\/eurocc.nscc.sk\/wp-content\/uploads\/2026\/03\/system-administrators-monitoring-ai-llm-visualization-data-center-with-server-racks-rows-it-1980x1320.jpg 1980w\" sizes=\"(max-width: 300px) 100vw, 300px\" \/><\/a> <a class=\"title\" href=\"https:\/\/eurocc.nscc.sk\/en\/prihlaste-sa-na-letnu-skolu-eumaster4hpc-2026-zameranu-na-vysokovykonne-pocitanie\/\">Apply for the EUMaster4HPC Summer School 2026 focused on High-Performance Computing.<\/a> <span class=\"date\">23 Mar<\/span> <span class=\"excerpt-dash\">-<\/span> <span class=\"excerpt\">From 5 to 14 July 2026, the EUMaster4HPC Summer School titled \u201cHigh-Performance Computing and Emerging Trends\u201d will take place in Luxembourg. The event will be held at the Marienthal Youth Center and the University of Luxembourg in Belval.<\/span><\/div><\/div>\n<\/div>\n<\/div>\n<\/div><\/div>\n\n\n\n<div class=\"is-layout-flow wp-block-group alignfull home-newsl\"><div class=\"wp-block-group__inner-container\">\n<div class=\"is-layout-flow wp-block-group alignfull\" id=\"newsletter\"><div class=\"wp-block-group__inner-container\">\n<h4 class=\"home-newsl-h\">Newsletter<hr style=\"border-bottom: 2px solid #b8870b; width: 100px;\"><\/h4>\n\n\n\n<p class=\"has-text-align-left home-newsl-p\">Sign up to our newsletter to receive the latest news and information about upcoming events.\n<div class=\"wpcf7 no-js\" id=\"wpcf7-f3725-o1\" lang=\"sk-SK\" dir=\"ltr\">\n<div class=\"screen-reader-response\"><p role=\"status\" aria-live=\"polite\" aria-atomic=\"true\"><\/p> <ul><\/ul><\/div>\n<form action=\"\/en\/wp-json\/wp\/v2\/pages\/5#wpcf7-f3725-o1\" method=\"post\" class=\"wpcf7-form init\" aria-label=\"Contact form\" novalidate=\"novalidate\" data-status=\"init\" data-trp-original-action=\"\/en\/wp-json\/wp\/v2\/pages\/5#wpcf7-f3725-o1\">\n<div style=\"display: none;\">\n<input type=\"hidden\" name=\"_wpcf7\" value=\"3725\" \/>\n<input type=\"hidden\" name=\"_wpcf7_version\" value=\"5.7.7\" \/>\n<input type=\"hidden\" name=\"_wpcf7_locale\" value=\"sk_SK\" \/>\n<input type=\"hidden\" name=\"_wpcf7_unit_tag\" value=\"wpcf7-f3725-o1\" \/>\n<input type=\"hidden\" name=\"_wpcf7_container_post\" value=\"0\" \/>\n<input type=\"hidden\" name=\"_wpcf7_posted_data_hash\" value=\"\" \/>\n<input type=\"hidden\" name=\"_wpcf7cf_hidden_group_fields\" value=\"[]\" \/>\n<input type=\"hidden\" name=\"_wpcf7cf_hidden_groups\" value=\"[]\" \/>\n<input type=\"hidden\" name=\"_wpcf7cf_visible_groups\" value=\"[]\" \/>\n<input type=\"hidden\" name=\"_wpcf7cf_repeaters\" value=\"[]\" \/>\n<input type=\"hidden\" name=\"_wpcf7cf_steps\" value=\"{}\" \/>\n<input type=\"hidden\" name=\"_wpcf7cf_options\" value=\"{&quot;form_id&quot;:3725,&quot;conditions&quot;:[],&quot;settings&quot;:{&quot;animation&quot;:&quot;yes&quot;,&quot;animation_intime&quot;:200,&quot;animation_outtime&quot;:200,&quot;conditions_ui&quot;:&quot;normal&quot;,&quot;notice_dismissed&quot;:false,&quot;notice_dismissed_rollback-cf7-5.6.4&quot;:true}}\" \/>\n<\/div>\n<table>\n\t<tr>\n\t\t<td>\n\t\t\t<p><span class=\"wpcf7-form-control-wrap\" data-name=\"your-fname\"><input size=\"40\" class=\"wpcf7-form-control wpcf7-text wpcf7-validates-as-required\" aria-required=\"true\" aria-invalid=\"false\" placeholder=\"First name\" value=\"\" type=\"text\" name=\"your-fname\" \/><\/span>\n\t\t\t<\/p>\n\t\t<\/td>\n\t\t<td>\n\t\t\t<p><span class=\"wpcf7-form-control-wrap\" data-name=\"your-lname\"><input size=\"40\" class=\"wpcf7-form-control wpcf7-text wpcf7-validates-as-required\" aria-required=\"true\" aria-invalid=\"false\" placeholder=\"Last name\" value=\"\" type=\"text\" name=\"your-lname\" \/><\/span>\n\t\t\t<\/p>\n\t\t<\/td>\n\t<\/tr>\n\t<tr>\n\t\t<td>\n\t\t\t<p><span class=\"wpcf7-form-control-wrap\" data-name=\"your-email\"><input size=\"40\" class=\"wpcf7-form-control wpcf7-text wpcf7-email wpcf7-validates-as-required wpcf7-validates-as-email\" aria-required=\"true\" aria-invalid=\"false\" placeholder=\"Emailov\u00e1 adresa\" value=\"\" type=\"email\" name=\"your-email\" \/><\/span>\n\t\t\t<\/p>\n\t\t<\/td>\n\t\t<td>\n\t\t\t<p><span class=\"wpcf7-form-control-wrap\" data-name=\"your-institute\"><input size=\"40\" class=\"wpcf7-form-control wpcf7-text wpcf7-validates-as-required\" aria-required=\"true\" aria-invalid=\"false\" placeholder=\"Company\" value=\"\" type=\"text\" name=\"your-institute\" \/><\/span>\n\t\t\t<\/p>\n\t\t<\/td>\n\t<\/tr>\n<\/table>\n<div style=\"margin-top:20px; margin-bottom:25px\">\n\t<p><div id=\"cf7sr-69da18a699097\" class=\"cf7sr-g-recaptcha\" data-sitekey=\"6LendT4cAAAAABnAqrGGrvUTwhKMU75lrcThLia3\"><\/div><span class=\"wpcf7-form-control-wrap cf7sr-recaptcha\" data-name=\"cf7sr-recaptcha\"><input type=\"hidden\" name=\"cf7sr-recaptcha\" value=\"\" class=\"wpcf7-form-control\"><\/span>\n\t<\/p>\n<\/div>\n<p><span class=\"wpcf7-form-control-wrap\" data-name=\"gdpr-1\"><span class=\"wpcf7-form-control wpcf7-acceptance\"><span class=\"wpcf7-list-item\"><label><input type=\"checkbox\" name=\"gdpr-1\" value=\"1\" aria-invalid=\"false\" \/><span class=\"wpcf7-list-item-label\">I have read the <a href=\"https:\/\/eurocc.nscc.sk\/html\/GDPR_NCC_newsletter.pdf\" target=\"_blank\">terms of personal data protection<\/a> and agree with the procession of my email address.<\/span><\/label><\/span><\/span><\/span><br \/>\n<input class=\"wpcf7-form-control has-spinner wpcf7-submit\" type=\"submit\" value=\"SUBSCRIBE\" \/>\n<\/p><div class=\"wpcf7-response-output\" aria-hidden=\"true\"><\/div>\n<input type=\"hidden\" name=\"trp-form-language\" value=\"en\"\/><\/form>\n<\/div>\n<\/p>\n<\/div><\/div>\n\n\n\n<p id=\"social\"><\/p>\n<\/div><\/div>","protected":false},"excerpt":{"rendered":"<p>\u010co jeHPC? High performance computing (HPC) znamen\u00e1 vyu\u017e\u00edvanie vysokov\u00fdkonn\u00fdch v\u00fdpo\u010dtov\u00fdch technol\u00f3gi\u00ed (superpo\u010d\u00edta\u010dov) na rie\u0161enie zlo\u017eit\u00fdch numerick\u00fdch \u00faloh. Nasadenie HPC m\u00e1 v\u00fdznam v modernej vede aj v priemysle. Kompeten\u010dn\u00e9centrum Misiou N\u00e1rodn\u00e9ho kompeten\u010dn\u00e9ho centra je propagova\u0165 pou\u017e\u00edvanie HPC vo vede a priemysle a zvy\u0161ova\u0165 kompetencie jeho pou\u017e\u00edvate\u013eov. Ak m\u00e1te z\u00e1ujem o \u010fal\u0161ie inform\u00e1cie, vzdel\u00e1vanie alebo spolupr\u00e1cu, kontaktujte [&hellip;]<\/p>","protected":false},"author":1,"featured_media":0,"parent":0,"menu_order":0,"comment_status":"closed","ping_status":"closed","template":"templates\/template-full-width.php","meta":[],"_links":{"self":[{"href":"https:\/\/eurocc.nscc.sk\/en\/wp-json\/wp\/v2\/pages\/5"}],"collection":[{"href":"https:\/\/eurocc.nscc.sk\/en\/wp-json\/wp\/v2\/pages"}],"about":[{"href":"https:\/\/eurocc.nscc.sk\/en\/wp-json\/wp\/v2\/types\/page"}],"author":[{"embeddable":true,"href":"https:\/\/eurocc.nscc.sk\/en\/wp-json\/wp\/v2\/users\/1"}],"replies":[{"embeddable":true,"href":"https:\/\/eurocc.nscc.sk\/en\/wp-json\/wp\/v2\/comments?post=5"}],"version-history":[{"count":227,"href":"https:\/\/eurocc.nscc.sk\/en\/wp-json\/wp\/v2\/pages\/5\/revisions"}],"predecessor-version":[{"id":8339,"href":"https:\/\/eurocc.nscc.sk\/en\/wp-json\/wp\/v2\/pages\/5\/revisions\/8339"}],"wp:attachment":[{"href":"https:\/\/eurocc.nscc.sk\/en\/wp-json\/wp\/v2\/media?parent=5"}],"curies":[{"name":"wp","href":"https:\/\/api.w.org\/{rel}","templated":true}]}}