{"id":5150,"date":"2022-04-12T14:54:07","date_gmt":"2022-04-12T12:54:07","guid":{"rendered":"https:\/\/eurocc.nscc.sk\/?page_id=5150"},"modified":"2022-04-12T15:52:48","modified_gmt":"2022-04-12T13:52:48","slug":"success-stories","status":"publish","type":"page","link":"https:\/\/eurocc.nscc.sk\/en\/news\/success-stories\/","title":{"rendered":"Success Stories"},"content":{"rendered":"<div class=\"is-layout-flow wp-block-group alignfull news-posts\"><div class=\"wp-block-group__inner-container\"><div class=\"display-posts-listing grid\"><div class=\"listing-item\"><a class=\"image\" href=\"https:\/\/eurocc.nscc.sk\/en\/umela-inteligencia-a-superpocitac-ako-nova-zbran-proti-ekologickym-havariam\/\"><img width=\"300\" height=\"164\" src=\"https:\/\/eurocc.nscc.sk\/wp-content\/uploads\/2026\/03\/kl-300x164.png\" class=\"attachment-medium size-medium wp-post-image\" alt=\"\" decoding=\"async\" loading=\"lazy\" srcset=\"https:\/\/eurocc.nscc.sk\/wp-content\/uploads\/2026\/03\/kl-300x164.png 300w, https:\/\/eurocc.nscc.sk\/wp-content\/uploads\/2026\/03\/kl-768x420.png 768w, https:\/\/eurocc.nscc.sk\/wp-content\/uploads\/2026\/03\/kl-18x10.png 18w, https:\/\/eurocc.nscc.sk\/wp-content\/uploads\/2026\/03\/kl.png 908w\" sizes=\"(max-width: 300px) 100vw, 300px\" \/><\/a> <a class=\"title\" href=\"https:\/\/eurocc.nscc.sk\/en\/umela-inteligencia-a-superpocitac-ako-nova-zbran-proti-ekologickym-havariam\/\"><strong>Artificial Intelligence and a Supercomputer as a New Weapon Against Environmental Disasters<\/strong><\/a> <span class=\"date\">26 Mar<\/span> <span class=\"excerpt-dash\">-<\/span> <span class=\"excerpt\">Scientists from Nitra, Slovakia are teaching machines to predict industrial failures before they can cause damage. Thanks to collaboration with the European supercomputer LUMI, they have developed a digital \u201cguardian\u201d capable of detecting pipeline leaks or manufacturing faults with high accuracy\u2014helping protect both the environment and companies\u2019 budgets.<\/span><\/div><div class=\"listing-item\"><a class=\"image\" href=\"https:\/\/eurocc.nscc.sk\/en\/slovensky-recept-na-ferove-hry-a-spokojnejsich-hracov\/\"><img width=\"300\" height=\"164\" src=\"https:\/\/eurocc.nscc.sk\/wp-content\/uploads\/2026\/03\/lm-300x164.png\" class=\"attachment-medium size-medium wp-post-image\" alt=\"\" decoding=\"async\" loading=\"lazy\" srcset=\"https:\/\/eurocc.nscc.sk\/wp-content\/uploads\/2026\/03\/lm-300x164.png 300w, https:\/\/eurocc.nscc.sk\/wp-content\/uploads\/2026\/03\/lm-768x420.png 768w, https:\/\/eurocc.nscc.sk\/wp-content\/uploads\/2026\/03\/lm-18x10.png 18w, https:\/\/eurocc.nscc.sk\/wp-content\/uploads\/2026\/03\/lm.png 908w\" sizes=\"(max-width: 300px) 100vw, 300px\" \/><\/a> <a class=\"title\" href=\"https:\/\/eurocc.nscc.sk\/en\/slovensky-recept-na-ferove-hry-a-spokojnejsich-hracov\/\"><strong>The Slovak Recipe for Fair Play and Happier Players<\/strong><\/a> <span class=\"date\">25 Mar<\/span> <span class=\"excerpt-dash\">-<\/span> <span class=\"excerpt\">Do you play games on your phone and sometimes feel like the game just doesn\u2019t understand you? Experts from Nitra, Slovakia, have used one of Europe\u2019s most powerful supercomputers to change that. Thanks to the Italian giant named Leonardo, they discovered how to read between the lines of player behavior and make the gaming experience more personal and fair.<\/span><\/div><div class=\"listing-item\"><a class=\"image\" href=\"https:\/\/eurocc.nscc.sk\/en\/mestske-budovy-sa-prebudzaju-slovenska-ai-dava-druhu-sancu-nevyuzitym-priestorom\/\"><img width=\"300\" height=\"200\" src=\"https:\/\/eurocc.nscc.sk\/wp-content\/uploads\/2026\/03\/NextUseAI-300x200.png\" class=\"attachment-medium size-medium wp-post-image\" alt=\"\" decoding=\"async\" loading=\"lazy\" srcset=\"https:\/\/eurocc.nscc.sk\/wp-content\/uploads\/2026\/03\/NextUseAI-300x200.png 300w, https:\/\/eurocc.nscc.sk\/wp-content\/uploads\/2026\/03\/NextUseAI-1024x683.png 1024w, https:\/\/eurocc.nscc.sk\/wp-content\/uploads\/2026\/03\/NextUseAI-768x512.png 768w, https:\/\/eurocc.nscc.sk\/wp-content\/uploads\/2026\/03\/NextUseAI-18x12.png 18w, https:\/\/eurocc.nscc.sk\/wp-content\/uploads\/2026\/03\/NextUseAI-1200x800.png 1200w, https:\/\/eurocc.nscc.sk\/wp-content\/uploads\/2026\/03\/NextUseAI.png 1536w\" sizes=\"(max-width: 300px) 100vw, 300px\" \/><\/a> <a class=\"title\" href=\"https:\/\/eurocc.nscc.sk\/en\/mestske-budovy-sa-prebudzaju-slovenska-ai-dava-druhu-sancu-nevyuzitym-priestorom\/\"><strong>Urban buildings awaken: Slovak AI gives a second chance to underused spaces<\/strong><\/a> <span class=\"date\">4 Mar<\/span> <span class=\"excerpt-dash\">-<\/span> <span class=\"excerpt\">Mest\u00e1 s\u00fa \u017eiv\u00e9 organizmy, ktor\u00e9 sa neust\u00e1le menia. Mnoh\u00ed z n\u00e1s v\u0161ak v susedstve denne m\u00ed\u0148aj\u00fa tich\u00e9 svedectv\u00e1 minulosti \u2013 pr\u00e1zdne \u0161koly, nevyu\u017e\u00edvan\u00e9 \u00farady \u010di ch\u00e1traj\u00face verejn\u00e9 budovy. \u010casto si kladieme ot\u00e1zky: \u201ePre\u010do je to zatvoren\u00e9?\u201c \u201eNemohol by tu by\u0165 rad\u0161ej denn\u00fd stacion\u00e1r, \u0161k\u00f4lka alebo kult\u00farne centrum?\u201c<\/span><\/div><div class=\"listing-item\"><a class=\"image\" href=\"https:\/\/eurocc.nscc.sk\/en\/ked-vyrobna-linka-vie-co-sa-stane-o-10-minut\/\"><img width=\"300\" height=\"183\" src=\"https:\/\/eurocc.nscc.sk\/wp-content\/uploads\/2026\/02\/GettyImages-505057478-1-300x183.jpg\" class=\"attachment-medium size-medium wp-post-image\" alt=\"\" decoding=\"async\" loading=\"lazy\" srcset=\"https:\/\/eurocc.nscc.sk\/wp-content\/uploads\/2026\/02\/GettyImages-505057478-1-300x183.jpg 300w, https:\/\/eurocc.nscc.sk\/wp-content\/uploads\/2026\/02\/GettyImages-505057478-1-768x469.jpg 768w, https:\/\/eurocc.nscc.sk\/wp-content\/uploads\/2026\/02\/GettyImages-505057478-1-18x12.jpg 18w, https:\/\/eurocc.nscc.sk\/wp-content\/uploads\/2026\/02\/GettyImages-505057478-1.jpg 900w\" sizes=\"(max-width: 300px) 100vw, 300px\" \/><\/a> <a class=\"title\" href=\"https:\/\/eurocc.nscc.sk\/en\/ked-vyrobna-linka-vie-co-sa-stane-o-10-minut\/\"><strong>When a production line knows what will happen in 10 minutes<\/strong><\/a> <span class=\"date\">5 Feb<\/span> <span class=\"excerpt-dash\">-<\/span> <span class=\"excerpt\">Every disruption on a production line creates stress. Machines stop, people wait, production slows down, and decisions must be made under pressure. In the food industry\u2014especially in the production of filled pasta products, where the process follows a strictly sequential set of technological steps\u2014one unexpected issue at the end of the line can bring the entire production flow to a halt. But what if the production line could warn in advance that a problem will occur in a few minutes? Or help decide, already during a shift, whether it still makes sense to plan packaging later the same day? These were exactly the questions that stood at the beginning of a research collaboration that brought together industrial data, artificial intelligence, and supercomputing power.<\/span><\/div><div class=\"listing-item\"><a class=\"image\" href=\"https:\/\/eurocc.nscc.sk\/en\/success-story-ai-pomaha-zachranovat-zenske-zivoty\/\"><img width=\"300\" height=\"164\" src=\"https:\/\/eurocc.nscc.sk\/wp-content\/uploads\/2025\/12\/Obrazok1-300x164.png\" class=\"attachment-medium size-medium wp-post-image\" alt=\"\" decoding=\"async\" loading=\"lazy\" srcset=\"https:\/\/eurocc.nscc.sk\/wp-content\/uploads\/2025\/12\/Obrazok1-300x164.png 300w, https:\/\/eurocc.nscc.sk\/wp-content\/uploads\/2025\/12\/Obrazok1-768x420.png 768w, https:\/\/eurocc.nscc.sk\/wp-content\/uploads\/2025\/12\/Obrazok1-18x10.png 18w, https:\/\/eurocc.nscc.sk\/wp-content\/uploads\/2025\/12\/Obrazok1.png 908w\" sizes=\"(max-width: 300px) 100vw, 300px\" \/><\/a> <a class=\"title\" href=\"https:\/\/eurocc.nscc.sk\/en\/success-story-ai-pomaha-zachranovat-zenske-zivoty\/\">AI pom\u00e1ha zachra\u0148ova\u0165 \u017eensk\u00e9 \u017eivoty<\/a> <span class=\"date\">17 Dec<\/span> <span class=\"excerpt-dash\">-<\/span> <span class=\"excerpt\">Strach z rakoviny prsn\u00edka je tich\u00fdm spolo\u010dn\u00edkom mnoh\u00fdch \u017eien. Sta\u010d\u00ed jedno pozvanie na prevent\u00edvne vy\u0161etrenie, jeden telefon\u00e1t od lek\u00e1ra \u010di jedno \u010dakanie na v\u00fdsledky \u2013 a myse\u013e je pln\u00e1 ot\u00e1zok: \u201eSom v poriadku?\u201c \u201e\u010co ak nie?\u201c \u201eM\u00f4\u017ee sa nie\u010do prehliadnu\u0165?\u201c\nAj ke\u010f skr\u00edning potvrd\u00ed negat\u00edvny n\u00e1lez, obavy \u010dasto pretrv\u00e1vaj\u00fa.<\/span><\/div><div class=\"listing-item\"><a class=\"image\" href=\"https:\/\/eurocc.nscc.sk\/en\/success-story-buducnost-pody-ukryta-v-datach\/\"><img width=\"300\" height=\"271\" src=\"https:\/\/eurocc.nscc.sk\/wp-content\/uploads\/2025\/11\/Snimka-obrazovky-2025-11-05-o-18.03.06-300x271.png\" class=\"attachment-medium size-medium wp-post-image\" alt=\"\" decoding=\"async\" loading=\"lazy\" srcset=\"https:\/\/eurocc.nscc.sk\/wp-content\/uploads\/2025\/11\/Snimka-obrazovky-2025-11-05-o-18.03.06-300x271.png 300w, https:\/\/eurocc.nscc.sk\/wp-content\/uploads\/2025\/11\/Snimka-obrazovky-2025-11-05-o-18.03.06-768x693.png 768w, https:\/\/eurocc.nscc.sk\/wp-content\/uploads\/2025\/11\/Snimka-obrazovky-2025-11-05-o-18.03.06-13x12.png 13w, https:\/\/eurocc.nscc.sk\/wp-content\/uploads\/2025\/11\/Snimka-obrazovky-2025-11-05-o-18.03.06.png 946w\" sizes=\"(max-width: 300px) 100vw, 300px\" \/><\/a> <a class=\"title\" href=\"https:\/\/eurocc.nscc.sk\/en\/success-story-buducnost-pody-ukryta-v-datach\/\">Bud\u00facnos\u0165 p\u00f4dy ukryt\u00e1 v\u202fd\u00e1tach\u00a0<\/a> <span class=\"date\">5 Nov<\/span> <span class=\"excerpt-dash\">-<\/span> <span class=\"excerpt\">High-Performance Computing (HPC) offers researchers the ability to process enormous volumes of data and uncover connections that would otherwise remain hidden. Today, it is no longer just a tool for technical disciplines \u2013 it is increasingly valuable in social and environmental research as well. A great example is a project that harnessed the power of HPC to gain deeper insight into the relationship between humans, soil, and the landscape.<\/span><\/div><div class=\"listing-item\"><a class=\"image\" href=\"https:\/\/eurocc.nscc.sk\/en\/superpocitac-pre-kazdeho-odvazte-sa-objavit-svet-modernych-vypoctov\/\"><img width=\"300\" height=\"171\" src=\"https:\/\/eurocc.nscc.sk\/wp-content\/uploads\/2025\/10\/abstract-cybersecurity-concept-design-300x171.jpg\" class=\"attachment-medium size-medium wp-post-image\" alt=\"\" decoding=\"async\" loading=\"lazy\" srcset=\"https:\/\/eurocc.nscc.sk\/wp-content\/uploads\/2025\/10\/abstract-cybersecurity-concept-design-300x171.jpg 300w, https:\/\/eurocc.nscc.sk\/wp-content\/uploads\/2025\/10\/abstract-cybersecurity-concept-design-1024x585.jpg 1024w, https:\/\/eurocc.nscc.sk\/wp-content\/uploads\/2025\/10\/abstract-cybersecurity-concept-design-768x439.jpg 768w, https:\/\/eurocc.nscc.sk\/wp-content\/uploads\/2025\/10\/abstract-cybersecurity-concept-design-1536x878.jpg 1536w, https:\/\/eurocc.nscc.sk\/wp-content\/uploads\/2025\/10\/abstract-cybersecurity-concept-design-2048x1170.jpg 2048w, https:\/\/eurocc.nscc.sk\/wp-content\/uploads\/2025\/10\/abstract-cybersecurity-concept-design-18x10.jpg 18w, https:\/\/eurocc.nscc.sk\/wp-content\/uploads\/2025\/10\/abstract-cybersecurity-concept-design-1200x686.jpg 1200w, https:\/\/eurocc.nscc.sk\/wp-content\/uploads\/2025\/10\/abstract-cybersecurity-concept-design-1980x1131.jpg 1980w\" sizes=\"(max-width: 300px) 100vw, 300px\" \/><\/a> <a class=\"title\" href=\"https:\/\/eurocc.nscc.sk\/en\/superpocitac-pre-kazdeho-odvazte-sa-objavit-svet-modernych-vypoctov\/\">Supercomputer for Everyone: Dare to Discover the World of Modern Computing<\/a> <span class=\"date\">28 Oct<\/span> <span class=\"excerpt-dash\">-<\/span> <span class=\"excerpt\">Once, supercomputers were a mysterious technology accessible only to top scientists working in futuristic laboratories. Today, however, a completely new story is being written. Supercomputers are now available to ordinary users \u2014 from universities, small companies, and even public administration \u2014 anyone who needs to handle computations far beyond the capabilities of a regular computer.<\/span><\/div><div class=\"listing-item\"><a class=\"image\" href=\"https:\/\/eurocc.nscc.sk\/en\/slovenski-vedci-spajaju-sily-v-boji-proti-stafylokokovej-infekcii\/\"><img width=\"300\" height=\"300\" src=\"https:\/\/eurocc.nscc.sk\/wp-content\/uploads\/2025\/10\/Obrazok1-300x300.jpg\" class=\"attachment-medium size-medium wp-post-image\" alt=\"\" decoding=\"async\" loading=\"lazy\" srcset=\"https:\/\/eurocc.nscc.sk\/wp-content\/uploads\/2025\/10\/Obrazok1-300x300.jpg 300w, https:\/\/eurocc.nscc.sk\/wp-content\/uploads\/2025\/10\/Obrazok1-150x150.jpg 150w, https:\/\/eurocc.nscc.sk\/wp-content\/uploads\/2025\/10\/Obrazok1-12x12.jpg 12w, https:\/\/eurocc.nscc.sk\/wp-content\/uploads\/2025\/10\/Obrazok1.jpg 510w\" sizes=\"(max-width: 300px) 100vw, 300px\" \/><\/a> <a class=\"title\" href=\"https:\/\/eurocc.nscc.sk\/en\/slovenski-vedci-spajaju-sily-v-boji-proti-stafylokokovej-infekcii\/\"><strong>Slovak scientists join forces in the fight against staphylococcal infection<\/strong><\/a> <span class=\"date\">23 Oct<\/span> <span class=\"excerpt-dash\">-<\/span> <span class=\"excerpt\">Bakt\u00e9rie patria medzi najmen\u0161\u00edch, no z\u00e1rove\u0148 najnebezpe\u010dnej\u0161\u00edch protivn\u00edkov v medic\u00edne. K\u00fdm niektor\u00e9 s\u00fa ne\u0161kodn\u00e9, in\u00e9 dok\u00e1\u017eu sp\u00f4sobi\u0165 v\u00e1\u017ene infekcie, ktor\u00fdch v\u010dasn\u00e1 diagnostika rozhoduje o \u00faspechu lie\u010dby. T\u00edm slovensk\u00fdch vedcov preto sk\u00fama, ako odhali\u0165 pr\u00edtomnos\u0165 bakt\u00e9ri\u00ed priamo v\u00a0tkanive, r\u00fdchlo, presne a bez potreby invaz\u00edvnych z\u00e1sahov. V\u00fdskum sp\u00e1ja konfok\u00e1lnu Ramanovu mikroskopiu, fotodynamick\u00fa terapiu a anal\u00fdzu d\u00e1t na superpo\u010d\u00edta\u010di.\u00a0<\/span><\/div><div class=\"listing-item\"><a class=\"image\" href=\"https:\/\/eurocc.nscc.sk\/en\/superpocitac-pomohol-urychlit-vyvoj-ekologickej-vyroby-vodika\/\"><img width=\"300\" height=\"300\" src=\"https:\/\/eurocc.nscc.sk\/wp-content\/uploads\/2025\/10\/vvvv-300x300.jpg\" class=\"attachment-medium size-medium wp-post-image\" alt=\"\" decoding=\"async\" loading=\"lazy\" srcset=\"https:\/\/eurocc.nscc.sk\/wp-content\/uploads\/2025\/10\/vvvv-300x300.jpg 300w, https:\/\/eurocc.nscc.sk\/wp-content\/uploads\/2025\/10\/vvvv-150x150.jpg 150w, https:\/\/eurocc.nscc.sk\/wp-content\/uploads\/2025\/10\/vvvv-768x768.jpg 768w, https:\/\/eurocc.nscc.sk\/wp-content\/uploads\/2025\/10\/vvvv-12x12.jpg 12w, https:\/\/eurocc.nscc.sk\/wp-content\/uploads\/2025\/10\/vvvv.jpg 782w\" sizes=\"(max-width: 300px) 100vw, 300px\" \/><\/a> <a class=\"title\" href=\"https:\/\/eurocc.nscc.sk\/en\/superpocitac-pomohol-urychlit-vyvoj-ekologickej-vyroby-vodika\/\"><strong>Supercomputer Accelerated the Development of Eco-Friendly Hydrogen Production<\/strong><\/a> <span class=\"date\">13 Oct<\/span> <span class=\"excerpt-dash\">-<\/span> <span class=\"excerpt\">Hydrogen is one of the key elements driving the transition toward sustainable energy. Its carbon-free production represents a cornerstone of the green energy future \u2014 from industry to transportation. However, finding an efficient and affordable way to produce it remains a scientific challenge that brings together chemistry, materials research, and computational modeling.<\/span><\/div><div class=\"listing-item\"><a class=\"image\" href=\"https:\/\/eurocc.nscc.sk\/en\/vypoctova-sila-hpc-prinasa-nove-moznosti-v-ochrane-medveda-hnedeho\/\"><img width=\"300\" height=\"300\" src=\"https:\/\/eurocc.nscc.sk\/wp-content\/uploads\/2025\/09\/Obrazok1-300x300.jpg\" class=\"attachment-medium size-medium wp-post-image\" alt=\"\" decoding=\"async\" loading=\"lazy\" srcset=\"https:\/\/eurocc.nscc.sk\/wp-content\/uploads\/2025\/09\/Obrazok1-300x300.jpg 300w, https:\/\/eurocc.nscc.sk\/wp-content\/uploads\/2025\/09\/Obrazok1-150x150.jpg 150w, https:\/\/eurocc.nscc.sk\/wp-content\/uploads\/2025\/09\/Obrazok1-768x768.jpg 768w, https:\/\/eurocc.nscc.sk\/wp-content\/uploads\/2025\/09\/Obrazok1-12x12.jpg 12w, https:\/\/eurocc.nscc.sk\/wp-content\/uploads\/2025\/09\/Obrazok1.jpg 968w\" sizes=\"(max-width: 300px) 100vw, 300px\" \/><\/a> <a class=\"title\" href=\"https:\/\/eurocc.nscc.sk\/en\/vypoctova-sila-hpc-prinasa-nove-moznosti-v-ochrane-medveda-hnedeho\/\"><strong>The computing power of HPC brings new opportunities in the protection of the brown bear\u00a0<\/strong><\/a> <span class=\"date\">23 Sep<\/span> <span class=\"excerpt-dash\">-<\/span> <span class=\"excerpt\">Vysokov\u00fdkonn\u00e9 po\u010d\u00edtanie (HPC)\u00a0predstavuje k\u013e\u00fa\u010dov\u00fa technol\u00f3giu modernej doby, ktor\u00e1 z\u00e1sadne men\u00ed sp\u00f4sob, ak\u00fdm vedci, v\u00fdskumn\u00edci aj firmy rie\u0161ia zlo\u017eit\u00e9 probl\u00e9my. Superpo\u010d\u00edta\u010de dok\u00e1\u017eu spracova\u0165 obrovsk\u00e9 objemy d\u00e1t a vykona\u0165 miliardy v\u00fdpo\u010dtov za sekundu \u2013 \u00falohy, ktor\u00e9 by na be\u017en\u00fdch po\u010d\u00edta\u010doch trvali mesiace \u010di roky, zvl\u00e1daj\u00fa v priebehu hod\u00edn alebo dn\u00ed. <\/span><\/div><\/div>\n\n\n\n<div style=\"height:100px\" aria-hidden=\"true\" class=\"wp-block-spacer eco-bot\"><\/div>\n<\/div><\/div>","protected":false},"excerpt":{"rendered":"","protected":false},"author":1,"featured_media":0,"parent":1430,"menu_order":1,"comment_status":"closed","ping_status":"closed","template":"","meta":[],"_links":{"self":[{"href":"https:\/\/eurocc.nscc.sk\/en\/wp-json\/wp\/v2\/pages\/5150"}],"collection":[{"href":"https:\/\/eurocc.nscc.sk\/en\/wp-json\/wp\/v2\/pages"}],"about":[{"href":"https:\/\/eurocc.nscc.sk\/en\/wp-json\/wp\/v2\/types\/page"}],"author":[{"embeddable":true,"href":"https:\/\/eurocc.nscc.sk\/en\/wp-json\/wp\/v2\/users\/1"}],"replies":[{"embeddable":true,"href":"https:\/\/eurocc.nscc.sk\/en\/wp-json\/wp\/v2\/comments?post=5150"}],"version-history":[{"count":6,"href":"https:\/\/eurocc.nscc.sk\/en\/wp-json\/wp\/v2\/pages\/5150\/revisions"}],"predecessor-version":[{"id":5158,"href":"https:\/\/eurocc.nscc.sk\/en\/wp-json\/wp\/v2\/pages\/5150\/revisions\/5158"}],"up":[{"embeddable":true,"href":"https:\/\/eurocc.nscc.sk\/en\/wp-json\/wp\/v2\/pages\/1430"}],"wp:attachment":[{"href":"https:\/\/eurocc.nscc.sk\/en\/wp-json\/wp\/v2\/media?parent=5150"}],"curies":[{"name":"wp","href":"https:\/\/api.w.org\/{rel}","templated":true}]}}