{"id":5321,"date":"2022-05-16T11:56:49","date_gmt":"2022-05-16T09:56:49","guid":{"rendered":"https:\/\/eurocc.nscc.sk\/?page_id=5321"},"modified":"2025-12-18T10:10:55","modified_gmt":"2025-12-18T09:10:55","slug":"contact","status":"publish","type":"page","link":"https:\/\/eurocc.nscc.sk\/en\/contact\/","title":{"rendered":"Contact"},"content":{"rendered":"<div class=\"is-layout-flow wp-block-group alignfull kont-top\"><div class=\"wp-block-group__inner-container\">\n<h4 class=\"has-text-align-center\"><span style=\"color: #000;\">National Competence Centre for HPC<\/span> <br><span style=\"color: #b8870b;\">Slovakia<\/span><\/h4>\n\n\n\n<div class=\"is-layout-flow wp-block-group alignfull cont-photo\"><div class=\"wp-block-group__inner-container\">\n<div class=\"is-layout-flex wp-container-3 wp-block-columns alignfull\">\n<div class=\"is-layout-flow wp-block-column\"><div class=\"wp-block-image\">\n<figure class=\"alignleft size-full\"><img decoding=\"async\" src=\"https:\/\/eurocc.nscc.sk\/wp-content\/uploads\/2025\/02\/pp.jpg\" alt=\"\" class=\"wp-image-5325\"\/><\/figure><\/div>\n\n\n<p><span style=\"color: #b8870b;\">JUDr. Ing. Pavol Podhora PhD. LL.M MBA<\/span><br>NCC Management<br><\/p>\n\n\n\n<p><p class=\"cont-mail kont-right\" style=\"padding-top: 25px\"><span style=\"color:#c59d37\">@<\/span>: <a href=\"mailto:pavol.podhora@slovakianscc.com\">pavol.podhora@slovakianscc.com<\/a><br><\/p>\n<\/div>\n\n\n\n<div class=\"is-layout-flow wp-block-column\"><\/div>\n<\/div>\n\n\n\n<div class=\"is-layout-flex wp-container-6 wp-block-columns alignfull\">\n<div class=\"is-layout-flow wp-block-column colhr\"><hr style=\"border-bottom: 1px solid #b8870b; width: 100%;\"><\/div>\n\n\n\n<div class=\"is-layout-flow wp-block-column colhr\"><hr style=\"border-bottom: 1px solid #b8870b; width: 100%;\"><\/div>\n<\/div>\n\n\n\n<div class=\"is-layout-flex wp-container-9 wp-block-columns alignfull\">\n<div class=\"is-layout-flow wp-block-column\"><div class=\"wp-block-image\">\n<figure class=\"alignleft size-full\"><img decoding=\"async\" src=\"https:\/\/eurocc.nscc.sk\/wp-content\/uploads\/2025\/02\/Lucia_Malickova.jpeg\" alt=\"\" class=\"wp-image-5332\"\/><\/figure><\/div>\n\n\n<p class=\"nonmgmt\"><span style=\"color: #b8870b;\">Ing. Lucia Mal\u00ed\u010dkov\u00e1 PhD. MSc., DBA <\/span>\n<br>Cooperation<\/p>\n\n\n\n<p><p class=\"cont-mail kont-right\" style=\"padding-top: 90px\"><span style=\"color:#c59d37\">@<\/span>: <a href=\"mailto:lucia.malickova@slovakianscc.com\">lucia.malickova@slovakianscc.com<\/a><\/p><\/p>\n\n\n\n<p><\/p>\n<\/div>\n\n\n\n<div class=\"is-layout-flow wp-block-column\"><div class=\"wp-block-image\">\n<figure class=\"alignleft size-full\"><img decoding=\"async\" src=\"https:\/\/eurocc.nscc.sk\/wp-content\/uploads\/2025\/01\/Hali_HQ2-001.jpg\" alt=\"\" class=\"wp-image-8738\"\/><\/figure><\/div>\n\n\n<p class=\"nonmgmt\"><span style=\"color: #b8870b;\">Mgr. Halyna Hyryavets<\/span><br>Communication, public relations<\/p>\n\n\n\n<p><p class=\"cont-mail kont-right\" style=\"padding-top: 90px\"><span style=\"color:#c59d37\">@<\/span>: <a href=\"mailto:halyna.hyryavets@slovakianscc.com\">halyna.hyryavets@slovakianscc.com<\/a><\/p><\/p>\n\n\n\n<p><\/p>\n<\/div>\n<\/div>\n\n\n\n<div class=\"is-layout-flex wp-container-12 wp-block-columns alignfull\">\n<div class=\"is-layout-flow wp-block-column colhr\"><hr style=\"border-bottom: 1px solid #b8870b; width: 100%;\"><\/div>\n\n\n\n<div class=\"is-layout-flow wp-block-column colhr\"><hr style=\"border-bottom: 1px solid #b8870b; width: 100%;\"><\/div>\n<\/div>\n\n\n\n<div class=\"is-layout-flex wp-container-15 wp-block-columns alignfull\">\n<div class=\"is-layout-flow wp-block-column\"><div class=\"wp-block-image\">\n<figure class=\"alignleft size-full\"><img decoding=\"async\" src=\"https:\/\/eurocc.nscc.sk\/wp-content\/uploads\/2024\/05\/t-2.jpg\" alt=\"\" class=\"wp-image-5335\"\/><\/figure><\/div>\n\n\n<p class=\"nonmgmt\"><span style=\"color: #b8870b;\">Mgr. Tom\u00e1\u0161 Koll\u00e1rik PhD. <\/span><br>HPC training coordination<\/p>\n\n\n\n<p><\/p><p class=\"cont-mail kont-right\" style=\"padding-top: 90px\"><span style=\"color:#c59d37\">@<\/span>: <a href=\"mailto:tomas.kollarik@slovakianscc.com\">tomas.kollarik@slovakianscc.com<\/a><\/p><p><\/p>\n\n\n\n<p><\/p>\n<\/div>\n\n\n\n<div class=\"is-layout-flow wp-block-column\"><div class=\"wp-block-image\">\n<figure class=\"alignleft size-full\"><img decoding=\"async\" loading=\"lazy\" width=\"240\" height=\"240\" src=\"https:\/\/eurocc.nscc.sk\/wp-content\/uploads\/2024\/04\/sig_002.png\" alt=\"\" class=\"wp-image-8737\" srcset=\"https:\/\/eurocc.nscc.sk\/wp-content\/uploads\/2024\/04\/sig_002.png 240w, https:\/\/eurocc.nscc.sk\/wp-content\/uploads\/2024\/04\/sig_002-150x150.png 150w, https:\/\/eurocc.nscc.sk\/wp-content\/uploads\/2024\/04\/sig_002-12x12.png 12w\" sizes=\"(max-width: 240px) 100vw, 240px\" \/><\/figure><\/div>\n\n\n<p class=\"nonmgmt\"><span style=\"color: #b8870b;\">Ing. Bo\u017eidara Pellegrini <\/span> <br>HPC services and collaboration<\/p>\n\n\n\n<p><\/p><p class=\"cont-mail kont-right\" style=\"padding-top: 90px\"><span style=\"color:#c59d37\">@<\/span>: <a href=\"mailto:bozidara.pellegrini@slovakianscc.com\">bozidara.pellegrini@slovakianscc.com<\/a><\/p><p><\/p>\n\n\n\n<p><\/p>\n<\/div>\n<\/div>\n\n\n\n<div class=\"is-layout-flex wp-container-17 wp-block-columns alignfull\">\n<div class=\"is-layout-flow wp-block-column colhr\"><\/div>\n<\/div>\n\n\n\n<p><\/p>\n\n\n\n<div class=\"is-layout-flex wp-container-18 wp-block-columns alignfull\"><\/div>\n\n\n\n<div class=\"is-layout-flex wp-container-19 wp-block-columns alignfull\"><\/div>\n\n\n\n<div class=\"is-layout-flex wp-container-20 wp-block-columns alignfull\"><\/div>\n<\/div><\/div>\n\n\n\n<div class=\"is-layout-flex wp-container-26 wp-block-columns alignfull\">\n<p><\/p>\n<div class=\"is-layout-flow wp-block-column kont-left\">\n\n<p><\/p>\n<h4 class=\"has-text-align-center\">Address<p><\/p>\n<hr style=\"border-bottom: 1px solid #b8870b; width: 100px;\"><\/h4>\n<p>\n\n<\/p>\n<p>\n\n<\/p>\n<figure class=\"wp-block-image aligncenter size-large\"><img decoding=\"async\" loading=\"lazy\" width=\"54\" height=\"81\" src=\"https:\/\/eurocc.nscc.sk\/wp-content\/uploads\/2021\/01\/icon_address_GPS_gold.png\" alt=\"\" class=\"wp-image-1395\" srcset=\"https:\/\/eurocc.nscc.sk\/wp-content\/uploads\/2021\/01\/icon_address_GPS_gold.png 54w, https:\/\/eurocc.nscc.sk\/wp-content\/uploads\/2021\/01\/icon_address_GPS_gold-8x12.png 8w\" sizes=\"(max-width: 54px) 100vw, 54px\" \/><\/figure>\n<p>\n\n<\/p>\n<p>\n\n<\/p>\n<p class=\"has-text-align-center\">Dubravska cesta 9<br>845 35 Bratislava 45<br>Slovak Republic<\/p>\n<p>\n\n<\/p><\/div>\n<p>\n\n\n\n<div class=\"is-layout-flow wp-block-column\">\n<p><\/p>\n<h4 class=\"has-text-align-center\">Telephone<p><\/p>\n<hr style=\"border-bottom: 1px solid #b8870b; width: 100px;\"><\/h4>\n<p>\n\n\n\n<\/p>\n<figure class=\"wp-block-image aligncenter size-large\"><img decoding=\"async\" loading=\"lazy\" width=\"80\" height=\"81\" src=\"https:\/\/eurocc.nscc.sk\/wp-content\/uploads\/2021\/01\/icon_contact_telephone_gold.png\" alt=\"\" class=\"wp-image-1397\" srcset=\"https:\/\/eurocc.nscc.sk\/wp-content\/uploads\/2021\/01\/icon_contact_telephone_gold.png 80w, https:\/\/eurocc.nscc.sk\/wp-content\/uploads\/2021\/01\/icon_contact_telephone_gold-12x12.png 12w\" sizes=\"(max-width: 80px) 100vw, 80px\" \/><\/figure>\n<p>\n\n\n\n<\/p>\n<p class=\"has-text-align-center\">+421 907 536 490<\/p>\n<p>\n<\/div>\n\n\n\n<\/p>\n<div class=\"is-layout-flow wp-block-column kont-mid-right\">\n\n<p><\/p>\n<h4 class=\"has-text-align-center\">Mail<p><\/p>\n<hr style=\"border-bottom: 1px solid #b8870b; width: 100px;\"><\/h4>\n<p>\n\n<\/p>\n<p>\n\n<\/p>\n<figure class=\"wp-block-image aligncenter size-large\"><img decoding=\"async\" loading=\"lazy\" width=\"101\" height=\"63\" src=\"https:\/\/eurocc.nscc.sk\/wp-content\/uploads\/2021\/01\/icon_contact_mail_gold.png\" alt=\"\" class=\"wp-image-1396\" srcset=\"https:\/\/eurocc.nscc.sk\/wp-content\/uploads\/2021\/01\/icon_contact_mail_gold.png 101w, https:\/\/eurocc.nscc.sk\/wp-content\/uploads\/2021\/01\/icon_contact_mail_gold-16x10.png 16w\" sizes=\"(max-width: 101px) 100vw, 101px\" \/><\/figure>\n<p>\n\n<\/p>\n<p>\n\n<\/p>\n<p class=\"has-text-align-center\"><a href=\"mailto:eurocc@nscc.sk\">eurocc@nscc.sk\u00a0<\/a><\/p>\n<p>\n\n<\/p><\/div>\n<p>\n\n\n\n<\/p>\n<div class=\"is-layout-flow wp-block-column kont-right\">\n\n<p><\/p>\n<h4 class=\"has-text-align-center\">GPS<p><\/p>\n<hr style=\"border-bottom: 1px solid #b8870b; width: 100px;\"><\/h4>\n<p>\n\n<\/p>\n<p>\n\n<\/p>\n<figure class=\"wp-block-image aligncenter size-large\"><img decoding=\"async\" loading=\"lazy\" width=\"54\" height=\"81\" src=\"https:\/\/eurocc.nscc.sk\/wp-content\/uploads\/2021\/01\/icon_address_GPS_gold.png\" alt=\"\" class=\"wp-image-1395\" srcset=\"https:\/\/eurocc.nscc.sk\/wp-content\/uploads\/2021\/01\/icon_address_GPS_gold.png 54w, https:\/\/eurocc.nscc.sk\/wp-content\/uploads\/2021\/01\/icon_address_GPS_gold-8x12.png 8w\" sizes=\"(max-width: 54px) 100vw, 54px\" \/><\/figure>\n<p>\n\n<\/p>\n<p>\n\n<\/p>\n<p class=\"has-text-align-center\"><a href=\"https:\/\/www.google.com\/maps\/place\/48%C2%B010'17.0%22N+17%C2%B004'08.0%22E\/@48.1713898,17.0683404,19z\/data=!3m1!4b1!4m5!3m4!1s0x0:0x0!8m2!3d48.1713889!4d17.0688889\" target=\"_blank\" rel=\"noreferrer noopener\">48\u00b010&#8217;17&#8243;N<br>17\u00b004&#8217;08&#8243;E<\/a><\/p>\n<p>\n\n<\/p><\/div>\n<p>\n<\/div>\n<\/div><\/div>\n\n\n\n<\/p>\n<div class=\"is-layout-flow wp-block-group alignfull kont-bot\"><div class=\"wp-block-group__inner-container\">\n\n<p><\/p>\n<p><iframe loading=\"lazy\" src=\"https:\/\/www.google.com\/maps\/embed?pb=!1m18!1m12!1m3!1d2660.8262200552126!2d17.066725251184188!3d48.1714304566796!2m3!1f0!2f0!3f0!3m2!1i1024!2i768!4f13.1!3m3!1m2!1s0x476c8c773d62d399%3A0x2ccb2534063aeb79!2sComputing%20Center%20of%20SAS!5e0!3m2!1sen!2ssk!4v1609679482537!5m2!1sen!2ssk\" style=\"border:0;\" allowfullscreen=\"\" aria-hidden=\"false\" tabindex=\"0\" width=\"100%\" height=\"450\" frameborder=\"0\"><\/iframe><\/p>\n<p>\n\n<\/p><\/div><\/div>\n<p>\n\n\n<p><\/p>","protected":false},"excerpt":{"rendered":"<p>N\u00e1rodn\u00e9 kompeten\u010dn\u00e9 centrum pre HPC Slovensko JUDr. Ing. Pavol Podhora PhD. LL.M MBAVedenie NCC @: pavol.podhora@slovakianscc.com Ing. Lucia Mal\u00ed\u010dkov\u00e1 PhD. MSc., DBA Spolupr\u00e1ca @: lucia.malickova@slovakianscc.com Mgr. Halyna HyryavetsKomunik\u00e1cia, PR @: halyna.hyryavets@slovakianscc.com Mgr. Tom\u00e1\u0161 Koll\u00e1rik PhD. Koordin\u00e1tor HPC \u0161kolen\u00ed @: tomas.kollarik@slovakianscc.com Ing. Bo\u017eidara Pellegrini HPC slu\u017eby a spolupr\u00e1ca @: bozidara.pellegrini@slovakianscc.com Adresa D\u00fabravsk\u00e1 cesta 9845 35 Bratislava [&hellip;]<\/p>","protected":false},"author":1,"featured_media":0,"parent":0,"menu_order":0,"comment_status":"closed","ping_status":"closed","template":"templates\/template-full-width.php","meta":[],"_links":{"self":[{"href":"https:\/\/eurocc.nscc.sk\/en\/wp-json\/wp\/v2\/pages\/5321"}],"collection":[{"href":"https:\/\/eurocc.nscc.sk\/en\/wp-json\/wp\/v2\/pages"}],"about":[{"href":"https:\/\/eurocc.nscc.sk\/en\/wp-json\/wp\/v2\/types\/page"}],"author":[{"embeddable":true,"href":"https:\/\/eurocc.nscc.sk\/en\/wp-json\/wp\/v2\/users\/1"}],"replies":[{"embeddable":true,"href":"https:\/\/eurocc.nscc.sk\/en\/wp-json\/wp\/v2\/comments?post=5321"}],"version-history":[{"count":107,"href":"https:\/\/eurocc.nscc.sk\/en\/wp-json\/wp\/v2\/pages\/5321\/revisions"}],"predecessor-version":[{"id":11046,"href":"https:\/\/eurocc.nscc.sk\/en\/wp-json\/wp\/v2\/pages\/5321\/revisions\/11046"}],"wp:attachment":[{"href":"https:\/\/eurocc.nscc.sk\/en\/wp-json\/wp\/v2\/media?parent=5321"}],"curies":[{"name":"wp","href":"https:\/\/api.w.org\/{rel}","templated":true}]}}