{"id":54,"date":"2020-09-30T12:58:15","date_gmt":"2020-09-30T10:58:15","guid":{"rendered":"http:\/\/eurocc.nscc.sk\/?page_id=54"},"modified":"2022-04-22T17:02:35","modified_gmt":"2022-04-22T15:02:35","slug":"services","status":"publish","type":"page","link":"https:\/\/eurocc.nscc.sk\/en\/services\/","title":{"rendered":"Slu\u017eby (old)"},"content":{"rendered":"<div class=\"is-layout-flow wp-block-group alignfull\"><div class=\"wp-block-group__inner-container\">\n<div class=\"is-layout-flex wp-container-3 wp-block-columns alignfull serv-top\">\n<div class=\"is-layout-flow wp-block-column serv-top-left\">\n<figure class=\"wp-block-image size-large is-resized\"><img decoding=\"async\" loading=\"lazy\" src=\"https:\/\/eurocc.nscc.sk\/wp-content\/uploads\/2020\/12\/Aurel-Services-834x1024.png\" alt=\"\" class=\"wp-image-1292\" width=\"626\" height=\"768\" srcset=\"https:\/\/eurocc.nscc.sk\/wp-content\/uploads\/2020\/12\/Aurel-Services-834x1024.png 834w, https:\/\/eurocc.nscc.sk\/wp-content\/uploads\/2020\/12\/Aurel-Services-244x300.png 244w, https:\/\/eurocc.nscc.sk\/wp-content\/uploads\/2020\/12\/Aurel-Services-768x943.png 768w, https:\/\/eurocc.nscc.sk\/wp-content\/uploads\/2020\/12\/Aurel-Services-10x12.png 10w, https:\/\/eurocc.nscc.sk\/wp-content\/uploads\/2020\/12\/Aurel-Services.png 1005w\" sizes=\"(max-width: 626px) 100vw, 626px\" \/><\/figure>\n<\/div>\n\n\n\n<div class=\"is-layout-flow wp-block-column serv-top-right\">\n<h4>Our Services<hr style=\"border: 1px solid #b8870b; width: 100px;\"><\/h4>\n\n\n\n<p class=\" translation-block\">Our team will help you to find the best way to deploy HPC in your scientific or industrial process, train your employees and give access to our computing resources. All of our services are provided <strong>free of charge<\/strong>.   If you are interested in collaboration do not hesitate to <a href=\"http:\/\/eurocc.nscc.sk\/en\/#social11\" target=\"_self\">contact us<\/a>.<\/p>\n\n\n\n<ul><li>Education: regular and on-demand courses, webinars, workshops and hackathons in relevant areas.<\/li><li>Sharing information obtained from mapping of providers and users of HPC solutions in Slovakia.<\/li><li>Providing machine time and access to software tools on our high performance computing systems.<\/li><li>Consultations, design and implementation of pilot HPC solutions, migration of existing solutions.<\/li><li>Mediation of partnerships between academic, public and private sectors.<\/li><\/ul>\n\n\n\n<p><\/p>\n<\/div>\n<\/div>\n\n\n\n<div class=\"is-layout-flow wp-block-group alignfull serv-learn\"><div class=\"wp-block-group__inner-container\">\n<div class=\"is-layout-flex wp-container-6 wp-block-columns alignfull\">\n<div class=\"is-layout-flow wp-block-column serv-learn-left\">\n<h4>Training<hr style=\"border: 1px solid #b8870b; width: 100px;\"><\/h4>\n\n\n\n<p>National Competence Center prepared a number of courses from the area of HPC. You can find the current list and registration here: <a href=\"http:\/\/itkurzy.sav.sk\/\" target=\"_blank\" rel=\"noreferrer noopener\">www.itkurzy.sav.sk<span style=\"color: #808285; font-size: 14pt;\"> <\/span><\/a><span style=\"color: #808285; font-size: 14pt;\">(viacero kurzov sme boli n\u00faten\u00ed zru\u0161i\u0165 kv\u00f4li prevencii \u0161\u00edrenia ochorenia COVID-19)<\/span>We are currently working hard to create a new web portal for training, while expanding our offering of courses and other options including e-learning.<\/p>\n\n\n\n<h5>The following courses will be available soon:<\/h5>\n\n\n\n<ul><li>Parallel programming (OpenMP, MPI) in C\/C++ and Fortran.<\/li><li>Programming GPU - CUDA and OpenCL.<\/li><li>Python programming language: object-oriented programming.<\/li><li>R programming language. <\/li><li>Optimization and profiling of parallel programs.<\/li><li>Efficient use of application software in HPC environment.<\/li><li>Working in HPC environment. <\/li><li>Neural networks as the basic AI tool - TensorFlow.<\/li><li>Introduction to machine learning and \"big data\".<\/li><\/ul>\n\n\n\n<p style=\"font-size: 14pt; line-height: 16.8pt;\">A portal for European HPC services has been launched to provide useful information concerning all European HPC services and educational activities. More information: <a href=\"https:\/\/hpc-portal.eu\/training-and-events\/training-events?category=11&amp;audience=4\">EuroHPC.<\/a><\/p>\n\n\n\n<p style=\"font-size: 14pt; line-height: 16.8pt;\">More information will be available soon on our website, <a href=\"\/en\/#newsletter\">newletter<\/a> from <a href=\"https:\/\/eurocc.nscc.sk\/en\/services\/#social\/\">social networks<\/a>.<\/p>\n<\/div>\n\n\n\n<div class=\"is-layout-flow wp-block-column serv-learn-right\">\n<p class=\"serv-learn-right\"><\/p>\n<\/div>\n<\/div>\n<\/div><\/div>\n\n\n\n<div class=\"is-layout-flow wp-block-group alignfull serv-serv\"><div class=\"wp-block-group__inner-container\">\n<div class=\"is-layout-flex wp-container-13 wp-block-columns alignfull\">\n<div class=\"is-layout-flow wp-block-column serv-serv\">\n<div class=\"is-layout-flex wp-container-11 wp-block-columns\">\n<div class=\"is-layout-flow wp-block-column\">\n<h4 class=\"has-text-align-center\">Mapping<br> the HPC Environment<hr style=\"border: 1px solid #b8870b; width: 100px;\"><\/h4>\n\n\n\n<div class=\"wp-block-image\"><figure class=\"aligncenter size-large\"><img decoding=\"async\" loading=\"lazy\" width=\"129\" height=\"90\" src=\"https:\/\/eurocc.nscc.sk\/wp-content\/uploads\/2020\/12\/icon_mapping_HPC_gold.png\" alt=\"\" class=\"wp-image-1331\" srcset=\"https:\/\/eurocc.nscc.sk\/wp-content\/uploads\/2020\/12\/icon_mapping_HPC_gold.png 129w, https:\/\/eurocc.nscc.sk\/wp-content\/uploads\/2020\/12\/icon_mapping_HPC_gold-16x12.png 16w\" sizes=\"(max-width: 129px) 100vw, 129px\" \/><\/figure><\/div>\n\n\n\n<p class=\"has-text-align-center\">One of the services provided by the National Competence Center for High-Performance Computing is sharing information obtained from mapping of the HPC environment in Slovakia. Our team will provide you with data on consumers and providers of HPC solutions at the national level.<\/p>\n<\/div>\n\n\n\n<div class=\"is-layout-flow wp-block-column\">\n<h4 class=\"has-text-align-center\">Access<br> to resources<hr style=\"border: 1px solid #b8870b; width: 100px;\"><\/h4>\n\n\n\n<div class=\"wp-block-image\"><figure class=\"aligncenter size-large\"><img decoding=\"async\" loading=\"lazy\" width=\"102\" height=\"90\" src=\"https:\/\/eurocc.nscc.sk\/wp-content\/uploads\/2020\/12\/icon_machine-time_gold.png\" alt=\"\" class=\"wp-image-1330\" srcset=\"https:\/\/eurocc.nscc.sk\/wp-content\/uploads\/2020\/12\/icon_machine-time_gold.png 102w, https:\/\/eurocc.nscc.sk\/wp-content\/uploads\/2020\/12\/icon_machine-time_gold-14x12.png 14w\" sizes=\"(max-width: 102px) 100vw, 102px\" \/><\/figure><\/div>\n\n\n\n<p class=\"has-text-align-center\">Our team will provide you with machine time and access to software tools on HPC systems. HPC resources of the National Competence Center can be used, for example, for the development of pilot solutions, verification of computational efficiency, horizontal \/ vertical scalability of parallel programs, code optimization, etc. HPC resources of the National Competence Center cannot be used free of charge for production calculations.<\/p>\n<\/div>\n\n\n\n<div class=\"is-layout-flow wp-block-column\">\n<h4 class=\"has-text-align-center\">Consultations,<br> Contacts, Partnerships<hr style=\"border: 1px solid #b8870b; width: 100px;\"><\/h4>\n\n\n\n<div class=\"wp-block-image\"><figure class=\"aligncenter size-large\"><img decoding=\"async\" loading=\"lazy\" width=\"151\" height=\"90\" src=\"https:\/\/eurocc.nscc.sk\/wp-content\/uploads\/2020\/12\/icon_consultations_gold.png\" alt=\"\" class=\"wp-image-1329\" srcset=\"https:\/\/eurocc.nscc.sk\/wp-content\/uploads\/2020\/12\/icon_consultations_gold.png 151w, https:\/\/eurocc.nscc.sk\/wp-content\/uploads\/2020\/12\/icon_consultations_gold-16x10.png 16w\" sizes=\"(max-width: 151px) 100vw, 151px\" \/><\/figure><\/div>\n\n\n\n<p class=\"has-text-align-center\">The National Competence Center provides consultations on design and implementation of pilot HPC solutions as well as the migration of existing solutions. We will be pleased to help you with establishing contacts and mediation of partnerships between academic, public and private sectors.<\/p>\n<\/div>\n<\/div>\n<\/div>\n<\/div>\n<\/div><\/div>\n\n\n\n<p><\/p>\n<\/div><\/div>\n\n\n\n<div class=\"is-layout-flow wp-block-group alignfull\"><div class=\"wp-block-group__inner-container\">\n<div class=\"is-layout-flex wp-container-19 wp-block-columns alignfull serv-bot-pics\">\n<div class=\"is-layout-flow wp-block-column\">\n<figure class=\"wp-block-image size-large\"><img decoding=\"async\" loading=\"lazy\" width=\"1024\" height=\"646\" src=\"https:\/\/eurocc.nscc.sk\/wp-content\/uploads\/2020\/12\/Noc_vyskumnikov_services_1-1024x646.jpg\" alt=\"\" class=\"wp-image-1348\" srcset=\"https:\/\/eurocc.nscc.sk\/wp-content\/uploads\/2020\/12\/Noc_vyskumnikov_services_1-1024x646.jpg 1024w, https:\/\/eurocc.nscc.sk\/wp-content\/uploads\/2020\/12\/Noc_vyskumnikov_services_1-300x189.jpg 300w, https:\/\/eurocc.nscc.sk\/wp-content\/uploads\/2020\/12\/Noc_vyskumnikov_services_1-768x484.jpg 768w, https:\/\/eurocc.nscc.sk\/wp-content\/uploads\/2020\/12\/Noc_vyskumnikov_services_1-16x10.jpg 16w, https:\/\/eurocc.nscc.sk\/wp-content\/uploads\/2020\/12\/Noc_vyskumnikov_services_1.jpg 1200w\" sizes=\"(max-width: 1024px) 100vw, 1024px\" \/><\/figure>\n<\/div>\n\n\n\n<div class=\"is-layout-flow wp-block-column\">\n<figure class=\"wp-block-image size-large\"><img decoding=\"async\" loading=\"lazy\" width=\"1024\" height=\"645\" src=\"https:\/\/eurocc.nscc.sk\/wp-content\/uploads\/2020\/12\/Noc_vyskumnikov_services_2-1024x645.jpg\" alt=\"\" class=\"wp-image-1355\" srcset=\"https:\/\/eurocc.nscc.sk\/wp-content\/uploads\/2020\/12\/Noc_vyskumnikov_services_2-1024x645.jpg 1024w, https:\/\/eurocc.nscc.sk\/wp-content\/uploads\/2020\/12\/Noc_vyskumnikov_services_2-300x189.jpg 300w, https:\/\/eurocc.nscc.sk\/wp-content\/uploads\/2020\/12\/Noc_vyskumnikov_services_2-768x484.jpg 768w, https:\/\/eurocc.nscc.sk\/wp-content\/uploads\/2020\/12\/Noc_vyskumnikov_services_2-16x10.jpg 16w, https:\/\/eurocc.nscc.sk\/wp-content\/uploads\/2020\/12\/Noc_vyskumnikov_services_2.jpg 1200w\" sizes=\"(max-width: 1024px) 100vw, 1024px\" \/><\/figure>\n<\/div>\n\n\n\n<div class=\"is-layout-flow wp-block-column\">\n<figure class=\"wp-block-image size-large\"><img decoding=\"async\" loading=\"lazy\" width=\"1024\" height=\"645\" src=\"https:\/\/eurocc.nscc.sk\/wp-content\/uploads\/2020\/12\/VedeckyVeltrh_Services_3-1024x645.jpg\" alt=\"\" class=\"wp-image-1349\" srcset=\"https:\/\/eurocc.nscc.sk\/wp-content\/uploads\/2020\/12\/VedeckyVeltrh_Services_3-1024x645.jpg 1024w, https:\/\/eurocc.nscc.sk\/wp-content\/uploads\/2020\/12\/VedeckyVeltrh_Services_3-300x189.jpg 300w, https:\/\/eurocc.nscc.sk\/wp-content\/uploads\/2020\/12\/VedeckyVeltrh_Services_3-768x484.jpg 768w, https:\/\/eurocc.nscc.sk\/wp-content\/uploads\/2020\/12\/VedeckyVeltrh_Services_3-16x10.jpg 16w, https:\/\/eurocc.nscc.sk\/wp-content\/uploads\/2020\/12\/VedeckyVeltrh_Services_3.jpg 1200w\" sizes=\"(max-width: 1024px) 100vw, 1024px\" \/><\/figure>\n\n\n\n<p><\/p>\n<\/div>\n<\/div>\n<\/div><\/div>\n\n\n\n<div class=\"is-layout-flow wp-block-group alignfull serv-bot\"><div class=\"wp-block-group__inner-container\">\n<h4 class=\"has-text-align-center\">Events<hr style=\"border: 1px solid #b8870b; width: 100px;\"><\/h4>\n\n\n\n<p class=\"has-text-align-center\">We organize and take part in numerous interesting events. You can find further information in the <a href=\"https:\/\/eurocc.nscc.sk\/en\/news\/\">news section<\/a>. Sign up for our <a href=\"\/en\/#newsletter\">newsletter<\/a>, if you do not want to miss anything. Follow us on our <a href=\"https:\/\/eurocc.nscc.sk\/en\/services\/#social\/\">social networks<\/a>!<\/p>\n<\/div><\/div>","protected":false},"excerpt":{"rendered":"<p>Na\u0161e slu\u017eby N\u00e1\u0161 t\u00edm v\u00e1m pom\u00f4\u017ee n\u00e1js\u0165 ten najlep\u0161\u00ed sp\u00f4sob ako nasadi\u0165 HPC vo va\u0161om vedeckom alebo v\u00fdrobnom procese, vy\u0161kol\u00ed va\u0161ich pracovn\u00edkov a poskytne v\u00e1m aj \u010das\u0165 na\u0161ich v\u00fdpo\u010dtov\u00fdch kapac\u00edt. V\u0161etky na\u0161e slu\u017eby s\u00fa poskytovan\u00e9&nbsp;bezplatne. Kontaktujte n\u00e1s, ak m\u00e1te z\u00e1ujem o spolupr\u00e1cu. Vzdel\u00e1vanie: pravideln\u00e9 a \u201eon-demand\u201c kurzy, webin\u00e1re, workshopy a hackathony v relevantn\u00fdch oblastiach. Zdie\u013eanie [&hellip;]<\/p>","protected":false},"author":1,"featured_media":0,"parent":0,"menu_order":0,"comment_status":"closed","ping_status":"closed","template":"templates\/template-full-width.php","meta":[],"_links":{"self":[{"href":"https:\/\/eurocc.nscc.sk\/en\/wp-json\/wp\/v2\/pages\/54"}],"collection":[{"href":"https:\/\/eurocc.nscc.sk\/en\/wp-json\/wp\/v2\/pages"}],"about":[{"href":"https:\/\/eurocc.nscc.sk\/en\/wp-json\/wp\/v2\/types\/page"}],"author":[{"embeddable":true,"href":"https:\/\/eurocc.nscc.sk\/en\/wp-json\/wp\/v2\/users\/1"}],"replies":[{"embeddable":true,"href":"https:\/\/eurocc.nscc.sk\/en\/wp-json\/wp\/v2\/comments?post=54"}],"version-history":[{"count":85,"href":"https:\/\/eurocc.nscc.sk\/en\/wp-json\/wp\/v2\/pages\/54\/revisions"}],"predecessor-version":[{"id":5246,"href":"https:\/\/eurocc.nscc.sk\/en\/wp-json\/wp\/v2\/pages\/54\/revisions\/5246"}],"wp:attachment":[{"href":"https:\/\/eurocc.nscc.sk\/en\/wp-json\/wp\/v2\/media?parent=54"}],"curies":[{"name":"wp","href":"https:\/\/api.w.org\/{rel}","templated":true}]}}