{"id":5556,"date":"2022-06-29T10:39:28","date_gmt":"2022-06-29T08:39:28","guid":{"rendered":"https:\/\/eurocc.nscc.sk\/?page_id=5556"},"modified":"2024-05-02T17:52:42","modified_gmt":"2024-05-02T15:52:42","slug":"vzdelavanie","status":"publish","type":"page","link":"https:\/\/eurocc.nscc.sk\/en\/vzdelavanie\/","title":{"rendered":"Training"},"content":{"rendered":"<div class=\"is-layout-flex wp-container-3 wp-block-columns alignfull\">\n<div class=\"is-layout-flow wp-block-column us-top-left\" id=\"hpc121\">\n<h4>NCC Training Activities<hr style=\"border-bottom: 2px solid #b8870b; width: 100px;\"><\/h4>\n\n\n\n<p>National Competence Center organizes courses, lectures and workshops about HPC, HPDA, AI, application usage and others. Our goal is to increase the level of IT knowledge and competences in Slovakia, support better utilization of software for science and development projects and popularize the deployment of IT and HPC technologies in small and medium enterprises and industry. <\/p>\n\n\n\n<p>Courses are instructed by skilled lecturers with experiences from both the academic environment and private companies. We offer online as well as face-to-face course formats (if possible). We use modern training methods, such as video recordings, e-learning, web platforms for code development, access to dedicated training infrastructure and others.<\/p>\n\n\n\n<p>All of our services are provided<strong> <\/strong>free of charge through 'effective cooperation' in accordance with <u><a href=\"https:\/\/eur-lex.europa.eu\/legal-content\/EN\/TXT\/PDF\/?uri=CELEX:52022XC1028(03)\">EU regulations.<\/a><\/u><\/p>\n<\/div>\n\n\n\n<div class=\"is-layout-flow wp-block-column us-top-right-a\">\n<p class=\"us-top\"><\/p>\n<\/div>\n<\/div>\n\n\n\n<div class=\"is-layout-flow wp-block-group alignfull us-mid\" id=\"ncc12\"><div class=\"wp-block-group__inner-container\">\n<h4 class=\"has-text-align-center\" id=\"ncc121\">Courses, Lectures, Consulting<hr style=\"border-bottom: 2px solid #b8870b; width: 100px;\"><\/h4>\n\n\n\n<p class=\"has-text-align-center\">You can find our current offering of lectures and courses here: <a rel=\"noreferrer noopener\" href=\"https:\/\/itkurzy.sav.sk\/\" target=\"_blank\">ITCourses<\/a>. We publish event dates for the next semester twice per year. Subscribe to our <a href=\"\/en\/#newsletter\">newsletter<\/a>, to be among the first to receive information about our activities. We are constantly expanding and with your help also improving our offerings. <a href=\"https:\/\/eurocc.nscc.sk\/en\/vzdelavanie\/#kontakt\/\">Contact<\/a> us with your suggestions, requests and comments. Schedule a private consultation, we also provide training on-demand.<\/p>\n\n\n\n<p class=\"has-text-align-center\"><p class=\"has-text-align-center\" style=\"color: #b8870b; font-size: 14pt; line-height: 16.8pt;\">All of our courses are provided <br> <strong>FREE OF CHARGE<\/strong>.<\/p><\/p>\n<\/div><\/div>\n\n\n\n<div class=\"is-layout-flow wp-block-group alignfull\"><div class=\"wp-block-group__inner-container\">\n<div class=\"is-layout-flex wp-container-12 wp-block-columns alignfull\">\n<div class=\"is-layout-flow wp-block-column us-bot-left-a\"><\/div>\n\n\n\n<div class=\"is-layout-flow wp-block-column us-bot-right\">\n<h4> Our Partners<hr style=\"border-bottom: 2px solid #b8870b; width: 100px;\"><\/h4>\n\n\n\n<p id=\"us-bot-right\">National Competence Center is a member of the EuroCC project, we also organize various training activities in collaboration with our foreign partners such as NCC Slovenia, Czechia and other European countries. We take part in the PRACE <a rel=\"noreferrer noopener\" href=\"https:\/\/summerofhpc.prace-ri.eu\/\" target=\"_blank\">Summer of HPC<\/a>. We orchestrate <a href=\"\/en\/hackathon\/\">hackathons<\/a>, we attend expos and science fairs.<\/p>\n\n\n\n<p>We also cooperate with a number of Slovak companies and institutions that provide education in the area of IT. Some of our partners are:<\/p>\n\n\n\n<div style=\"height:20px\" aria-hidden=\"true\" class=\"wp-block-spacer\"><\/div>\n\n\n\n<div class=\"is-layout-flex wp-container-10 wp-block-columns us-bot-rcol\">\n<div class=\"is-layout-flow wp-block-column\">\n<figure class=\"wp-block-image size-full\"><a href=\"https:\/\/www.vita.sk\/\" target=\"_blank\" rel=\"noopener\"><img decoding=\"async\" loading=\"lazy\" width=\"585\" height=\"210\" src=\"https:\/\/eurocc.nscc.sk\/wp-content\/uploads\/2022\/10\/vita-footer_gold.png\" alt=\"\" class=\"wp-image-5900\" srcset=\"https:\/\/eurocc.nscc.sk\/wp-content\/uploads\/2022\/10\/vita-footer_gold.png 585w, https:\/\/eurocc.nscc.sk\/wp-content\/uploads\/2022\/10\/vita-footer_gold-300x108.png 300w, https:\/\/eurocc.nscc.sk\/wp-content\/uploads\/2022\/10\/vita-footer_gold-18x6.png 18w\" sizes=\"(max-width: 585px) 100vw, 585px\" \/><\/a><\/figure>\n<\/div>\n\n\n\n<div class=\"is-layout-flow wp-block-column\">\n<figure class=\"wp-block-image size-full\"><a href=\"https:\/\/www.it-academy.sk\/\" target=\"_blank\" rel=\"noopener\"><img decoding=\"async\" loading=\"lazy\" width=\"635\" height=\"488\" src=\"https:\/\/eurocc.nscc.sk\/wp-content\/uploads\/2022\/10\/IT_Academy_gold.png\" alt=\"\" class=\"wp-image-5899\" srcset=\"https:\/\/eurocc.nscc.sk\/wp-content\/uploads\/2022\/10\/IT_Academy_gold.png 635w, https:\/\/eurocc.nscc.sk\/wp-content\/uploads\/2022\/10\/IT_Academy_gold-300x231.png 300w, https:\/\/eurocc.nscc.sk\/wp-content\/uploads\/2022\/10\/IT_Academy_gold-16x12.png 16w\" sizes=\"(max-width: 635px) 100vw, 635px\" \/><\/a><\/figure>\n<\/div>\n\n\n\n<div class=\"is-layout-flow wp-block-column\"><\/div>\n\n\n\n<div class=\"is-layout-flow wp-block-column\"><\/div>\n<\/div>\n<\/div>\n<\/div>\n<\/div><\/div>","protected":false},"excerpt":{"rendered":"<p>Vzdel\u00e1vanie s NCC N\u00e1rodn\u00e9 kompeten\u010dn\u00e9 centrum organizuje \u0161kolenia, predn\u00e1\u0161ky a workshopy (nielen) z oblasti HPC, HPDA, AI a pou\u017e\u00edvania aplik\u00e1ci\u00ed. Na\u0161ou snahou je zvy\u0161ova\u0165 \u00farove\u0148 IT znalost\u00ed a kompetenci\u00ed na Slovensku, podpori\u0165 lep\u0161ie vyu\u017e\u00edvanie softv\u00e9rov\u00fdch prostriedkov pri rie\u0161en\u00ed vedecko-v\u00fdskumn\u00fdch \u00faloh a popularizova\u0165 nasadenie IT a HPC technol\u00f3gi\u00ed v mal\u00fdch a stredn\u00fdch podnikoch a priemysle. Kurzy [&hellip;]<\/p>","protected":false},"author":1,"featured_media":0,"parent":0,"menu_order":0,"comment_status":"closed","ping_status":"closed","template":"templates\/template-full-width.php","meta":[],"_links":{"self":[{"href":"https:\/\/eurocc.nscc.sk\/en\/wp-json\/wp\/v2\/pages\/5556"}],"collection":[{"href":"https:\/\/eurocc.nscc.sk\/en\/wp-json\/wp\/v2\/pages"}],"about":[{"href":"https:\/\/eurocc.nscc.sk\/en\/wp-json\/wp\/v2\/types\/page"}],"author":[{"embeddable":true,"href":"https:\/\/eurocc.nscc.sk\/en\/wp-json\/wp\/v2\/users\/1"}],"replies":[{"embeddable":true,"href":"https:\/\/eurocc.nscc.sk\/en\/wp-json\/wp\/v2\/comments?post=5556"}],"version-history":[{"count":30,"href":"https:\/\/eurocc.nscc.sk\/en\/wp-json\/wp\/v2\/pages\/5556\/revisions"}],"predecessor-version":[{"id":8903,"href":"https:\/\/eurocc.nscc.sk\/en\/wp-json\/wp\/v2\/pages\/5556\/revisions\/8903"}],"wp:attachment":[{"href":"https:\/\/eurocc.nscc.sk\/en\/wp-json\/wp\/v2\/media?parent=5556"}],"curies":[{"name":"wp","href":"https:\/\/api.w.org\/{rel}","templated":true}]}}