{"id":5809,"date":"2022-08-10T20:34:11","date_gmt":"2022-08-10T18:34:11","guid":{"rendered":"https:\/\/eurocc.nscc.sk\/?page_id=5809"},"modified":"2022-08-11T12:41:18","modified_gmt":"2022-08-11T10:41:18","slug":"web-developer","status":"publish","type":"page","link":"https:\/\/eurocc.nscc.sk\/en\/career\/web-developer\/","title":{"rendered":"Web developer"},"content":{"rendered":"<p><strong>Company<\/strong>: <strong>National Supercomputing Centre.<\/strong><\/p>\n\n\n\n<p><strong>Place of work<\/strong><br> Remote and\/or Dubravsk\u00e1 cesta 9, Karlova Ves, Bratislava<\/p>\n\n\n\n<p><strong>Contract type<\/strong><br>work contract 15 \u2013 20 hours per week<\/p>\n\n\n\n<p><strong>Start date<\/strong><br>ASAP, September 1<sup>st<\/sup> , 2022<\/p>\n\n\n\n<p><strong>\u010casov\u00fd rozsah pr\u00e1ce<\/strong><br> ~ September \u2013 December 2022<\/p>\n\n\n\n<p><strong>Wage (gross)<\/strong><\/p>\n\n\n\n<p>15 \u2013 18 EUR\/ hour brutto<\/p>\n\n\n\n<p><strong>Job Description<\/strong><\/p>\n\n\n\n<p>We are looking for an experienced web developer, who will work with the rest of our team on the design of a new user web portal for the National Supercomputing Center, service integration and user and project help-desk, peer-review tools etc.<\/p>\n\n\n\n<p><strong>Requirements:<\/strong><\/p>\n\n\n\n<ul><li>SQL, PHP, JavaScript, CSS<\/li><li>Drupal 8\/9 CMS \u2013 advanced user<\/li><li>API deployment and development between varios CMS (eg. osTicket, Keycloak, OnDemand, Open XDMoD, \u2026).<\/li><\/ul>\n\n\n\n<p>Skills and previous experiences should be exemplified by references (Master\/PhD thesis, hackathons, open-source development...)<\/p>\n\n\n\n<p><strong>Other Skills<\/strong><\/p>\n\n\n\n<ul><li>Proactive and responsible approach to work.<\/li><li>Independence, communicativeness.<\/li><li>Reliability<\/li><li>Consistency.<\/li><\/ul>\n\n\n\n<p>In case of interest, please send us your CV and motivation letter. We will only contact select applicants,<\/p>\n\n\n\n<p>E-mail: <a href=\"mailto:halyna.hyryavets@savba.sk\">send CV<\/a><\/p>","protected":false},"excerpt":{"rendered":"<p>Spolo\u010dnos\u0165: N\u00e1rodn\u00e9 superpo\u010d\u00edta\u010dov\u00e9 centrum Miesto v\u00fdkonu pr\u00e1ce Remote a\/alebo Dubravsk\u00e1 cesta 9, Karlova Ves, Bratislava Druh pracovn\u00e9ho pomerupr\u00e1ca na dohodu v rozsahu 15 \u2013 20 hod\u00edn t\u00fd\u017edenne Term\u00edn n\u00e1stupuASAP, September 1st , 2022 \u010casov\u00fd rozsah pr\u00e1ce Pribli\u017ene September \u2013 December 2022 Mzdov\u00e9 podmienky (brutto) 15 &#8211; 18 EUR\/ hodina brutto N\u00e1pl\u0148 pr\u00e1ce H\u013ead\u00e1me sk\u00fasen\u00e9ho web [&hellip;]<\/p>","protected":false},"author":1,"featured_media":0,"parent":462,"menu_order":0,"comment_status":"closed","ping_status":"closed","template":"templates\/template-full-width.php","meta":[],"_links":{"self":[{"href":"https:\/\/eurocc.nscc.sk\/en\/wp-json\/wp\/v2\/pages\/5809"}],"collection":[{"href":"https:\/\/eurocc.nscc.sk\/en\/wp-json\/wp\/v2\/pages"}],"about":[{"href":"https:\/\/eurocc.nscc.sk\/en\/wp-json\/wp\/v2\/types\/page"}],"author":[{"embeddable":true,"href":"https:\/\/eurocc.nscc.sk\/en\/wp-json\/wp\/v2\/users\/1"}],"replies":[{"embeddable":true,"href":"https:\/\/eurocc.nscc.sk\/en\/wp-json\/wp\/v2\/comments?post=5809"}],"version-history":[{"count":6,"href":"https:\/\/eurocc.nscc.sk\/en\/wp-json\/wp\/v2\/pages\/5809\/revisions"}],"predecessor-version":[{"id":5820,"href":"https:\/\/eurocc.nscc.sk\/en\/wp-json\/wp\/v2\/pages\/5809\/revisions\/5820"}],"up":[{"embeddable":true,"href":"https:\/\/eurocc.nscc.sk\/en\/wp-json\/wp\/v2\/pages\/462"}],"wp:attachment":[{"href":"https:\/\/eurocc.nscc.sk\/en\/wp-json\/wp\/v2\/media?parent=5809"}],"curies":[{"name":"wp","href":"https:\/\/api.w.org\/{rel}","templated":true}]}}