{"id":6,"date":"2020-09-30T10:30:07","date_gmt":"2020-09-30T08:30:07","guid":{"rendered":"http:\/\/eurocc.nscc.sk\/?page_id=6"},"modified":"2024-05-02T12:46:58","modified_gmt":"2024-05-02T10:46:58","slug":"us","status":"publish","type":"page","link":"https:\/\/eurocc.nscc.sk\/en\/us\/","title":{"rendered":"About Us"},"content":{"rendered":"<div class=\"is-layout-flex wp-container-3 wp-block-columns alignfull\">\n<div class=\"is-layout-flow wp-block-column us-top-left\" id=\"hpc121\">\n<h4>High Performance Computing<hr style=\"border-bottom: 2px solid #b8870b; width: 100px;\"><\/h4>\n\n\n\n<p>High performance computing (HPC) means utilizing (super)computers and computer clusters to solve numerically challenging and data intensive problems from various fields of science and technology.<\/p>\n\n\n\n<p>Examples can be provided from applications in medicine (genetics, in silico drug development, ...), physics (meteorological and climate models, nuclear and particle physics, ...), chemistry (properties of atoms and molecules, correlation between structure and reactivity, ...), but also in economy (investment risk, stock growth, ...) and many others.<\/p>\n<\/div>\n\n\n\n<div class=\"is-layout-flow wp-block-column us-top-right\">\n<p class=\"us-top\"><\/p>\n<\/div>\n<\/div>\n\n\n\n<div class=\"is-layout-flow wp-block-group alignfull us-mid\" id=\"ncc12\"><div class=\"wp-block-group__inner-container\">\n<h4 class=\"has-text-align-center\" id=\"ncc121\">The National competence centre<hr style=\"border-bottom: 2px solid #b8870b; width: 100px;\"><\/h4>\n\n\n\n<p class=\"has-text-align-center\">Clients of the National Competence Center will gain access to information obtained from mapping providers and consumers of HPC solutions in Slovakia, they will be provided access to the computing resources and software tools of the HPC lab. The team of experts of NCC will provide consultations on the possibilities of HPC technologies deployment, or will design and assist in the implementation of pilot- or migration of existing solutions. We can also help to build partnerships between the academic sphere, the public and private sectors, or connect our clients with foreign competence centers.<\/p>\n\n\n\n<p class=\"has-text-align-center\"><p class=\"has-text-align-center\" style=\"color: #b8870b; font-size: 14pt; line-height: 16.8pt;\">All of our services are provided <br> <strong>FREE OF CHARGE<\/strong>\u00a0through 'effective cooperation' in accordance with <a rel=\"noopener noreferrer\" href=\"https:\/\/eur-lex.europa.eu\/legal-content\/EN\/TXT\/PDF\/?uri=CELEX:52022XC1028(03)\" style=\"color:#b8870b; text-decoration: none;\" target=\"_blank\">EU regulations<\/a>.<\/p><\/p>\n<\/div><\/div>\n\n\n\n<div class=\"is-layout-flow wp-block-group alignfull\"><div class=\"wp-block-group__inner-container\">\n<div class=\"is-layout-flex wp-container-7 wp-block-columns alignfull\">\n<div class=\"is-layout-flow wp-block-column us-bot-left\"><\/div>\n\n\n\n<div class=\"is-layout-flow wp-block-column us-bot-right\">\n<h4>EuroCC and Castiel<hr style=\"border-bottom: 2px solid #b8870b; width: 100px;\"><\/h4>\n\n\n\n<p id=\"us-bot-right\">National competence center is a part of the EuroCC project, which includes a network of 33 national HPC competence centers. CASTIEL will coordinate activities like international workshops, mentoring and twinning partnerships, and topic-specific working groups to address issues of shared interest.<\/p>\n\n\n\n<ul>\n<li><a href=\"https:\/\/www.eurocc-access.eu\/\">www.eurocc-access.eu<\/a><\/li>\n<\/ul>\n\n\n\n<p><\/p>\n<\/div>\n<\/div>\n<\/div><\/div>","protected":false},"excerpt":{"rendered":"<p>Vysokov\u00fdkonn\u00e9 v\u00fdpo\u010dty High performance computing (HPC) alebo vysokov\u00fdkonn\u00e9 po\u010d\u00edtanie (VVP) znamen\u00e1 vyu\u017e\u00edvanie (super)po\u010d\u00edta\u010dov a po\u010d\u00edta\u010dov\u00fdch klastrov na rie\u0161enie numericky alebo d\u00e1tovo n\u00e1ro\u010dn\u00fdch \u00faloh z r\u00f4znych odvetv\u00ed vedy a techniky. Pr\u00edkladom s\u00fa aplik\u00e1cie v medic\u00edne (genetika, \u201ein silico\u201c dizajn lie\u010div, &#8230;), vo fyzike (meteorologick\u00e9 a klimatick\u00e9 modely, jadrov\u00e1 a \u010dasticov\u00e1 fyzika, &#8230;), v ch\u00e9mii (vlastnosti at\u00f3mov [&hellip;]<\/p>","protected":false},"author":1,"featured_media":0,"parent":0,"menu_order":0,"comment_status":"closed","ping_status":"closed","template":"templates\/template-full-width.php","meta":[],"_links":{"self":[{"href":"https:\/\/eurocc.nscc.sk\/en\/wp-json\/wp\/v2\/pages\/6"}],"collection":[{"href":"https:\/\/eurocc.nscc.sk\/en\/wp-json\/wp\/v2\/pages"}],"about":[{"href":"https:\/\/eurocc.nscc.sk\/en\/wp-json\/wp\/v2\/types\/page"}],"author":[{"embeddable":true,"href":"https:\/\/eurocc.nscc.sk\/en\/wp-json\/wp\/v2\/users\/1"}],"replies":[{"embeddable":true,"href":"https:\/\/eurocc.nscc.sk\/en\/wp-json\/wp\/v2\/comments?post=6"}],"version-history":[{"count":93,"href":"https:\/\/eurocc.nscc.sk\/en\/wp-json\/wp\/v2\/pages\/6\/revisions"}],"predecessor-version":[{"id":8896,"href":"https:\/\/eurocc.nscc.sk\/en\/wp-json\/wp\/v2\/pages\/6\/revisions\/8896"}],"wp:attachment":[{"href":"https:\/\/eurocc.nscc.sk\/en\/wp-json\/wp\/v2\/media?parent=6"}],"curies":[{"name":"wp","href":"https:\/\/api.w.org\/{rel}","templated":true}]}}