{"id":7,"date":"2020-09-30T10:30:07","date_gmt":"2020-09-30T08:30:07","guid":{"rendered":"http:\/\/eurocc.nscc.sk\/?page_id=7"},"modified":"2021-01-31T20:06:14","modified_gmt":"2021-01-31T19:06:14","slug":"kontakt","status":"publish","type":"page","link":"https:\/\/eurocc.nscc.sk\/en\/kontakt\/","title":{"rendered":"Contact"},"content":{"rendered":"<div class=\"is-layout-flow wp-block-group alignfull kont-top\"><div class=\"wp-block-group__inner-container\">\n<h4 class=\"has-text-align-center\"><span style=\"color: #000;\">Centre of Operations SAS<\/span> <br><span style=\"color: #414042;\">Computing Centre<\/span><\/h4>\n\n\n\n<div class=\"is-layout-flex wp-container-5 wp-block-columns alignfull\">\n<div class=\"is-layout-flow wp-block-column kont-left\">\n<h4 class=\"has-text-align-center\">Address<hr style=\"border: 1px solid #b8870b; width: 100px;\"><\/h4>\n\n\n\n<div class=\"wp-block-image\"><figure class=\"aligncenter size-large\"><img decoding=\"async\" loading=\"lazy\" width=\"54\" height=\"81\" src=\"https:\/\/eurocc.nscc.sk\/wp-content\/uploads\/2021\/01\/icon_address_GPS_gold.png\" alt=\"\" class=\"wp-image-1395\" srcset=\"https:\/\/eurocc.nscc.sk\/wp-content\/uploads\/2021\/01\/icon_address_GPS_gold.png 54w, https:\/\/eurocc.nscc.sk\/wp-content\/uploads\/2021\/01\/icon_address_GPS_gold-8x12.png 8w\" sizes=\"(max-width: 54px) 100vw, 54px\" \/><\/figure><\/div>\n\n\n\n<p class=\"has-text-align-center\">Dubravska cesta 9<br>845 35 Bratislava 45<br>Slovak Republic<\/p>\n<\/div>\n\n\n\n<div class=\"is-layout-flow wp-block-column kont-mid-left\">\n<h4 class=\"has-text-align-center\">Telephone<hr style=\"border: 1px solid #b8870b; width: 100px;\"><\/h4>\n\n\n\n<div class=\"wp-block-image\"><figure class=\"aligncenter size-large\"><img decoding=\"async\" loading=\"lazy\" width=\"80\" height=\"81\" src=\"https:\/\/eurocc.nscc.sk\/wp-content\/uploads\/2021\/01\/icon_contact_telephone_gold.png\" alt=\"\" class=\"wp-image-1397\" srcset=\"https:\/\/eurocc.nscc.sk\/wp-content\/uploads\/2021\/01\/icon_contact_telephone_gold.png 80w, https:\/\/eurocc.nscc.sk\/wp-content\/uploads\/2021\/01\/icon_contact_telephone_gold-12x12.png 12w\" sizes=\"(max-width: 80px) 100vw, 80px\" \/><\/figure><\/div>\n\n\n\n<p class=\"has-text-align-center\">+421 (0)2\/3229 3111<br><span style=\"color: #000\">Fax:<\/span><br>+421 (0)2\/3229 3103<\/p>\n<\/div>\n\n\n\n<div class=\"is-layout-flow wp-block-column kont-mid-right\">\n<h4 class=\"has-text-align-center\">Mail<hr style=\"border: 1px solid #b8870b; width: 100px;\"><\/h4>\n\n\n\n<div class=\"wp-block-image\"><figure class=\"aligncenter size-large\"><img decoding=\"async\" loading=\"lazy\" width=\"101\" height=\"63\" src=\"https:\/\/eurocc.nscc.sk\/wp-content\/uploads\/2021\/01\/icon_contact_mail_gold.png\" alt=\"\" class=\"wp-image-1396\" srcset=\"https:\/\/eurocc.nscc.sk\/wp-content\/uploads\/2021\/01\/icon_contact_mail_gold.png 101w, https:\/\/eurocc.nscc.sk\/wp-content\/uploads\/2021\/01\/icon_contact_mail_gold-16x10.png 16w\" sizes=\"(max-width: 101px) 100vw, 101px\" \/><\/figure><\/div>\n\n\n\n<p class=\"has-text-align-center\"><a href=\"mailto:eurocc@nscc.sk\">eurocc@nscc.sk\u00a0<\/a><\/p>\n<\/div>\n\n\n\n<div class=\"is-layout-flow wp-block-column kont-right\">\n<h4 class=\"has-text-align-center\">GPS<hr style=\"border: 1px solid #b8870b; width: 100px;\"><\/h4>\n\n\n\n<div class=\"wp-block-image\"><figure class=\"aligncenter size-large\"><img decoding=\"async\" loading=\"lazy\" width=\"54\" height=\"81\" src=\"https:\/\/eurocc.nscc.sk\/wp-content\/uploads\/2021\/01\/icon_address_GPS_gold.png\" alt=\"\" class=\"wp-image-1395\" srcset=\"https:\/\/eurocc.nscc.sk\/wp-content\/uploads\/2021\/01\/icon_address_GPS_gold.png 54w, https:\/\/eurocc.nscc.sk\/wp-content\/uploads\/2021\/01\/icon_address_GPS_gold-8x12.png 8w\" sizes=\"(max-width: 54px) 100vw, 54px\" \/><\/figure><\/div>\n\n\n\n<p class=\"has-text-align-center\"><a href=\"https:\/\/www.google.com\/maps\/place\/48%C2%B010'17.0%22N+17%C2%B004'08.0%22E\/@48.1713898,17.0683404,19z\/data=!3m1!4b1!4m5!3m4!1s0x0:0x0!8m2!3d48.1713889!4d17.0688889\" target=\"_blank\" rel=\"noreferrer noopener\">48\u00b010&#8217;17&#8243;N<br>17\u00b004&#8217;08&#8243;E<\/a><\/p>\n<\/div>\n<\/div>\n<\/div><\/div>\n\n\n\n<div class=\"is-layout-flow wp-block-group alignfull kont-bot\"><div class=\"wp-block-group__inner-container\">\n<p><iframe loading=\"lazy\" src=\"https:\/\/www.google.com\/maps\/embed?pb=!1m18!1m12!1m3!1d2660.8262200552126!2d17.066725251184188!3d48.1714304566796!2m3!1f0!2f0!3f0!3m2!1i1024!2i768!4f13.1!3m3!1m2!1s0x476c8c773d62d399%3A0x2ccb2534063aeb79!2sComputing%20Center%20of%20SAS!5e0!3m2!1sen!2ssk!4v1609679482537!5m2!1sen!2ssk\" style=\"border:0;\" allowfullscreen=\"\" aria-hidden=\"false\" tabindex=\"0\" width=\"100%\" height=\"450\" frameborder=\"0\"><\/iframe><\/p>\n<\/div><\/div>","protected":false},"excerpt":{"rendered":"<p>Centrum spolo\u010dn\u00fdch \u010dinnost\u00ed SAV V\u00fdpo\u010dtov\u00e9 stredisko Adresa D\u00fabravsk\u00e1 cesta 9845 35 Bratislava 45Slovensk\u00e1 republika Telef\u00f3n +421 (0)2\/3229 3111Fax:+421 (0)2\/3229 3103 Mail eurocc@nscc.sk GPS 48\u00b010&#8217;17&#8243;N17\u00b004&#8217;08&#8243;E<\/p>","protected":false},"author":1,"featured_media":0,"parent":0,"menu_order":0,"comment_status":"closed","ping_status":"closed","template":"templates\/template-full-width.php","meta":[],"_links":{"self":[{"href":"https:\/\/eurocc.nscc.sk\/en\/wp-json\/wp\/v2\/pages\/7"}],"collection":[{"href":"https:\/\/eurocc.nscc.sk\/en\/wp-json\/wp\/v2\/pages"}],"about":[{"href":"https:\/\/eurocc.nscc.sk\/en\/wp-json\/wp\/v2\/types\/page"}],"author":[{"embeddable":true,"href":"https:\/\/eurocc.nscc.sk\/en\/wp-json\/wp\/v2\/users\/1"}],"replies":[{"embeddable":true,"href":"https:\/\/eurocc.nscc.sk\/en\/wp-json\/wp\/v2\/comments?post=7"}],"version-history":[{"count":44,"href":"https:\/\/eurocc.nscc.sk\/en\/wp-json\/wp\/v2\/pages\/7\/revisions"}],"predecessor-version":[{"id":1865,"href":"https:\/\/eurocc.nscc.sk\/en\/wp-json\/wp\/v2\/pages\/7\/revisions\/1865"}],"wp:attachment":[{"href":"https:\/\/eurocc.nscc.sk\/en\/wp-json\/wp\/v2\/media?parent=7"}],"curies":[{"name":"wp","href":"https:\/\/api.w.org\/{rel}","templated":true}]}}