{"id":7014,"date":"2023-08-13T16:43:10","date_gmt":"2023-08-13T14:43:10","guid":{"rendered":"https:\/\/eurocc.nscc.sk\/?page_id=7014"},"modified":"2023-08-13T16:43:10","modified_gmt":"2023-08-13T14:43:10","slug":"manazer-ka-hpc-sluzieb-a-kompetencii","status":"publish","type":"page","link":"https:\/\/eurocc.nscc.sk\/en\/career\/manazer-ka-hpc-sluzieb-a-kompetencii\/","title":{"rendered":"HPC services and competence manager"},"content":{"rendered":"<p><strong>Company<\/strong><\/p>\n\n\n\n<p>National Supercomputing Centre.<\/p>\n\n\n\n<p><strong>Place of work<\/strong><br>Dubravska cesta, Karlova Ves, Bratislava<\/p>\n\n\n\n<p><strong>Contract type<\/strong><br>Part-time 50% (full time contract may be negotiated by combining this position with additional work responsibilities \u2013 see other available positions)<\/p>\n\n\n\n<p><strong>Place of work<\/strong><\/p>\n\n\n\n<ul>\n<li>Work from home possible on individual basis<\/li>\n\n\n\n<li>D\u00fabravsk\u00e1 cesta 9, Karlova Ves, Bratislava<\/li>\n<\/ul>\n\n\n\n<p><strong>Start date<\/strong><br>ASAP, September 1, 2023<\/p>\n\n\n\n<p><strong>Wage (gross)<\/strong><br>Wage (gross) 900 \u2013 1200 EUR\/month, depending on skills and experience. The wage corresponds with 50% part-time work contract.<\/p>\n\n\n\n<p><strong>Job Description<\/strong><\/p>\n\n\n\n<p>We are looking for a new colleague to work with us in the National competence centre for high performance computing.  You would be responsible for management of our service portfolio and for maintaining active interactions with SMEs as well as their onboarding. You would also be responsible for establishing\/running an ambassador programme for HPC domain in Slovakia. The job involves also occasional presentation of activities within the working groups and taskforces related to this area on the European level (EuroCC network)<br><strong>Responsibilities associated with the position include:  <\/strong><\/p>\n\n\n\n<ul>\n<li>Competence mapping and market analysis to better understand specific needs of SMEs and Industry sectors with regard to HPC and HPC+ applications.<\/li>\n\n\n\n<li>Management of competences and services offered by the NCC.<\/li>\n\n\n\n<li>Leveraging available information from active mapping and survey from previous project to develop services portfolio oriented towards different groups of companies (digitally\/HPC ready, users, experts).<\/li>\n\n\n\n<li>Individual and active approach to onboarding and retaining NCC clients.<\/li>\n\n\n\n<li>Establishing\/running an HPC ambassador programme.<\/li>\n\n\n\n<li>Support of SMEs and Industry in gaining access to funding tools and grant schemes on national and European level, support of access proposals preparation etc.<\/li>\n<\/ul>\n\n\n\n<p><strong>Employee benefits<\/strong><\/p>\n\n\n\n<ul>\n<li>Flexible working hours, home office.<\/li>\n\n\n\n<li>Pleasant working environment, friendly and helpful team.<\/li>\n\n\n\n<li>Opportunities for professional growth within a complex European ecosystem.<\/li>\n<\/ul>\n\n\n\n<p><strong>Candidates\u2019 education suitable for the position:<\/strong><br>University education (Master's degree). The position is suitable for a graduate.<\/p>\n\n\n\n<p><strong>University degree in<\/strong><br>Degree in Information Technologies, Mathematics, Life sciences (Physics, Theoretical chemistry) or related engineering disciplines is an advantage, as it will provide you with good background and basic orientation in the HPC field.<\/p>\n\n\n\n<p><strong><strong>Necessary knowledge<\/strong><\/strong><\/p>\n\n\n\n<ul>\n<li>Experience with project or education management, preferably in IT sector and\/or academia<\/li>\n\n\n\n<li>MS office: Word, Excel, PowerPoint - advanced<\/li>\n\n\n\n<li>English language \u2013 advanced<\/li>\n<\/ul>\n\n\n\n<p><strong>Other Skills<\/strong><\/p>\n\n\n\n<ul>\n<li>Proactive and responsible approach to work.<\/li>\n\n\n\n<li>Independence, communicativeness.<\/li>\n\n\n\n<li>Responsibility, attention to detail.<\/li>\n\n\n\n<li>Consistency.<\/li>\n\n\n\n<li>Desire to learn and progress, willingness to participate on workshops, conferences.<\/li>\n<\/ul>\n\n\n\n<p><strong>Experience:<\/strong><\/p>\n\n\n\n<p>The position is suitable for a graduate.<\/p>\n\n\n\n<p><strong>Information about the selection process<\/strong><\/p>\n\n\n\n<p>If you are interested in the position, send us your curriculum vitae, motivational letter and references (optional) in Slovak language. We are thankful to all applicants for their interest, however only selected candidates will be contacted for interview.<\/p>\n\n\n\n<p>Poz\u00edcie na pln\u00fd \u00fav\u00e4zok sa m\u00f4\u017eu vo v\u0161eobecnosti zmeni\u0165 na poz\u00edcie na \u010diasto\u010dn\u00fd \u00fav\u00e4zok. Osoby so zdravotn\u00fdm postihnut\u00edm bud\u00fa ma\u0165 prednos\u0165, pokia\u013e bud\u00fa rovnako kvalifikovan\u00ed.<\/p>\n\n\n\n<p><strong>Advertiser<\/strong><\/p>\n\n\n\n<p>National Supercomputing Centre<\/p>\n\n\n\n<p><strong>Brief description of the company<\/strong><\/p>\n\n\n\n<p>Our goal is to support and cover all HPC activities in Slovakia. Since 2020, we have been advocating for the development of HPC infrastructure, supporting projects and investments, and in close cooperation with the National Competence Center for HPC, we are working on strengthening competencies and skills in this area. We want to develop cooperation with Slovak universities, the Slovak Academy of Sciences and other organizations operating in the field of HPC, HPC+ applications and related fields.<\/p>\n\n\n\n<p><strong>Number of employees<\/strong><\/p>\n\n\n\n<p>max 10<\/p>\n\n\n\n<p><strong>Company address<\/strong><\/p>\n\n\n\n<p>D\u00fabravsk\u00e1 cesta 3484\/9<br>841 04&nbsp; Bratislava \u2013 Karlova Ves<br>Slovak Republic<\/p>\n\n\n\n<p><strong>Contact<\/strong><\/p>\n\n\n\n<p>Contact person: Mgr. Halyna Hyryavets<br>E-mail:&nbsp;<a href=\"mailto:halyna.hyryavets@nscc.sk\">sent CV<\/a><\/p>\n\n\n\n<p><strong>About EuroCC project<\/strong><\/p>\n\n\n\n<p>Within the EuroCC project we operate the National competence centre for HPC as a first point of contact for supercomputing services and opportunities on a national level. We support adoption of high performance computing and provide free services to SMEs, academia and public administration, including facilitation of access, collaboration on R&amp;D projects, consulting and training.<\/p>\n\n\n\n<p>National competence center is a part of the EuroCC project, which includes a network of 33 national HPC competence centers.&nbsp;<\/p>\n\n\n\n<p>Project timeline:<\/p>\n\n\n\n<ul>\n<li>EuroCC \u2013 September 1st, 2020 to December 31st , 2022<\/li>\n\n\n\n<li>EuroCC 2 \u2013 January 1st , 2023 to December 31st , 2025<\/li>\n<\/ul>\n\n\n\n<p>Activities may continue beyond the current project runtime either under next EuroCC project or as a national activity.<\/p>","protected":false},"excerpt":{"rendered":"<p>Spolo\u010dnos\u0165 N\u00e1rodn\u00e9 superpo\u010d\u00edta\u010dov\u00e9 centrum Miesto pr\u00e1ceD\u00fabravsk\u00e1 cesta, Karlova Ves, Bratislava Druh pracovn\u00e9ho pomeru\u010ciasto\u010dn\u00fd \u00fav\u00e4zok 50 % (zmluvu na pln\u00fd \u00fav\u00e4zok je mo\u017en\u00e9 dohodn\u00fa\u0165 spojen\u00edm tejto poz\u00edcie s \u010fal\u0161\u00edmi pracovn\u00fdmi povinnos\u0165ami \u2013 pozri \u010fal\u0161ie dostupn\u00e9 poz\u00edcie) Miesto v\u00fdkonu pr\u00e1ce Term\u00edn n\u00e1stupuASAP, September 2023 Mzdov\u00e9 podmienky (brutto)Mzda (brutto) 900 \u2013 1200 EUR\/mesiac pod\u013ea schopnost\u00ed a sk\u00fasenost\u00ed. Mzda [&hellip;]<\/p>","protected":false},"author":2,"featured_media":0,"parent":462,"menu_order":0,"comment_status":"closed","ping_status":"closed","template":"templates\/template-full-width.php","meta":[],"_links":{"self":[{"href":"https:\/\/eurocc.nscc.sk\/en\/wp-json\/wp\/v2\/pages\/7014"}],"collection":[{"href":"https:\/\/eurocc.nscc.sk\/en\/wp-json\/wp\/v2\/pages"}],"about":[{"href":"https:\/\/eurocc.nscc.sk\/en\/wp-json\/wp\/v2\/types\/page"}],"author":[{"embeddable":true,"href":"https:\/\/eurocc.nscc.sk\/en\/wp-json\/wp\/v2\/users\/2"}],"replies":[{"embeddable":true,"href":"https:\/\/eurocc.nscc.sk\/en\/wp-json\/wp\/v2\/comments?post=7014"}],"version-history":[{"count":3,"href":"https:\/\/eurocc.nscc.sk\/en\/wp-json\/wp\/v2\/pages\/7014\/revisions"}],"predecessor-version":[{"id":7017,"href":"https:\/\/eurocc.nscc.sk\/en\/wp-json\/wp\/v2\/pages\/7014\/revisions\/7017"}],"up":[{"embeddable":true,"href":"https:\/\/eurocc.nscc.sk\/en\/wp-json\/wp\/v2\/pages\/462"}],"wp:attachment":[{"href":"https:\/\/eurocc.nscc.sk\/en\/wp-json\/wp\/v2\/media?parent=7014"}],"curies":[{"name":"wp","href":"https:\/\/api.w.org\/{rel}","templated":true}]}}