{"id":7507,"date":"2023-12-27T11:11:48","date_gmt":"2023-12-27T10:11:48","guid":{"rendered":"https:\/\/eurocc.nscc.sk\/?page_id=7507"},"modified":"2024-05-02T17:47:13","modified_gmt":"2024-05-02T15:47:13","slug":"ambassador-ramec","status":"publish","type":"page","link":"https:\/\/eurocc.nscc.sk\/en\/ambassador-ramec\/","title":{"rendered":"Cooperation"},"content":{"rendered":"<div class=\"is-layout-flex wp-container-3 wp-block-columns alignfull call-mid\" id=\"amb-top\">\n<div class=\"is-layout-flow wp-block-column\">\n<h4 class=\"has-text-align-center\"><a href=\"https:\/\/eurocc.nscc.sk\/en\/ambassador-ramec\/\" data-type=\"page\" data-id=\"7621\" style=\"color: #b8870b !important;\">HPC Ambassador program<\/a><\/h4>\n<\/div>\n\n\n\n<div class=\"is-layout-flow wp-block-column\">\n<h4 class=\"has-text-align-center\"><a href=\"https:\/\/eurocc.nscc.sk\/en\/coopsk\/\">Success Stories<\/a><\/h4>\n<\/div>\n<\/div>\n\n\n\n<div class=\"is-layout-flex wp-container-6 wp-block-columns alignfull\">\n<div class=\"is-layout-flow wp-block-column car-top-left\" id=\"hpc121\">\n<h4>Support for the utilization of HPC technologies in small<br>and medium-sized enterprises and industry.<hr style=\"border-bottom: 2px solid #b8870b; width: 100px;\"><\/h4>\n\n\n\n<p>The main goal of the Ambassador program is to establish mutually beneficial cooperation with innovation agencies, chambers of commerce, and regional associations representing small and medium-sized enterprises (SMEs) and industrial companies. The National Competence Center for High-Performance Computing (NCC for HPC) offers a wide portfolio of services in the areas of simulation, modeling, AI\/ML, and data analysis. Our services include access to supercomputers, technological consulting, and professional training training and we provide them in accordance with <strong><u><a href=\"https:\/\/eur-lex.europa.eu\/legal-content\/EN\/TXT\/PDF\/?uri=CELEX:52022XC1028(03)\">EU regulations<\/a><\/u><\/strong> on \"effective cooperation\"<\/p>\n\n\n\n<div style=\"height:45px\" aria-hidden=\"true\" class=\"wp-block-spacer\"><\/div>\n<\/div>\n\n\n\n<div class=\"is-layout-flow wp-block-column amb-top-right\">\n<p class=\"us-top\"><\/p>\n<\/div>\n<\/div>\n\n\n\n<div class=\"is-layout-flow wp-block-group alignfull\"><div class=\"wp-block-group__inner-container\">\n<div class=\"is-layout-flex wp-container-10 wp-block-columns alignfull call-mid\" id=\"amb-mid\">\n<div class=\"is-layout-flow wp-block-column\">\n<h4 class=\"has-text-align-center\"><a href=\"https:\/\/eurocc.nscc.sk\/en\/ambassador-ramec\/#amb-mid\/\" style=\"color: #b8870b !important;\">Framework of cooperation<\/a><\/h4>\n<\/div>\n\n\n\n<div class=\"is-layout-flow wp-block-column\">\n<h4 class=\"has-text-align-center\"><a href=\"https:\/\/eurocc.nscc.sk\/en\/ambassador-prinosy\/#amb-mid\/\">Benefits of HPC<\/a><\/h4>\n<\/div>\n\n\n\n<div class=\"is-layout-flow wp-block-column\">\n<h4 class=\"has-text-align-center\"><a href=\"https:\/\/eurocc.nscc.sk\/en\/ambassador-bariery\/#amb-mid\/\">Overcoming Barriers<\/a><\/h4>\n<\/div>\n<\/div>\n<\/div><\/div>\n\n\n\n<div class=\"is-layout-flow wp-block-group alignfull call-bot\"><div class=\"wp-block-group__inner-container\">\n<div class=\"is-layout-constrained wp-block-group alignfull serv-serv call-bot\"><div class=\"wp-block-group__inner-container\">\n<div style=\"height:20px\" aria-hidden=\"true\" class=\"wp-block-spacer\"><\/div>\n\n\n<div class=\"wp-block-image\">\n<figure class=\"aligncenter size-full\"><img decoding=\"async\" loading=\"lazy\" width=\"294\" height=\"300\" src=\"https:\/\/eurocc.nscc.sk\/wp-content\/uploads\/2024\/01\/1_300px.png\" alt=\"\" class=\"wp-image-7777\" srcset=\"https:\/\/eurocc.nscc.sk\/wp-content\/uploads\/2024\/01\/1_300px.png 294w, https:\/\/eurocc.nscc.sk\/wp-content\/uploads\/2024\/01\/1_300px-12x12.png 12w\" sizes=\"(max-width: 294px) 100vw, 294px\" \/><\/figure><\/div>\n\n\n<h4 class=\"has-text-align-center\">Initial Consultation | Needs Identification<hr style=\"border-bottom: 2px solid #b8870b; width: 100px;\"><\/h4>\n\n\n\n<p class=\"has-text-align-left\"><strong>Analysis of the structure and needs of your members, as well as the processes within your association. This is a crucial step in tailoring our collaboration to your unique needs.<\/strong><\/p>\n\n\n<div class=\"wp-block-image\">\n<figure class=\"aligncenter size-full\"><img decoding=\"async\" loading=\"lazy\" width=\"300\" height=\"209\" src=\"https:\/\/eurocc.nscc.sk\/wp-content\/uploads\/2024\/01\/2_300px.png\" alt=\"\" class=\"wp-image-7778\" srcset=\"https:\/\/eurocc.nscc.sk\/wp-content\/uploads\/2024\/01\/2_300px.png 300w, https:\/\/eurocc.nscc.sk\/wp-content\/uploads\/2024\/01\/2_300px-18x12.png 18w\" sizes=\"(max-width: 300px) 100vw, 300px\" \/><\/figure><\/div>\n\n\n<h4 class=\"has-text-align-center\">Identification of Potential Interest from SMEs<hr style=\"border-bottom: 2px solid #b8870b; width: 100px;\"><\/h4>\n\n\n\n<p class=\"has-text-align-left\"><strong>Through a simple survey matrix and digital audit, we identify potential interests among your members for whom the utilization of our HPC services could bring tangible benefits.<\/strong><\/p>\n\n\n<div class=\"wp-block-image\">\n<figure class=\"aligncenter size-full\"><img decoding=\"async\" loading=\"lazy\" width=\"300\" height=\"300\" src=\"https:\/\/eurocc.nscc.sk\/wp-content\/uploads\/2024\/01\/3_300px.png\" alt=\"\" class=\"wp-image-7779\" srcset=\"https:\/\/eurocc.nscc.sk\/wp-content\/uploads\/2024\/01\/3_300px.png 300w, https:\/\/eurocc.nscc.sk\/wp-content\/uploads\/2024\/01\/3_300px-150x150.png 150w, https:\/\/eurocc.nscc.sk\/wp-content\/uploads\/2024\/01\/3_300px-12x12.png 12w\" sizes=\"(max-width: 300px) 100vw, 300px\" \/><\/figure><\/div>\n\n\n<h4 class=\"has-text-align-center\">Tailor-made workshop<hr style=\"border-bottom: 2px solid #b8870b; width: 100px;\"><\/h4>\n\n\n\n<p class=\"has-text-align-left\"><strong>For specific interested parties, we will prepare a workshop tailored to their needs and goals, helping them better understand the possibilities of implementing specific HPC technologies.<\/strong><\/p>\n\n\n<div class=\"wp-block-image\">\n<figure class=\"aligncenter size-full\"><img decoding=\"async\" loading=\"lazy\" width=\"300\" height=\"298\" src=\"https:\/\/eurocc.nscc.sk\/wp-content\/uploads\/2024\/01\/4_300px.png\" alt=\"\" class=\"wp-image-7781\" srcset=\"https:\/\/eurocc.nscc.sk\/wp-content\/uploads\/2024\/01\/4_300px.png 300w, https:\/\/eurocc.nscc.sk\/wp-content\/uploads\/2024\/01\/4_300px-150x150.png 150w, https:\/\/eurocc.nscc.sk\/wp-content\/uploads\/2024\/01\/4_300px-12x12.png 12w\" sizes=\"(max-width: 300px) 100vw, 300px\" \/><\/figure><\/div>\n\n\n<h4 class=\"has-text-align-center\">Free open science Proof of Concept (PoC) project | or commercial solution<hr style=\"border-bottom: 2px solid #b8870b; width: 100px;\"><\/h4>\n\n\n\n<p class=\"has-text-align-left\"><strong>Podporujeme otvoren\u00fd v\u00fdskum a v\u00fdvoj poskytovan\u00edm na\u0161ej odbornej podpory a v\u00fdpo\u010dtov\u00fdch zdrojov pre pilotn\u00e9 a proof-of-concept projekty. Ak projekt dosiahne \u00faspech, je mo\u017en\u00e9 pokra\u010dova\u0165 realiz\u00e1ciou komer\u010dn\u00e9ho rie\u0161enia s pozit\u00edvnym dopadom na firmu a jej konkurencieschopnos\u0165 na trhu. Prezrite si na\u0161e<a href=\"https:\/\/eurocc.nscc.sk\/en\/coopsk\/\"> successful projects<\/a>.<\/strong><\/p>\n\n\n<div class=\"wp-block-image\">\n<figure class=\"aligncenter size-full\"><img decoding=\"async\" loading=\"lazy\" width=\"290\" height=\"300\" src=\"https:\/\/eurocc.nscc.sk\/wp-content\/uploads\/2024\/01\/5_300px.png\" alt=\"\" class=\"wp-image-7782\" srcset=\"https:\/\/eurocc.nscc.sk\/wp-content\/uploads\/2024\/01\/5_300px.png 290w, https:\/\/eurocc.nscc.sk\/wp-content\/uploads\/2024\/01\/5_300px-12x12.png 12w\" sizes=\"(max-width: 290px) 100vw, 290px\" \/><\/figure><\/div>\n\n\n<h4 class=\"has-text-align-center\">Synergy | Knowledge Sharing | Membership in the Advisory Committee<hr style=\"border-bottom: 2px solid #b8870b; width: 100px;\"><\/h4>\n\n\n\n<p class=\"has-text-align-left\"><strong>Continuous sharing of best practices among involved parties, creating mutual marketing potential. Additionally, you have the opportunity to participate in the Advisory Committee for collaboration with the private sector at the National Supercomputing Center, influencing strategies and the direction of HPC technology development in Slovakia.<\/strong><\/p>\n\n\n\n<div class=\"is-content-justification-center is-layout-flex wp-container-12 wp-block-buttons\">\n<div class=\"wp-block-button\"><a style=\"background: linear-gradient(to right, #636466 50%, #636466 50%) !important; border: 2px solid #636466 !important;\" class=\"wp-block-button__link wp-element-button\" href=\"\/wp-content\/uploads\/2023\/12\/Ambasador-program.pdf\" target=\"_blank\" rel=\"noreferrer noopener\">Download PDF<\/a><\/div>\n<\/div>\n\n\n\n<div style=\"height:50px\" aria-hidden=\"true\" class=\"wp-block-spacer\"><\/div>\n\n\n\n<h6 class=\"has-text-align-center\">FOR MORE INFORMATION ON SUCCESSFUL PROJECTS AND BEST PRACTICES,<br>CLICK THE BUTTON BELOW.<\/h6>\n\n\n\n<div class=\"is-content-justification-center is-layout-flex wp-container-13 wp-block-buttons\">\n<div class=\"wp-block-button\"><a class=\"wp-block-button__link wp-element-button\" href=\"https:\/\/eurocc.nscc.sk\/en\/coopsk\/\">Successful Projects<\/a><\/div>\n<\/div>\n\n\n\n<div style=\"height:60px\" aria-hidden=\"true\" class=\"wp-block-spacer\"><\/div>\n<\/div><\/div>\n\n\n\n<div class=\"is-layout-constrained wp-block-group alignfull call-bot serv-doteraz\"><div class=\"wp-block-group__inner-container\">\n<h6 class=\"has-text-align-center\">Become our partners, and together we will help small and medium-sized<br>businesses in Slovakia explore opportunities in the field of High-Performance Computing (HPC)!<br>Leave us your email, and we will contact you.<\/h6>\n\n\n\n<div class=\"is-content-justification-center is-layout-flex wp-container-15 wp-block-buttons\">\n<div class=\"wp-block-button\"><a class=\"wp-block-button__link wp-element-button\" href=\"\/en\/#kontakt\">I am interested<\/a><\/div>\n<\/div>\n<\/div><\/div>\n<\/div><\/div>","protected":false},"excerpt":{"rendered":"<p>HPC Ambassador program \u00daspe\u0161n\u00e9 projekty Podpora vyu\u017eitia HPC technol\u00f3gi\u00ed v mal\u00fdcha stredn\u00fdch podnikoch a priemysle Hlavn\u00fdm cie\u013eom programu Ambassador je nadviaza\u0165 obojstranne pr\u00ednosn\u00fa spolupr\u00e1cu s inova\u010dn\u00fdmi agent\u00farami, obchodn\u00fdmi komorami a region\u00e1lnymi zdru\u017eeniami zastre\u0161uj\u00facimi mal\u00e9 a stredn\u00e9 podniky (MSP) a priemyseln\u00e9 spolo\u010dnosti. Narodn\u00e9 kompeten\u010dn\u00e9 centrum pre vysokov\u00fdkonn\u00e9 po\u010d\u00edtanie (NCC pre HPC) pon\u00faka \u0161irok\u00e9 portf\u00f3lio slu\u017eieb v [&hellip;]<\/p>","protected":false},"author":1,"featured_media":0,"parent":0,"menu_order":0,"comment_status":"closed","ping_status":"closed","template":"templates\/template-full-width.php","meta":[],"_links":{"self":[{"href":"https:\/\/eurocc.nscc.sk\/en\/wp-json\/wp\/v2\/pages\/7507"}],"collection":[{"href":"https:\/\/eurocc.nscc.sk\/en\/wp-json\/wp\/v2\/pages"}],"about":[{"href":"https:\/\/eurocc.nscc.sk\/en\/wp-json\/wp\/v2\/types\/page"}],"author":[{"embeddable":true,"href":"https:\/\/eurocc.nscc.sk\/en\/wp-json\/wp\/v2\/users\/1"}],"replies":[{"embeddable":true,"href":"https:\/\/eurocc.nscc.sk\/en\/wp-json\/wp\/v2\/comments?post=7507"}],"version-history":[{"count":72,"href":"https:\/\/eurocc.nscc.sk\/en\/wp-json\/wp\/v2\/pages\/7507\/revisions"}],"predecessor-version":[{"id":8901,"href":"https:\/\/eurocc.nscc.sk\/en\/wp-json\/wp\/v2\/pages\/7507\/revisions\/8901"}],"wp:attachment":[{"href":"https:\/\/eurocc.nscc.sk\/en\/wp-json\/wp\/v2\/media?parent=7507"}],"curies":[{"name":"wp","href":"https:\/\/api.w.org\/{rel}","templated":true}]}}