{"id":7594,"date":"2023-12-29T09:33:18","date_gmt":"2023-12-29T08:33:18","guid":{"rendered":"https:\/\/eurocc.nscc.sk\/?page_id=7594"},"modified":"2024-01-26T12:06:54","modified_gmt":"2024-01-26T11:06:54","slug":"ambassador","status":"publish","type":"page","link":"https:\/\/eurocc.nscc.sk\/en\/ambassador\/","title":{"rendered":"Cooperation"},"content":{"rendered":"<div class=\"is-layout-flex wp-container-3 wp-block-columns alignfull call-mid\" id=\"amb-top\">\n<div class=\"is-layout-flow wp-block-column\">\n<h4 class=\"has-text-align-center\"><a href=\"https:\/\/eurocc.nscc.sk\/en\/ambassador-ramec\/\">HPC Ambassador program<\/a><\/h4>\n<\/div>\n\n\n\n<div class=\"is-layout-flow wp-block-column\">\n<h4 class=\"has-text-align-center\"><a href=\"https:\/\/eurocc.nscc.sk\/en\/uspesne-projekty\/\">Success Stories<\/a><\/h4>\n<\/div>\n<\/div>\n\n\n\n<div class=\"is-layout-flex wp-container-6 wp-block-columns alignfull\">\n<div class=\"is-layout-flow wp-block-column car-top-left\" id=\"hpc121\">\n<h4>Support for the utilization of HPC technologies in small<br>and medium-sized enterprises and industry.<hr style=\"border-bottom: 2px solid #b8870b; width: 100px;\"><\/h4>\n\n\n\n<p>The main goal of the Ambassador program is to establish mutually beneficial cooperation with innovation agencies, chambers of commerce, and regional associations representing small and medium-sized enterprises (SMEs) and industrial companies. The National Competence Center for High-Performance Computing (NCC for HPC) offers a wide portfolio of services in the areas of simulation, modeling, AI\/ML, and data analysis. Our services include access to supercomputers, technological consulting, and professional training.<\/p>\n\n\n\n<div style=\"height:45px\" aria-hidden=\"true\" class=\"wp-block-spacer\"><\/div>\n<\/div>\n\n\n\n<div class=\"is-layout-flow wp-block-column amb-top-right\">\n<p class=\"us-top\"><\/p>\n<\/div>\n<\/div>\n\n\n\n<div class=\"is-layout-flow wp-block-group alignfull\"><div class=\"wp-block-group__inner-container\">\n<div class=\"is-layout-flex wp-container-10 wp-block-columns alignfull call-mid\" id=\"amb-mid\">\n<div class=\"is-layout-flow wp-block-column\">\n<h4 class=\"has-text-align-center\"><a href=\"https:\/\/eurocc.nscc.sk\/en\/ambassador-ramec\/#amb-mid\/\">Framework of cooperation<\/a><\/h4>\n<\/div>\n\n\n\n<div class=\"is-layout-flow wp-block-column\">\n<h4 class=\"has-text-align-center\"><a href=\"https:\/\/eurocc.nscc.sk\/en\/ambassador-prinosy\/#amb-mid\/\">Benefits of HPC<\/a><\/h4>\n<\/div>\n\n\n\n<div class=\"is-layout-flow wp-block-column\">\n<h4 class=\"has-text-align-center\"><a href=\"https:\/\/eurocc.nscc.sk\/en\/ambassador-bariery\/#amb-mid\/\">Overcoming Barriers<\/a><\/h4>\n<\/div>\n<\/div>\n<\/div><\/div>\n\n\n\n<div class=\"is-layout-constrained wp-block-group alignfull call-bot\"><div class=\"wp-block-group__inner-container\">\n<div style=\"height:60px\" aria-hidden=\"true\" class=\"wp-block-spacer\"><\/div>\n\n\n\n<div class=\"is-layout-flow wp-block-group alignfull\"><div class=\"wp-block-group__inner-container\">\n<div class=\"is-horizontal is-content-justification-center is-layout-flex wp-container-12 wp-block-buttons alignfull\">\n<div class=\"wp-block-button\"><a class=\"wp-block-button__link wp-element-button\" href=\"\/en\/\">BACK<\/a><\/div>\n<\/div>\n<\/div><\/div>\n\n\n\n<div style=\"height:60px\" aria-hidden=\"true\" class=\"wp-block-spacer\"><\/div>\n<\/div><\/div>","protected":false},"excerpt":{"rendered":"<p>HPC Ambassador program \u00daspe\u0161n\u00e9 projekty Podpora vyu\u017eitia HPC technol\u00f3gi\u00ed v mal\u00fdcha stredn\u00fdch podnikoch a priemysle Hlavn\u00fdm cie\u013eom programu Ambassador je nadviaza\u0165 obojstranne pr\u00ednosn\u00fa spolupr\u00e1cu s inova\u010dn\u00fdmi agent\u00farami, obchodn\u00fdmi komorami a region\u00e1lnymi zdru\u017eeniami zastre\u0161uj\u00facimi mal\u00e9 a stredn\u00e9 podniky (MSP) a priemyseln\u00e9 spolo\u010dnosti. Narodn\u00e9 kompeten\u010dn\u00e9 centrum pre vysokov\u00fdkonn\u00e9 po\u010d\u00edtanie (NCC pre HPC) pon\u00faka \u0161irok\u00e9 portf\u00f3lio slu\u017eieb v [&hellip;]<\/p>","protected":false},"author":1,"featured_media":0,"parent":0,"menu_order":0,"comment_status":"closed","ping_status":"closed","template":"templates\/template-full-width.php","meta":[],"_links":{"self":[{"href":"https:\/\/eurocc.nscc.sk\/en\/wp-json\/wp\/v2\/pages\/7594"}],"collection":[{"href":"https:\/\/eurocc.nscc.sk\/en\/wp-json\/wp\/v2\/pages"}],"about":[{"href":"https:\/\/eurocc.nscc.sk\/en\/wp-json\/wp\/v2\/types\/page"}],"author":[{"embeddable":true,"href":"https:\/\/eurocc.nscc.sk\/en\/wp-json\/wp\/v2\/users\/1"}],"replies":[{"embeddable":true,"href":"https:\/\/eurocc.nscc.sk\/en\/wp-json\/wp\/v2\/comments?post=7594"}],"version-history":[{"count":6,"href":"https:\/\/eurocc.nscc.sk\/en\/wp-json\/wp\/v2\/pages\/7594\/revisions"}],"predecessor-version":[{"id":8052,"href":"https:\/\/eurocc.nscc.sk\/en\/wp-json\/wp\/v2\/pages\/7594\/revisions\/8052"}],"wp:attachment":[{"href":"https:\/\/eurocc.nscc.sk\/en\/wp-json\/wp\/v2\/media?parent=7594"}],"curies":[{"name":"wp","href":"https:\/\/api.w.org\/{rel}","templated":true}]}}