{"id":7601,"date":"2023-12-29T09:41:30","date_gmt":"2023-12-29T08:41:30","guid":{"rendered":"https:\/\/eurocc.nscc.sk\/?page_id=7601"},"modified":"2024-02-08T09:04:00","modified_gmt":"2024-02-08T08:04:00","slug":"ambassador-prinosy","status":"publish","type":"page","link":"https:\/\/eurocc.nscc.sk\/en\/ambassador-prinosy\/","title":{"rendered":"Cooperation"},"content":{"rendered":"<div class=\"is-layout-flex wp-container-3 wp-block-columns alignfull call-mid\" id=\"amb-top\">\n<div class=\"is-layout-flow wp-block-column\">\n<h4 class=\"has-text-align-center\"><a href=\"https:\/\/eurocc.nscc.sk\/en\/ambassador-ramec\/\" style=\"color: #b8870b !important;\">HPC Ambassador program<\/a><\/h4>\n<\/div>\n\n\n\n<div class=\"is-layout-flow wp-block-column\">\n<h4 class=\"has-text-align-center\"><a href=\"https:\/\/eurocc.nscc.sk\/en\/coopsk\/\">Success Stories<\/a><\/h4>\n<\/div>\n<\/div>\n\n\n\n<div class=\"is-layout-flex wp-container-6 wp-block-columns alignfull\">\n<div class=\"is-layout-flow wp-block-column car-top-left\" id=\"hpc121\">\n<h4>Support for the utilization of HPC technologies in small<br>and medium-sized enterprises and industry.<hr style=\"border-bottom: 2px solid #b8870b; width: 100px;\"><\/h4>\n\n\n\n<p>The main goal of the Ambassador program is to establish mutually beneficial cooperation with innovation agencies, chambers of commerce, and regional associations representing small and medium-sized enterprises (SMEs) and industrial companies. The National Competence Center for High-Performance Computing (NCC for HPC) offers a wide portfolio of services in the areas of simulation, modeling, AI\/ML, and data analysis. Our services include access to supercomputers, technological consulting, and professional training.<\/p>\n\n\n\n<div style=\"height:45px\" aria-hidden=\"true\" class=\"wp-block-spacer\"><\/div>\n<\/div>\n\n\n\n<div class=\"is-layout-flow wp-block-column amb-top-right\">\n<p class=\"us-top\"><\/p>\n<\/div>\n<\/div>\n\n\n\n<div class=\"is-layout-flow wp-block-group alignfull\"><div class=\"wp-block-group__inner-container\">\n<div class=\"is-layout-flex wp-container-10 wp-block-columns alignfull call-mid\" id=\"amb-mid\">\n<div class=\"is-layout-flow wp-block-column\">\n<h4 class=\"has-text-align-center\"><a href=\"https:\/\/eurocc.nscc.sk\/en\/ambassador-ramec\/#amb-mid\/\">Framework of cooperation<\/a><\/h4>\n<\/div>\n\n\n\n<div class=\"is-layout-flow wp-block-column\">\n<h4 class=\"has-text-align-center\"><a href=\"https:\/\/eurocc.nscc.sk\/en\/ambassador-prinosy\/#amb-mid\/\" style=\"color: #b8870b !important;\">Benefits of HPC<\/a><\/h4>\n<\/div>\n\n\n\n<div class=\"is-layout-flow wp-block-column\">\n<h4 class=\"has-text-align-center\"><a href=\"https:\/\/eurocc.nscc.sk\/en\/ambassador-bariery\/#amb-mid\/\">Overcoming Barriers<\/a><\/h4>\n<\/div>\n<\/div>\n<\/div><\/div>\n\n\n\n<div class=\"is-layout-flow wp-block-group alignfull call-bot\"><div class=\"wp-block-group__inner-container\">\n<div class=\"is-layout-constrained wp-block-group alignfull serv-serv call-bot\"><div class=\"wp-block-group__inner-container\">\n<div style=\"height:50px\" aria-hidden=\"true\" class=\"wp-block-spacer\"><\/div>\n\n\n\n<h6 class=\"has-text-align-center\">The implementation of high-performance computing technologies (HPC) can bring several advantages for small and medium-sized enterprises (SMEs) in Slovakia. Here are some of the main benefits:<\/h6>\n\n\n<div class=\"wp-block-image\">\n<figure class=\"aligncenter size-full\"><img decoding=\"async\" loading=\"lazy\" width=\"301\" height=\"266\" src=\"https:\/\/eurocc.nscc.sk\/wp-content\/uploads\/2024\/01\/1.png\" alt=\"\" class=\"wp-image-7762\" srcset=\"https:\/\/eurocc.nscc.sk\/wp-content\/uploads\/2024\/01\/1.png 301w, https:\/\/eurocc.nscc.sk\/wp-content\/uploads\/2024\/01\/1-14x12.png 14w\" sizes=\"(max-width: 301px) 100vw, 301px\" \/><\/figure><\/div>\n\n\n<h4 class=\"has-text-align-center\">Acceleration of computations and processes<hr style=\"border-bottom: 2px solid #b8870b; width: 100px;\"><\/h4>\n\n\n\n<p class=\"has-text-align-left\">HPC enables SMEs to process complex calculations and analytical tasks faster. The team contributes to increasing efficiency, optimizing processes and customizing the product launch.<\/p>\n\n\n\n<p class=\"has-text-align-left\">AmpliSIM: <a href=\"https:\/\/prace-ri.eu\/amplisim-air-quality-simulation-for-industry\/\">Air Quality Simulation For Industry<\/a><\/p>\n\n\n\n<p class=\"has-text-align-left\"><em>\u201eThe overall engineering time has been reduced by more than 60 per cent, with no time being lost on data retrieval and transformation. This, combined with the excellent quality of data and small error in the modelling process is what makes the service so compelling for users.\u201c<\/em><\/p>\n\n\n<div class=\"wp-block-image\">\n<figure class=\"aligncenter size-full\"><img decoding=\"async\" loading=\"lazy\" width=\"213\" height=\"300\" src=\"https:\/\/eurocc.nscc.sk\/wp-content\/uploads\/2024\/01\/2.png\" alt=\"\" class=\"wp-image-7763\" srcset=\"https:\/\/eurocc.nscc.sk\/wp-content\/uploads\/2024\/01\/2.png 213w, https:\/\/eurocc.nscc.sk\/wp-content\/uploads\/2024\/01\/2-9x12.png 9w\" sizes=\"(max-width: 213px) 100vw, 213px\" \/><\/figure><\/div>\n\n\n<h4 class=\"has-text-align-center\">Innovation and Competitiveness<hr style=\"border-bottom: 2px solid #b8870b; width: 100px;\"><\/h4>\n\n\n\n<p class=\"has-text-align-left\">High-performance computing technologies provide SMEs with opportunities for innovation and the development of new products or services. In this way, they can gain a competitive advantage in the market.<\/p>\n\n\n\n<p class=\"has-text-align-left\"><a href=\"https:\/\/prace-ri.eu\/shape-juanyacht\/\">Juan Yacht Design Teams Up With PRACE SHAPE To Make Faster Sailboats<\/a><\/p>\n\n\n\n<p class=\"has-text-align-left\"><em>\u201cThe use of RANS turbulence models \u2013 a pioneering adoption of Computational Fluids Dynamics (CFD) \u2013 has enabled Juan Yacht Design to put aside the need for towing tank experimental tests, a key competitive advantage in a cut-throat industry.\u201d<\/em><\/p>\n\n\n<div class=\"wp-block-image\">\n<figure class=\"aligncenter size-full\"><img decoding=\"async\" loading=\"lazy\" width=\"300\" height=\"172\" src=\"https:\/\/eurocc.nscc.sk\/wp-content\/uploads\/2024\/01\/3.png\" alt=\"\" class=\"wp-image-7764\" srcset=\"https:\/\/eurocc.nscc.sk\/wp-content\/uploads\/2024\/01\/3.png 300w, https:\/\/eurocc.nscc.sk\/wp-content\/uploads\/2024\/01\/3-18x10.png 18w\" sizes=\"(max-width: 300px) 100vw, 300px\" \/><\/figure><\/div>\n\n\n<h4 class=\"has-text-align-center\">Processing Large Datasets<hr style=\"border-bottom: 2px solid #b8870b; width: 100px;\"><\/h4>\n\n\n\n<p class=\"has-text-align-left\">HPC enables SMEs to efficiently process large volumes of data. This is crucial, for example, for analyzing customer behavior, demand forecasting, and other important areas that can lead to better decision-making.<\/p>\n\n\n\n<p class=\"has-text-align-left\"><span style=\"color:#393939\"><a href=\"https:\/\/www.fortissimo-project.eu\/en\/success-stories\/907\/largescale-indie-gaming-analytics-liga\">Large-scale Indie Gaming Analytics (LIGA)<\/a><\/span><\/p>\n\n\n\n<p class=\"has-text-align-left\"><em>\u201cThe main benefit for the customers of KUMO making use of REC-ENG is that the new tool will support their decision-making process in terms of models to be collected and shared. The tool will reinforce the links between models and users\u2019 likes, and also among models themselves.\u201d<\/em><\/p>\n\n\n<div class=\"wp-block-image\">\n<figure class=\"aligncenter size-full\"><img decoding=\"async\" loading=\"lazy\" width=\"298\" height=\"300\" src=\"https:\/\/eurocc.nscc.sk\/wp-content\/uploads\/2024\/01\/4.png\" alt=\"\" class=\"wp-image-7765\" srcset=\"https:\/\/eurocc.nscc.sk\/wp-content\/uploads\/2024\/01\/4.png 298w, https:\/\/eurocc.nscc.sk\/wp-content\/uploads\/2024\/01\/4-150x150.png 150w, https:\/\/eurocc.nscc.sk\/wp-content\/uploads\/2024\/01\/4-12x12.png 12w\" sizes=\"(max-width: 298px) 100vw, 298px\" \/><\/figure><\/div>\n\n\n<h4 class=\"has-text-align-center\">Cost optimization<hr style=\"border-bottom: 2px solid #b8870b; width: 100px;\"><\/h4>\n\n\n\n<p class=\"has-text-align-left\">Although implementing HPC involves certain investments, it can lead to cost optimization in the long term. Automation of processes and innovative approaches can result in less time and resources required to achieve the same results.<\/p>\n\n\n\n<p class=\"has-text-align-left\"><a href=\"https:\/\/www.fortissimo-project.eu\/en\/success-stories\/910\/optibike-robust-lightweight-composite-bicycle-design-and-optimization\">OptiBike Robust Lightweight Composite Bicycle design and optimization<\/a><\/p>\n\n\n\n<p class=\"has-text-align-left\"><em>\"The OptiBike solution leads to a reduction of 80% in the time to design and optimize a bicycle that can currently take up to 8 months. In addition, it reduces the number of manufactured prototypes by 75%. Having this optimization workflow available means that IDEC is capable of staying ahead of the competition despite its limited resources.\"<\/em><\/p>\n\n\n<div class=\"wp-block-image\">\n<figure class=\"aligncenter size-full\"><img decoding=\"async\" loading=\"lazy\" width=\"300\" height=\"300\" src=\"https:\/\/eurocc.nscc.sk\/wp-content\/uploads\/2024\/01\/5.png\" alt=\"\" class=\"wp-image-7766\" srcset=\"https:\/\/eurocc.nscc.sk\/wp-content\/uploads\/2024\/01\/5.png 300w, https:\/\/eurocc.nscc.sk\/wp-content\/uploads\/2024\/01\/5-150x150.png 150w, https:\/\/eurocc.nscc.sk\/wp-content\/uploads\/2024\/01\/5-12x12.png 12w\" sizes=\"(max-width: 300px) 100vw, 300px\" \/><\/figure><\/div>\n\n\n<h4 class=\"has-text-align-center\">Adaptability and scalability<hr style=\"border-bottom: 2px solid #b8870b; width: 100px;\"><\/h4>\n\n\n\n<p class=\"has-text-align-left\">HPC solutions are often flexible and capable of adapting to the evolving needs of SMEs. Moreover, these technologies are scalable, meaning that SMEs can gradually expand their capacities according to increasing demands.<\/p>\n\n\n<div class=\"wp-block-image\">\n<figure class=\"aligncenter size-full\"><img decoding=\"async\" loading=\"lazy\" width=\"301\" height=\"301\" src=\"https:\/\/eurocc.nscc.sk\/wp-content\/uploads\/2024\/01\/6.png\" alt=\"\" class=\"wp-image-7767\" srcset=\"https:\/\/eurocc.nscc.sk\/wp-content\/uploads\/2024\/01\/6.png 301w, https:\/\/eurocc.nscc.sk\/wp-content\/uploads\/2024\/01\/6-150x150.png 150w, https:\/\/eurocc.nscc.sk\/wp-content\/uploads\/2024\/01\/6-12x12.png 12w\" sizes=\"(max-width: 301px) 100vw, 301px\" \/><\/figure><\/div>\n\n\n<h4 class=\"has-text-align-center\">Research &amp; Development<hr style=\"border-bottom: 2px solid #b8870b; width: 100px;\"><\/h4>\n\n\n\n<p class=\"has-text-align-left\">HPC can support SMEs in research and development, which is a key factor for innovation and discovering new opportunities in their industry.<\/p>\n\n\n\n<p class=\"has-text-align-left\"><a href=\"https:\/\/www.ff4eurohpc.eu\/en\/success-stories\/2022112019214539\/highperformance_computing_enhances_treatment_precision_in_breast_cancer\">High-performance computing enhances treatment precision in breast cancer<\/a><br><\/p>\n\n\n\n<p class=\"has-text-align-left\"><em>\"The A\u00cfDA technology has a huge potential to support clinicians in their choice of treatment. No similar solutions exist at the moment, and therefore A\u00cfDA has the opportunity to become a first-in-market product that can truly revolutionize the way cancer patients are treated.\"<\/em><\/p>\n\n\n<div class=\"wp-block-image\">\n<figure class=\"aligncenter size-full\"><img decoding=\"async\" loading=\"lazy\" width=\"300\" height=\"300\" src=\"https:\/\/eurocc.nscc.sk\/wp-content\/uploads\/2024\/01\/7.png\" alt=\"\" class=\"wp-image-7768\" srcset=\"https:\/\/eurocc.nscc.sk\/wp-content\/uploads\/2024\/01\/7.png 300w, https:\/\/eurocc.nscc.sk\/wp-content\/uploads\/2024\/01\/7-150x150.png 150w, https:\/\/eurocc.nscc.sk\/wp-content\/uploads\/2024\/01\/7-12x12.png 12w\" sizes=\"(max-width: 300px) 100vw, 300px\" \/><\/figure><\/div>\n\n\n<h4 class=\"has-text-align-center\">Decision support<hr style=\"border-bottom: 2px solid #b8870b; width: 100px;\"><\/h4>\n\n\n\n<p class=\"has-text-align-left\">Faster and more accurate calculations enable SMEs to obtain better information for decision-making processes, leading to better strategic decisions.<\/p>\n\n\n\n<p class=\"has-text-align-left\"><a href=\"https:\/\/www.ff4eurohpc.eu\/en\/success-stories\/2022111921414636\/leveraging_hpc_for_ai_and_deep_learning_powered_solutions_for_asset_management\">Leveraging HPC for AI and deep learning powered solutions for asset management<\/a><br><\/p>\n\n\n\n<p class=\"has-text-align-left\"><em>\u201cThe main result of this experiment is the development of a \u201cfactory\u201d of AI\/DL-based models to support asset management. It brings rigorousness and automation to the models that guide better investment choices and support the creation of risk management tools. These tools in turn contribute to the entire system\u2019s stability and reduce investors\u2019 risks, especially in the most challenging market moments and scenarios, thus overcoming the roadblocks previously mentioned.\u201d<\/em><\/p>\n\n\n<div class=\"wp-block-image\">\n<figure class=\"aligncenter size-full\"><img decoding=\"async\" loading=\"lazy\" width=\"301\" height=\"301\" src=\"https:\/\/eurocc.nscc.sk\/wp-content\/uploads\/2024\/01\/8.png\" alt=\"\" class=\"wp-image-7769\" srcset=\"https:\/\/eurocc.nscc.sk\/wp-content\/uploads\/2024\/01\/8.png 301w, https:\/\/eurocc.nscc.sk\/wp-content\/uploads\/2024\/01\/8-150x150.png 150w, https:\/\/eurocc.nscc.sk\/wp-content\/uploads\/2024\/01\/8-12x12.png 12w\" sizes=\"(max-width: 301px) 100vw, 301px\" \/><\/figure><\/div>\n\n\n<h4 class=\"has-text-align-center\">Development of professional skills<hr style=\"border-bottom: 2px solid #b8870b; width: 100px;\"><\/h4>\n\n\n\n<p class=\"has-text-align-center\">The implementation of HPC allows SMEs to develop the professional skills of their employees in the field of computational technologies and modern information technologies.<\/p>\n\n\n\n<div style=\"height:60px\" aria-hidden=\"true\" class=\"wp-block-spacer\"><\/div>\n<\/div><\/div>\n\n\n\n<div class=\"is-layout-constrained wp-block-group alignfull serv-doteraz\"><div class=\"wp-block-group__inner-container\">\n<h6 class=\"has-text-align-center\">CONTACT US AND WE WILL GLADLY SHOW YOU SPECIFIC EXAMPLES OF SUCCESSFUL HPC IMPLEMENTATIONS<br>IN SIMILAR SMEs OR IN YOUR SPECIFIC INDUSTRY.<\/h6>\n\n\n\n<h6 class=\"has-text-align-center\"><a href=\"https:\/\/eurocc.nscc.sk\/en\/sluzby\/\">FOR MORE INFORMATION ABOUT OUR SERVICE PORTFOLIO,<br>CLICK THE BUTTON BELOW.<\/a><\/h6>\n\n\n\n<div style=\"height:30px\" aria-hidden=\"true\" class=\"wp-block-spacer\"><\/div>\n\n\n\n<div class=\"is-content-justification-center is-layout-flex wp-container-13 wp-block-buttons\">\n<div class=\"wp-block-button\"><a class=\"wp-block-button__link wp-element-button\" href=\"\/en\/#kontakt\">Service portfolio<\/a><\/div>\n<\/div>\n<\/div><\/div>\n<\/div><\/div>","protected":false},"excerpt":{"rendered":"<p>HPC Ambassador program \u00daspe\u0161n\u00e9 projekty Podpora vyu\u017eitia HPC technol\u00f3gi\u00ed v mal\u00fdcha stredn\u00fdch podnikoch a priemysle Hlavn\u00fdm cie\u013eom programu Ambassador je nadviaza\u0165 obojstranne pr\u00ednosn\u00fa spolupr\u00e1cu s inova\u010dn\u00fdmi agent\u00farami, obchodn\u00fdmi komorami a region\u00e1lnymi zdru\u017eeniami zastre\u0161uj\u00facimi mal\u00e9 a stredn\u00e9 podniky (MSP) a priemyseln\u00e9 spolo\u010dnosti. Narodn\u00e9 kompeten\u010dn\u00e9 centrum pre vysokov\u00fdkonn\u00e9 po\u010d\u00edtanie (NCC pre HPC) pon\u00faka \u0161irok\u00e9 portf\u00f3lio slu\u017eieb v [&hellip;]<\/p>","protected":false},"author":1,"featured_media":0,"parent":0,"menu_order":0,"comment_status":"closed","ping_status":"closed","template":"templates\/template-full-width.php","meta":[],"_links":{"self":[{"href":"https:\/\/eurocc.nscc.sk\/en\/wp-json\/wp\/v2\/pages\/7601"}],"collection":[{"href":"https:\/\/eurocc.nscc.sk\/en\/wp-json\/wp\/v2\/pages"}],"about":[{"href":"https:\/\/eurocc.nscc.sk\/en\/wp-json\/wp\/v2\/types\/page"}],"author":[{"embeddable":true,"href":"https:\/\/eurocc.nscc.sk\/en\/wp-json\/wp\/v2\/users\/1"}],"replies":[{"embeddable":true,"href":"https:\/\/eurocc.nscc.sk\/en\/wp-json\/wp\/v2\/comments?post=7601"}],"version-history":[{"count":42,"href":"https:\/\/eurocc.nscc.sk\/en\/wp-json\/wp\/v2\/pages\/7601\/revisions"}],"predecessor-version":[{"id":8342,"href":"https:\/\/eurocc.nscc.sk\/en\/wp-json\/wp\/v2\/pages\/7601\/revisions\/8342"}],"wp:attachment":[{"href":"https:\/\/eurocc.nscc.sk\/en\/wp-json\/wp\/v2\/media?parent=7601"}],"curies":[{"name":"wp","href":"https:\/\/api.w.org\/{rel}","templated":true}]}}