{"id":7681,"date":"2024-01-07T12:34:25","date_gmt":"2024-01-07T11:34:25","guid":{"rendered":"https:\/\/eurocc.nscc.sk\/?page_id=7681"},"modified":"2024-02-01T10:05:33","modified_gmt":"2024-02-01T09:05:33","slug":"coopeu","status":"publish","type":"page","link":"https:\/\/eurocc.nscc.sk\/en\/coopeu\/","title":{"rendered":"Cooperation"},"content":{"rendered":"<div class=\"is-layout-flex wp-container-3 wp-block-columns alignfull call-mid\" id=\"amb-top\">\n<div class=\"is-layout-flow wp-block-column\">\n<h4 class=\"has-text-align-center\"><a href=\"https:\/\/eurocc.nscc.sk\/en\/ambassador-ramec\/\">HPC Ambassador program<\/a><\/h4>\n<\/div>\n\n\n\n<div class=\"is-layout-flow wp-block-column\">\n<h4 class=\"has-text-align-center\"><a href=\"https:\/\/eurocc.nscc.sk\/en\/coopsk\/\" style=\"color: #b8870b !important;\">Success Stories<\/a><\/h4>\n<\/div>\n<\/div>\n\n\n\n<div class=\"is-layout-flex wp-container-6 wp-block-columns alignfull\">\n<div class=\"is-layout-flow wp-block-column car-top-left\" id=\"hpc121\">\n<h4 class=\"has-text-align-left\"><strong>Success Stories<\/strong><hr style=\"border-bottom: 2px solid #b8870b; width: 100px;\"><\/h4>\n\n\n\n<p>Read about examples of best practices in successful utilization of HPC technologies in Europe. Programs like PRACE Shape and FF4EuroHPC have supported numerous interesting projects in European companies.<\/p>\n<\/div>\n\n\n\n<div class=\"is-layout-flow wp-block-column succc-top-right\">\n<p class=\"succc-top-right\"><\/p>\n<\/div>\n<\/div>\n\n\n\n<div class=\"is-layout-flow wp-block-group alignfull\"><div class=\"wp-block-group__inner-container\">\n<div class=\"is-layout-flex wp-container-10 wp-block-columns alignfull call-mid\" id=\"call-mid\">\n<div class=\"is-layout-flow wp-block-column\">\n<h4 class=\"has-text-align-center\"><a href=\"https:\/\/eurocc.nscc.sk\/en\/coopsk\/#call-mid\/\">Cooperations - Slovakia<\/a><\/h4>\n<\/div>\n\n\n\n<div class=\"is-layout-flow wp-block-column\">\n<h4 class=\"has-text-align-center\"><a href=\"https:\/\/eurocc.nscc.sk\/en\/coopeu\/#call-mid\/\" style=\"color: #b8870b !important;\">Cooperations - Europe<\/a><\/h4>\n<\/div>\n\n\n\n<div class=\"is-layout-flow wp-block-column\">\n<h4 class=\"has-text-align-center\"><a href=\"https:\/\/eurocc.nscc.sk\/en\/coopreff\/#call-mid\/\">References<\/a><\/h4>\n<\/div>\n<\/div>\n<\/div><\/div>\n\n\n\n<div class=\"is-layout-flow wp-block-group alignfull news-posts call-bot\"><div class=\"wp-block-group__inner-container\">\n<table style=\"max-width: 86%;\">\n<tbody>\n<tr>\n<td>\n<a href=\"https:\/\/prace-ri.eu\/a-scalable-hpc-platform-for-ai-algorithms-in-finance\/\" target=\"_blank\" rel=\"noopener\"><img decoding=\"async\" src=\"\/wp-content\/uploads\/2024\/01\/1pr.jpg\"><br>\n<table>\n<tr>\n<td style=\"padding-left:0;\"><div style=\"width:72px; height:70px; background-color:#c59d37; color: #000;\"><p style=\"padding-left:32px;padding-top:22px;\"><strong>1<\/strong><\/div><\/td>\n<td>\n<span style=\"color: #231f20\"><strong>Scalable HPC Platform for AI Algorithms in the Financial Sector<\/strong><\/span><br>\n<span style=\"color: #636466\">PRACE Shape<\/span><\/a>\n<\/td>\n<\/tr>\n<\/table>\n<\/td>\n<td style=\"padding-left:60px;\">\n<a href=\"https:\/\/prace-ri.eu\/keep-on-truckin-fluid-dynamics-for-the-transport-sector\/\" target=\"_blank\" rel=\"noopener\"><img decoding=\"async\" src=\"\/wp-content\/uploads\/2024\/01\/2pr.jpg\"><br>\n<table>\n<tr>\n<td style=\"padding-left:0;\"><div style=\"width:72px; height:70px; background-color:#c59d37; color: #000;\"><p style=\"padding-left:32px;padding-top:22px;\"><strong>2<\/strong><\/div><\/td>\n<td>\n<span style=\"color: #231f20\"><strong>Flow Dynamics for the Transportation Sector<\/strong><\/span><br><span style=\"color: #636466\">PRACE Shape<\/span><\/a>\n<\/td>\n<\/tr>\n<\/table>\n<\/td>\n<td style=\"padding-left:60px;\">\n<a href=\"https:\/\/prace-ri.eu\/optimized-solutions-for-treating-bone-fractures-will-soon-be-reality\/\" target=\"_blank\" rel=\"noopener\"><img decoding=\"async\" src=\"\/wp-content\/uploads\/2024\/01\/3pr.jpg\"><br>\n<table>\n<tr>\n<td style=\"padding-left:0;\"><div style=\"width:72px; height:70px; background-color:#c59d37; color: #000;\"><p style=\"padding-left:32px;padding-top:22px;\"><strong>3<\/strong><\/div><\/td>\n<td>\n<span style=\"color: #231f20\"><strong>Optimized Solutions for Bone Fracture Treatment<\/strong><\/span><br><span style=\"color: #636466\">PRACE Shape<\/span><\/a>\n<\/td>\n<\/tr>\n<\/table>\n<\/td>\n<\/tr>\n<tr>\n<td style=\"padding-top: 40px;\">\n<a href=\"https:\/\/www.ff4eurohpc.eu\/en\/success-stories\/2022112020261505\/market_innovation_sourcing_\" target=\"_blank\" rel=\"noopener\"><img decoding=\"async\" src=\"\/wp-content\/uploads\/2024\/01\/4ff.jpg\"><br>\n<table>\n<tr>\n<td style=\"padding-left:0;\"><div style=\"width:72px; height:70px; background-color:#c59d37; color: #000;\"><p style=\"padding-left:32px;padding-top:22px;\"><strong>4<\/strong><\/div><\/td>\n<td>\n<span style=\"color: #231f20\"><strong>Market Innovation Acquisition<\/strong><\/span><br><span style=\"color: #636466\">FF4EuroHPC\/Fortissimo<\/span><\/a>\n<\/td>\n<\/tr>\n<\/table>\n<\/td>\n<td style=\"padding-left:60px; padding-top: 40px;\">\n<a href=\"https:\/\/www.ff4eurohpc.eu\/en\/success-stories\/2022112020330159\/multihead_additive_manufacturing_with_optimal_hpc_thermal_stabilization\" target=\"_blank\" rel=\"noopener\"><img decoding=\"async\" src=\"\/wp-content\/uploads\/2024\/01\/5ff.jpg\"><br>\n<table>\n<tr>\n<td style=\"padding-left:0;\"><div style=\"width:72px; height:70px; background-color:#c59d37; color: #000;\"><p style=\"padding-left:32px;padding-top:22px;\"><strong>5<\/strong><\/div><\/td>\n<td>\n<span style=\"color: #231f20\"><strong>Additive Manufacturing with Optimized Thermal Stabilization<\/strong><\/span><br><span style=\"color: #636466\">FF4EuroHPC\/Fortissimo<\/span><\/a>\n<\/td>\n<\/tr>\n<\/table>\n<\/td>\n<td style=\"padding-left:60px; padding-top: 40px;\">\n<a href=\"https:\/\/www.ff4eurohpc.eu\/en\/success-stories\/2022112019435012\/hpcbased_navigation_system_for_marine_litter_hunting\" target=\"_blank\" rel=\"noopener\"><img decoding=\"async\" src=\"\/wp-content\/uploads\/2024\/01\/6ff.jpg\"><br>\n<table>\n<tr>\n<td style=\"padding-left:0;\"><div style=\"width:72px; height:70px; background-color:#c59d37; color: #000;\"><p style=\"padding-left:32px;padding-top:22px;\"><strong>6<\/strong><\/div><\/td>\n<td>\n<span style=\"color: #231f20\"><strong>HPC-Based Navigation System for Marine Waste Retrieval<\/strong><\/span><br><span style=\"color: #636466\">FF4EuroHPC\/Fortissimo<\/span><\/a>\n<\/td>\n<\/tr>\n<\/table>\n<\/td>\n<\/tr>\n<\/tbody>\n<\/table>\n\n<div style=\"height:60px\" aria-hidden=\"true\" class=\"wp-block-spacer\"><\/div>\n\n\n<div class=\"is-layout-flow wp-block-group alignfull\"><div class=\"wp-block-group__inner-container\">\n<div class=\"is-horizontal is-content-justification-center is-layout-flex wp-container-12 wp-block-buttons alignfull\">\n<div class=\"wp-block-button\"><a class=\"wp-block-button__link wp-element-button\" href=\"\/en\/\">BACK<\/a><\/div>\n<\/div>\n<\/div><\/div>\n\n\n<div style=\"height:60px\" aria-hidden=\"true\" class=\"wp-block-spacer\"><\/div>\n\n<\/div><\/div>","protected":false},"excerpt":{"rendered":"<p>HPC Ambassador program \u00daspe\u0161n\u00e9 projekty \u00daspe\u0161n\u00e9 projekty Pre\u010d\u00edtajte si o\u00a0pr\u00edkladoch dobrej praxe \u00faspe\u0161n\u00e9ho vyu\u017eitia HPC technol\u00f3gi\u00ed v Eur\u00f3pe. Programy PRACE Shape a FF4EuroHPC podporili mno\u017estvo zauj\u00edmav\u00fdch projektov v eur\u00f3pskych spolo\u010dnostiach. Spolupr\u00e1ce &#8211; Slovensko Spolupr\u00e1ce &#8211; Eur\u00f3pa Referencie<\/p>","protected":false},"author":1,"featured_media":0,"parent":0,"menu_order":0,"comment_status":"closed","ping_status":"closed","template":"templates\/template-full-width.php","meta":[],"_links":{"self":[{"href":"https:\/\/eurocc.nscc.sk\/en\/wp-json\/wp\/v2\/pages\/7681"}],"collection":[{"href":"https:\/\/eurocc.nscc.sk\/en\/wp-json\/wp\/v2\/pages"}],"about":[{"href":"https:\/\/eurocc.nscc.sk\/en\/wp-json\/wp\/v2\/types\/page"}],"author":[{"embeddable":true,"href":"https:\/\/eurocc.nscc.sk\/en\/wp-json\/wp\/v2\/users\/1"}],"replies":[{"embeddable":true,"href":"https:\/\/eurocc.nscc.sk\/en\/wp-json\/wp\/v2\/comments?post=7681"}],"version-history":[{"count":71,"href":"https:\/\/eurocc.nscc.sk\/en\/wp-json\/wp\/v2\/pages\/7681\/revisions"}],"predecessor-version":[{"id":8219,"href":"https:\/\/eurocc.nscc.sk\/en\/wp-json\/wp\/v2\/pages\/7681\/revisions\/8219"}],"wp:attachment":[{"href":"https:\/\/eurocc.nscc.sk\/en\/wp-json\/wp\/v2\/media?parent=7681"}],"curies":[{"name":"wp","href":"https:\/\/api.w.org\/{rel}","templated":true}]}}