{"id":7708,"date":"2024-01-07T13:16:42","date_gmt":"2024-01-07T12:16:42","guid":{"rendered":"https:\/\/eurocc.nscc.sk\/?page_id=7708"},"modified":"2024-01-26T12:24:16","modified_gmt":"2024-01-26T11:24:16","slug":"uspesne-projekty","status":"publish","type":"page","link":"https:\/\/eurocc.nscc.sk\/en\/uspesne-projekty\/","title":{"rendered":"Cooperation"},"content":{"rendered":"<div class=\"is-layout-flex wp-container-3 wp-block-columns alignfull call-mid\" id=\"amb-top\">\n<div class=\"is-layout-flow wp-block-column\">\n<h4 class=\"has-text-align-center\"><a href=\"https:\/\/eurocc.nscc.sk\/en\/ambassador-ramec\/\">HPC Ambassador program<\/a><\/h4>\n<\/div>\n\n\n\n<div class=\"is-layout-flow wp-block-column\">\n<h4 class=\"has-text-align-center\"><a href=\"https:\/\/eurocc.nscc.sk\/en\/uspesne-projekty\/\" style=\"color: #b8870b !important;\">Success Stories<\/a><\/h4>\n<\/div>\n<\/div>\n\n\n\n<div class=\"is-layout-flex wp-container-6 wp-block-columns alignfull\">\n<div class=\"is-layout-flow wp-block-column car-top-left\" id=\"hpc121\">\n<h4 class=\"has-text-align-left\">Success Stories<\/h4>\n\n\n\n<p>Pre\u010d\u00edtajte si o&nbsp;pr\u00edkladoch dobrej praxe \u00faspe\u0161n\u00e9ho vyu\u017eitia infra\u0161trukt\u00fary HPC.<\/p>\n<\/div>\n\n\n\n<div class=\"is-layout-flow wp-block-column succc-top-right\">\n<p class=\"succc-top-right\"><\/p>\n<\/div>\n<\/div>\n\n\n\n<div class=\"is-layout-flow wp-block-group alignfull\"><div class=\"wp-block-group__inner-container\">\n<div class=\"is-layout-flex wp-container-10 wp-block-columns alignfull call-mid\" id=\"call-mid\">\n<div class=\"is-layout-flow wp-block-column\">\n<h4 class=\"has-text-align-center\"><a href=\"https:\/\/eurocc.nscc.sk\/en\/coopsk\/#call-mid\/\">Cooperations - Slovakia<\/a><\/h4>\n<\/div>\n\n\n\n<div class=\"is-layout-flow wp-block-column\">\n<h4 class=\"has-text-align-center\"><a href=\"https:\/\/eurocc.nscc.sk\/en\/coopeu\/#call-mid\/\">Cooperations - Europe<\/a><\/h4>\n<\/div>\n\n\n\n<div class=\"is-layout-flow wp-block-column\">\n<h4 class=\"has-text-align-center\"><a href=\"https:\/\/eurocc.nscc.sk\/en\/coopreff\/#call-mid\/\">References<\/a><\/h4>\n<\/div>\n<\/div>\n<\/div><\/div>\n\n\n\n<div class=\"is-layout-flow wp-block-group alignfull news-posts call-bot\"><div class=\"wp-block-group__inner-container\">\n<div style=\"height:60px\" aria-hidden=\"true\" class=\"wp-block-spacer\"><\/div>\n\n\n\n<div class=\"is-layout-flow wp-block-group alignfull\"><div class=\"wp-block-group__inner-container\">\n<div class=\"is-horizontal is-content-justification-center is-layout-flex wp-container-12 wp-block-buttons alignfull\">\n<div class=\"wp-block-button\"><a class=\"wp-block-button__link wp-element-button\" href=\"\/en\/\">BACK<\/a><\/div>\n<\/div>\n<\/div><\/div>\n\n\n\n<div style=\"height:60px\" aria-hidden=\"true\" class=\"wp-block-spacer\"><\/div>\n<\/div><\/div>","protected":false},"excerpt":{"rendered":"<p>HPC Ambassador program \u00daspe\u0161n\u00e9 projekty \u00daspe\u0161n\u00e9 projekty Pre\u010d\u00edtajte si o&nbsp;pr\u00edkladoch dobrej praxe \u00faspe\u0161n\u00e9ho vyu\u017eitia infra\u0161trukt\u00fary HPC. Spolupr\u00e1ce &#8211; Slovensko Spolupr\u00e1ce &#8211; Eur\u00f3pa Referencie<\/p>","protected":false},"author":1,"featured_media":0,"parent":0,"menu_order":0,"comment_status":"closed","ping_status":"closed","template":"templates\/template-full-width.php","meta":[],"_links":{"self":[{"href":"https:\/\/eurocc.nscc.sk\/en\/wp-json\/wp\/v2\/pages\/7708"}],"collection":[{"href":"https:\/\/eurocc.nscc.sk\/en\/wp-json\/wp\/v2\/pages"}],"about":[{"href":"https:\/\/eurocc.nscc.sk\/en\/wp-json\/wp\/v2\/types\/page"}],"author":[{"embeddable":true,"href":"https:\/\/eurocc.nscc.sk\/en\/wp-json\/wp\/v2\/users\/1"}],"replies":[{"embeddable":true,"href":"https:\/\/eurocc.nscc.sk\/en\/wp-json\/wp\/v2\/comments?post=7708"}],"version-history":[{"count":5,"href":"https:\/\/eurocc.nscc.sk\/en\/wp-json\/wp\/v2\/pages\/7708\/revisions"}],"predecessor-version":[{"id":8069,"href":"https:\/\/eurocc.nscc.sk\/en\/wp-json\/wp\/v2\/pages\/7708\/revisions\/8069"}],"wp:attachment":[{"href":"https:\/\/eurocc.nscc.sk\/en\/wp-json\/wp\/v2\/media?parent=7708"}],"curies":[{"name":"wp","href":"https:\/\/api.w.org\/{rel}","templated":true}]}}