{"id":7983,"date":"2024-01-26T09:28:15","date_gmt":"2024-01-26T08:28:15","guid":{"rendered":"https:\/\/eurocc.nscc.sk\/?page_id=7983"},"modified":"2024-05-02T17:44:40","modified_gmt":"2024-05-02T15:44:40","slug":"sluzby-2","status":"publish","type":"page","link":"https:\/\/eurocc.nscc.sk\/en\/sluzby-2\/","title":{"rendered":"The services of the"},"content":{"rendered":"<div class=\"is-layout-flow wp-block-group alignfull\"><div class=\"wp-block-group__inner-container\">\n<div class=\"is-layout-flex wp-container-3 wp-block-columns alignfull serv-top\">\n<div class=\"is-layout-flow wp-block-column serv-top-right\">\n<h4> Our Services <hr style=\"border-bottom: 2px solid #b8870b; width: 100px;\"><\/h4>\n\n\n\n<p> <\/p>\n\n\n\n<p>The NCC team will assist your company in the\nadpotion of HPC solutions in research, development or industrial\nprocess, train your employees and facilitate access to computational\nresources. We offer free of charge consultations and \u201etest before\ninvest\u201c services. We also offer collaboration on specific projects\nwith NCC experts \u2013 please don\u2018t hesitate to <a rel=\"noreferrer noopener\" href=\"https:\/\/eurocc.nscc.sk\/en\/contact\/\" target=\"_blank\">contact us.<\/a>!<\/p>\n\n\n\n<p><br><em>(We offer all our services in accordance with <strong><u><a href=\"https:\/\/eur-lex.europa.eu\/legal-content\/EN\/TXT\/PDF\/?uri=CELEX:52022XC1028(03)\">EU regulations<\/a><\/u><\/strong> on \"effective cooperation\")<\/em><\/p>\n\n\n\n<p><\/p>\n<\/div>\n\n\n\n<div class=\"is-layout-flow wp-block-column serv-top-left\"><\/div>\n<\/div>\n\n\n\n<div style=\"height:68px\" aria-hidden=\"true\" class=\"wp-block-spacer\"><\/div>\n\n\n\n<div class=\"is-layout-flow wp-block-group alignfull serv-learn\"><div class=\"wp-block-group__inner-container\"><\/div><\/div>\n\n\n\n<div class=\"is-layout-flow wp-block-group alignfull serv-serv\"><div class=\"wp-block-group__inner-container\">\n<div class=\"is-layout-flex wp-container-10 wp-block-columns alignfull\">\n<div class=\"is-layout-flow wp-block-column serv-serv\">\n<div style=\"height:40px\" aria-hidden=\"true\" class=\"wp-block-spacer\"><\/div>\n\n\n\n<div class=\"is-layout-flex wp-container-8 wp-block-columns\">\n<div class=\"is-layout-flow wp-block-column\">\n<h4 class=\"has-text-align-center\"><a href=\"https:\/\/eurocc.nscc.sk\/en\/sluzby-3\/#resources\/\">Pr\u00edstup k&nbsp;v\u00fdpo\u010dtov\u00fdm<\/a><br><a href=\"https:\/\/eurocc.nscc.sk\/en\/sluzby-3\/#resources\/\">resources<\/a><hr style=\"border-bottom: 2px solid #b8870b; width: 100px;\"><\/h4>\n\n\n<div class=\"wp-block-image\">\n<figure class=\"aligncenter size-full\"><a href=\"https:\/\/eurocc.nscc.sk\/en\/sluzby-3\/#resources\/\"><img decoding=\"async\" loading=\"lazy\" width=\"129\" height=\"90\" src=\"https:\/\/eurocc.nscc.sk\/wp-content\/uploads\/2020\/12\/icon_mapping_HPC_gold.png\" alt=\"\" class=\"wp-image-1331\" srcset=\"https:\/\/eurocc.nscc.sk\/wp-content\/uploads\/2020\/12\/icon_mapping_HPC_gold.png 129w, https:\/\/eurocc.nscc.sk\/wp-content\/uploads\/2020\/12\/icon_mapping_HPC_gold-16x12.png 16w\" sizes=\"(max-width: 129px) 100vw, 129px\" \/><\/a><\/figure><\/div>\n\n\n<p class=\"has-text-align-center\">Access to computing capacities and software tools on high-performance computing systems. Testing pilot solutions, verifying computational efficiency, and scalability.<\/p>\n<\/div>\n\n\n\n<div class=\"is-layout-flow wp-block-column\">\n<h4 class=\"has-text-align-center\"><a href=\"https:\/\/eurocc.nscc.sk\/en\/sluzby-4\/#ai\/\">Artificial intelligence,<\/a><br><a href=\"https:\/\/eurocc.nscc.sk\/en\/sluzby-4\/#ai\/\">data processing<\/a><hr style=\"border-bottom: 2px solid #b8870b; width: 100px;\"><\/h4>\n\n\n<div class=\"wp-block-image\">\n<figure class=\"aligncenter size-full\"><a href=\"https:\/\/eurocc.nscc.sk\/en\/sluzby-4\/#ai\/\"><img decoding=\"async\" loading=\"lazy\" width=\"200\" height=\"175\" src=\"https:\/\/eurocc.nscc.sk\/wp-content\/uploads\/2022\/04\/icon_AI_2.png\" alt=\"\" class=\"wp-image-5061\" srcset=\"https:\/\/eurocc.nscc.sk\/wp-content\/uploads\/2022\/04\/icon_AI_2.png 200w, https:\/\/eurocc.nscc.sk\/wp-content\/uploads\/2022\/04\/icon_AI_2-14x12.png 14w\" sizes=\"(max-width: 200px) 100vw, 200px\" \/><\/a><\/figure><\/div>\n\n\n<p class=\"has-text-align-center\">Processing and analysis of extensive datasets, designing and fine-tuning AI models and tools for better decision-making and innovative solutions.<\/p>\n<\/div>\n\n\n\n<div class=\"is-layout-flow wp-block-column\">\n<h4 class=\"has-text-align-center\"><a href=\"https:\/\/eurocc.nscc.sk\/en\/sluzby-5\/#modelling\/\">Advanced modeling,<\/a><br><a href=\"https:\/\/eurocc.nscc.sk\/en\/sluzby-5\/#modelling\/\"> numerical simulations<\/a><hr style=\"border-bottom: 2px solid #b8870b; width: 100px;\"><\/h4>\n\n\n<div class=\"wp-block-image\">\n<figure class=\"aligncenter size-full\"><a href=\"https:\/\/eurocc.nscc.sk\/en\/sluzby-5\/#modelling\/\"><img decoding=\"async\" loading=\"lazy\" width=\"173\" height=\"175\" src=\"https:\/\/eurocc.nscc.sk\/wp-content\/uploads\/2022\/04\/icon_Engineering.png\" alt=\"\" class=\"wp-image-5063\" srcset=\"https:\/\/eurocc.nscc.sk\/wp-content\/uploads\/2022\/04\/icon_Engineering.png 173w, https:\/\/eurocc.nscc.sk\/wp-content\/uploads\/2022\/04\/icon_Engineering-12x12.png 12w\" sizes=\"(max-width: 173px) 100vw, 173px\" \/><\/a><\/figure><\/div>\n\n\n<p class=\"has-text-align-center\">Computationally demanding numerical modeling, multiphysical simulations, prototyping tools, and addressing complex technical challenges.<\/p>\n<\/div>\n<\/div>\n<\/div>\n<\/div>\n\n\n\n<div class=\"is-layout-flex wp-container-15 wp-block-columns alignfull\">\n<div class=\"is-layout-flow wp-block-column serv-serv\">\n<div class=\"is-layout-flex wp-container-13 wp-block-columns alignfull serv-two has-small-font-size\">\n<div class=\"is-layout-flow wp-block-column\">\n<h4 class=\"has-text-align-center\"><a href=\"https:\/\/eurocc.nscc.sk\/en\/sluzby-6\/#coop\/\">Collaboration,<\/a><br><a href=\"https:\/\/eurocc.nscc.sk\/en\/sluzby-6\/#coop\/\">networking<\/a><hr style=\"border: 1px solid #b8870b; width: 100px;\"><\/h4>\n\n\n<div class=\"wp-block-image\">\n<figure class=\"aligncenter size-full\"><a href=\"https:\/\/eurocc.nscc.sk\/en\/sluzby-6\/\"><img decoding=\"async\" loading=\"lazy\" width=\"172\" height=\"175\" src=\"https:\/\/eurocc.nscc.sk\/wp-content\/uploads\/2022\/04\/icon_NCC_Survey.png\" alt=\"\" class=\"wp-image-5088\" srcset=\"https:\/\/eurocc.nscc.sk\/wp-content\/uploads\/2022\/04\/icon_NCC_Survey.png 172w, https:\/\/eurocc.nscc.sk\/wp-content\/uploads\/2022\/04\/icon_NCC_Survey-12x12.png 12w\" sizes=\"(max-width: 172px) 100vw, 172px\" \/><\/a><\/figure><\/div>\n\n\n<p class=\"has-text-align-center\">Connecting providers and consumers of HPC solutions and facilitating partnerships between the academic, governmental, and private sectors at the national level.<\/p>\n<\/div>\n\n\n\n<div class=\"is-layout-flow wp-block-column serv-serv-last\">\n<h4 class=\"has-text-align-center\"><a href=\"https:\/\/eurocc.nscc.sk\/en\/vzdelavanie\/\">Training courses,<\/a><br><a href=\"https:\/\/eurocc.nscc.sk\/en\/vzdelavanie\/\">lectures<\/a><hr style=\"border: 1px solid #b8870b; width: 100px;\"><\/h4>\n\n\n<div class=\"wp-block-image\">\n<figure class=\"aligncenter size-full\"><a href=\"https:\/\/eurocc.nscc.sk\/en\/vzdelavanie\/\"><img decoding=\"async\" loading=\"lazy\" width=\"150\" height=\"175\" src=\"https:\/\/eurocc.nscc.sk\/wp-content\/uploads\/2022\/04\/icon_Training.png\" alt=\"\" class=\"wp-image-5089\" srcset=\"https:\/\/eurocc.nscc.sk\/wp-content\/uploads\/2022\/04\/icon_Training.png 150w, https:\/\/eurocc.nscc.sk\/wp-content\/uploads\/2022\/04\/icon_Training-10x12.png 10w\" sizes=\"(max-width: 150px) 100vw, 150px\" \/><\/a><\/figure><\/div>\n\n\n<p class=\"has-text-align-center\">Engaging online courses with experienced instructors, informative lectures on the use of HPC in science and industry, and pan-European events.<\/p>\n<\/div>\n<\/div>\n<\/div>\n<\/div>\n\n\n\n<div style=\"height:40px\" aria-hidden=\"true\" class=\"wp-block-spacer\"><\/div>\n<\/div><\/div>\n<\/div><\/div>","protected":false},"excerpt":{"rendered":"<p>Na\u0161e slu\u017eby NCC je \u201eone stop shop\u201c pre nasadenie vysokov\u00fdkonn\u00e9ho po\u010d\u00edtania vo va\u0161om v\u00fdskume, v\u00fdvoji alebo v\u00fdrobnom procese. Vy\u0161kol\u00edme va\u0161ich pracovn\u00edkov a\u00a0sprostredkujeme pr\u00edstup k\u00a0v\u00fdpo\u010dtov\u00fdm prostriedkom, radi poskytneme konzult\u00e1cie a poradenstvo v\u00a0r\u00e1mci na\u0161ich bezplatn\u00fdch \u201etest before invest\u201c slu\u017eieb. Pon\u00fakame aj spolupr\u00e1cu na projektoch s\u00a0na\u0161imi odborn\u00edkmi \u2013 nev\u00e1hajte n\u00e1s kontaktova\u0165! (V\u0161etky na\u0161e slu\u017eby pon\u00fakame v s\u00falade s [&hellip;]<\/p>","protected":false},"author":1,"featured_media":0,"parent":0,"menu_order":0,"comment_status":"closed","ping_status":"closed","template":"templates\/template-full-width.php","meta":[],"_links":{"self":[{"href":"https:\/\/eurocc.nscc.sk\/en\/wp-json\/wp\/v2\/pages\/7983"}],"collection":[{"href":"https:\/\/eurocc.nscc.sk\/en\/wp-json\/wp\/v2\/pages"}],"about":[{"href":"https:\/\/eurocc.nscc.sk\/en\/wp-json\/wp\/v2\/types\/page"}],"author":[{"embeddable":true,"href":"https:\/\/eurocc.nscc.sk\/en\/wp-json\/wp\/v2\/users\/1"}],"replies":[{"embeddable":true,"href":"https:\/\/eurocc.nscc.sk\/en\/wp-json\/wp\/v2\/comments?post=7983"}],"version-history":[{"count":37,"href":"https:\/\/eurocc.nscc.sk\/en\/wp-json\/wp\/v2\/pages\/7983\/revisions"}],"predecessor-version":[{"id":8898,"href":"https:\/\/eurocc.nscc.sk\/en\/wp-json\/wp\/v2\/pages\/7983\/revisions\/8898"}],"wp:attachment":[{"href":"https:\/\/eurocc.nscc.sk\/en\/wp-json\/wp\/v2\/media?parent=7983"}],"curies":[{"name":"wp","href":"https:\/\/api.w.org\/{rel}","templated":true}]}}