{"id":8119,"date":"2024-01-30T13:40:44","date_gmt":"2024-01-30T12:40:44","guid":{"rendered":"https:\/\/eurocc.nscc.sk\/?page_id=8119"},"modified":"2024-02-06T09:10:50","modified_gmt":"2024-02-06T08:10:50","slug":"sluzby-3","status":"publish","type":"page","link":"https:\/\/eurocc.nscc.sk\/en\/sluzby-3\/","title":{"rendered":"The services of the"},"content":{"rendered":"<div class=\"is-layout-flow wp-block-group alignfull\"><div class=\"wp-block-group__inner-container\">\n<div class=\"is-layout-flex wp-container-3 wp-block-columns alignfull serv-top\">\n<div class=\"is-layout-flow wp-block-column serv-top-right\">\n<h4> Our Services <hr style=\"border-bottom: 2px solid #b8870b; width: 100px;\"><\/h4>\n\n\n\n<p> <\/p>\n\n\n\n<p>The NCC team will assist your company in the\nadpotion of HPC solutions in research, development or industrial\nprocess, train your employees and facilitate access to computational\nresources. We offer free of charge consultations and \u201etest before\ninvest\u201c services. We also offer collaboration on specific projects\nwith NCC experts \u2013 <a href=\"https:\/\/eurocc.nscc.sk\/en\/contact\/\" target=\"_blank\" rel=\"noreferrer noopener\">contact us.<\/a>!<\/p>\n\n\n\n<p><\/p>\n<\/div>\n\n\n\n<div class=\"is-layout-flow wp-block-column serv-top-left\"><\/div>\n<\/div>\n\n\n\n<div style=\"height:68px\" aria-hidden=\"true\" class=\"wp-block-spacer\"><\/div>\n\n\n\n<div class=\"is-layout-flow wp-block-group alignfull serv-serv call-bot\"><div class=\"wp-block-group__inner-container\">\n<div style=\"height:50px\" aria-hidden=\"true\" class=\"wp-block-spacer\"><\/div>\n\n\n\n<h4 class=\"alignfull has-text-align-center\" id=\"resources\">Access to computing resources<hr style=\"border-bottom: 2px solid #b8870b; width: 100px;\"><\/h4>\n\n\n\n<p>NCC facilitates access to HPC resources you may need for your research and development activities and will advise you on optimal choice for your specific case. There are several options on national and international level, here are briefly summarized access opportunities and conditions:<\/p>\n\n\n\n<ul>\n<li> Free access in open-science mode to national supercomputer \u2013 \u201etesting and benchmarking access\u201c.<\/li>\n\n\n\n<li> Free access in open-science mode to national supercomputer \u2013 \u201estandard access\u201c.<\/li>\n\n\n\n<li>Free access in open-science mode to European supercomputers \u2013 various modes, <a href=\"https:\/\/eurohpc-ju.europa.eu\/supercomputers\/our-supercomputers_en\">EuroHPC JU supercomputers<\/a>.<\/li>\n\n\n\n<li>State-aid mode access to national supercomputer.<\/li>\n\n\n\n<li>Commercial access to national supercomputer.<\/li>\n\n\n\n<li>Commercial access to EuroHPC JU supercomputers.<\/li>\n<\/ul>\n\n\n\n<p><a href=\"https:\/\/userdocs.nscc.sk\/devana\/system_overview\/introduction\/\">The national system Devana<\/a>\u00a0which is currently available to users features 148 compute nodes interconnected with high-speed 100 Gb\/s HDR Infiniband data network, totaling 9,472 compute cores, 38 TB RAM and 32 GPGPU accelerators. The system's theoretical peak performance is about 800 TFLOP\/s.<\/p>\n\n\n\n<ul>\n<li>The nodes are equiped with x86-64 architecture Intel Xeon Scalable (Ice Lake family) processors. The universal module consists of 140 server units each representing a compute node. The compute node is Lenovo ThinkSystem SD630 V2 dense two-socket server.<\/li>\n\n\n\n<li>The accelerated module consists of eight server units each representing an accelerated compute node. The accelerated compute node is Lenovo ThinkSystem SR670 V2  server equipped with the NVIDIA HGX A100 40GB 4-GPU set. All GPGPUs are symmetricaly connected with NVLink (i.e. equal badwidth between arbitrary pair of GPU accelerators). The server contains the same number and type of CPUs as the universal compute node.<\/li>\n<\/ul>\n\n\n\n<p>The user can take advantage of the following technical features\/services:<\/p>\n\n\n\n<ul>\n<li>Easy access to the system via web interface Open OnDemand.<\/li>\n\n\n\n<li>Interactive apps and computing tools.<\/li>\n\n\n\n<li>Variety of programming libraries, software tools and utilities.<\/li>\n\n\n\n<li>BYOS \u2013 Bring Your Own (free or licensed) Software.<\/li>\n\n\n\n<li>A containerization platform Singularity (compatible with Docker).<\/li>\n\n\n\n<li>Professional user support.<\/li>\n<\/ul>\n\n\n\n<div style=\"height:50px\" aria-hidden=\"true\" class=\"wp-block-spacer\"><\/div>\n<\/div><\/div>\n<\/div><\/div>","protected":false},"excerpt":{"rendered":"<p>Na\u0161e slu\u017eby NCC je \u201eone stop shop\u201c pre nasadenie vysokov\u00fdkonn\u00e9ho po\u010d\u00edtania vo va\u0161om v\u00fdskume, v\u00fdvoji alebo v\u00fdrobnom procese. Vy\u0161kol\u00edme va\u0161ich pracovn\u00edkov a&nbsp;sprostredkujeme pr\u00edstup k&nbsp;v\u00fdpo\u010dtov\u00fdm prostriedkom, radi poskytneme konzult\u00e1cie a poradenstvo v&nbsp;r\u00e1mci na\u0161ich bezplatn\u00fdch \u201etest before invest\u201c slu\u017eieb. Pon\u00fakame aj spolupr\u00e1cu na projektoch s&nbsp;na\u0161imi odborn\u00edkmi \u2013 nev\u00e1hajte n\u00e1s kontaktova\u0165! Pr\u00edstup k&nbsp;v\u00fdpo\u010dtov\u00fdm prostriedkom NCC u\u013eah\u010duje pr\u00edstup k [&hellip;]<\/p>","protected":false},"author":1,"featured_media":0,"parent":0,"menu_order":0,"comment_status":"closed","ping_status":"closed","template":"templates\/template-full-width.php","meta":[],"_links":{"self":[{"href":"https:\/\/eurocc.nscc.sk\/en\/wp-json\/wp\/v2\/pages\/8119"}],"collection":[{"href":"https:\/\/eurocc.nscc.sk\/en\/wp-json\/wp\/v2\/pages"}],"about":[{"href":"https:\/\/eurocc.nscc.sk\/en\/wp-json\/wp\/v2\/types\/page"}],"author":[{"embeddable":true,"href":"https:\/\/eurocc.nscc.sk\/en\/wp-json\/wp\/v2\/users\/1"}],"replies":[{"embeddable":true,"href":"https:\/\/eurocc.nscc.sk\/en\/wp-json\/wp\/v2\/comments?post=8119"}],"version-history":[{"count":13,"href":"https:\/\/eurocc.nscc.sk\/en\/wp-json\/wp\/v2\/pages\/8119\/revisions"}],"predecessor-version":[{"id":8283,"href":"https:\/\/eurocc.nscc.sk\/en\/wp-json\/wp\/v2\/pages\/8119\/revisions\/8283"}],"wp:attachment":[{"href":"https:\/\/eurocc.nscc.sk\/en\/wp-json\/wp\/v2\/media?parent=8119"}],"curies":[{"name":"wp","href":"https:\/\/api.w.org\/{rel}","templated":true}]}}