{"id":8132,"date":"2024-01-30T13:53:22","date_gmt":"2024-01-30T12:53:22","guid":{"rendered":"https:\/\/eurocc.nscc.sk\/?page_id=8132"},"modified":"2024-02-01T07:52:34","modified_gmt":"2024-02-01T06:52:34","slug":"sluzby-4","status":"publish","type":"page","link":"https:\/\/eurocc.nscc.sk\/en\/sluzby-4\/","title":{"rendered":"The services of the"},"content":{"rendered":"<div class=\"is-layout-flow wp-block-group alignfull\"><div class=\"wp-block-group__inner-container\">\n<div class=\"is-layout-flex wp-container-3 wp-block-columns alignfull serv-top\">\n<div class=\"is-layout-flow wp-block-column serv-top-right\">\n<h4> Our Services <hr style=\"border-bottom: 2px solid #b8870b; width: 100px;\"><\/h4>\n\n\n\n<p> <\/p>\n\n\n\n<p>The NCC team will assist your company in the\nadpotion of HPC solutions in research, development or industrial\nprocess, train your employees and facilitate access to computational\nresources. We offer free of charge consultations and \u201etest before\ninvest\u201c services. We also offer collaboration on specific projects\nwith NCC experts \u2013 <a href=\"https:\/\/eurocc.nscc.sk\/en\/contact\/\" target=\"_blank\" rel=\"noreferrer noopener\">contact us.<\/a>!<\/p>\n\n\n\n<p><\/p>\n<\/div>\n\n\n\n<div class=\"is-layout-flow wp-block-column serv-top-left\"><\/div>\n<\/div>\n\n\n\n<div style=\"height:68px\" aria-hidden=\"true\" class=\"wp-block-spacer\"><\/div>\n\n\n\n<div class=\"is-layout-flow wp-block-group alignfull serv-serv call-bot\"><div class=\"wp-block-group__inner-container\">\n<div style=\"height:50px\" aria-hidden=\"true\" class=\"wp-block-spacer\"><\/div>\n\n\n\n<h4 class=\"has-text-align-center\" id=\"ai\">Artificial Intelligence, Data Processing<hr style=\"border-bottom: 2px solid #b8870b; width: 100px;\"><\/h4>\n\n\n\n<p>NCC offers free consultations and services on various topics of interest when dealing with large datasets and building AI\/ML-based models and tools, from Decision Trees to Large Language Models.<\/p>\n\n\n\n<p>Here is our offer:<\/p>\n\n\n\n<ul>\n<li>Consultations on feasibility of your idea \/ development plan.<\/li>\n\n\n\n<li>Literature\/publications overview of existing tools and solutions.<\/li>\n\n\n\n<li>Formulating strategies for your challenge and proposal of optimal solution.<\/li>\n\n\n\n<li>Collaboration with our experts and pilot and proof-of-concept projects, including collaboration on model building, fine-tuning and testing.<\/li>\n\n\n\n<li>Help with transfer of your workload to the HPC environment and setting-up the tools and applications.<\/li>\n<\/ul>\n\n\n\n<p>We offer experience with the national HPC system, where we work with Singularity containerization tool and extensive Python libraries and tools (Tensorflow, Pytorch,...). The AI workloads are processed efficiently, taking advatage of our 8 accelerated compute nodes, each containing 4 Nvidia A100 40GB accelerators.<\/p>\n\n\n\n<div style=\"height:50px\" aria-hidden=\"true\" class=\"wp-block-spacer\"><\/div>\n<\/div><\/div>\n<\/div><\/div>","protected":false},"excerpt":{"rendered":"<p>Na\u0161e slu\u017eby NCC je \u201eone stop shop\u201c pre nasadenie vysokov\u00fdkonn\u00e9ho po\u010d\u00edtania vo va\u0161om v\u00fdskume, v\u00fdvoji alebo v\u00fdrobnom procese. Vy\u0161kol\u00edme va\u0161ich pracovn\u00edkov a&nbsp;sprostredkujeme pr\u00edstup k&nbsp;v\u00fdpo\u010dtov\u00fdm prostriedkom, radi poskytneme konzult\u00e1cie a poradenstvo v&nbsp;r\u00e1mci na\u0161ich bezplatn\u00fdch \u201etest before invest\u201c slu\u017eieb. Pon\u00fakame aj spolupr\u00e1cu na projektoch s&nbsp;na\u0161imi odborn\u00edkmi \u2013 nev\u00e1hajte n\u00e1s kontaktova\u0165! Umel\u00e1 inteligencia, data processing NCC pon\u00faka bezplatn\u00e9 [&hellip;]<\/p>","protected":false},"author":1,"featured_media":0,"parent":0,"menu_order":0,"comment_status":"closed","ping_status":"closed","template":"templates\/template-full-width.php","meta":[],"_links":{"self":[{"href":"https:\/\/eurocc.nscc.sk\/en\/wp-json\/wp\/v2\/pages\/8132"}],"collection":[{"href":"https:\/\/eurocc.nscc.sk\/en\/wp-json\/wp\/v2\/pages"}],"about":[{"href":"https:\/\/eurocc.nscc.sk\/en\/wp-json\/wp\/v2\/types\/page"}],"author":[{"embeddable":true,"href":"https:\/\/eurocc.nscc.sk\/en\/wp-json\/wp\/v2\/users\/1"}],"replies":[{"embeddable":true,"href":"https:\/\/eurocc.nscc.sk\/en\/wp-json\/wp\/v2\/comments?post=8132"}],"version-history":[{"count":5,"href":"https:\/\/eurocc.nscc.sk\/en\/wp-json\/wp\/v2\/pages\/8132\/revisions"}],"predecessor-version":[{"id":8198,"href":"https:\/\/eurocc.nscc.sk\/en\/wp-json\/wp\/v2\/pages\/8132\/revisions\/8198"}],"wp:attachment":[{"href":"https:\/\/eurocc.nscc.sk\/en\/wp-json\/wp\/v2\/media?parent=8132"}],"curies":[{"name":"wp","href":"https:\/\/api.w.org\/{rel}","templated":true}]}}