{"id":8141,"date":"2024-01-30T14:00:30","date_gmt":"2024-01-30T13:00:30","guid":{"rendered":"https:\/\/eurocc.nscc.sk\/?page_id=8141"},"modified":"2024-02-06T13:50:04","modified_gmt":"2024-02-06T12:50:04","slug":"sluzby-6","status":"publish","type":"page","link":"https:\/\/eurocc.nscc.sk\/en\/sluzby-6\/","title":{"rendered":"The services of the"},"content":{"rendered":"<div class=\"is-layout-flow wp-block-group alignfull\"><div class=\"wp-block-group__inner-container\">\n<div class=\"is-layout-flex wp-container-3 wp-block-columns alignfull serv-top\">\n<div class=\"is-layout-flow wp-block-column serv-top-right\">\n<h4> Our Services <hr style=\"border-bottom: 2px solid #b8870b; width: 100px;\"><\/h4>\n\n\n\n<p> <\/p>\n\n\n\n<p>The NCC team will assist your company in the\nadpotion of HPC solutions in research, development or industrial\nprocess, train your employees and facilitate access to computational\nresources. We offer free of charge consultations and \u201etest before\ninvest\u201c services. We also offer collaboration on specific projects\nwith NCC experts \u2013 <a href=\"https:\/\/eurocc.nscc.sk\/en\/contact\/\" target=\"_blank\" rel=\"noreferrer noopener\">contact us.<\/a>!<\/p>\n\n\n\n<p><\/p>\n<\/div>\n\n\n\n<div class=\"is-layout-flow wp-block-column serv-top-left\"><\/div>\n<\/div>\n\n\n\n<div style=\"height:68px\" aria-hidden=\"true\" class=\"wp-block-spacer\"><\/div>\n\n\n\n<div class=\"is-layout-flow wp-block-group alignfull serv-serv call-bot\"><div class=\"wp-block-group__inner-container\">\n<div style=\"height:50px\" aria-hidden=\"true\" class=\"wp-block-spacer\"><\/div>\n\n\n\n<h4 class=\"has-text-align-center\" id=\"coop\">Collaboration, Networking<hr style=\"border-bottom: 2px solid #b8870b; width: 100px;\"><\/h4>\n\n\n\n<p><strong>EuroCC Supercomputing Accelerator<\/strong><\/p>\n\n\n\n<p>NCC Slovakia is part of the <a href=\"https:\/\/www.f6s.com\/eurocc\/about\" target=\"_blank\" rel=\"noreferrer noopener\">EuroCC supercomputing accelerator<\/a>. This platform focuses on assisting startups with the adoption of HPC (High Performance Computing) technologies across Europe. Together with NCC Austria and other partners, we bring technological solutions and support that will help you achieve the desired outcomes in your computational projects.<\/p>\n\n\n\n<p><strong>NCC Network of Experts and Competences:<\/strong>:<\/p>\n\n\n\n<p>The expert network of partner European competence centers provides researchers and companies with access to a rich database of experienced experts. We connect you with relevant experts so that you can use their knowledge and experience for the optimal course of your projects. You can find more information about the activities of the competence centers on the website <a href=\"https:\/\/www.eurocc-access.eu\/\">eurocc-access.eu<\/a><\/p>\n\n\n\n<p><strong>Ambassador Program:<\/strong><\/p>\n\n\n\n<p>Our Ambassador program opens the doors to synergy through combined services. In addition to technical support in utilizing HPC services and expertise from our NCC center, our partners in the Ambassador program also offer support in business planning, marketing, and investments, ready to assist you in the overall development of your project.<\/p>\n\n\n\n<p><strong>Connecting to SK Experts:<\/strong><\/p>\n\n\n\n<p>NCC Slovakia has conducted a survey of competencies in HPC and related fields at the national level. Therefore, we can provide advice and connect you with Slovak experts. In this way, we ensure that you can utilize not only global know-how but also local expertise for the specific needs of your project.<\/p>\n\n\n\n<p><strong>Information on Support Opportunities in Slovak EDIHs (European Digital Innovation Hubs):<\/strong><\/p>\n\n\n\n<p>We provide information on support opportunities in Slovak EDIHs such as <strong><a rel=\"noreferrer noopener\" href=\"https:\/\/hopero.sk\" target=\"_blank\">Hopero<\/a> from <a rel=\"noreferrer noopener\" href=\"https:\/\/www.healthhub.sk\" target=\"_blank\">HealthHub<\/a><\/strong>, which are centers for innovation and development in the field of information technology and health technology. ECDIs provide de-minimis state aid to small and medium-sized enterprises as well as larger companies. <\/p>\n\n\n\n<div style=\"height:50px\" aria-hidden=\"true\" class=\"wp-block-spacer\"><\/div>\n<\/div><\/div>\n<\/div><\/div>","protected":false},"excerpt":{"rendered":"<p>Na\u0161e slu\u017eby NCC je \u201eone stop shop\u201c pre nasadenie vysokov\u00fdkonn\u00e9ho po\u010d\u00edtania vo va\u0161om v\u00fdskume, v\u00fdvoji alebo v\u00fdrobnom procese. Vy\u0161kol\u00edme va\u0161ich pracovn\u00edkov a&nbsp;sprostredkujeme pr\u00edstup k&nbsp;v\u00fdpo\u010dtov\u00fdm prostriedkom, radi poskytneme konzult\u00e1cie a poradenstvo v&nbsp;r\u00e1mci na\u0161ich bezplatn\u00fdch \u201etest before invest\u201c slu\u017eieb. Pon\u00fakame aj spolupr\u00e1cu na projektoch s&nbsp;na\u0161imi odborn\u00edkmi \u2013 nev\u00e1hajte n\u00e1s kontaktova\u0165! Spolupr\u00e1ca, networking EuroCC supercomputing akceler\u00e1tor: NCC Slovensko [&hellip;]<\/p>","protected":false},"author":1,"featured_media":0,"parent":0,"menu_order":0,"comment_status":"closed","ping_status":"closed","template":"templates\/template-full-width.php","meta":[],"_links":{"self":[{"href":"https:\/\/eurocc.nscc.sk\/en\/wp-json\/wp\/v2\/pages\/8141"}],"collection":[{"href":"https:\/\/eurocc.nscc.sk\/en\/wp-json\/wp\/v2\/pages"}],"about":[{"href":"https:\/\/eurocc.nscc.sk\/en\/wp-json\/wp\/v2\/types\/page"}],"author":[{"embeddable":true,"href":"https:\/\/eurocc.nscc.sk\/en\/wp-json\/wp\/v2\/users\/1"}],"replies":[{"embeddable":true,"href":"https:\/\/eurocc.nscc.sk\/en\/wp-json\/wp\/v2\/comments?post=8141"}],"version-history":[{"count":8,"href":"https:\/\/eurocc.nscc.sk\/en\/wp-json\/wp\/v2\/pages\/8141\/revisions"}],"predecessor-version":[{"id":8311,"href":"https:\/\/eurocc.nscc.sk\/en\/wp-json\/wp\/v2\/pages\/8141\/revisions\/8311"}],"wp:attachment":[{"href":"https:\/\/eurocc.nscc.sk\/en\/wp-json\/wp\/v2\/media?parent=8141"}],"curies":[{"name":"wp","href":"https:\/\/api.w.org\/{rel}","templated":true}]}}