{"id":8177,"date":"2024-01-31T11:54:16","date_gmt":"2024-01-31T10:54:16","guid":{"rendered":"https:\/\/eurocc.nscc.sk\/?page_id=8177"},"modified":"2024-08-30T14:49:37","modified_gmt":"2024-08-30T12:49:37","slug":"spolupraca","status":"publish","type":"page","link":"https:\/\/eurocc.nscc.sk\/en\/spolupraca\/","title":{"rendered":"Cooperation"},"content":{"rendered":"<div class=\"is-layout-flex wp-container-3 wp-block-columns alignfull call-mid\" id=\"amb-top\">\n<div class=\"is-layout-flow wp-block-column\">\n<h4 class=\"has-text-align-center\"><a href=\"https:\/\/eurocc.nscc.sk\/en\/ambassador-ramec\/\" data-type=\"page\" data-id=\"7621\" style=\"color: #b8870b !important;\">HPC Ambassador program<\/a><\/h4>\n<\/div>\n\n\n\n<div class=\"is-layout-flow wp-block-column\">\n<h4 class=\"has-text-align-center\"><a href=\"https:\/\/eurocc.nscc.sk\/en\/coopsk\/\">Success Stories<\/a><\/h4>\n<\/div>\n<\/div>\n\n\n\n<div class=\"is-layout-flex wp-container-6 wp-block-columns alignfull\">\n<div class=\"is-layout-flow wp-block-column car-top-left\" id=\"hpc121\">\n<h4>Support for the utilization of HPC technologies in small<br>and medium-sized enterprises and industry.<hr style=\"border-bottom: 2px solid #b8870b; width: 100px;\"><\/h4>\n\n\n\n<p>The main goal of the Ambassador program is to establish mutually beneficial cooperation with innovation agencies, chambers of commerce, and regional associations representing small and medium-sized enterprises (SMEs) and industrial companies. The National Competence Center for High-Performance Computing (NCC for HPC) offers a wide portfolio of services in the areas of simulation, modeling, AI\/ML, and data analysis. Our services include access to supercomputers, technological consulting, and professional training.<\/p>\n\n\n\n<div style=\"height:45px\" aria-hidden=\"true\" class=\"wp-block-spacer\"><\/div>\n<\/div>\n\n\n\n<div class=\"is-layout-flow wp-block-column amb-top-right\">\n<p class=\"us-top\"><\/p>\n<\/div>\n<\/div>\n\n\n\n<div class=\"is-layout-flow wp-block-group alignfull\"><div class=\"wp-block-group__inner-container\">\n<div class=\"is-layout-flex wp-container-10 wp-block-columns alignfull call-mid\" id=\"amb-mid\">\n<div class=\"is-layout-flow wp-block-column\">\n<h4 class=\"has-text-align-center\"><a href=\"https:\/\/eurocc.nscc.sk\/en\/ambassador-ramec\/#amb-mid\/\" style=\"color: #b8870b !important;\">Framework of cooperation<\/a><\/h4>\n<\/div>\n\n\n\n<div class=\"is-layout-flow wp-block-column\">\n<h4 class=\"has-text-align-center\"><a href=\"https:\/\/eurocc.nscc.sk\/en\/ambassador-prinosy\/#amb-mid\/\">Benefits of HPC<\/a><\/h4>\n<\/div>\n\n\n\n<div class=\"is-layout-flow wp-block-column\">\n<h4 class=\"has-text-align-center\"><a href=\"https:\/\/eurocc.nscc.sk\/en\/ambassador-bariery\/#amb-mid\/\">Overcoming Barriers<\/a><\/h4>\n<\/div>\n<\/div>\n<\/div><\/div>\n\n\n\n<div class=\"is-layout-flow wp-block-group alignfull call-bot\"><div class=\"wp-block-group__inner-container\">\n<div class=\"is-layout-constrained wp-block-group alignfull serv-serv call-bot\"><div class=\"wp-block-group__inner-container\">\n<div style=\"height:20px\" aria-hidden=\"true\" class=\"wp-block-spacer\"><\/div>\n\n\n\n<h4 class=\"has-text-align-center\">OUR AMBASSADORS<hr style=\"border-bottom: 2px solid #b8870b; width: 100px;\"><\/h4>\n\n\n\n<figure class=\"wp-block-table aligncenter has-normal-font-size\"><table><tbody><tr><td><a href=\"https:\/\/inovia.sk\/\"><img decoding=\"async\" loading=\"lazy\" width=\"1182\" height=\"513\" class=\"wp-image-8862\" style=\"width: 200px;\" src=\"https:\/\/eurocc.nscc.sk\/wp-content\/uploads\/2024\/04\/cropped-INOVIA-logo-biele-pozadie.png\" alt=\"\" srcset=\"https:\/\/eurocc.nscc.sk\/wp-content\/uploads\/2024\/04\/cropped-INOVIA-logo-biele-pozadie.png 1182w, https:\/\/eurocc.nscc.sk\/wp-content\/uploads\/2024\/04\/cropped-INOVIA-logo-biele-pozadie-300x130.png 300w, https:\/\/eurocc.nscc.sk\/wp-content\/uploads\/2024\/04\/cropped-INOVIA-logo-biele-pozadie-1024x444.png 1024w, https:\/\/eurocc.nscc.sk\/wp-content\/uploads\/2024\/04\/cropped-INOVIA-logo-biele-pozadie-768x333.png 768w, https:\/\/eurocc.nscc.sk\/wp-content\/uploads\/2024\/04\/cropped-INOVIA-logo-biele-pozadie-18x8.png 18w\" sizes=\"(max-width: 1182px) 100vw, 1182px\" \/><\/a><a rel=\"noreferrer noopener\" href=\"https:\/\/inovia.sk\/\" target=\"_blank\"><\/a><a rel=\"noreferrer noopener\" href=\"https:\/\/inovia.sk\/\" target=\"_blank\"><\/a><a rel=\"noreferrer noopener\" href=\"https:\/\/inovia.sk\/\" target=\"_blank\"><\/a><a rel=\"noreferrer noopener\" href=\"https:\/\/inovia.sk\/\" target=\"_blank\"><\/a><\/td><td><a href=\"https:\/\/www.sopk.sk\/\"><img decoding=\"async\" loading=\"lazy\" width=\"679\" height=\"268\" class=\"wp-image-9081\" style=\"width: 300px;\" src=\"https:\/\/eurocc.nscc.sk\/wp-content\/uploads\/2024\/06\/Obrazok1.png\" alt=\"\" srcset=\"https:\/\/eurocc.nscc.sk\/wp-content\/uploads\/2024\/06\/Obrazok1.png 679w, https:\/\/eurocc.nscc.sk\/wp-content\/uploads\/2024\/06\/Obrazok1-300x118.png 300w, https:\/\/eurocc.nscc.sk\/wp-content\/uploads\/2024\/06\/Obrazok1-18x7.png 18w\" sizes=\"(max-width: 679px) 100vw, 679px\" \/><\/a><\/td><td><a href=\"https:\/\/uksk.sk\/\"><img decoding=\"async\" loading=\"lazy\" width=\"700\" height=\"302\" class=\"wp-image-9019\" style=\"width: 200px;\" src=\"https:\/\/eurocc.nscc.sk\/wp-content\/uploads\/2024\/05\/UKS_logo-e1464698041950-1.jpg\" alt=\"\" srcset=\"https:\/\/eurocc.nscc.sk\/wp-content\/uploads\/2024\/05\/UKS_logo-e1464698041950-1.jpg 700w, https:\/\/eurocc.nscc.sk\/wp-content\/uploads\/2024\/05\/UKS_logo-e1464698041950-1-300x129.jpg 300w, https:\/\/eurocc.nscc.sk\/wp-content\/uploads\/2024\/05\/UKS_logo-e1464698041950-1-18x8.jpg 18w\" sizes=\"(max-width: 700px) 100vw, 700px\" \/><\/a><\/td><td><a href=\"https:\/\/www.kosiceitvalley.sk\/\"><img decoding=\"async\" loading=\"lazy\" width=\"1200\" height=\"630\" class=\"wp-image-9491\" style=\"width: 150px;\" src=\"https:\/\/eurocc.nscc.sk\/wp-content\/uploads\/2024\/08\/Untitled-design-23.png\" alt=\"\" srcset=\"https:\/\/eurocc.nscc.sk\/wp-content\/uploads\/2024\/08\/Untitled-design-23.png 1200w, https:\/\/eurocc.nscc.sk\/wp-content\/uploads\/2024\/08\/Untitled-design-23-300x158.png 300w, https:\/\/eurocc.nscc.sk\/wp-content\/uploads\/2024\/08\/Untitled-design-23-1024x538.png 1024w, https:\/\/eurocc.nscc.sk\/wp-content\/uploads\/2024\/08\/Untitled-design-23-768x403.png 768w, https:\/\/eurocc.nscc.sk\/wp-content\/uploads\/2024\/08\/Untitled-design-23-18x9.png 18w\" sizes=\"(max-width: 1200px) 100vw, 1200px\" \/><\/a> <\/td><\/tr><\/tbody><\/table><\/figure>\n\n\n\n<p><\/p>\n\n\n\n<p><\/p>\n\n\n\n<figure class=\"is-layout-flex wp-block-gallery-12 wp-block-gallery has-nested-images columns-default is-cropped\"><\/figure>\n\n\n\n<div style=\"height:60px\" aria-hidden=\"true\" class=\"wp-block-spacer\"><\/div>\n<\/div><\/div>\n\n\n\n<div class=\"is-layout-constrained wp-block-group alignfull call-bot serv-doteraz\"><div class=\"wp-block-group__inner-container\">\n<h6 class=\"has-text-align-center\">Become our partners, and together we will help small and medium-sized<br>businesses in Slovakia explore opportunities in the field of High-Performance Computing (HPC)!<br>Leave us your email, and we will contact you.<\/h6>\n\n\n\n<div class=\"is-content-justification-center is-layout-flex wp-container-15 wp-block-buttons\">\n<div class=\"wp-block-button\"><a class=\"wp-block-button__link wp-element-button\" href=\"\/en\/#kontakt\">I am interested<\/a><\/div>\n<\/div>\n<\/div><\/div>\n<\/div><\/div>","protected":false},"excerpt":{"rendered":"<p>HPC Ambassador program \u00daspe\u0161n\u00e9 projekty Podpora vyu\u017eitia HPC technol\u00f3gi\u00ed v mal\u00fdcha stredn\u00fdch podnikoch a priemysle Hlavn\u00fdm cie\u013eom programu Ambassador je nadviaza\u0165 obojstranne pr\u00ednosn\u00fa spolupr\u00e1cu s inova\u010dn\u00fdmi agent\u00farami, obchodn\u00fdmi komorami a region\u00e1lnymi zdru\u017eeniami zastre\u0161uj\u00facimi mal\u00e9 a stredn\u00e9 podniky (MSP) a priemyseln\u00e9 spolo\u010dnosti. Narodn\u00e9 kompeten\u010dn\u00e9 centrum pre vysokov\u00fdkonn\u00e9 po\u010d\u00edtanie (NCC pre HPC) pon\u00faka \u0161irok\u00e9 portf\u00f3lio slu\u017eieb v [&hellip;]<\/p>","protected":false},"author":1,"featured_media":0,"parent":0,"menu_order":0,"comment_status":"closed","ping_status":"closed","template":"templates\/template-full-width.php","meta":[],"_links":{"self":[{"href":"https:\/\/eurocc.nscc.sk\/en\/wp-json\/wp\/v2\/pages\/8177"}],"collection":[{"href":"https:\/\/eurocc.nscc.sk\/en\/wp-json\/wp\/v2\/pages"}],"about":[{"href":"https:\/\/eurocc.nscc.sk\/en\/wp-json\/wp\/v2\/types\/page"}],"author":[{"embeddable":true,"href":"https:\/\/eurocc.nscc.sk\/en\/wp-json\/wp\/v2\/users\/1"}],"replies":[{"embeddable":true,"href":"https:\/\/eurocc.nscc.sk\/en\/wp-json\/wp\/v2\/comments?post=8177"}],"version-history":[{"count":14,"href":"https:\/\/eurocc.nscc.sk\/en\/wp-json\/wp\/v2\/pages\/8177\/revisions"}],"predecessor-version":[{"id":9535,"href":"https:\/\/eurocc.nscc.sk\/en\/wp-json\/wp\/v2\/pages\/8177\/revisions\/9535"}],"wp:attachment":[{"href":"https:\/\/eurocc.nscc.sk\/en\/wp-json\/wp\/v2\/media?parent=8177"}],"curies":[{"name":"wp","href":"https:\/\/api.w.org\/{rel}","templated":true}]}}