{"id":8570,"date":"2024-03-18T11:32:34","date_gmt":"2024-03-18T10:32:34","guid":{"rendered":"https:\/\/eurocc.nscc.sk\/?page_id=8570"},"modified":"2024-10-04T18:32:01","modified_gmt":"2024-10-04T16:32:01","slug":"casopis-hpc-focus","status":"publish","type":"page","link":"https:\/\/eurocc.nscc.sk\/en\/casopis-hpc-focus\/","title":{"rendered":"HPC Focus magazine"},"content":{"rendered":"<div style=\"height:40px\" aria-hidden=\"true\" class=\"wp-block-spacer\"><\/div>\n\n\n\n<p class=\"post-template\"><strong>HPC Focus magazine<\/strong> published by the Computing Centre of the Slovak Academy of Sciences in cooperation with the National Competence Centre for HPC. The magazine is focused on the thematic areas of high-performance computing (HPC) and parallel programming. The magazine regularly publishes professional articles and reports on the latest trends, methods and technologies in the field of HPC, as well as on the applications of these technologies in various fields of science and technology.<\/p>\n\n\n\n<p><\/p>\n\n\n\n<div class=\"is-layout-flex wp-container-5 wp-block-columns alignfull\">\n<div class=\"is-layout-flow wp-block-column\"><div class=\"wp-block-image\">\n<figure class=\"alignright size-full is-resized\"><a href=\"https:\/\/eurocc.nscc.sk\/wp-content\/uploads\/2024\/10\/hpc-focus-2024.pdf\"><img decoding=\"async\" loading=\"lazy\" src=\"https:\/\/eurocc.nscc.sk\/wp-content\/uploads\/2024\/10\/hpc-focus-2024-en.pdf\" alt=\"\" class=\"wp-image-9665\" width=\"267\" height=\"377\"\/><\/a><\/figure><\/div><\/div>\n\n\n\n<div class=\"is-layout-flow wp-block-column is-vertically-aligned-top\"><div class=\"wp-block-image\">\n<figure class=\"aligncenter size-full is-resized\"><a href=\"https:\/\/eurocc.nscc.sk\/wp-content\/uploads\/2024\/03\/focus_23EN.pdf\" target=\"_blank\" rel=\"noreferrer noopener\"><img decoding=\"async\" loading=\"lazy\" src=\"https:\/\/eurocc.nscc.sk\/wp-content\/uploads\/2024\/03\/hpc_FOCUS23.png\" alt=\"\" class=\"wp-image-8558\" width=\"267\" height=\"377\" srcset=\"https:\/\/eurocc.nscc.sk\/wp-content\/uploads\/2024\/03\/hpc_FOCUS23.png 533w, https:\/\/eurocc.nscc.sk\/wp-content\/uploads\/2024\/03\/hpc_FOCUS23-212x300.png 212w, https:\/\/eurocc.nscc.sk\/wp-content\/uploads\/2024\/03\/hpc_FOCUS23-8x12.png 8w\" sizes=\"(max-width: 267px) 100vw, 267px\" \/><\/a><\/figure><\/div><\/div>\n\n\n\n<div class=\"is-layout-flow wp-block-column is-vertically-aligned-center\"><div class=\"wp-block-image\">\n<figure class=\"aligncenter size-full is-resized\"><a href=\"https:\/\/eurocc.nscc.sk\/wp-content\/uploads\/2024\/03\/focus_22_EN.pdf\" target=\"_blank\" rel=\"noreferrer noopener\"><img decoding=\"async\" loading=\"lazy\" src=\"https:\/\/eurocc.nscc.sk\/wp-content\/uploads\/2024\/03\/focus22.png\" alt=\"\" class=\"wp-image-8559\" width=\"267\" height=\"377\"\/><\/a><\/figure><\/div><\/div>\n\n\n\n<div class=\"is-layout-flow wp-block-column is-vertically-aligned-center\"><div class=\"wp-block-image\">\n<figure class=\"aligncenter size-full is-resized\"><a href=\"https:\/\/eurocc.nscc.sk\/wp-content\/uploads\/2024\/03\/focus_21_EN.pdf\" target=\"_blank\" rel=\"noreferrer noopener\"><img decoding=\"async\" loading=\"lazy\" src=\"https:\/\/eurocc.nscc.sk\/wp-content\/uploads\/2024\/03\/hpc_focus2021.png\" alt=\"\" class=\"wp-image-8560\" width=\"267\" height=\"377\" srcset=\"https:\/\/eurocc.nscc.sk\/wp-content\/uploads\/2024\/03\/hpc_focus2021-213x300.png 213w, https:\/\/eurocc.nscc.sk\/wp-content\/uploads\/2024\/03\/hpc_focus2021-9x12.png 9w\" sizes=\"(max-width: 267px) 100vw, 267px\" \/><\/a><\/figure><\/div><\/div>\n<\/div>\n\n\n\n\n\n<p class=\"has-text-align-center\"><\/p>\n\n\n\n<iframe loading=\"lazy\" src=\"https:\/\/eurocc.nscc.sk\/wp-content\/uploads\/2024\/10\/hpc-focus-2024.pdf\" width=\"400\" height=\"400\" allow=\"autoplay\"><\/iframe>\n\n\n\n<div style=\"height:40px\" aria-hidden=\"true\" class=\"wp-block-spacer\"><\/div>","protected":false},"excerpt":{"rendered":"<p>\u010casopis HPC Focus vyd\u00e1va V\u00fdpo\u010dtov\u00e9 stredisko Slovenskej akad\u00e9mie vied v spolupr\u00e1ci s N\u00e1rodn\u00fdm kompeten\u010dn\u00fdm centrom pre HPC. \u010casopis je zameran\u00fd na tematick\u00e9 oblasti vysokov\u00fdkonn\u00fdch v\u00fdpo\u010dtov (High-Performance Computing, HPC) a paraleln\u00e9ho programovania. V \u010dasopise sa pravidelne publikuj\u00fa odborn\u00e9 \u010dl\u00e1nky a spr\u00e1vy o najnov\u0161\u00edch trendoch, met\u00f3dach a technol\u00f3gi\u00e1ch v oblasti HPC, ako aj o aplik\u00e1ci\u00e1ch t\u00fdchto technol\u00f3gi\u00ed [&hellip;]<\/p>","protected":false},"author":2,"featured_media":0,"parent":0,"menu_order":0,"comment_status":"closed","ping_status":"closed","template":"templates\/template-full-width.php","meta":[],"_links":{"self":[{"href":"https:\/\/eurocc.nscc.sk\/en\/wp-json\/wp\/v2\/pages\/8570"}],"collection":[{"href":"https:\/\/eurocc.nscc.sk\/en\/wp-json\/wp\/v2\/pages"}],"about":[{"href":"https:\/\/eurocc.nscc.sk\/en\/wp-json\/wp\/v2\/types\/page"}],"author":[{"embeddable":true,"href":"https:\/\/eurocc.nscc.sk\/en\/wp-json\/wp\/v2\/users\/2"}],"replies":[{"embeddable":true,"href":"https:\/\/eurocc.nscc.sk\/en\/wp-json\/wp\/v2\/comments?post=8570"}],"version-history":[{"count":11,"href":"https:\/\/eurocc.nscc.sk\/en\/wp-json\/wp\/v2\/pages\/8570\/revisions"}],"predecessor-version":[{"id":9671,"href":"https:\/\/eurocc.nscc.sk\/en\/wp-json\/wp\/v2\/pages\/8570\/revisions\/9671"}],"wp:attachment":[{"href":"https:\/\/eurocc.nscc.sk\/en\/wp-json\/wp\/v2\/media?parent=8570"}],"curies":[{"name":"wp","href":"https:\/\/api.w.org\/{rel}","templated":true}]}}