{"id":8713,"date":"2024-03-20T14:03:01","date_gmt":"2024-03-20T13:03:01","guid":{"rendered":"https:\/\/eurocc.nscc.sk\/?page_id=8713"},"modified":"2024-03-20T14:23:58","modified_gmt":"2024-03-20T13:23:58","slug":"koordinator-podpory-vzdelavania-v-hpc","status":"publish","type":"page","link":"https:\/\/eurocc.nscc.sk\/en\/career\/koordinator-podpory-vzdelavania-v-hpc\/","title":{"rendered":"<strong>Koordin\u00e1tor podpory vzdel\u00e1vania v\u00a0HPC<\/strong>"},"content":{"rendered":"<p><strong>National Supercomputing Centre.<\/strong><\/p>\n\n\n\n<p><strong>Place of work<\/strong><br>Dubravska cesta, Karlova Ves, Bratislava<\/p>\n\n\n\n<p><strong>Contract type<\/strong><br>Full-time<\/p>\n\n\n\n<p><strong>Start date<\/strong><br>ASAP<\/p>\n\n\n\n<p><strong>Wage (gross)<\/strong><br>Kone\u010dn\u00e1 v\u00fd\u0161ka mzdy z\u00e1vis\u00ed od sk\u00fasenost\u00ed a schopnost\u00ed uch\u00e1dza\u010da, ako aj individu\u00e1lnej dohody a m\u00f4\u017ee sa pohybova\u0165 v rozp\u00e4t\u00ed 2800 a\u017e 3000.- Eur brutto.<\/p>\n\n\n\n<p><strong>Job description, responsibilities and duties<\/strong><br><\/p>\n\n\n\n<p>H\u013ead\u00e1me zodpovedn\u00e9ho a samostatn\u00e9ho kolegu na koordin\u00e1ciu aktiv\u00edt na podporu vzdel\u00e1vania a odbornej praxe v oblasti vysokov\u00fdkonn\u00e9ho po\u010d\u00edtania (high performance computing).<\/p>\n\n\n\n<p>Pracovn\u00e1 n\u00e1pl\u0148 m\u00e1 dve nosn\u00e9 aktivity:<br><br><strong>1. Dizajn, spustenie a mana\u017ement mobilitn\u00e9ho programu pre \u0161tudentov:<\/strong><\/p>\n\n\n\n<ul>\n<li>N\u00e1vrh pr\u00e1vneho r\u00e1mca, zmluvn\u00fdch vz\u0165ahov a\u00a0 podmienok pre partnerov programu \u201cHPC fellowship\u201d v spolupr\u00e1ci s pr\u00e1vnym poradcom.<\/li>\n\n\n\n<li>Onboarding a komunik\u00e1cia s potenci\u00e1lnymi partnermi \u2013 univerzitami, resp. relevantn\u00fdmi fakultami.<\/li>\n\n\n\n<li>Nadviazanie a rozvoj spolupr\u00e1ce s hos\u0165uj\u00facimi in\u0161tit\u00faciami v E\u00da.<\/li>\n\n\n\n<li>Komunika\u010dn\u00e9 aktivity smerom k stakeholderom, mana\u017ement v\u00fdstupov programu.<\/li>\n<\/ul>\n\n\n\n<p><strong>2. Vytvorenie spojen\u00e9ho \u0161tudijn\u00e9ho programu v HPC oblasti:<\/strong><\/p>\n\n\n\n<ul>\n<li>Komplexn\u00e1 re\u0161er\u0161 existuj\u00facich magistersk\u00fdch\/in\u017einierskych \u0161tudijn\u00fdch programov, modulov, predmetov so zameran\u00edm na oblasti relevantn\u00e9 pre HPC.<\/li>\n\n\n\n<li>Onboarding a spolupr\u00e1ca s partnermi \u2013 univerzitami, \u010dlenmi zdru\u017eenia NSCC.<\/li>\n\n\n\n<li>Mana\u017ement procesu vytvorenia a akredita\u010dn\u00e9ho procesu \u0161tudijn\u00e9ho programu prebiehaj\u00faceho na viacer\u00fdch vysok\u00fdch \u0161kol\u00e1ch.<\/li>\n\n\n\n<li>N\u00e1vrh obsahu (opisy, \u0161tudijn\u00fd pl\u00e1n, informa\u010dn\u00e9 listy a pod.) \u0161tudijn\u00e9ho programu.<\/li>\n<\/ul>\n\n\n\n<p>N\u00e1pl\u0148 pr\u00e1ce m\u00f4\u017ee obsahova\u0165 aj \u010fal\u0161ie \u00falohy s\u00favisiace s podporou vzdel\u00e1vania v HPC na Slovensku.<\/p>\n\n\n\n<p><strong>Employee benefits<\/strong><\/p>\n\n\n\n<ul>\n<li>Flexible working hours, home office.<\/li>\n\n\n\n<li>Pleasant working environment, friendly and helpful team.<\/li>\n<\/ul>\n\n\n\n<p><strong>Candidates\u2019 education suitable for the position:<\/strong><br>University education (Master's degree) \/ Postgraduate (Doctorate)<\/p>\n\n\n\n<p><strong>Language skills<\/strong><\/p>\n\n\n\n<p>English &#8211; Advanced (C1)<\/p>\n\n\n\n<p><strong><strong>Necessary knowledge<\/strong><\/strong><\/p>\n\n\n\n<ul>\n<li>Orient\u00e1cia v oblasti vysokov\u00fdkonn\u00e9ho po\u010d\u00edtania je v\u00fdhodou &#8211; je potrebn\u00e1 predov\u0161etk\u00fdm na identifik\u00e1ciu relevantn\u00fdch inform\u00e1ci\u00ed k \u0161tudijn\u00e9mu programu.<\/li>\n\n\n\n<li>Orient\u00e1cia, sk\u00fasenosti&nbsp; v syst\u00e9me vysoko\u0161kolsk\u00e9ho vzdel\u00e1vania v\u00fdhodou.<\/li>\n\n\n\n<li>Sk\u00fasenosti s mana\u017ementom projektov je v\u00fdhodou.<\/li>\n\n\n\n<li>Knowledge of verbal and written English.<\/li>\n<\/ul>\n\n\n\n<p>Znalosti by mali by\u0165 podlo\u017een\u00e9 pracovnou sk\u00fasenos\u0165ou\/referenciou.<\/p>\n\n\n\n<p><strong>Experience:<\/strong><\/p>\n\n\n\n<p>Uch\u00e1dza\u010d\/ka by mal\/a preuk\u00e1za\u0165 prax v relevantn\u00fdch oblastiach \u2013 uve\u010fte v \u017eivotopise. Poz\u00edcia zodpoved\u00e1 mid- a\u017e senior \u00farovni.<\/p>\n\n\n\n<p><strong>Other Skills<\/strong><\/p>\n\n\n\n<ul>\n<li>Proactive and responsible approach to work.<\/li>\n\n\n\n<li>Schopnos\u0165 prioritizova\u0165 \u00falohy a mana\u017eova\u0165 vlastn\u00fa agendu.<\/li>\n\n\n\n<li>Independence, communicativeness.<\/li>\n\n\n\n<li>D\u00f4slednos\u0165, chu\u0165 u\u010di\u0165 sa a napredova\u0165.<\/li>\n<\/ul>\n\n\n\n<p><strong>Information about the selection process<\/strong><\/p>\n\n\n\n<p>V pr\u00edpade, ak m\u00e1te z\u00e1ujem o uveden\u00fa poz\u00edciu, za\u0161lite n\u00e1m pros\u00edm V\u00e1\u0161 \u017eivotopis a motiva\u010dn\u00fd list, pr\u00edpadne referencie. Kontaktova\u0165 budeme len vybran\u00fdch uch\u00e1dza\u010dov \u2013 \u010fakujeme za pochopenie.<\/p>\n\n\n\n<p><strong>Advertiser<\/strong><\/p>\n\n\n\n<p>National Supercomputing Centre<\/p>\n\n\n\n<p><strong>Brief description of the company<\/strong><\/p>\n\n\n\n<p>Our goal is to support and cover all HPC activities in Slovakia. Since 2020, we have been advocating for the development of HPC infrastructure, supporting projects and investments, and in close cooperation with the National Competence Center for HPC, we are working on strengthening competencies and skills in this area. We want to develop cooperation with Slovak universities, the Slovak Academy of Sciences and other organizations operating in the field of HPC, HPC+ applications and related fields.<\/p>\n\n\n\n<p><strong>Number of employees<\/strong><\/p>\n\n\n\n<p>10-20<\/p>\n\n\n\n<p><strong>Company address<\/strong><\/p>\n\n\n\n<p>D\u00fabravsk\u00e1 cesta 3484\/9<br>841 04&nbsp; Bratislava \u2013 Karlova Ves<br>Slovak Republic<\/p>\n\n\n\n<p><strong>Contact<\/strong><\/p>\n\n\n\n<p>Kontaktn\u00e1 osoba: Tereza Vargov\u00e1<br>E-mail:\u00a0<a href=\"mailto:tereza.vargova@nscc.sk\">sent CV<\/a><\/p>","protected":false},"excerpt":{"rendered":"<p>N\u00e1rodn\u00e9 superpo\u010d\u00edta\u010dov\u00e9 centrum Miesto pr\u00e1ceD\u00fabravsk\u00e1 cesta, Karlova Ves, Bratislava Druh pracovn\u00e9ho pomeruPln\u00fd \u00fav\u00e4zok Term\u00edn n\u00e1stupuASAP Mzdov\u00e9 podmienky (brutto)Kone\u010dn\u00e1 v\u00fd\u0161ka mzdy z\u00e1vis\u00ed od sk\u00fasenost\u00ed a schopnost\u00ed uch\u00e1dza\u010da, ako aj individu\u00e1lnej dohody a m\u00f4\u017ee sa pohybova\u0165 v rozp\u00e4t\u00ed 2800 a\u017e 3000.- Eur brutto. N\u00e1pl\u0148 pr\u00e1ce, pr\u00e1vomoci a zodpovednosti H\u013ead\u00e1me zodpovedn\u00e9ho a samostatn\u00e9ho kolegu na koordin\u00e1ciu aktiv\u00edt na [&hellip;]<\/p>","protected":false},"author":2,"featured_media":0,"parent":462,"menu_order":0,"comment_status":"closed","ping_status":"closed","template":"templates\/template-full-width.php","meta":[],"_links":{"self":[{"href":"https:\/\/eurocc.nscc.sk\/en\/wp-json\/wp\/v2\/pages\/8713"}],"collection":[{"href":"https:\/\/eurocc.nscc.sk\/en\/wp-json\/wp\/v2\/pages"}],"about":[{"href":"https:\/\/eurocc.nscc.sk\/en\/wp-json\/wp\/v2\/types\/page"}],"author":[{"embeddable":true,"href":"https:\/\/eurocc.nscc.sk\/en\/wp-json\/wp\/v2\/users\/2"}],"replies":[{"embeddable":true,"href":"https:\/\/eurocc.nscc.sk\/en\/wp-json\/wp\/v2\/comments?post=8713"}],"version-history":[{"count":6,"href":"https:\/\/eurocc.nscc.sk\/en\/wp-json\/wp\/v2\/pages\/8713\/revisions"}],"predecessor-version":[{"id":8724,"href":"https:\/\/eurocc.nscc.sk\/en\/wp-json\/wp\/v2\/pages\/8713\/revisions\/8724"}],"up":[{"embeddable":true,"href":"https:\/\/eurocc.nscc.sk\/en\/wp-json\/wp\/v2\/pages\/462"}],"wp:attachment":[{"href":"https:\/\/eurocc.nscc.sk\/en\/wp-json\/wp\/v2\/media?parent=8713"}],"curies":[{"name":"wp","href":"https:\/\/api.w.org\/{rel}","templated":true}]}}