{"id":9123,"date":"2024-07-01T20:53:11","date_gmt":"2024-07-01T18:53:11","guid":{"rendered":"https:\/\/eurocc.nscc.sk\/?page_id=9123"},"modified":"2024-07-30T17:53:21","modified_gmt":"2024-07-30T15:53:21","slug":"rozvoj-prostrednictvom-spoluprace-poznamky-k-pripadom-vyuzitia-hpc-v-strednej-europe","status":"publish","type":"page","link":"https:\/\/eurocc.nscc.sk\/en\/vzdelavanie\/rozvoj-prostrednictvom-spoluprace-poznamky-k-pripadom-vyuzitia-hpc-v-strednej-europe\/","title":{"rendered":"<strong>HPC Webinar for SMEs: Best practices from Central Europe<\/strong>"},"content":{"rendered":"<div class=\"is-layout-flow wp-block-group alignfull eco-top\"><div class=\"wp-block-group__inner-container\">\n<div class=\"is-layout-flex wp-container-3 wp-block-columns alignfull hack-top\">\n<div class=\"is-layout-flow wp-block-column bioe-top-left\">\n<h1 style=\"font-family: Montserrat;\"><span style=\"color:#b8870b;\">HPC Webinar for SMEs: <\/span> \n<span style=\"color:#000;\">Driving growth through collaboration: <\/span> \n<span style=\"color:#b8870b;\">Insights from real HPC Use Cases <\/span><hr style=\"border-bottom: 2px solid #b8870b; width: 100px;\"><\/h1>\n\n\n\n<p>Join us for an insightful webinar designed to showcase the transformative potential of High-Performance Computing (HPC) through real-world success stories and compelling projects realized with the support of the National Competence Center (NCC). This event aims to highlight the practical applications of HPC, demonstrating its impact and inspiring SMEs and industry partners to embark on collaborative Proof of Concept (PoC) and pilot projects.<\/p>\n<\/div>\n\n\n\n<div class=\"is-layout-flow wp-block-column\">\n<figure class=\"wp-block-image size-large\"><img decoding=\"async\" loading=\"lazy\" width=\"1024\" height=\"683\" src=\"https:\/\/eurocc.nscc.sk\/wp-content\/uploads\/2024\/07\/campaign-creators-gMsnXqILjp4-unsplash-1-3-1024x683.jpg\" alt=\"\" class=\"wp-image-9199\" srcset=\"https:\/\/eurocc.nscc.sk\/wp-content\/uploads\/2024\/07\/campaign-creators-gMsnXqILjp4-unsplash-1-3-1024x683.jpg 1024w, https:\/\/eurocc.nscc.sk\/wp-content\/uploads\/2024\/07\/campaign-creators-gMsnXqILjp4-unsplash-1-3-300x200.jpg 300w, https:\/\/eurocc.nscc.sk\/wp-content\/uploads\/2024\/07\/campaign-creators-gMsnXqILjp4-unsplash-1-3-768x512.jpg 768w, https:\/\/eurocc.nscc.sk\/wp-content\/uploads\/2024\/07\/campaign-creators-gMsnXqILjp4-unsplash-1-3-1536x1024.jpg 1536w, https:\/\/eurocc.nscc.sk\/wp-content\/uploads\/2024\/07\/campaign-creators-gMsnXqILjp4-unsplash-1-3-2048x1365.jpg 2048w, https:\/\/eurocc.nscc.sk\/wp-content\/uploads\/2024\/07\/campaign-creators-gMsnXqILjp4-unsplash-1-3-18x12.jpg 18w, https:\/\/eurocc.nscc.sk\/wp-content\/uploads\/2024\/07\/campaign-creators-gMsnXqILjp4-unsplash-1-3-1200x800.jpg 1200w\" sizes=\"(max-width: 1024px) 100vw, 1024px\" \/><\/figure>\n<\/div>\n<\/div>\n\n\n\n<div style=\"height:50px\" aria-hidden=\"true\" class=\"wp-block-spacer\"><\/div>\n\n\n\n<div class=\"is-layout-flex wp-block-buttons\"><\/div>\n\n\n\n<div class=\"is-layout-flow wp-block-group alignfull eco-bot\"><div class=\"wp-block-group__inner-container\">\n<p>\nIn addition to use cases implemented at the Slovak NCC, the webinar will also showcase the expertise and experiences of neighboring competence centers in the Czech Republic and Poland. Our speakers will present their exceptional use cases, illustrating the capabilities and achievements of their NCCs. Our speakers will present their exceptional use cases, illustrating the capabilities and achievements of their NCCs.\n<\/p>\n\n\n\n<p>This webinar is open to all SMEs and industrial companies; we also look forward to welcoming the members of our HPC ambassadors. Don\u2019t miss this opportunity to learn from leading experts and discover how HPC can drive innovation and success in your projects.<\/p>\n\n\n\n<p><\/p>\n\n\n\n<p><strong> <span style=\"color:#b8870b;\">September 4th <\/span>from 14:00 to 15:30 CET<\/strong><br><a href=\"https:\/\/docs.google.com\/forms\/d\/12EVMHfT_KnsNWaPlQU4WuiSrJWfZA1eA13p2avxgGNk\/edit\"><strong>Registration<\/strong><\/a><\/p>\n\n\n\n<p>The event will be held in English.<\/p>\n\n\n\n<p><strong>Venue:<\/strong> online via zoom<\/p>\n\n\n\n<p>After registration, participants will receive a confirmation email. Please check your Inbox\/Spam folder. A few days before the webinar, a calendar invitation to an online Zoom meeting will be sent to all registered participants.<\/p>\n\n\n\n<div style=\"height:46px\" aria-hidden=\"true\" class=\"wp-block-spacer\"><\/div>\n\n\n\n<div class=\"is-horizontal is-content-justification-space-between is-layout-flex wp-container-5 wp-block-buttons\">\n<div class=\"wp-block-button\"><a class=\"wp-block-button__link wp-element-button\" href=\"#recnici\">Speakers<\/a><\/div>\n\n\n\n<div class=\"wp-block-button\"><a class=\"wp-block-button__link wp-element-button\" href=\"#program\">Program<\/a><\/div>\n\n\n\n<div class=\"wp-block-button\"><a class=\"wp-block-button__link wp-element-button\" href=\"https:\/\/forms.gle\/WAfs4CsQRLuxjbxK8\">REGISTRATION<\/a><\/div>\n<\/div>\n\n\n\n<p>  <\/p>\n\n\n\n<div style=\"height:48px\" aria-hidden=\"true\" class=\"wp-block-spacer\"><\/div>\n\n\n\n<p>   <\/p>\n\n\n\n<p id=\"recnici\"><strong>SPEAKERS:<\/strong><\/p>\n\n\n\n<p><strong>Michal Pito\u0148\u00e1k:<\/strong> Slovak National Supercomputing Center, Senior HPC application developer<\/p>\n\n\n\n<p><strong>Short Bio:<\/strong> Doc. Mgr. Michal Pito\u0148\u00e1k, PhD. has been involved in the field of High-Performance Computing (HPC) for over 20 years. He was part of the operational team of Slovakia's first supercomputer, Aurel. Since 2023, he has been working at the National Supercomputing Center, where he contributes to the implementation of pilot projects within the National Competence Center for HPC project, funded by the Joint Undertaking EuroHPC.<\/p>\n\n\n\n<p><strong>Tom\u00e1\u0161 Kar\u00e1sek:<\/strong>&nbsp;IT4Innovations National Supercomputing Center, Parallel Algorithms Research Lab, Czech Republic<\/p>\n\n\n\n<p><strong>Short Bio:<\/strong>&nbsp;Tomas Karasek, Ph.D. is currently the Head of the National Competence Centre in the High Performance Computing of the Czech Republic and head of the Parallel Algorithm Research Lab at IT4Innovations National Supercomputing Center. Previously he spent seven years at several positions at Institute of High-Performance Computing in Singapore. In past he participated in several EC funded projects concentrating on SMEs such as SESAME Net, InnoHPC, and the PRACE SHAPE program. Dr Karasek has received funding for more than 30 projects of contractual research from industrial partners in the past 15 years, and is the author or co-author of more than 20 scientific papers.<\/p>\n\n\n\n<p><strong>Szymon Mazurek:<\/strong> AGH University of Krakow, AI developer, NCC Poland<\/p>\n\n\n\n<p><strong>Short Bio:<\/strong> Szymon Mazurek (PhD. student) is an AI developer with expertise in research and development projects. He has worked with vision, natural language, and time series data using various types of networks, including CNNs, transformers, recurrent, graph, and spiking neural networks. He has extensive experience with the usage of HPC environments in deep learning, both for research and model deployment. Szymon is interested in embedded and embodied AI, especially with the use of neuromorphic platforms and spiking neural networks. Actively conducting research in this domain, he is pursuing a PhD at AGH University of Krakow.<\/p>\n\n\n\n<div style=\"height:55px\" aria-hidden=\"true\" class=\"wp-block-spacer\"><\/div>\n\n\n\n<p id=\"program\"><strong>PROGRAM:<\/strong><\/p>\n\n\n\n<p><strong>14:00 &#8211; 14:05 <\/strong>Introduction: Brief presentation of NCC Slovakia<\/p>\n\n\n\n<p><strong>Speaker:<\/strong> Lucia Demovi\u010dov\u00e1: Head of NCC for HPC Slovakia<\/p>\n\n\n\n<p><strong>14:05 &#8211; 14:25<\/strong> Use Cases NCC Slovakia <\/p>\n\n\n\n<p><strong>Speaker:<\/strong> Michal Pito\u0148\u00e1k<\/p>\n\n\n\n<p><strong>Case 1:<\/strong> Transfer and Optimization of CFD Workflow in HPC Environment<br><strong>Short Description:<\/strong> This case study focuses on the transfer and optimization of Computational Fluid Dynamics (CFD) workflows within an HPC environment.<br><strong>Link to Publication:<\/strong> <a href=\"https:\/\/eurocc.nscc.sk\/en\/use-case-prenos-a-optimalizacia-pracovneho-toku-cfd-vypoctov-v-hpc-prostredi\/\">Transfer and Optimization of CFD Workflow in HPC Environment<\/a><\/p>\n\n\n\n<p><strong>Case 2:<\/strong> Anomaly Detection in Time Series: Gambling Prevention Using Deep Learning<br><strong>Short Description:<\/strong> This case involves using deep learning techniques to detect anomalies in time series data for the purpose of preventing gambling.<br><strong>Link to Publication:<\/strong> <a href=\"https:\/\/eurocc.nscc.sk\/en\/detekcia-anomalii-v-casovych-radoch-prevencia-gamblingu-pomocou-hlbokeho-ucenia\/\">Anomaly Detection in Time Series: Gambling Prevention Using Deep Learning<\/a><\/p>\n\n\n\n<p><strong>Case 3:<\/strong> Named Entity Recognition for Address Extraction in Speech-to-Text Transcriptions Using Synthetic Data<br><strong>Short Description:<\/strong> This case study addresses the identification of entities to extract addresses from transcribed conversations using synthetic data.<br><strong>Link to Publication:<\/strong> <a href=\"https:\/\/eurocc.nscc.sk\/en\/identifikacia-entit-pre-extrakciu-adries-z-transkriptovanych-rozhovorov-s-vyuzitim-syntetickych-dat\/\">Named Entity Recognition for Address Extraction in Speech-to-Text Transcriptions Using Synthetic Data<\/a><\/p>\n\n\n\n<p><strong>Case 4:<\/strong> Measurement of Structural Parameters of Capsules Using AI and ML Techniques<br><strong>Short Description:<\/strong> This case explores the use of artificial intelligence (AI) and machine learning (ML) techniques to measure structural parameters of capsules.<br><strong>Link to Publication:<\/strong> <a href=\"https:\/\/eurocc.nscc.sk\/en\/meranie-strukturalnych-parametrov-kapsul-pouzitim-technik-umelej-inteligencie-ai-a-strojoveho-ucenia-ml\/\">Measurement of Structural Parameters of Capsules Using AI and ML Techniques<\/a><\/p>\n\n\n\n<p><strong>14:25 &#8211; 14:30<\/strong> Q&amp;A<\/p>\n\n\n\n<div style=\"height:65px\" aria-hidden=\"true\" class=\"wp-block-spacer\"><\/div>\n\n\n\n<p><strong>14:30 &#8211; 14:50 <\/strong>Use Cases NCC Czech Republic <\/p>\n\n\n\n<p><strong>Speaker:<\/strong> Tom\u00e1\u0161 Kar\u00e1sek<\/p>\n\n\n\n<p><strong>Case: <\/strong>Examples of the use of artificial intelligence in solving problems from engineering practice<\/p>\n\n\n\n<p><strong>Description: <\/strong>The AI boom in recent years has not been limited to generative AI or large language models but has also affected other areas, including engineering applications. This talk will present two case studies of using AI methods in energy and transportation. In both cases, an approach where numerical modelling and simulation methods were used to generate the data needed to train AI models. The synthetic data thus generated was subsequently used to train and validate the AI models. In both cases, HPC infrastructure was advantageously used to accelerate computational simulations and train AI models.<\/p>\n\n\n\n<p><strong>14:50 &#8211; 14:55 <\/strong>Q&amp;A<\/p>\n\n\n\n<div style=\"height:60px\" aria-hidden=\"true\" class=\"wp-block-spacer\"><\/div>\n\n\n\n<p><strong>14:55 &#8211; 15:15<\/strong> Use Cases NCC Poland<strong> <\/strong><\/p>\n\n\n\n<p><strong>Speaker:<\/strong> Szymon Mazurek<\/p>\n\n\n\n<p><strong>Case:<\/strong> SpeakLeash - Community-Driven Initiative for Advancement of Polish National LLM Ecosystem<\/p>\n\n\n\n<p><strong>Description:<\/strong> Recently, Large Language Models (LLMs) have emerged as a breakthrough technology, offering unprecedented automation opportunities across nearly all domains. However, most of these solutions are developed and provided by a limited group of companies, posing challenges for applications that require specific resources, data confidentiality, and tailored tasks. This talk will explore SpeakLeash, a Polish open research community dedicated to developing LLMs tuned for the Polish language. The group's activities in data gathering and cleaning, model development, evaluation, and serving in an open-source approach will be examined. Additionally, the importance of supporting such initiatives will be discussed, highlighting their necessity for developing resources and know-how to use state-of-the-art technologies.<br><\/p>\n\n\n\n<p><strong>15:15 &#8211; 15:20 <\/strong>Q&amp;A<\/p>\n\n\n\n<p><strong>15:20 &#8211; 15:30 <\/strong>Discussion<\/p>\n\n\n\n<p class=\"has-text-align-center\"><span style=\"color:#000;\">Follow the NCC social media profiles and get the latest news about training events<\/span>.<\/p>\n<\/div><\/div>\n\n\n\n<p> <\/p>\n\n\n\n<div style=\"height:100px\" aria-hidden=\"true\" class=\"wp-block-spacer\"><\/div>\n\n\n\n<div class=\"is-layout-flow wp-block-group alignfull eco-bot\"><div class=\"wp-block-group__inner-container\">\n<p><\/p>\n<\/div><\/div>\n<\/div><\/div>","protected":false},"excerpt":{"rendered":"<p>HPC Webin\u00e1r pre MSP: Podpora rastu prostredn\u00edctvom spolupr\u00e1ce: Re\u00e1lne pr\u00edklady vyu\u017eitia HPC Pripojte sa k n\u00e1m na informat\u00edvny webin\u00e1r, ktor\u00fd je navrhnut\u00fd tak, aby uk\u00e1zal transforma\u010dn\u00fd potenci\u00e1l vysokov\u00fdkonn\u00e9ho v\u00fdpo\u010dtov\u00e9ho prostredia (HPC) prostredn\u00edctvom re\u00e1lnych \u00faspe\u0161n\u00fdch pr\u00edbehov a p\u00fatav\u00fdch projektov realizovan\u00fdch s podporou N\u00e1rodn\u00e9ho kompeten\u010dn\u00e9ho centra (NCC). Toto online podujatie m\u00e1 za cie\u013e zd\u00f4razni\u0165 praktick\u00e9 aplik\u00e1cie HPC, [&hellip;]<\/p>","protected":false},"author":2,"featured_media":0,"parent":5556,"menu_order":0,"comment_status":"closed","ping_status":"closed","template":"","meta":[],"_links":{"self":[{"href":"https:\/\/eurocc.nscc.sk\/en\/wp-json\/wp\/v2\/pages\/9123"}],"collection":[{"href":"https:\/\/eurocc.nscc.sk\/en\/wp-json\/wp\/v2\/pages"}],"about":[{"href":"https:\/\/eurocc.nscc.sk\/en\/wp-json\/wp\/v2\/types\/page"}],"author":[{"embeddable":true,"href":"https:\/\/eurocc.nscc.sk\/en\/wp-json\/wp\/v2\/users\/2"}],"replies":[{"embeddable":true,"href":"https:\/\/eurocc.nscc.sk\/en\/wp-json\/wp\/v2\/comments?post=9123"}],"version-history":[{"count":66,"href":"https:\/\/eurocc.nscc.sk\/en\/wp-json\/wp\/v2\/pages\/9123\/revisions"}],"predecessor-version":[{"id":9383,"href":"https:\/\/eurocc.nscc.sk\/en\/wp-json\/wp\/v2\/pages\/9123\/revisions\/9383"}],"up":[{"embeddable":true,"href":"https:\/\/eurocc.nscc.sk\/en\/wp-json\/wp\/v2\/pages\/5556"}],"wp:attachment":[{"href":"https:\/\/eurocc.nscc.sk\/en\/wp-json\/wp\/v2\/media?parent=9123"}],"curies":[{"name":"wp","href":"https:\/\/api.w.org\/{rel}","templated":true}]}}